{"id":900,"date":"2016-11-10T10:36:50","date_gmt":"2016-11-10T10:36:50","guid":{"rendered":"https:\/\/agrarias.ufpr.br\/zootecnia\/?page_id=900"},"modified":"2024-03-22T15:10:58","modified_gmt":"2024-03-22T15:10:58","slug":"resolucoes","status":"publish","type":"page","link":"https:\/\/agrarias.ufpr.br\/zootecnia\/resolucoes\/","title":{"rendered":"Legisla\u00e7\u00f5es"},"content":{"rendered":"<p style=\"text-align: left\">\n<p style=\"text-align: center\"><span style=\"color: #0b38a9\"><strong>|LEGISLA\u00c7\u00c3O EXERC\u00cdCIOS DOMICILIARES|\u00a0<\/strong><\/span><\/p>\n<p><span style=\"color: #0b38a9\"><a style=\"color: #0b38a9\" href=\"https:\/\/www.planalto.gov.br\/ccivil_03\/decreto-lei\/Del1044.htm\"><img loading=\"lazy\" decoding=\"async\" class=\"\" src=\"https:\/\/agrarias.ufpr.br\/zootecnia\/wp-content\/uploads\/sites\/13\/2018\/07\/256x256bb.png\" width=\"21\" height=\"21\" \/>DECRETO-LEI N\u00ba 1.044, DE 21 DE OUTUBRO DE 1969\u00a0&#8211;\u00a0Disp\u00f5e <span style=\"color: #0b38a9\">sobre<\/span>\u00a0tratamento\u00a0excepcional para os alunos portadores das afec\u00e7\u00f5es que indica.<\/a><\/span><\/p>\n<p><span style=\"color: #0b38a9\"><a style=\"color: #0b38a9\" href=\"http:\/\/www.planalto.gov.br\/ccivil_03\/leis\/1970-1979\/L6202.htm\"><img loading=\"lazy\" decoding=\"async\" class=\"\" src=\"https:\/\/agrarias.ufpr.br\/zootecnia\/wp-content\/uploads\/sites\/13\/2018\/07\/256x256bb.png\" width=\"21\" height=\"21\" \/>LEI No\u00a06.202, DE 17 DE ABRIL DE 1975 &#8211;\u00a0Atribui \u00e0 estudante em estado de gesta\u00e7\u00e3o o regime de exerc\u00edcios domiciliares<\/a><\/span><\/p>\n<p style=\"text-align: center\"><span style=\"color: #0b38a9\"><strong>|LEGISLA\u00c7\u00c3O EQUIVAL\u00caNCIA ,ADIANTAMENTO,APROVEITAMENTO E TRANCAMENTO|\u00a0<\/strong><\/span><\/p>\n<p style=\"text-align: justify\"><span style=\"color: #0b38a9\"><a style=\"color: #0b38a9\" href=\"https:\/\/agrarias.ufpr.br\/zootecnia\/wp-content\/uploads\/sites\/13\/2016\/11\/9213.pdf\"><img loading=\"lazy\" decoding=\"async\" class=\"\" src=\"https:\/\/agrarias.ufpr.br\/zootecnia\/wp-content\/uploads\/sites\/13\/2018\/07\/256x256bb.png\" width=\"21\" height=\"21\" \/>RESOLU\u00c7\u00c3O N\u00b0 92\/13 \u2013 CEPE\u00a0Aprova normas de dispensa de Disciplinas, de Equival\u00eancia de Disciplinas, de Exames de Adiantamento e Aproveitamento de Conhecimento nos cursos de gradua\u00e7\u00e3o da Universidade Federal do Paran\u00e1.<\/a><\/span><\/p>\n<p style=\"text-align: justify\"><span style=\"color: #0b38a9\"><a style=\"color: #0b38a9\" href=\"https:\/\/agrarias.ufpr.br\/zootecnia\/wp-content\/uploads\/sites\/13\/2016\/11\/cepe9715.pdf\"><img loading=\"lazy\" decoding=\"async\" class=\"\" src=\"https:\/\/agrarias.ufpr.br\/zootecnia\/wp-content\/uploads\/sites\/13\/2018\/07\/256x256bb.png\" width=\"21\" height=\"21\" \/>RESOLU\u00c7\u00c3O N\u00ba 97\/15 \u2013 CEPE\u00a0Estabelece as normas para trancamento de curso dos Cursos de Gradua\u00e7\u00e3o e de Educa\u00e7\u00e3o Profissional e Tecnol\u00f3gica da Universidade Federal do Paran\u00e1 a partir do ano letivo de 2016. <\/a><\/span><\/p>\n<p style=\"text-align: justify\"><span style=\"color: #0b38a9\"><a style=\"color: #0b38a9\" href=\"https:\/\/agrarias.ufpr.br\/zootecnia\/wp-content\/uploads\/sites\/13\/2016\/11\/resolucao_cepe_12052016-1139.pdf\"><img loading=\"lazy\" decoding=\"async\" class=\"\" src=\"https:\/\/agrarias.ufpr.br\/zootecnia\/wp-content\/uploads\/sites\/13\/2018\/07\/256x256bb.png\" width=\"21\" height=\"21\" \/>RESOLU\u00c7\u00c3O N\u00ba 97-A\/15 \u2013 CEPE\u00a0Estabelece as normas para trancamento de curso dos Cursos de Gradua\u00e7\u00e3o e de Educa\u00e7\u00e3o Profissional e Tecnol\u00f3gica da Universidade Federal do Paran\u00e1 a partir do ano letivo de 2016. <\/a><\/span><\/p>\n<p style=\"text-align: justify\"><span style=\"color: #0b38a9\"><a style=\"color: #0b38a9\" href=\"https:\/\/agrarias.ufpr.br\/zootecnia\/wp-content\/uploads\/sites\/13\/2016\/11\/resolucao_in_12052016-1140.pdf\"><img loading=\"lazy\" decoding=\"async\" class=\"\" src=\"https:\/\/agrarias.ufpr.br\/zootecnia\/wp-content\/uploads\/sites\/13\/2018\/07\/256x256bb.png\" width=\"21\" height=\"21\" \/>INSTRU\u00c7\u00c3O NORMATIVA N\u00b0 01\/16 \u2013 PROGRAD\u00a0Regulamenta os procedimentos administrativos de trancamento de curso de que trata a Resolu\u00e7\u00e3o 97-A\/15- CEPE no \u00e2mbito dos cursos de gradua\u00e7\u00e3o e educa\u00e7\u00e3o profissional da Universidade Federal do Paran\u00e1.<\/a><\/span><\/p>\n<p style=\"text-align: justify\"><span style=\"color: #0b38a9\"><a style=\"color: #0b38a9\" href=\"https:\/\/agrarias.ufpr.br\/zootecnia\/wp-content\/uploads\/sites\/13\/2024\/03\/in-01-2014-modificada_2018_09_07.pdf\"><img loading=\"lazy\" decoding=\"async\" class=\"\" src=\"https:\/\/agrarias.ufpr.br\/zootecnia\/wp-content\/uploads\/sites\/13\/2018\/07\/256x256bb.png\" width=\"21\" height=\"21\" \/>INSTRU\u00c7\u00c3O NORMATIVA N\u00b0 01\/14 \u2013 PROGRAD\u00a0Regulamenta os procedimentos administrativos de dispensa e equival\u00eancia de Disciplinas e dos exames de Adiantamento e de Aproveitamento de Conhecimento de que trata a Resolu\u00e7\u00e3o 92\/13-CEPE no \u00e2mbito dos cursos de gradua\u00e7\u00e3o da Universidade Federal do Paran\u00e1.<\/a><\/span><\/p>\n<p style=\"text-align: center\"><span style=\"color: #0b38a9\"><strong>|LEGISLA\u00c7\u00c3O PROVAR|\u00a0<\/strong><\/span><\/p>\n<p><span style=\"color: #0b38a9\"><a style=\"color: #0b38a9\" href=\"https:\/\/agrarias.ufpr.br\/zootecnia\/wp-content\/uploads\/sites\/13\/2016\/11\/resolucao9909.pdf\"><img loading=\"lazy\" decoding=\"async\" class=\"\" src=\"https:\/\/agrarias.ufpr.br\/zootecnia\/wp-content\/uploads\/sites\/13\/2018\/07\/256x256bb.png\" width=\"21\" height=\"21\" \/>RESOLU\u00c7\u00c3O N\u00ba 99\/09-CEPE \u00a0Estabelece as normas para ocupa\u00e7\u00e3o de vagas remanescentes nos cursos de gradua\u00e7\u00e3o<\/a><\/span><\/p>\n<p style=\"text-align: center\"><span style=\"color: #0b38a9\"><strong>|LEGISLA\u00c7\u00c3O COLA\u00c7\u00c3O DE GRAU |\u00a0<\/strong><\/span><\/p>\n<p><span style=\"color: #0b38a9\"><a style=\"color: #0b38a9\" href=\"https:\/\/agrarias.ufpr.br\/zootecnia\/wp-content\/uploads\/sites\/13\/2016\/11\/resolucao_in_02062009-371.pdf\"><img loading=\"lazy\" decoding=\"async\" class=\"\" src=\"https:\/\/agrarias.ufpr.br\/zootecnia\/wp-content\/uploads\/sites\/13\/2018\/07\/256x256bb.png\" width=\"21\" height=\"21\" \/>INSTRU\u00c7\u00c3O NORMATIVA N\u00ba 01\/09-COUN Regimento do Conselho Universit\u00e1rio sobre as solenidades de Cola\u00e7\u00e3o de Grau<\/a><\/span><\/p>\n<p><span style=\"color: #0b38a9\"><a style=\"color: #0b38a9\" href=\"https:\/\/agrarias.ufpr.br\/zootecnia\/wp-content\/uploads\/sites\/13\/2016\/11\/resolucao_coun_23061994-124.pdf\"><img loading=\"lazy\" decoding=\"async\" class=\"\" src=\"https:\/\/agrarias.ufpr.br\/zootecnia\/wp-content\/uploads\/sites\/13\/2018\/07\/256x256bb.png\" width=\"21\" height=\"21\" \/>RESOLU\u00c7\u00c3O N\u00ba 09\/94 &#8211; COUN Aprova as altera\u00e7\u00f5es no Regimento do Conselho Universit\u00e1rio sobre as solenidades de Cola\u00e7\u00e3o de Grau.<\/a><\/span><\/p>\n<p><span style=\"color: #0b38a9\"><a style=\"color: #0b38a9\" href=\"https:\/\/agrarias.ufpr.br\/zootecnia\/wp-content\/uploads\/sites\/13\/2016\/11\/resolucao_coun_24031995-123.pdf\"><img loading=\"lazy\" decoding=\"async\" class=\"\" src=\"https:\/\/agrarias.ufpr.br\/zootecnia\/wp-content\/uploads\/sites\/13\/2018\/07\/256x256bb.png\" width=\"21\" height=\"21\" \/>RESOLU\u00c7\u00c3O N\u00ba 02\/95-COUN\u00a0Aprovar o roteiro para as solenidades de Cola\u00e7\u00e3o de Grau dos Cursos <span style=\"color: #0b38a9\">de<\/span> Gradua\u00e7\u00e3o<\/a><\/span><\/p>\n<p><span style=\"color: #0b38a9\"><img loading=\"lazy\" decoding=\"async\" class=\"\" src=\"https:\/\/agrarias.ufpr.br\/zootecnia\/wp-content\/uploads\/sites\/13\/2018\/07\/256x256bb.png\" width=\"21\" height=\"21\" \/><\/span> <span style=\"color: #0b38a9\"><a style=\"color: #0b38a9\" href=\"https:\/\/agrarias.ufpr.br\/zootecnia\/wp-content\/uploads\/sites\/13\/2016\/11\/2512.pdf\">RESOLU\u00c7\u00c3O N\u00ba 25\/12-COPLAD\u00a0Estabelece o valor das contribui\u00e7\u00f5es cobradas pela UFPR pela utiliza\u00e7\u00e3o do Teatro da Reitoria e do Teatro Experimental da UFPR (TEUNI)<\/a><\/span><em style=\"color: #0b38a9\"><br \/>\n<\/em><\/p>\n<p style=\"text-align: center\"><span style=\"color: #0b38a9\"><strong>|LEGISLA\u00c7\u00c3O ENADE|\u00a0<\/strong><\/span><\/p>\n<p><span style=\"color: #0b38a9\"><a style=\"color: #0b38a9\" href=\"http:\/\/www.planalto.gov.br\/ccivil_03\/_ato2004-2006\/2004\/lei\/l10.861.htm\"><img loading=\"lazy\" decoding=\"async\" class=\"\" src=\"https:\/\/agrarias.ufpr.br\/zootecnia\/wp-content\/uploads\/sites\/13\/2018\/07\/256x256bb.png\" width=\"21\" height=\"21\" \/>LEI No\u00a010.861, DE 14 DE ABRIL DE 2004.\u00a0Institui o Sistema Nacional de Avalia\u00e7\u00e3o da Educa\u00e7\u00e3o Superior \u2013 SINAES e d\u00e1 outras provid\u00eancias<\/a><\/span><\/p>\n<p style=\"text-align: center\"><span style=\"color: #0b38a9\"><strong>|LEGISLA\u00c7\u00c3O EST\u00c1GIO|\u00a0<\/strong><\/span><\/p>\n<p style=\"text-align: justify\"><span style=\"color: #0b38a9\"><a style=\"color: #0b38a9\" href=\"https:\/\/www.planalto.gov.br\/ccivil_03\/_ato2007-2010\/2008\/lei\/l11788.htm\"><img loading=\"lazy\" decoding=\"async\" class=\"\" src=\"https:\/\/agrarias.ufpr.br\/zootecnia\/wp-content\/uploads\/sites\/13\/2018\/07\/256x256bb.png\" width=\"21\" height=\"21\" \/>LEI N\u00ba 11.788, DE 25 DE SETEMBRO DE 2008\u00a0Disp\u00f5e sobre o est\u00e1gio de estudantes<\/a><\/span><\/p>\n<p style=\"text-align: justify\"><span style=\"color: #0b38a9\"><a style=\"color: #0b38a9\" href=\"https:\/\/agrarias.ufpr.br\/zootecnia\/wp-content\/uploads\/sites\/13\/2016\/11\/cepe4610.pdf\"><img loading=\"lazy\" decoding=\"async\" class=\"\" src=\"https:\/\/agrarias.ufpr.br\/zootecnia\/wp-content\/uploads\/sites\/13\/2018\/07\/256x256bb.png\" width=\"21\" height=\"21\" \/>RESOLU\u00c7\u00c3O N\u00ba 46\/10-CEPE\u00a0Disp\u00f5e sobre os est\u00e1gios na Universidade Federal do Paran\u00e1<\/a><\/span><\/p>\n<p style=\"text-align: justify\"><span style=\"color: #0b38a9\"><a style=\"color: #0b38a9\" href=\"https:\/\/agrarias.ufpr.br\/zootecnia\/wp-content\/uploads\/sites\/13\/2016\/11\/resolucao_in_30032012-707.pdf\"><img loading=\"lazy\" decoding=\"async\" class=\"\" src=\"https:\/\/agrarias.ufpr.br\/zootecnia\/wp-content\/uploads\/sites\/13\/2018\/07\/256x256bb.png\" width=\"21\" height=\"21\" \/>INSTRU\u00c7\u00c3O NORMATIVA N\u00b0 01\/12 &#8211; CEPE\u00a0Normatiza os est\u00e1gios curriculares n\u00e3o obrigat\u00f3rios previstos na Resolu\u00e7\u00e3o n\u00ba 46\/10-CEPE em conformidade com a Lei n\u00ba 11.788\/08.<\/a><\/span><\/p>\n<p style=\"text-align: justify\"><span style=\"color: #0b38a9\"><a style=\"color: #0b38a9\" href=\"https:\/\/agrarias.ufpr.br\/zootecnia\/wp-content\/uploads\/sites\/13\/2016\/11\/resolucao_in_30032012-708.pdf\"><img loading=\"lazy\" decoding=\"async\" class=\"\" src=\"https:\/\/agrarias.ufpr.br\/zootecnia\/wp-content\/uploads\/sites\/13\/2018\/07\/256x256bb.png\" width=\"21\" height=\"21\" \/>INSTRU\u00c7\u00c3O NORMATIVA N\u00b0 02\/12 &#8211; CEPE\u00a0Normativa os est\u00e1gios previstos na Resolu\u00e7\u00e3o n\u00ba 46\/10-CEPE realizados no exterior.<\/a><\/span><\/p>\n<p style=\"text-align: center\"><span style=\"color: #0b38a9\"><strong>|LEGISLA\u00c7\u00c3O JUBILAMENTO|\u00a0<\/strong><\/span><\/p>\n<p style=\"text-align: justify\"><span style=\"color: #0b38a9\"><a style=\"color: #0b38a9\" href=\"https:\/\/agrarias.ufpr.br\/zootecnia\/wp-content\/uploads\/sites\/13\/2016\/11\/resolucao_in_21122004-229.pdf\"><img loading=\"lazy\" decoding=\"async\" class=\"\" src=\"https:\/\/agrarias.ufpr.br\/zootecnia\/wp-content\/uploads\/sites\/13\/2018\/07\/256x256bb.png\" width=\"21\" height=\"21\" \/>INSTRU\u00c7\u00c3O NORMATIVA N\u00ba 01\/04-CEPE\u00a0Normatiza o procedimento pedag\u00f3gico para os casos de jubilamento de alunos de gradua\u00e7\u00e3o da UFPR.<\/a><\/span><\/p>\n<p style=\"text-align: justify\"><span style=\"color: #0b38a9\"><a style=\"color: #0b38a9\" href=\"https:\/\/agrarias.ufpr.br\/zootecnia\/wp-content\/uploads\/sites\/13\/2016\/11\/resolucao_in_21122004-228.pdf\"><img loading=\"lazy\" decoding=\"async\" class=\"\" src=\"https:\/\/agrarias.ufpr.br\/zootecnia\/wp-content\/uploads\/sites\/13\/2018\/07\/256x256bb.png\" width=\"21\" height=\"21\" \/>INSTRU\u00c7\u00c3O NORMATIVA N\u00ba 02\/04-CEPE \u00a0Normatiza o processo administrativo de jubilamento de alunos de gradua\u00e7\u00e3o da UFPR.<\/a><\/span><\/p>\n<p style=\"text-align: center\"><span style=\"color: #0b38a9\"><strong>|LEGISLA\u00c7\u00c3O N\u00daCLEO DOCENTE ESTRUTURANTE|\u00a0<\/strong><\/span><\/p>\n<p style=\"text-align: justify\"><span style=\"color: #0b38a9\"><a style=\"color: #0b38a9\" href=\"https:\/\/agrarias.ufpr.br\/zootecnia\/wp-content\/uploads\/sites\/13\/2016\/11\/7509.pdf\"><img loading=\"lazy\" decoding=\"async\" class=\"\" src=\"https:\/\/agrarias.ufpr.br\/zootecnia\/wp-content\/uploads\/sites\/13\/2018\/07\/256x256bb.png\" width=\"21\" height=\"21\" \/>RESOLU\u00c7\u00c3O N\u00ba 34\/11-CEPE &#8211;\u00a0Altera a Resolu\u00e7\u00e3o 75\/09-CEPE que institui os N\u00facleos Docentes Estruturantes no \u00e2mbito da estrutura de gest\u00e3o acad\u00eamica dos Cursos Gradua\u00e7\u00e3o \u2013 Bacharelado, Licenciatura e Cursos Superiores de Tecnologia da Universidade Federal do Paran\u00e1.<\/a><\/span><\/p>\n<p style=\"text-align: center\"><span style=\"color: #0b38a9\"><strong>|LEGISLA\u00c7\u00c3O ATIVIDADES FORMATIVAS|\u00a0<\/strong><\/span><\/p>\n<p style=\"text-align: left\"><span style=\"color: #0b38a9\"><a style=\"color: #0b38a9\" href=\"https:\/\/agrarias.ufpr.br\/zootecnia\/wp-content\/uploads\/sites\/13\/2016\/11\/7004.pdf\"><img loading=\"lazy\" decoding=\"async\" class=\"\" src=\"https:\/\/agrarias.ufpr.br\/zootecnia\/wp-content\/uploads\/sites\/13\/2018\/07\/256x256bb.png\" width=\"21\" height=\"21\" \/>RESOLU\u00c7\u00c3O N\u00ba 70\/04-CEPE &#8211;\u00a0Disp\u00f5e sobre as atividades formativas na flexibiliza\u00e7\u00e3o dos curr\u00edculos dos cursos de gradua\u00e7\u00e3o e de ensino profissionalizante da UFPR.<\/a><\/span><\/p>\n<p style=\"text-align: center\"><span style=\"color: #0b38a9\"><strong>|LEGISLA\u00c7\u00c3O MONITORIA|\u00a0<\/strong><\/span><\/p>\n<p style=\"text-align: left\"><span style=\"color: #0b38a9\"><a style=\"color: #0b38a9\" href=\"https:\/\/agrarias.ufpr.br\/zootecnia\/wp-content\/uploads\/sites\/13\/2016\/11\/9199.pdf\"><img loading=\"lazy\" decoding=\"async\" class=\"\" src=\"https:\/\/agrarias.ufpr.br\/zootecnia\/wp-content\/uploads\/sites\/13\/2018\/07\/256x256bb.png\" width=\"21\" height=\"21\" \/> RESOLU\u00c7\u00c3O N\u00ba 91\/99-CEPE &#8211;\u00a0Fixa normas para o Programa de Monitoria da Universidade Federal do Paran\u00e1.<\/a><\/span><\/p>\n<p style=\"text-align: left\"><span style=\"color: #0b38a9\"><img loading=\"lazy\" decoding=\"async\" class=\"\" src=\"https:\/\/agrarias.ufpr.br\/zootecnia\/wp-content\/uploads\/sites\/13\/2018\/07\/256x256bb.png\" width=\"21\" height=\"21\" \/> <a style=\"color: #0b38a9\" href=\"https:\/\/agrarias.ufpr.br\/zootecnia\/wp-content\/uploads\/sites\/13\/2016\/11\/4303.pdf\">RESOLU\u00c7\u00c3O N\u00ba 43\/03-CEPE &#8211;\u00a0Aprova os crit\u00e9rios para sele\u00e7\u00e3o de monitores para o Programa Monitoria da Universidade Federal do Paran\u00e1.<\/a><\/span><\/p>\n<p style=\"text-align: center\"><span style=\"color: #0b38a9\"><strong>|LEGISLA\u00c7\u00c3O DISPENSA DE PR\u00c9-REQUISITO|<\/strong><\/span><\/p>\n<p style=\"text-align: justify\"><span style=\"color: #0b38a9\"><strong> <img loading=\"lazy\" decoding=\"async\" class=\"\" src=\"https:\/\/agrarias.ufpr.br\/zootecnia\/wp-content\/uploads\/sites\/13\/2018\/07\/256x256bb.png\" width=\"21\" height=\"21\" \/><\/strong>\u00a0<a style=\"color: #0b38a9\" href=\"https:\/\/agrarias.ufpr.br\/zootecnia\/wp-content\/uploads\/sites\/13\/2016\/11\/6310.pdf\">RESOLU\u00c7\u00c3O N\u00ba 63\/10-CEPE &#8211;\u00a0Delega compet\u00eancia aos colegiados de curso de gradua\u00e7\u00e3o para a an\u00e1lise e julgamento dos pedidos de dispensa de pr\u00e9requisito e co-requisito de disciplinas da Universidade Federal do Paran\u00e1.\u00a0<\/a><\/span><\/p>\n<p style=\"text-align: center\"><span style=\"color: #0b38a9\"><strong>|LEGISLA\u00c7\u00c3O TEMPO DE DURA\u00c7\u00c3O M\u00c1XIMA DOS CURSOS DE GRADUA\u00c7\u00c3O|<\/strong><\/span><\/p>\n<p style=\"text-align: left\"><span style=\"color: #0b38a9\"><img loading=\"lazy\" decoding=\"async\" class=\"\" src=\"https:\/\/agrarias.ufpr.br\/zootecnia\/wp-content\/uploads\/sites\/13\/2018\/07\/256x256bb.png\" width=\"21\" height=\"21\" \/> <a style=\"color: #0b38a9\" href=\"https:\/\/agrarias.ufpr.br\/zootecnia\/wp-content\/uploads\/sites\/13\/2016\/11\/9498.pdf\">RESOLU\u00c7\u00c3O N\u00ba 094\/98-CEPE &#8211; Estabelece a dura\u00e7\u00e3o m\u00e1xima dos cursos de gradua\u00e7\u00e3o da UFPR , alterando a Resolu\u00e7\u00e3o n\u00ba 45\/97 -CEPE.<\/a><\/span><\/p>\n<p style=\"text-align: center\"><span style=\"color: #0b38a9\"><strong>|LEGISLA\u00c7\u00c3O BOLSA EXTENS\u00c3O|<\/strong><\/span><\/p>\n<p style=\"text-align: left\"><span style=\"color: #0b38a9\"><a style=\"color: #0b38a9\" href=\"https:\/\/agrarias.ufpr.br\/zootecnia\/wp-content\/uploads\/sites\/13\/2016\/11\/2511.pdf\"><img loading=\"lazy\" decoding=\"async\" class=\"\" src=\"https:\/\/agrarias.ufpr.br\/zootecnia\/wp-content\/uploads\/sites\/13\/2018\/07\/256x256bb.png\" width=\"21\" height=\"21\" \/>RESOLU\u00c7\u00c3O N\u00ba 25\/11-CEPE &#8211;\u00a0Fixa normas para execu\u00e7\u00e3o do Programa Bolsa Extens\u00e3o da Universidade Federal do Paran\u00e1.(Alterada pela Resolu\u00e7\u00e3o n\u00ba <span style=\"color: #0b38a9\">37\/15-CEPE)<\/span><\/a><\/span><\/p>\n<p style=\"text-align: center\"><span style=\"color: #0b38a9\"><strong>|LEGISLA\u00c7\u00c3O REVALIDA\u00c7\u00c3O DE DIPLOMAS|<\/strong><\/span><\/p>\n<p style=\"text-align: justify\"><a href=\"https:\/\/agrarias.ufpr.br\/zootecnia\/wp-content\/uploads\/sites\/13\/2016\/11\/3511.pdf\"><span style=\"color: #0b38a9\"><img loading=\"lazy\" decoding=\"async\" class=\"\" src=\"https:\/\/agrarias.ufpr.br\/zootecnia\/wp-content\/uploads\/sites\/13\/2018\/07\/256x256bb.png\" width=\"21\" height=\"21\" \/>RESOLU\u00c7\u00c3O N\u00ba 35\/11-CEPE \u00a0&#8211;\u00a0Estabelece normas para revalida\u00e7\u00e3o de diplomas de gradua\u00e7\u00e3o e p\u00f3s-gradua\u00e7\u00e3o stricto sensu expedidos por estabelecimentos estrangeiros de ensino superior.<\/span><\/a><\/p>\n<p style=\"text-align: center\"><span style=\"color: #0b38a9\"><strong>|LEGISLA\u00c7\u00c3O ORIENTA\u00c7\u00c3O ACAD\u00caMICA|<\/strong><\/span><\/p>\n<p style=\"text-align: justify\"><span style=\"color: #0b38a9\"><strong><em><img loading=\"lazy\" decoding=\"async\" class=\"\" src=\"https:\/\/agrarias.ufpr.br\/zootecnia\/wp-content\/uploads\/sites\/13\/2018\/07\/256x256bb.png\" width=\"21\" height=\"21\" \/> <\/em><\/strong><a href=\"https:\/\/agrarias.ufpr.br\/zootecnia\/wp-content\/uploads\/sites\/13\/2016\/11\/9515.pdf\">RESOLU\u00c7\u00c3O N\u00b0 95-A\/15 \u2013 CEPE\u00a0-Disp\u00f5e sobre o Programa de Orienta\u00e7\u00e3o Acad\u00eamica dos Cursos de Gradua\u00e7\u00e3o e Educa\u00e7\u00e3o Profissional e Tecnol\u00f3gica da UFPR.<\/a><\/span><\/p>\n<p style=\"text-align: center\">\n","protected":false},"excerpt":{"rendered":"<p>|LEGISLA\u00c7\u00c3O EXERC\u00cdCIOS DOMICILIARES|\u00a0 DECRETO-LEI N\u00ba 1.044, DE 21 DE OUTUBRO DE 1969\u00a0&#8211;\u00a0Disp\u00f5e sobre\u00a0tratamento\u00a0excepcional para os alunos portadores das afec\u00e7\u00f5es que indica. LEI No\u00a06.202, DE 17 DE ABRIL DE 1975 &#8211;\u00a0Atribui \u00e0 estudante em estado de gesta\u00e7\u00e3o o regime de exerc\u00edcios domiciliares |LEGISLA\u00c7\u00c3O EQUIVAL\u00caNCIA ,ADIANTAMENTO,APROVEITAMENTO E TRANCAMENTO|\u00a0 RESOLU\u00c7\u00c3O N\u00b0 92\/13 \u2013 CEPE\u00a0Aprova normas de dispensa de [&hellip;]<\/p>\n","protected":false},"author":6,"featured_media":0,"parent":0,"menu_order":0,"comment_status":"closed","ping_status":"closed","template":"","meta":{"footnotes":""},"class_list":["post-900","page","type-page","status-publish","hentry"],"_links":{"self":[{"href":"https:\/\/agrarias.ufpr.br\/zootecnia\/wp-json\/wp\/v2\/pages\/900","targetHints":{"allow":["GET"]}}],"collection":[{"href":"https:\/\/agrarias.ufpr.br\/zootecnia\/wp-json\/wp\/v2\/pages"}],"about":[{"href":"https:\/\/agrarias.ufpr.br\/zootecnia\/wp-json\/wp\/v2\/types\/page"}],"author":[{"embeddable":true,"href":"https:\/\/agrarias.ufpr.br\/zootecnia\/wp-json\/wp\/v2\/users\/6"}],"replies":[{"embeddable":true,"href":"https:\/\/agrarias.ufpr.br\/zootecnia\/wp-json\/wp\/v2\/comments?post=900"}],"version-history":[{"count":37,"href":"https:\/\/agrarias.ufpr.br\/zootecnia\/wp-json\/wp\/v2\/pages\/900\/revisions"}],"predecessor-version":[{"id":1774,"href":"https:\/\/agrarias.ufpr.br\/zootecnia\/wp-json\/wp\/v2\/pages\/900\/revisions\/1774"}],"wp:attachment":[{"href":"https:\/\/agrarias.ufpr.br\/zootecnia\/wp-json\/wp\/v2\/media?parent=900"}],"curies":[{"name":"wp","href":"https:\/\/api.w.org\/{rel}","templated":true}]}}