{"id":77,"date":"2014-10-14T20:40:39","date_gmt":"2014-10-14T20:40:39","guid":{"rendered":"https:\/\/agrarias.ufpr.br\/zootecnia\/?page_id=77"},"modified":"2024-03-22T19:09:16","modified_gmt":"2024-03-22T19:09:16","slug":"historia-do-curso","status":"publish","type":"page","link":"https:\/\/agrarias.ufpr.br\/zootecnia\/historia-do-curso\/","title":{"rendered":"Hist\u00f3ria do Curso"},"content":{"rendered":"<p style=\"text-align: center\">\n<p><iframe loading=\"lazy\" title=\"Zootecnia\" width=\"500\" height=\"281\" src=\"https:\/\/www.youtube.com\/embed\/SSOd7tiCd0k?feature=oembed\" frameborder=\"0\" allow=\"accelerometer; autoplay; clipboard-write; encrypted-media; gyroscope; picture-in-picture; web-share\" referrerpolicy=\"strict-origin-when-cross-origin\" allowfullscreen><\/iframe><\/p>\n<p><iframe loading=\"lazy\" title=\"Setor de Ci\u00eancias Agr\u00e1rias da UFPR\" width=\"500\" height=\"281\" src=\"https:\/\/www.youtube.com\/embed\/UP4JhtUvggk?feature=oembed\" frameborder=\"0\" allow=\"accelerometer; autoplay; clipboard-write; encrypted-media; gyroscope; picture-in-picture; web-share\" referrerpolicy=\"strict-origin-when-cross-origin\" allowfullscreen><\/iframe><\/p>\n<p style=\"text-align: center\"><span style=\"color: #0b38a9\"><strong>\u00a0 \u00a0 \u00a0 \u00a0 \u00a0 \u00a0 |HIST\u00d3RIA DO CURSO|\u00a0 \u00a0 \u00a0 \u00a0<\/strong> \u00a0 \u00a0 \u00a0 \u00a0<\/span><\/p>\n<p style=\"text-align: justify\"><span style=\"color: #0b38a9\">\u00a0 \u00a0 \u00a0 \u00a0 \u00a0 \u00a0 \u00a0 \u00a0 \u00a0O Curso de Zootecnia do Setor de Ci\u00eancias Agr\u00e1rias da UFPR, teve sua aula inaugural em fevereiro de 2000.<\/span><\/p>\n<p style=\"text-align: justify\"><span style=\"color: #0b38a9\">\u00a0 \u00a0 \u00a0 \u00a0 \u00a0 \u00a0 \u00a0 \u00a0 Ap\u00f3s esses 16 anos j\u00e1\u00a0conta com quadro docente altamente qualificado, bibliotecas, estrutura de laborat\u00f3rios e fazenda experimental que contribuem para a forma\u00e7\u00e3o de nossos alunos de gradua\u00e7\u00e3o e p\u00f3s-gradua\u00e7\u00e3o em Zootecnia.<\/span><\/p>\n<p style=\"text-align: justify\"><span style=\"color: #0b38a9\">\u00a0 \u00a0 \u00a0 \u00a0 \u00a0 \u00a0 \u00a0 \u00a0 \u00a0 Tais condi\u00e7\u00f5es contribuem para o futuro profissional Zootecnista atuar nos mais diversos campos que esta profiss\u00e3o oferece.<\/span><\/p>\n<p style=\"text-align: justify\"><span style=\"color: #0b38a9\">\u00a0 \u00a0 \u00a0 \u00a0 \u00a0 \u00a0 \u00a0Os egressos do Curso t\u00eam conseguido atuar diretamente no campo em consultorias, em empresas de nutri\u00e7\u00e3o, em associa\u00e7\u00f5es de criadores, em empresas de pesquisa, universidades e diferentes \u00f3rg\u00e3os governamentais relacionados \u00e0 agropecu\u00e1ria.<\/span><\/p>\n<p style=\"text-align: center\"><strong><span style=\"color: #0b38a9\">|CURSO DE ZOOTECNIA| <\/span><\/strong><\/p>\n<p style=\"text-align: justify\"><span style=\"color: #0b38a9\">\u00a0 \u00a0 \u00a0 \u00a0 \u00a0 \u00a0 \u00a0 \u00a0 \u00a0O setor agroindustrial \u00e9 respons\u00e1vel por uma parcela significativa da economia e da m\u00e3o de obra ocupada em todo o mundo. Neste contexto, o Brasil ocupa lugar de destaque na produ\u00e7\u00e3o agropecu\u00e1ria e na agroind\u00fastria mundial. Isso foi conseguido gra\u00e7as ao uso racional dos nossos recursos e do desenvolvimento de tecnologias espec\u00edficas para produ\u00e7\u00e3o e utiliza\u00e7\u00e3o econ\u00f4mica dos produtos de origem animal, ou seja, gra\u00e7as ao trabalho de profissionais ligados \u00e0 \u00e1rea de Zootecnia. Devido \u00e0 necessidade crescente de produ\u00e7\u00e3o de alimentos e bens de consumo, a produ\u00e7\u00e3o animal e a agroind\u00fastria continuar\u00e3o sendo atividades de grande import\u00e2ncia na economia nacional e internacional e, portanto, uma \u00e1rea estrat\u00e9gica para os mercados interno e externo. Para atender a demanda de profissionais aptos a trabalhar nesta \u00e1rea e dada a complexidade de conhecimentos necess\u00e1rios, foi criado a mais de 34 anos o primeiro Curso Superior em Zootecnia no Brasil, sendo que hoje contamos com mais de sete mil profissionais atuantes formados em 23 institui\u00e7\u00f5es de ensino superior, das quais apenas quatro na Regi\u00e3o Sul e, destas, apenas duas em Universidade P\u00fablica Federal. <\/span><\/p>\n<p style=\"text-align: justify\"><span style=\"color: #0b38a9\">\u00a0 \u00a0 \u00a0 \u00a0 \u00a0 \u00a0 \u00a0 \u00a0 \u00a0 O Curso de Zootecnia do Setor de Ci\u00eancias Agr\u00e1rias da UFPR conta com estrutura j\u00e1 implantada e em funcionamento, reconhecida em todo Brasil pela sua qualidade de ensino, pesquisa e extens\u00e3o, no que diz respeito a laborat\u00f3rios, fazenda experimental, bibliotecas e recursos humanos desde a forma\u00e7\u00e3o b\u00e1sica at\u00e9 a profissionalizante. Esta estrutura, somada \u00e0 qualifica\u00e7\u00e3o docente do Departamento de Zootecnia, refer\u00eancia nacional e internacional na \u00e1rea de produ\u00e7\u00e3o animal, \u00e9 capaz de garantir uma forma\u00e7\u00e3o s\u00f3lida ao futuro profissional Zootecnista para atuar regional e nacionalmente nos mais diversos campos que esta profiss\u00e3o oferece. <\/span><\/p>\n<p style=\"text-align: center\"><strong><span style=\"color: #0b38a9\">|OBJETIVOS| <\/span><\/strong><\/p>\n<p style=\"text-align: justify\"><span style=\"color: #0b38a9\">\u00a0 \u00a0 \u00a0 \u00a0 \u00a0 \u00a0 \u00a0 \u00a0 \u00a0O Zootecnista \u00e9 um profissional de n\u00edvel superior capaz de gerar e aplicar conhecimentos e tecnologia na obten\u00e7\u00e3o econ\u00f4mica e ecol\u00f3gica de produtos de origem animal. Sua atividade est\u00e1 diretamente ligada ao sistema agroindustrial, desde a obten\u00e7\u00e3o de mat\u00e9rias primas com alta qualidade e produtividade, de forma n\u00e3o agressiva ao meio ambiente, at\u00e9 a industrializa\u00e7\u00e3o\/prepara\u00e7\u00e3o dos produtos de origem animal e sua comercializa\u00e7\u00e3o. Para isso o Curso de Zootecnia capacita o futuro profissional a gerar e aplicar conhecimentos nas \u00e1reas de: melhoramento gen\u00e9tico, nutri\u00e7\u00e3o, reprodu\u00e7\u00e3o, conforto e sanidade animal, economia, extens\u00e3o, comercializa\u00e7\u00e3o e administra\u00e7\u00e3o rural e agroindustrial, gerenciamento eletr\u00f4nico de dados de pesquisa, produ\u00e7\u00e3o e com\u00e9rcio em Zootecnia. <\/span><\/p>\n<p style=\"text-align: center\"><strong><span style=\"color: #0b38a9\">|N\u00daMERO DE VAGAS OFERECIDAS| <\/span><\/strong><\/p>\n<p style=\"text-align: justify\"><span style=\"color: #0b38a9\">\u00a0 \u00a0 \u00a0 \u00a0 \u00a0 \u00a0 \u00a0 \u00a0 \u00a0 \u00a0 \u00a0 S\u00e3o oferecidas 60 vagas, com entrada de 30 alunos no 1\u00baSemestre e 30 Alunos no 2\u00baSemestre.<\/span><\/p>\n<p style=\"text-align: center\"><strong><span style=\"color: #0b38a9\">|CARGA HOR\u00c1RIA| \u00a0<\/span><\/strong><\/p>\n<p style=\"text-align: justify\"><span style=\"color: #0b38a9\">\u00a0 \u00a0 \u00a0 \u00a0 \u00a0 \u00a0 \u00a0 \u00a0 \u00a0 O Curso de Zootecnia possui carga hor\u00e1ria de disciplinas obrigat\u00f3rias b\u00e1sicas e profissionalizantes de 3.370 horas. S\u00e3o oferecidas diversas disciplinas optativas das quais o aluno dever\u00e1 cursar 300 horas. Al\u00e9m disso o(a) aluno(a) dever\u00e1 integralizar 100 horas em outras atividades complementares, como est\u00e1gios volunt\u00e1rios, bolsas de pesquisa e monitoria e outras atividades ligadas \u00e0 \u00e1rea de forma\u00e7\u00e3o profissional. Dessa forma pode ser cursada uma sequencia de disciplinas optativas e outras atividades que permitem a forma\u00e7\u00e3o voltada a uma ou mais \u00e1reas a sua escolha. Finalmente o(a) aluno(a) efetua o Est\u00e1gio Curricular Obrigat\u00f3rio, com um total de 360 horas, no qual dever\u00e1 utilizar os conhecimentos acumulados em uma atividade espec\u00edfica de atua\u00e7\u00e3o, sob supervis\u00e3o de um profissional respons\u00e1vel. <\/span><\/p>\n<p style=\"text-align: center\"><strong><span style=\"color: #0b38a9\">|DURA\u00c7\u00c3O DO CURSO|<\/span><\/strong><\/p>\n<p style=\"text-align: justify\"><span style=\"color: #0b38a9\">\u00a0 \u00a0 \u00a0 \u00a0 \u00a0 \u00a0 \u00a0 \u00a0 \u00a0 \u00a0O Curso \u00e9 semestral com dura\u00e7\u00e3o de 5 anos, sendo o \u00faltimo semestre reservado ao Est\u00e1gio Curricular Obrigat\u00f3rio e Trabalho de Conclus\u00e3o de Curso.<\/span><\/p>\n<p style=\"text-align: center\">\n","protected":false},"excerpt":{"rendered":"<p>\u00a0 \u00a0 \u00a0 \u00a0 \u00a0 \u00a0 |HIST\u00d3RIA DO CURSO|\u00a0 \u00a0 \u00a0 \u00a0 \u00a0 \u00a0 \u00a0 \u00a0 \u00a0 \u00a0 \u00a0 \u00a0 \u00a0 \u00a0 \u00a0 \u00a0 \u00a0O Curso de Zootecnia do Setor de Ci\u00eancias Agr\u00e1rias da UFPR, teve sua aula inaugural em fevereiro de 2000. \u00a0 \u00a0 \u00a0 \u00a0 \u00a0 \u00a0 \u00a0 \u00a0 Ap\u00f3s esses 16 anos [&hellip;]<\/p>\n","protected":false},"author":1837,"featured_media":0,"parent":0,"menu_order":0,"comment_status":"open","ping_status":"open","template":"","meta":{"footnotes":""},"class_list":["post-77","page","type-page","status-publish","hentry"],"_links":{"self":[{"href":"https:\/\/agrarias.ufpr.br\/zootecnia\/wp-json\/wp\/v2\/pages\/77","targetHints":{"allow":["GET"]}}],"collection":[{"href":"https:\/\/agrarias.ufpr.br\/zootecnia\/wp-json\/wp\/v2\/pages"}],"about":[{"href":"https:\/\/agrarias.ufpr.br\/zootecnia\/wp-json\/wp\/v2\/types\/page"}],"author":[{"embeddable":true,"href":"https:\/\/agrarias.ufpr.br\/zootecnia\/wp-json\/wp\/v2\/users\/1837"}],"replies":[{"embeddable":true,"href":"https:\/\/agrarias.ufpr.br\/zootecnia\/wp-json\/wp\/v2\/comments?post=77"}],"version-history":[{"count":17,"href":"https:\/\/agrarias.ufpr.br\/zootecnia\/wp-json\/wp\/v2\/pages\/77\/revisions"}],"predecessor-version":[{"id":1811,"href":"https:\/\/agrarias.ufpr.br\/zootecnia\/wp-json\/wp\/v2\/pages\/77\/revisions\/1811"}],"wp:attachment":[{"href":"https:\/\/agrarias.ufpr.br\/zootecnia\/wp-json\/wp\/v2\/media?parent=77"}],"curies":[{"name":"wp","href":"https:\/\/api.w.org\/{rel}","templated":true}]}}