{"id":65,"date":"2014-10-13T18:34:22","date_gmt":"2014-10-13T18:34:22","guid":{"rendered":"https:\/\/agrarias.ufpr.br\/zootecnia\/?page_id=65"},"modified":"2026-03-24T16:01:49","modified_gmt":"2026-03-24T16:01:49","slug":"home","status":"publish","type":"page","link":"https:\/\/agrarias.ufpr.br\/zootecnia\/","title":{"rendered":""},"content":{"rendered":"\n<div class=\"wp-block-group is-nowrap is-layout-flex wp-container-core-group-is-layout-ad2f72ca wp-block-group-is-layout-flex\">\n<figure class=\"wp-block-image size-full is-resized\"><a href=\"https:\/\/agrarias.ufpr.br\/zootecnia\/wp-content\/uploads\/sites\/13\/2026\/03\/image-1.png\"><img loading=\"lazy\" decoding=\"async\" width=\"225\" height=\"225\" src=\"https:\/\/agrarias.ufpr.br\/zootecnia\/wp-content\/uploads\/sites\/13\/2026\/03\/image-1.png\" alt=\"\" class=\"wp-image-2180\" style=\"width:34px;height:auto\" srcset=\"https:\/\/agrarias.ufpr.br\/zootecnia\/wp-content\/uploads\/sites\/13\/2026\/03\/image-1.png 225w, https:\/\/agrarias.ufpr.br\/zootecnia\/wp-content\/uploads\/sites\/13\/2026\/03\/image-1-150x150.png 150w, https:\/\/agrarias.ufpr.br\/zootecnia\/wp-content\/uploads\/sites\/13\/2026\/03\/image-1-98x98.png 98w, https:\/\/agrarias.ufpr.br\/zootecnia\/wp-content\/uploads\/sites\/13\/2026\/03\/image-1-57x57.png 57w\" sizes=\"auto, (max-width: 225px) 100vw, 225px\" \/><\/a><\/figure>\n\n\n\n<p class=\"has-text-align-left has-black-color has-text-color has-link-color wp-elements-c1c2d528de0665260bbc4d72fc0afaee\"><span style=\"color: #0b38a9\"><a href=\"https:\/\/soc.ufpr.br\/wp-content\/uploads\/2025\/11\/Res.-no-22-25-CEPE-.pdf\">Calend\u00e1rio Acad\u00eamico do Ano de 2026<\/a>&nbsp; &nbsp;&nbsp;<\/span><\/p>\n<\/div>\n\n\n\n<div class=\"wp-block-group is-nowrap is-layout-flex wp-container-core-group-is-layout-ad2f72ca wp-block-group-is-layout-flex\">\n<figure class=\"wp-block-image size-full is-resized\"><a href=\"https:\/\/agrarias.ufpr.br\/zootecnia\/wp-content\/uploads\/sites\/13\/2026\/03\/image-2.png\"><img loading=\"lazy\" decoding=\"async\" width=\"256\" height=\"256\" src=\"https:\/\/agrarias.ufpr.br\/zootecnia\/wp-content\/uploads\/sites\/13\/2026\/03\/image-2.png\" alt=\"\" class=\"wp-image-2181\" style=\"width:38px;height:auto\" srcset=\"https:\/\/agrarias.ufpr.br\/zootecnia\/wp-content\/uploads\/sites\/13\/2026\/03\/image-2.png 256w, https:\/\/agrarias.ufpr.br\/zootecnia\/wp-content\/uploads\/sites\/13\/2026\/03\/image-2-150x150.png 150w, https:\/\/agrarias.ufpr.br\/zootecnia\/wp-content\/uploads\/sites\/13\/2026\/03\/image-2-98x98.png 98w, https:\/\/agrarias.ufpr.br\/zootecnia\/wp-content\/uploads\/sites\/13\/2026\/03\/image-2-57x57.png 57w\" sizes=\"auto, (max-width: 256px) 100vw, 256px\" \/><\/a><\/figure>\n\n\n\n<p class=\"has-text-align-left has-black-color has-text-color has-link-color wp-elements-9a1ea6934c56c43e2f6c340fb53e35d6\"><span style=\"color: #0b38a9\"><a style=\"color: #0b38a9\" href=\"http:\/\/www.soc.ufpr.br\/portal\/wp-content\/uploads\/2016\/07\/Res.-37-97-CEPE.pdf\">Resolu\u00e7\u00e3o CEPE 37\/97<\/a><\/span><\/p>\n<\/div>\n\n\n\n<div class=\"wp-block-group is-nowrap is-layout-flex wp-container-core-group-is-layout-ad2f72ca wp-block-group-is-layout-flex\">\n<figure class=\"wp-block-image size-full is-resized\"><a href=\"https:\/\/agrarias.ufpr.br\/zootecnia\/wp-content\/uploads\/sites\/13\/2026\/03\/image-3.png\"><img loading=\"lazy\" decoding=\"async\" width=\"256\" height=\"256\" src=\"https:\/\/agrarias.ufpr.br\/zootecnia\/wp-content\/uploads\/sites\/13\/2026\/03\/image-3.png\" alt=\"\" class=\"wp-image-2182\" style=\"width:43px;height:auto\" srcset=\"https:\/\/agrarias.ufpr.br\/zootecnia\/wp-content\/uploads\/sites\/13\/2026\/03\/image-3.png 256w, https:\/\/agrarias.ufpr.br\/zootecnia\/wp-content\/uploads\/sites\/13\/2026\/03\/image-3-150x150.png 150w, https:\/\/agrarias.ufpr.br\/zootecnia\/wp-content\/uploads\/sites\/13\/2026\/03\/image-3-98x98.png 98w, https:\/\/agrarias.ufpr.br\/zootecnia\/wp-content\/uploads\/sites\/13\/2026\/03\/image-3-57x57.png 57w\" sizes=\"auto, (max-width: 256px) 100vw, 256px\" \/><\/a><\/figure>\n\n\n\n<p class=\"has-text-align-left has-black-color has-text-color has-link-color wp-elements-cbeae0d522b40bd80f06e5d3efedc9ce\"><span style=\"color: #0b38a9\"><a style=\"color: #0b38a9\" href=\"https:\/\/agrarias.ufpr.br\/zootecnia\/wp-content\/uploads\/sites\/13\/2016\/10\/Regimento_Geral_da_UFPR.pdf\">Regimento Geral da Universidade Federal do Paran\u00e1<\/a><\/span><\/p>\n<\/div>\n\n\n\n<div class=\"wp-block-group is-nowrap is-layout-flex wp-container-core-group-is-layout-ad2f72ca wp-block-group-is-layout-flex\">\n<figure class=\"wp-block-image size-full is-resized\"><a href=\"https:\/\/agrarias.ufpr.br\/zootecnia\/wp-content\/uploads\/sites\/13\/2026\/03\/image-4.png\"><img loading=\"lazy\" decoding=\"async\" width=\"256\" height=\"256\" src=\"https:\/\/agrarias.ufpr.br\/zootecnia\/wp-content\/uploads\/sites\/13\/2026\/03\/image-4.png\" alt=\"\" class=\"wp-image-2183\" style=\"width:43px;height:auto\" srcset=\"https:\/\/agrarias.ufpr.br\/zootecnia\/wp-content\/uploads\/sites\/13\/2026\/03\/image-4.png 256w, https:\/\/agrarias.ufpr.br\/zootecnia\/wp-content\/uploads\/sites\/13\/2026\/03\/image-4-150x150.png 150w, https:\/\/agrarias.ufpr.br\/zootecnia\/wp-content\/uploads\/sites\/13\/2026\/03\/image-4-98x98.png 98w, https:\/\/agrarias.ufpr.br\/zootecnia\/wp-content\/uploads\/sites\/13\/2026\/03\/image-4-57x57.png 57w\" sizes=\"auto, (max-width: 256px) 100vw, 256px\" \/><\/a><\/figure>\n\n\n\n<p class=\"has-text-align-left has-black-color has-text-color has-link-color wp-elements-d6b66ec716d11ecddce4ed73d43d1028\"><span style=\"color: #0b38a9\"><a style=\"color: #0b38a9\" href=\"https:\/\/agrarias.ufpr.br\/wp-content\/uploads\/2015\/12\/Regimento-do-Setor-de-Ci%C3%AAncias-Agr%C3%A1rias-Resolu%C3%A7%C3%A3o-COPLAD-24-15.pdf\">Regimento do Setor de <span style=\"color: #0b38a9\">Ci\u00eancias<\/span> Agr\u00e1rias<\/a><\/span><\/p>\n<\/div>\n\n\n\n<div class=\"wp-block-group is-nowrap is-layout-flex wp-container-core-group-is-layout-ad2f72ca wp-block-group-is-layout-flex\">\n<figure class=\"wp-block-image size-full is-resized\"><a href=\"https:\/\/agrarias.ufpr.br\/zootecnia\/wp-content\/uploads\/sites\/13\/2026\/03\/image-5.png\"><img loading=\"lazy\" decoding=\"async\" width=\"256\" height=\"256\" src=\"https:\/\/agrarias.ufpr.br\/zootecnia\/wp-content\/uploads\/sites\/13\/2026\/03\/image-5.png\" alt=\"\" class=\"wp-image-2184\" style=\"width:43px;height:auto\" srcset=\"https:\/\/agrarias.ufpr.br\/zootecnia\/wp-content\/uploads\/sites\/13\/2026\/03\/image-5.png 256w, https:\/\/agrarias.ufpr.br\/zootecnia\/wp-content\/uploads\/sites\/13\/2026\/03\/image-5-150x150.png 150w, https:\/\/agrarias.ufpr.br\/zootecnia\/wp-content\/uploads\/sites\/13\/2026\/03\/image-5-98x98.png 98w, https:\/\/agrarias.ufpr.br\/zootecnia\/wp-content\/uploads\/sites\/13\/2026\/03\/image-5-57x57.png 57w\" sizes=\"auto, (max-width: 256px) 100vw, 256px\" \/><\/a><\/figure>\n\n\n\n<p class=\"has-text-align-left has-black-color has-text-color has-link-color wp-elements-59dd5c219ed78d1eed3e340608518407\"><a href=\"https:\/\/prograp.ufpr.br\/wp-content\/uploads\/2026\/02\/Guia-Estudante-UFPR-2026.pdf\">Manual Estudantil 2026<\/a><\/p>\n<\/div>\n\n\n\n<p><\/p>\n","protected":false},"excerpt":{"rendered":"<p>Calend\u00e1rio Acad\u00eamico do Ano de 2026&nbsp; &nbsp;&nbsp; Resolu\u00e7\u00e3o CEPE 37\/97 Regimento Geral da Universidade Federal do Paran\u00e1 Regimento do Setor de Ci\u00eancias Agr\u00e1rias Manual Estudantil 2026<\/p>\n","protected":false},"author":6,"featured_media":0,"parent":0,"menu_order":0,"comment_status":"closed","ping_status":"open","template":"","meta":{"footnotes":""},"class_list":["post-65","page","type-page","status-publish","hentry"],"_links":{"self":[{"href":"https:\/\/agrarias.ufpr.br\/zootecnia\/wp-json\/wp\/v2\/pages\/65","targetHints":{"allow":["GET"]}}],"collection":[{"href":"https:\/\/agrarias.ufpr.br\/zootecnia\/wp-json\/wp\/v2\/pages"}],"about":[{"href":"https:\/\/agrarias.ufpr.br\/zootecnia\/wp-json\/wp\/v2\/types\/page"}],"author":[{"embeddable":true,"href":"https:\/\/agrarias.ufpr.br\/zootecnia\/wp-json\/wp\/v2\/users\/6"}],"replies":[{"embeddable":true,"href":"https:\/\/agrarias.ufpr.br\/zootecnia\/wp-json\/wp\/v2\/comments?post=65"}],"version-history":[{"count":191,"href":"https:\/\/agrarias.ufpr.br\/zootecnia\/wp-json\/wp\/v2\/pages\/65\/revisions"}],"predecessor-version":[{"id":2192,"href":"https:\/\/agrarias.ufpr.br\/zootecnia\/wp-json\/wp\/v2\/pages\/65\/revisions\/2192"}],"wp:attachment":[{"href":"https:\/\/agrarias.ufpr.br\/zootecnia\/wp-json\/wp\/v2\/media?parent=65"}],"curies":[{"name":"wp","href":"https:\/\/api.w.org\/{rel}","templated":true}]}}