{"id":52,"date":"2014-10-13T18:29:23","date_gmt":"2014-10-13T18:29:23","guid":{"rendered":"https:\/\/agrarias.ufpr.br\/zootecnia\/?page_id=52"},"modified":"2025-04-03T15:02:22","modified_gmt":"2025-04-03T15:02:22","slug":"atv-formativas","status":"publish","type":"page","link":"https:\/\/agrarias.ufpr.br\/zootecnia\/atv-formativas\/","title":{"rendered":"Atividades Formativas e Comiss\u00e3o Orientadora de Est\u00e1gios"},"content":{"rendered":"<h2><\/h2>\n<div>\n<p><span style=\"color: #3366ff\">Atribui\u00e7\u00e3o da (COE)Comiss\u00e3o Orientadora de Est\u00e1gios<\/span><\/p>\n<p><span style=\"color: #3366ff\"><span style=\"color: #0b38a9\"><a style=\"color: #0b38a9\" href=\"https:\/\/agrarias.ufpr.br\/zootecnia\/wp-content\/uploads\/sites\/13\/2016\/10\/REGULAMENTA\u00c7\u00c3O-Formativas-01_15.pdf\"><img loading=\"lazy\" decoding=\"async\" class=\"\" src=\"https:\/\/agrarias.ufpr.br\/zootecnia\/wp-content\/uploads\/sites\/13\/2018\/07\/256x256bb.png\" width=\"21\" height=\"21\" \/><\/a><\/span>Realizar a an\u00e1lise e homologar a pontua\u00e7\u00e3o das atividades formativas componente obrigat\u00f3rio para integraliza\u00e7\u00e3o curricular do Curso de Zootecnia.<\/span><\/p>\n<p><span style=\"color: #3366ff\"><span style=\"color: #0b38a9\"><a style=\"color: #0b38a9\" href=\"https:\/\/agrarias.ufpr.br\/zootecnia\/wp-content\/uploads\/sites\/13\/2016\/10\/REGULAMENTA\u00c7\u00c3O-Formativas-01_15.pdf\"><img loading=\"lazy\" decoding=\"async\" class=\"\" src=\"https:\/\/agrarias.ufpr.br\/zootecnia\/wp-content\/uploads\/sites\/13\/2018\/07\/256x256bb.png\" width=\"21\" height=\"21\" \/><\/a><\/span><\/span><span style=\"color: #3366ff\">Orientar os acad\u00eamicos nas atividades referentes a est\u00e1gio obrigat\u00f3rio e estagio n\u00e3o obrigat\u00f3rio.<\/span><\/p>\n<p><span style=\"color: #3366ff\">Composi\u00e7\u00e3o da (COE)Comiss\u00e3o Orientadora de Est\u00e1gios<\/span><\/p>\n<p><span style=\"color: #3366ff\"><strong><span style=\"color: #0b38a9\"><a style=\"color: #0b38a9\" href=\"https:\/\/agrarias.ufpr.br\/zootecnia\/wp-content\/uploads\/sites\/13\/2016\/10\/REGULAMENTA\u00c7\u00c3O-Formativas-01_15.pdf\"><img loading=\"lazy\" decoding=\"async\" class=\"\" src=\"https:\/\/agrarias.ufpr.br\/zootecnia\/wp-content\/uploads\/sites\/13\/2018\/07\/256x256bb.png\" width=\"21\" height=\"21\" \/><\/a><\/span>Presidente da COE \u2013 Professora V\u00e2nia Pais Cabral Castelo Campos &#8211; vaniacabral@ufpr.br<\/strong><\/span><\/p>\n<p class=\"Texto_Justificado_Recuo_Primeira_Linha\"><span style=\"color: #3366ff\"><strong><span style=\"color: #0b38a9\"><a style=\"color: #0b38a9\" href=\"https:\/\/agrarias.ufpr.br\/zootecnia\/wp-content\/uploads\/sites\/13\/2016\/10\/REGULAMENTA\u00c7\u00c3O-Formativas-01_15.pdf\"><img loading=\"lazy\" decoding=\"async\" class=\"\" src=\"https:\/\/agrarias.ufpr.br\/zootecnia\/wp-content\/uploads\/sites\/13\/2018\/07\/256x256bb.png\" width=\"21\" height=\"21\" \/><\/a><\/span><span style=\"color: #0b38a9\">Membro 01<\/span>\u00a0\u2013 Professora Ananda Portella F\u00e9lix &#8211; apfelix@ufpr.br<\/strong><\/span><\/p>\n<p class=\"Texto_Justificado_Recuo_Primeira_Linha\"><span style=\"color: #3366ff\"><strong><span style=\"color: #0b38a9\"><a style=\"color: #0b38a9\" href=\"https:\/\/agrarias.ufpr.br\/zootecnia\/wp-content\/uploads\/sites\/13\/2016\/10\/REGULAMENTA\u00c7\u00c3O-Formativas-01_15.pdf\"><img loading=\"lazy\" decoding=\"async\" class=\"\" src=\"https:\/\/agrarias.ufpr.br\/zootecnia\/wp-content\/uploads\/sites\/13\/2018\/07\/256x256bb.png\" width=\"21\" height=\"21\" \/><\/a><\/span>Membro 02 -Professor Tomaz Longhi Santos &#8211; longhi@ufpr.br<\/strong><\/span><\/p>\n<p class=\"Texto_Justificado_Recuo_Primeira_Linha\"><span style=\"color: #3366ff\"><strong><span style=\"color: #0b38a9\"><a style=\"color: #0b38a9\" href=\"https:\/\/agrarias.ufpr.br\/zootecnia\/wp-content\/uploads\/sites\/13\/2016\/10\/REGULAMENTA\u00c7\u00c3O-Formativas-01_15.pdf\"><img loading=\"lazy\" decoding=\"async\" class=\"\" src=\"https:\/\/agrarias.ufpr.br\/zootecnia\/wp-content\/uploads\/sites\/13\/2018\/07\/256x256bb.png\" width=\"21\" height=\"21\" \/><\/a><\/span>Membro 03 \u2013 Professora Simone Gisele de Oliveira &#8211; sgoliveira@ufpr.br<\/strong><\/span><\/p>\n<\/div>\n<p style=\"text-align: justify\"><span style=\"color: #0b38a9\">Em acordo com o Processo de integraliza\u00e7\u00e3o curricular do Curso de Zootecnia da Universidade Federal do Paran\u00e1, \u00a0prev\u00ea a forma\u00e7\u00e3o interdisciplinar do aluno, \u00e9 exigido 150 horas em <strong>Atividades Formativas <span style=\"color: #0b38a9\">Complementares<\/span><\/strong> do Curso de Zootecnia e devem ser obtidas, no m\u00ednimo, em tr\u00eas \u00e1reas de forma\u00e7\u00e3o.<\/span><\/p>\n<p style=\"text-align: justify\"><span style=\"color: #0b38a9\">Quando devo entregar as minhas Atividades Formativas?<\/span><\/p>\n<p style=\"text-align: justify\"><span style=\"color: #0b38a9\">Os prazos m\u00e1ximos de entrega s\u00e3o definidos atrav\u00e9s de edital emitido pela coordena\u00e7\u00e3o de curso todos os semestres.<\/span><\/p>\n<p style=\"text-align: justify\"><span style=\"color: #0b38a9\">Como devo entregar as Atividades Formativas ?<\/span><\/p>\n<p style=\"text-align: justify\"><span style=\"color: #0b38a9\">O Primeiro passo \u00e9 ler a Regulamenta\u00e7\u00e3o 01\/15.<\/span><\/p>\n<p style=\"text-align: justify\"><span style=\"color: #0b38a9\">O segundo passo \u00e9 tirar fotoc\u00f3pia de toda a documenta\u00e7\u00e3o a ser entregue como atividades formativas.<\/span><\/p>\n<p style=\"text-align: justify\"><span style=\"color: #0b38a9\">O terceiro passo \u00e9 numerar as fotocopias das atividades formativas e colocar dentro de uma pasta com folhas plastificadas separadamente.<\/span><\/p>\n<p style=\"text-align: justify\"><span style=\"color: #0b38a9\">O quarto passo \u00e9 imprimir e preencher\u00a0\u00a0planilha de pontua\u00e7\u00e3o.<\/span><\/p>\n<p style=\"text-align: justify\"><span style=\"color: #0b38a9\">O quinto passo \u00e9 imprimir e preencher o requerimento de contagem das atividades formativas.<\/span><\/p>\n<p><span style=\"color: #0b38a9\"><a style=\"color: #0b38a9\" href=\"https:\/\/agrarias.ufpr.br\/zootecnia\/wp-content\/uploads\/sites\/13\/2016\/10\/REGULAMENTA\u00c7\u00c3O-Formativas-01_15.pdf\"><img loading=\"lazy\" decoding=\"async\" class=\"\" src=\"https:\/\/agrarias.ufpr.br\/zootecnia\/wp-content\/uploads\/sites\/13\/2018\/07\/256x256bb.png\" width=\"21\" height=\"21\" \/>Regulamenta\u00e7\u00e3o 01\/15 &#8211; CCZ<\/a><\/span><\/p>\n<p><span style=\"color: #0b38a9\"><a style=\"color: #0b38a9\" href=\"https:\/\/agrarias.ufpr.br\/zootecnia\/wp-content\/uploads\/sites\/13\/2016\/10\/Formativas.xls\"><img loading=\"lazy\" decoding=\"async\" class=\"\" src=\"https:\/\/agrarias.ufpr.br\/zootecnia\/wp-content\/uploads\/sites\/13\/2018\/07\/256x256bb.png\" width=\"21\" height=\"21\" \/>Planilha de Pontua\u00e7\u00e3o<\/a><\/span><\/p>\n<p><span style=\"color: #0b38a9\"><em style=\"color: #0b38a9\"><img loading=\"lazy\" decoding=\"async\" class=\"\" src=\"https:\/\/agrarias.ufpr.br\/zootecnia\/wp-content\/uploads\/sites\/13\/2018\/07\/256x256bb.png\" width=\"21\" height=\"21\" \/> <\/em><a style=\"color: #0b38a9\" href=\"https:\/\/agrarias.ufpr.br\/zootecnia\/wp-content\/uploads\/sites\/13\/2014\/10\/formativas.pdf\">Requerimento de Contagem das Atividades Formativas<\/a><\/span><\/p>\n","protected":false},"excerpt":{"rendered":"<p>Atribui\u00e7\u00e3o da (COE)Comiss\u00e3o Orientadora de Est\u00e1gios Realizar a an\u00e1lise e homologar a pontua\u00e7\u00e3o das atividades formativas componente obrigat\u00f3rio para integraliza\u00e7\u00e3o curricular do Curso de Zootecnia. Orientar os acad\u00eamicos nas atividades referentes a est\u00e1gio obrigat\u00f3rio e estagio n\u00e3o obrigat\u00f3rio. Composi\u00e7\u00e3o da (COE)Comiss\u00e3o Orientadora de Est\u00e1gios Presidente da COE \u2013 Professora V\u00e2nia Pais Cabral Castelo Campos &#8211; [&hellip;]<\/p>\n","protected":false},"author":1837,"featured_media":0,"parent":0,"menu_order":0,"comment_status":"open","ping_status":"open","template":"","meta":{"footnotes":""},"class_list":["post-52","page","type-page","status-publish","hentry"],"_links":{"self":[{"href":"https:\/\/agrarias.ufpr.br\/zootecnia\/wp-json\/wp\/v2\/pages\/52","targetHints":{"allow":["GET"]}}],"collection":[{"href":"https:\/\/agrarias.ufpr.br\/zootecnia\/wp-json\/wp\/v2\/pages"}],"about":[{"href":"https:\/\/agrarias.ufpr.br\/zootecnia\/wp-json\/wp\/v2\/types\/page"}],"author":[{"embeddable":true,"href":"https:\/\/agrarias.ufpr.br\/zootecnia\/wp-json\/wp\/v2\/users\/1837"}],"replies":[{"embeddable":true,"href":"https:\/\/agrarias.ufpr.br\/zootecnia\/wp-json\/wp\/v2\/comments?post=52"}],"version-history":[{"count":23,"href":"https:\/\/agrarias.ufpr.br\/zootecnia\/wp-json\/wp\/v2\/pages\/52\/revisions"}],"predecessor-version":[{"id":1987,"href":"https:\/\/agrarias.ufpr.br\/zootecnia\/wp-json\/wp\/v2\/pages\/52\/revisions\/1987"}],"wp:attachment":[{"href":"https:\/\/agrarias.ufpr.br\/zootecnia\/wp-json\/wp\/v2\/media?parent=52"}],"curies":[{"name":"wp","href":"https:\/\/api.w.org\/{rel}","templated":true}]}}