{"id":37,"date":"2014-10-13T18:23:50","date_gmt":"2014-10-13T18:23:50","guid":{"rendered":"https:\/\/agrarias.ufpr.br\/zootecnia\/?page_id=37"},"modified":"2024-04-10T15:27:52","modified_gmt":"2024-04-10T15:27:52","slug":"formas-de-estagio","status":"publish","type":"page","link":"https:\/\/agrarias.ufpr.br\/zootecnia\/formas-de-estagio\/","title":{"rendered":"Regulamenta\u00e7\u00f5es"},"content":{"rendered":"<p><img loading=\"lazy\" decoding=\"async\" class=\"\" src=\"https:\/\/agrarias.ufpr.br\/zootecnia\/wp-content\/uploads\/sites\/13\/2018\/07\/256x256bb.png\" width=\"21\" height=\"21\" \/><a href=\"https:\/\/agrarias.ufpr.br\/zootecnia\/wp-content\/uploads\/sites\/13\/2023\/12\/regulamentacao_01.pdf\">Regulamenta\u00e7\u00e3o para o programa de migra\u00e7\u00e3o da matriz curricular 41A \u2013 2000 para a matriz curricular 41-A 2024<\/a><\/p>\n<p><img loading=\"lazy\" decoding=\"async\" class=\"\" src=\"https:\/\/agrarias.ufpr.br\/zootecnia\/wp-content\/uploads\/sites\/13\/2018\/07\/256x256bb.png\" width=\"21\" height=\"21\" \/><a href=\"https:\/\/agrarias.ufpr.br\/zootecnia\/wp-content\/uploads\/sites\/13\/2024\/03\/anexoi.pdf\">Regulamento do Programa de Orienta\u00e7\u00e3o Acad\u00eamica do Curso de Zootecnia<\/a><\/p>\n<p><img loading=\"lazy\" decoding=\"async\" class=\"\" src=\"https:\/\/agrarias.ufpr.br\/zootecnia\/wp-content\/uploads\/sites\/13\/2018\/07\/256x256bb.png\" width=\"21\" height=\"21\" \/><a href=\"https:\/\/agrarias.ufpr.br\/zootecnia\/wp-content\/uploads\/sites\/13\/2016\/10\/REGULAMENTA%C3%87%C3%83O-Formativas-01_15.pdf\">Regulamento das Atividades Formativas\u00a0&#8211; Matriz curricular 41A \u2013 2000<\/a><\/p>\n<p><img loading=\"lazy\" decoding=\"async\" class=\"\" src=\"https:\/\/agrarias.ufpr.br\/zootecnia\/wp-content\/uploads\/sites\/13\/2018\/07\/256x256bb.png\" width=\"21\" height=\"21\" \/><a href=\"https:\/\/agrarias.ufpr.br\/zootecnia\/wp-content\/uploads\/sites\/13\/2024\/03\/anexoii.pdf\">Regulamento das Atividades Formativas &#8211; Matriz curricular 41-A &#8211; 2024<\/a><\/p>\n<p><img loading=\"lazy\" decoding=\"async\" class=\"\" src=\"https:\/\/agrarias.ufpr.br\/zootecnia\/wp-content\/uploads\/sites\/13\/2018\/07\/256x256bb.png\" width=\"21\" height=\"21\" \/><a href=\"https:\/\/agrarias.ufpr.br\/zootecnia\/wp-content\/uploads\/sites\/13\/2024\/03\/anexoiii.pdf\">Regulamento do Est\u00e1gio Obrigat\u00f3rio\u00a0 -Matriz curricular 41-A &#8211; 2024<\/a><\/p>\n<p><img loading=\"lazy\" decoding=\"async\" class=\"\" src=\"https:\/\/agrarias.ufpr.br\/zootecnia\/wp-content\/uploads\/sites\/13\/2018\/07\/256x256bb.png\" width=\"21\" height=\"21\" \/><a href=\"https:\/\/agrarias.ufpr.br\/zootecnia\/wp-content\/uploads\/sites\/13\/2016\/10\/Regulamenta%C3%A7%C3%A3o-TCC-02_16-1.pdf\">Regulamento do Est\u00e1gio Obrigat\u00f3rio &#8211; Matriz curricular 41A \u2013 2000<\/a><\/p>\n<p><img loading=\"lazy\" decoding=\"async\" class=\"\" src=\"https:\/\/agrarias.ufpr.br\/zootecnia\/wp-content\/uploads\/sites\/13\/2018\/07\/256x256bb.png\" width=\"21\" height=\"21\" \/><a href=\"https:\/\/agrarias.ufpr.br\/zootecnia\/wp-content\/uploads\/sites\/13\/2024\/03\/anexoiv.pdf\">Regulamento de Trabalho de Conclus\u00e3o &#8211; Matriz curricular &#8211; 2024<\/a><\/p>\n<p><img loading=\"lazy\" decoding=\"async\" class=\"\" src=\"https:\/\/agrarias.ufpr.br\/zootecnia\/wp-content\/uploads\/sites\/13\/2018\/07\/256x256bb.png\" width=\"21\" height=\"21\" \/><a href=\"https:\/\/agrarias.ufpr.br\/zootecnia\/wp-content\/uploads\/sites\/13\/2024\/03\/anexov.pdf\">Regulamento de Extens\u00e3o &#8211; Matriz curricular 2024<\/a><\/p>\n<p style=\"text-align: center\">\n","protected":false},"excerpt":{"rendered":"<p>Regulamenta\u00e7\u00e3o para o programa de migra\u00e7\u00e3o da matriz curricular 41A \u2013 2000 para a matriz curricular 41-A 2024 Regulamento do Programa de Orienta\u00e7\u00e3o Acad\u00eamica do Curso de Zootecnia Regulamento das Atividades Formativas\u00a0&#8211; Matriz curricular 41A \u2013 2000 Regulamento das Atividades Formativas &#8211; Matriz curricular 41-A &#8211; 2024 Regulamento do Est\u00e1gio Obrigat\u00f3rio\u00a0 -Matriz curricular 41-A &#8211; [&hellip;]<\/p>\n","protected":false},"author":1837,"featured_media":0,"parent":0,"menu_order":0,"comment_status":"open","ping_status":"open","template":"","meta":{"footnotes":""},"class_list":["post-37","page","type-page","status-publish","hentry"],"_links":{"self":[{"href":"https:\/\/agrarias.ufpr.br\/zootecnia\/wp-json\/wp\/v2\/pages\/37","targetHints":{"allow":["GET"]}}],"collection":[{"href":"https:\/\/agrarias.ufpr.br\/zootecnia\/wp-json\/wp\/v2\/pages"}],"about":[{"href":"https:\/\/agrarias.ufpr.br\/zootecnia\/wp-json\/wp\/v2\/types\/page"}],"author":[{"embeddable":true,"href":"https:\/\/agrarias.ufpr.br\/zootecnia\/wp-json\/wp\/v2\/users\/1837"}],"replies":[{"embeddable":true,"href":"https:\/\/agrarias.ufpr.br\/zootecnia\/wp-json\/wp\/v2\/comments?post=37"}],"version-history":[{"count":23,"href":"https:\/\/agrarias.ufpr.br\/zootecnia\/wp-json\/wp\/v2\/pages\/37\/revisions"}],"predecessor-version":[{"id":1884,"href":"https:\/\/agrarias.ufpr.br\/zootecnia\/wp-json\/wp\/v2\/pages\/37\/revisions\/1884"}],"wp:attachment":[{"href":"https:\/\/agrarias.ufpr.br\/zootecnia\/wp-json\/wp\/v2\/media?parent=37"}],"curies":[{"name":"wp","href":"https:\/\/api.w.org\/{rel}","templated":true}]}}