{"id":13,"date":"2014-10-13T14:34:33","date_gmt":"2014-10-13T14:34:33","guid":{"rendered":"https:\/\/agrarias.ufpr.br\/zootecnia\/?page_id=13"},"modified":"2025-01-24T20:29:27","modified_gmt":"2025-01-24T20:29:27","slug":"contato","status":"publish","type":"page","link":"https:\/\/agrarias.ufpr.br\/zootecnia\/contato\/","title":{"rendered":"Contato"},"content":{"rendered":"<p style=\"text-align: center\"><img loading=\"lazy\" decoding=\"async\" class=\"aligncenter\" src=\"http:\/\/4.bp.blogspot.com\/-swCPp1umYGk\/Vco5dhkS7xI\/AAAAAAAAC9w\/3LVxlozJ714\/s1600\/contato.png\" alt=\"Resultado de imagem para contato\" width=\"282\" height=\"109\" \/><\/p>\n<p style=\"text-align: left\"><span style=\"color: #0b38a9\"><strong><img loading=\"lazy\" decoding=\"async\" class=\"\" src=\"https:\/\/agrarias.ufpr.br\/zootecnia\/wp-content\/uploads\/sites\/13\/2018\/07\/256x256bb.png\" width=\"21\" height=\"21\" \/>Hor\u00e1rio de Atendimento\u00a0<\/strong><\/span><\/p>\n<p style=\"text-align: left\"><span style=\"color: #0b38a9\">Per\u00edodo Matutino : 09:45 \u00e0s 13:30<\/span><\/p>\n<p style=\"text-align: left\"><span style=\"color: #0b38a9\">Per\u00edodo Vespertino : 14:30 \u00e0s 18:45\u00a0\u00a0<\/span><\/p>\n<p style=\"text-align: left\"><span style=\"color: #0b38a9\"><strong><img loading=\"lazy\" decoding=\"async\" class=\"\" src=\"https:\/\/agrarias.ufpr.br\/zootecnia\/wp-content\/uploads\/sites\/13\/2018\/07\/256x256bb.png\" width=\"21\" height=\"21\" \/>Endere\u00e7o :<\/strong><\/span><\/p>\n<p><span style=\"color: #0b38a9\">Rua dos Funcion\u00e1rios, 1540 &#8211; Cabral, Curitiba &#8211; PR, 80035-060<\/span><\/p>\n<p>[su_gmap width=&#8221;400&#8243; address=&#8221;rua dos funcionarios 1540&#8243;]<\/p>\n<p><span style=\"color: #0b38a9\"><em><strong><img loading=\"lazy\" decoding=\"async\" class=\"\" src=\"https:\/\/agrarias.ufpr.br\/zootecnia\/wp-content\/uploads\/sites\/13\/2018\/07\/256x256bb.png\" width=\"21\" height=\"21\" \/><\/strong><\/em><strong>Coordena\u00e7\u00e3o do Curso de Zootecnia ( Secretaria )\u00a0<\/strong><\/span><\/p>\n<p>Giuliano Henrique de Marchi<\/p>\n<p>cursozootecnia@ufpr.br<\/p>\n<p>matzoot@gmail.com<\/p>\n<p><img loading=\"lazy\" decoding=\"async\" class=\"\" src=\"https:\/\/static.vecteezy.com\/system\/resources\/previews\/016\/716\/447\/original\/facebook-icon-free-png.png\" alt=\"\u00edcone do facebook png 16716447 PNG\" width=\"48\" height=\"48\" \/>https:\/\/www.facebook.com\/giuliano.marchi.96<\/p>\n<p><img loading=\"lazy\" decoding=\"async\" class=\"\" src=\"https:\/\/img.freepik.com\/vetores-premium\/icone-do-instagram-de-logotipo-de-distintivo-moderno_578229-124.jpg?size=626&amp;ext=jpg\" alt=\"Instagram \u00edcone novo | Vetor Gr\u00e1tis\" width=\"53\" height=\"53\" \/>https:\/\/www.instagram.com\/zootecniaufpr\/<\/p>\n<p><img loading=\"lazy\" decoding=\"async\" class=\"\" src=\"https:\/\/cdn-icons-png.flaticon.com\/256\/174\/174879.png\" alt=\"Whatsapp - \u00edcones de social gr\u00e1tis\" width=\"51\" height=\"51\" \/> Telefone e WhatsApp : (041) 3350-5769<\/p>\n<p><span style=\"color: #0b38a9\"><em><strong><img loading=\"lazy\" decoding=\"async\" class=\"\" src=\"https:\/\/agrarias.ufpr.br\/zootecnia\/wp-content\/uploads\/sites\/13\/2018\/07\/256x256bb.png\" width=\"21\" height=\"21\" \/> <\/strong><\/em><strong>Coordenador do Curso\u00a0<\/strong><\/span><\/p>\n<p>Rafael Henrique Prado Silva<\/p>\n<p>rafaelprado@ufpr.br<\/p>\n<p>(041) 3350-5825<\/p>\n<p><span style=\"color: #0b38a9\"><em><strong><img loading=\"lazy\" decoding=\"async\" class=\"\" src=\"https:\/\/agrarias.ufpr.br\/zootecnia\/wp-content\/uploads\/sites\/13\/2018\/07\/256x256bb.png\" width=\"21\" height=\"21\" \/><\/strong><\/em><strong>Vice-Coordenadora do Curso<\/strong><\/span><\/p>\n<p>V\u00e2nia Pais Cabral Castelo Campos<\/p>\n<p>vaniacabral@ufpr.br<\/p>\n<p>(041)3361-1780<\/p>\n<p style=\"text-align: center\"><span style=\"color: #0b38a9\">_________________________________________________________________________________________________<\/span><\/p>\n","protected":false},"excerpt":{"rendered":"<p>Hor\u00e1rio de Atendimento\u00a0 Per\u00edodo Matutino : 09:45 \u00e0s 13:30 Per\u00edodo Vespertino : 14:30 \u00e0s 18:45\u00a0\u00a0 Endere\u00e7o : Rua dos Funcion\u00e1rios, 1540 &#8211; Cabral, Curitiba &#8211; PR, 80035-060 [su_gmap width=&#8221;400&#8243; address=&#8221;rua dos funcionarios 1540&#8243;] Coordena\u00e7\u00e3o do Curso de Zootecnia ( Secretaria )\u00a0 Giuliano Henrique de Marchi cursozootecnia@ufpr.br matzoot@gmail.com https:\/\/www.facebook.com\/giuliano.marchi.96 https:\/\/www.instagram.com\/zootecniaufpr\/ Telefone e WhatsApp : (041) 3350-5769 [&hellip;]<\/p>\n","protected":false},"author":1837,"featured_media":0,"parent":0,"menu_order":0,"comment_status":"open","ping_status":"open","template":"","meta":{"footnotes":""},"class_list":["post-13","page","type-page","status-publish","hentry"],"_links":{"self":[{"href":"https:\/\/agrarias.ufpr.br\/zootecnia\/wp-json\/wp\/v2\/pages\/13","targetHints":{"allow":["GET"]}}],"collection":[{"href":"https:\/\/agrarias.ufpr.br\/zootecnia\/wp-json\/wp\/v2\/pages"}],"about":[{"href":"https:\/\/agrarias.ufpr.br\/zootecnia\/wp-json\/wp\/v2\/types\/page"}],"author":[{"embeddable":true,"href":"https:\/\/agrarias.ufpr.br\/zootecnia\/wp-json\/wp\/v2\/users\/1837"}],"replies":[{"embeddable":true,"href":"https:\/\/agrarias.ufpr.br\/zootecnia\/wp-json\/wp\/v2\/comments?post=13"}],"version-history":[{"count":44,"href":"https:\/\/agrarias.ufpr.br\/zootecnia\/wp-json\/wp\/v2\/pages\/13\/revisions"}],"predecessor-version":[{"id":1936,"href":"https:\/\/agrarias.ufpr.br\/zootecnia\/wp-json\/wp\/v2\/pages\/13\/revisions\/1936"}],"wp:attachment":[{"href":"https:\/\/agrarias.ufpr.br\/zootecnia\/wp-json\/wp\/v2\/media?parent=13"}],"curies":[{"name":"wp","href":"https:\/\/api.w.org\/{rel}","templated":true}]}}