{"id":65,"date":"2023-10-05T10:26:33","date_gmt":"2023-10-05T13:26:33","guid":{"rendered":"https:\/\/agrarias.ufpr.br\/solonaescola\/?page_id=65"},"modified":"2023-10-05T10:46:23","modified_gmt":"2023-10-05T13:46:23","slug":"inicio","status":"publish","type":"page","link":"https:\/\/agrarias.ufpr.br\/solonaescola\/inicio\/","title":{"rendered":"Inicio"},"content":{"rendered":"\n<p>Esta \u00e9 a p\u00e1gina do Programa de Extens\u00e3o Universit\u00e1ria Solo na Escola\/UFPR, do Departamento de Solos e Engenharia Agr\u00edcola da Universidade Federal do Paran\u00e1. Neste site voc\u00ea vai encontrar&nbsp;<a href=\"publicacoes.html\">publica\u00e7\u00f5es<\/a>,&nbsp;<a href=\"experimentoteca.html\">experi\u00eancias<\/a>,&nbsp;<a href=\"banners.html\">banners<\/a>,&nbsp;<a href=\" https:\/\/vimeo.com\/user8999548\/videos\/sort:plays\/format:detail\">videoteca<\/a>,&nbsp;<a href=\"exposicoes.html\">exposi\u00e7\u00f5es<\/a>&nbsp;sobre solos, e outras informa\u00e7\u00f5es \u00fateis para professores e estudantes do ensino fundamental e m\u00e9dio interessados no estudo do solo.<\/p>\n\n\n\n<p><strong>AGENDAMENTO DE VISITAS NA EXPOSI\u00c7\u00c3O DID\u00c1TICA DE SOLOS EM CURITIBA (2020):\u00a0<\/strong><a href=\"http:\/\/www.escola.agrarias.ufpr.br\/arquivospdf\/agendamento.pdf\">clique aqui<\/a>\u00a0para instru\u00e7\u00f5es. Link para agendamento de visitas:\u00a0<a href=\"https:\/\/docs.google.com\/forms\/d\/e\/1FAIpQLSd4N8kdQ_beoyQMcP_ECEsePjIpR58y1wMfsHTa2slvOhAySA\/viewform\">clique aqui<\/a>.<\/p>\n\n\n\n<figure class=\"wp-block-embed aligncenter is-type-video is-provider-vimeo wp-block-embed-vimeo\"><div class=\"wp-block-embed__wrapper\">\n<iframe loading=\"lazy\" title=\"Exposi\u00e7\u00e3o Did\u00e1tica de Solos - reportagem e-Paran\u00e1 TV Educativa\" src=\"https:\/\/player.vimeo.com\/video\/107950577?dnt=1&amp;app_id=122963\" width=\"500\" height=\"333\" frameborder=\"0\" allow=\"autoplay; fullscreen; picture-in-picture; clipboard-write; encrypted-media; web-share\" referrerpolicy=\"strict-origin-when-cross-origin\"><\/iframe>\n<\/div><\/figure>\n\n\n\n<p><strong>CURSO PARA PROFESSORES (2020):&nbsp;<\/strong>Para mais informa\u00e7\u00f5es sobre os cursos&nbsp;<a href=\"cursoprofessores.html\">clique aqui<\/a><\/p>\n\n\n\n<figure class=\"wp-block-table aligncenter\"><table><tbody><tr><td><img loading=\"lazy\" decoding=\"async\" width=\"117\" height=\"117\" class=\"wp-image-68\" style=\"width: 117px;\" src=\"https:\/\/agrarias.ufpr.br\/solonaescola\/wp-content\/uploads\/sites\/52\/2023\/10\/instagram-logo.png\" alt=\"\" srcset=\"https:\/\/agrarias.ufpr.br\/solonaescola\/wp-content\/uploads\/sites\/52\/2023\/10\/instagram-logo.png 3500w, https:\/\/agrarias.ufpr.br\/solonaescola\/wp-content\/uploads\/sites\/52\/2023\/10\/instagram-logo-300x300.png 300w, https:\/\/agrarias.ufpr.br\/solonaescola\/wp-content\/uploads\/sites\/52\/2023\/10\/instagram-logo-1024x1024.png 1024w, https:\/\/agrarias.ufpr.br\/solonaescola\/wp-content\/uploads\/sites\/52\/2023\/10\/instagram-logo-150x150.png 150w, https:\/\/agrarias.ufpr.br\/solonaescola\/wp-content\/uploads\/sites\/52\/2023\/10\/instagram-logo-768x768.png 768w, https:\/\/agrarias.ufpr.br\/solonaescola\/wp-content\/uploads\/sites\/52\/2023\/10\/instagram-logo-1536x1536.png 1536w, https:\/\/agrarias.ufpr.br\/solonaescola\/wp-content\/uploads\/sites\/52\/2023\/10\/instagram-logo-2048x2048.png 2048w, https:\/\/agrarias.ufpr.br\/solonaescola\/wp-content\/uploads\/sites\/52\/2023\/10\/instagram-logo-250x250.png 250w, https:\/\/agrarias.ufpr.br\/solonaescola\/wp-content\/uploads\/sites\/52\/2023\/10\/instagram-logo-98x98.png 98w, https:\/\/agrarias.ufpr.br\/solonaescola\/wp-content\/uploads\/sites\/52\/2023\/10\/instagram-logo-57x57.png 57w\" sizes=\"auto, (max-width: 117px) 100vw, 117px\" \/><\/td><td class=\"has-text-align-center\" data-align=\"center\"><img loading=\"lazy\" decoding=\"async\" width=\"117\" height=\"117\" class=\"wp-image-71\" style=\"width: 117px;\" src=\"https:\/\/agrarias.ufpr.br\/solonaescola\/wp-content\/uploads\/sites\/52\/2023\/10\/facebook-logo.png\" alt=\"\" srcset=\"https:\/\/agrarias.ufpr.br\/solonaescola\/wp-content\/uploads\/sites\/52\/2023\/10\/facebook-logo.png 3500w, https:\/\/agrarias.ufpr.br\/solonaescola\/wp-content\/uploads\/sites\/52\/2023\/10\/facebook-logo-300x300.png 300w, https:\/\/agrarias.ufpr.br\/solonaescola\/wp-content\/uploads\/sites\/52\/2023\/10\/facebook-logo-1024x1024.png 1024w, https:\/\/agrarias.ufpr.br\/solonaescola\/wp-content\/uploads\/sites\/52\/2023\/10\/facebook-logo-150x150.png 150w, https:\/\/agrarias.ufpr.br\/solonaescola\/wp-content\/uploads\/sites\/52\/2023\/10\/facebook-logo-768x768.png 768w, https:\/\/agrarias.ufpr.br\/solonaescola\/wp-content\/uploads\/sites\/52\/2023\/10\/facebook-logo-1536x1536.png 1536w, https:\/\/agrarias.ufpr.br\/solonaescola\/wp-content\/uploads\/sites\/52\/2023\/10\/facebook-logo-2048x2048.png 2048w, https:\/\/agrarias.ufpr.br\/solonaescola\/wp-content\/uploads\/sites\/52\/2023\/10\/facebook-logo-250x250.png 250w, https:\/\/agrarias.ufpr.br\/solonaescola\/wp-content\/uploads\/sites\/52\/2023\/10\/facebook-logo-98x98.png 98w, https:\/\/agrarias.ufpr.br\/solonaescola\/wp-content\/uploads\/sites\/52\/2023\/10\/facebook-logo-57x57.png 57w\" sizes=\"auto, (max-width: 117px) 100vw, 117px\" \/><\/td><td><img loading=\"lazy\" decoding=\"async\" width=\"117\" height=\"117\" class=\"wp-image-72\" style=\"width: 117px;\" src=\"https:\/\/agrarias.ufpr.br\/solonaescola\/wp-content\/uploads\/sites\/52\/2023\/10\/logo-issuu-1.png\" alt=\"\" srcset=\"https:\/\/agrarias.ufpr.br\/solonaescola\/wp-content\/uploads\/sites\/52\/2023\/10\/logo-issuu-1.png 920w, https:\/\/agrarias.ufpr.br\/solonaescola\/wp-content\/uploads\/sites\/52\/2023\/10\/logo-issuu-1-300x300.png 300w, https:\/\/agrarias.ufpr.br\/solonaescola\/wp-content\/uploads\/sites\/52\/2023\/10\/logo-issuu-1-150x150.png 150w, https:\/\/agrarias.ufpr.br\/solonaescola\/wp-content\/uploads\/sites\/52\/2023\/10\/logo-issuu-1-768x768.png 768w, https:\/\/agrarias.ufpr.br\/solonaescola\/wp-content\/uploads\/sites\/52\/2023\/10\/logo-issuu-1-250x250.png 250w, https:\/\/agrarias.ufpr.br\/solonaescola\/wp-content\/uploads\/sites\/52\/2023\/10\/logo-issuu-1-98x98.png 98w, https:\/\/agrarias.ufpr.br\/solonaescola\/wp-content\/uploads\/sites\/52\/2023\/10\/logo-issuu-1-57x57.png 57w\" sizes=\"auto, (max-width: 117px) 100vw, 117px\" \/><\/td><\/tr><\/tbody><\/table><\/figure>\n","protected":false},"excerpt":{"rendered":"<p>Esta \u00e9 a p\u00e1gina do Programa de Extens\u00e3o Universit\u00e1ria Solo na Escola\/UFPR, do Departamento de Solos e Engenharia Agr\u00edcola da Universidade Federal do Paran\u00e1. Neste site voc\u00ea vai encontrar&nbsp;publica\u00e7\u00f5es,&nbsp;experi\u00eancias,&nbsp;banners,&nbsp;videoteca,&nbsp;exposi\u00e7\u00f5es&nbsp;sobre solos, e outras informa\u00e7\u00f5es \u00fateis para professores e estudantes do ensino fundamental e m\u00e9dio interessados no estudo do solo. AGENDAMENTO DE VISITAS NA EXPOSI\u00c7\u00c3O DID\u00c1TICA DE [&hellip;]<\/p>\n","protected":false},"author":3,"featured_media":0,"parent":0,"menu_order":0,"comment_status":"closed","ping_status":"closed","template":"","meta":{"footnotes":""},"class_list":["post-65","page","type-page","status-publish","hentry"],"_links":{"self":[{"href":"https:\/\/agrarias.ufpr.br\/solonaescola\/wp-json\/wp\/v2\/pages\/65","targetHints":{"allow":["GET"]}}],"collection":[{"href":"https:\/\/agrarias.ufpr.br\/solonaescola\/wp-json\/wp\/v2\/pages"}],"about":[{"href":"https:\/\/agrarias.ufpr.br\/solonaescola\/wp-json\/wp\/v2\/types\/page"}],"author":[{"embeddable":true,"href":"https:\/\/agrarias.ufpr.br\/solonaescola\/wp-json\/wp\/v2\/users\/3"}],"replies":[{"embeddable":true,"href":"https:\/\/agrarias.ufpr.br\/solonaescola\/wp-json\/wp\/v2\/comments?post=65"}],"version-history":[{"count":6,"href":"https:\/\/agrarias.ufpr.br\/solonaescola\/wp-json\/wp\/v2\/pages\/65\/revisions"}],"predecessor-version":[{"id":79,"href":"https:\/\/agrarias.ufpr.br\/solonaescola\/wp-json\/wp\/v2\/pages\/65\/revisions\/79"}],"wp:attachment":[{"href":"https:\/\/agrarias.ufpr.br\/solonaescola\/wp-json\/wp\/v2\/media?parent=65"}],"curies":[{"name":"wp","href":"https:\/\/api.w.org\/{rel}","templated":true}]}}