{"id":245,"date":"2023-11-17T15:38:10","date_gmt":"2023-11-17T18:38:10","guid":{"rendered":"https:\/\/agrarias.ufpr.br\/solonaescola\/?page_id=245"},"modified":"2023-11-17T15:44:31","modified_gmt":"2023-11-17T18:44:31","slug":"cursos-solo-na-escola-ufpr","status":"publish","type":"page","link":"https:\/\/agrarias.ufpr.br\/solonaescola\/cursos-solo-na-escola-ufpr\/","title":{"rendered":"Cursos Solo na Escola\/UFPR"},"content":{"rendered":"\n<p>At\u00e9 o momento o projeto j\u00e1 realizou mais de 45&nbsp;<a href=\"http:\/\/www.escola.agrarias.ufpr.br\/cursoprofessores.html\">cursos de extens\u00e3o universit\u00e1ria<\/a>&nbsp;, al\u00e9m de v\u00e1rios eventos de extens\u00e3o universit\u00e1ria, visando compartilhar conhecimentos e habilidades a professores do ensino fundamental e m\u00e9dio, especialmente das \u00e1reas de ci\u00eancias, biologia e geografia.<\/p>\n\n\n\n<p>A ideia dos cursos e eventos \u00e9 discutir com estes docentes que o solo n\u00e3o \u00e9 uma entidade isolada, mas um integrante do ambiente natural, importante tanto no meio rural como urbano. O curso se desenvolve de forma din\u00e2mica, procurando aproveitar as experi\u00eancias dos participantes, levando novos conhecimentos, e exercitando a\u00e7\u00f5es em campo (onde efetivamente est\u00e1 o solo).<\/p>\n\n\n\n<p>O programa realiza cursos gratuitos, nas modalidades presencial, h\u00edbrido, educa\u00e7\u00e3o \u00e0 dist\u00e2ncia (EaD) e massive open online courses (MOOC).<\/p>\n\n\n\n<p>No momento est\u00e1 aberto o curso &#8220;<a class=\"\" href=\"https:\/\/ufpraberta.ufpr.br\/course\/view.php?id=825\">Curso b\u00e1sico de solos para professores do Ensino Fundamental e M\u00e9dio<\/a>&#8220;. Este curso \u00e9 gratuito, com carga hor\u00e1ria de 30 horas, e pode ser feito na modalidade <em>massive open online course<\/em> (MOOC) \u00e0 dist\u00e2ncia.<\/p>\n\n\n\n<p>Em 2024 ser\u00e3o abertos novos cursos nas modalidades educa\u00e7\u00e3o \u00e0 dist\u00e2ncia (EaD) e presenciais.<\/p>\n\n\n\n<p>Secretarias Municipais de Educa\u00e7\u00e3o, de munic\u00edpios da Regi\u00e3o Metropolitana de Curitiba, podem entrar em contato (projetosolonaescola@gmail.com) para conversar sobre a possibilidade de realizar cursos para os professores da rede municipal de ensino. Os cursos s\u00e3o gratuitos, mas a Prefeitura deve se responsabilizar por custos de deslocamento e alimenta\u00e7\u00e3o dos ministrantes.<\/p>\n","protected":false},"excerpt":{"rendered":"<p>At\u00e9 o momento o projeto j\u00e1 realizou mais de 45&nbsp;cursos de extens\u00e3o universit\u00e1ria&nbsp;, al\u00e9m de v\u00e1rios eventos de extens\u00e3o universit\u00e1ria, visando compartilhar conhecimentos e habilidades a professores do ensino fundamental e m\u00e9dio, especialmente das \u00e1reas de ci\u00eancias, biologia e geografia. A ideia dos cursos e eventos \u00e9 discutir com estes docentes que o solo n\u00e3o [&hellip;]<\/p>\n","protected":false},"author":3,"featured_media":0,"parent":0,"menu_order":0,"comment_status":"closed","ping_status":"closed","template":"","meta":{"footnotes":""},"class_list":["post-245","page","type-page","status-publish","hentry"],"_links":{"self":[{"href":"https:\/\/agrarias.ufpr.br\/solonaescola\/wp-json\/wp\/v2\/pages\/245","targetHints":{"allow":["GET"]}}],"collection":[{"href":"https:\/\/agrarias.ufpr.br\/solonaescola\/wp-json\/wp\/v2\/pages"}],"about":[{"href":"https:\/\/agrarias.ufpr.br\/solonaescola\/wp-json\/wp\/v2\/types\/page"}],"author":[{"embeddable":true,"href":"https:\/\/agrarias.ufpr.br\/solonaescola\/wp-json\/wp\/v2\/users\/3"}],"replies":[{"embeddable":true,"href":"https:\/\/agrarias.ufpr.br\/solonaescola\/wp-json\/wp\/v2\/comments?post=245"}],"version-history":[{"count":2,"href":"https:\/\/agrarias.ufpr.br\/solonaescola\/wp-json\/wp\/v2\/pages\/245\/revisions"}],"predecessor-version":[{"id":250,"href":"https:\/\/agrarias.ufpr.br\/solonaescola\/wp-json\/wp\/v2\/pages\/245\/revisions\/250"}],"wp:attachment":[{"href":"https:\/\/agrarias.ufpr.br\/solonaescola\/wp-json\/wp\/v2\/media?parent=245"}],"curies":[{"name":"wp","href":"https:\/\/api.w.org\/{rel}","templated":true}]}}