{"id":85,"date":"2018-11-28T14:30:16","date_gmt":"2018-11-28T14:30:16","guid":{"rendered":"https:\/\/agrarias.ufpr.br\/sacas\/?page_id=85"},"modified":"2019-01-16T18:07:43","modified_gmt":"2019-01-16T18:07:43","slug":"celulas-sanguineas","status":"publish","type":"page","link":"https:\/\/agrarias.ufpr.br\/sacas\/celulas-sanguineas\/","title":{"rendered":"C\u00e9lulas sangu\u00edneas"},"content":{"rendered":"<p><a href=\"https:\/\/agrarias.ufpr.br\/sacas\/eritrocitos\/\"><strong>ERITR\u00d3CITOS<\/strong><\/a><\/p>\n<p><a href=\"https:\/\/agrarias.ufpr.br\/sacas\/heterofilos\/\"><strong>HETER\u00d3FILOS<\/strong><\/a><\/p>\n<p><a href=\"https:\/\/agrarias.ufpr.br\/sacas\/basofilos-e-eosinofilos\/\"><strong>BAS\u00d3FILOS e EOSIN\u00d3FILOS<\/strong><\/a><\/p>\n<p><a href=\"https:\/\/agrarias.ufpr.br\/sacas\/linfocitos-e-monocitos-2\/\"><strong>LINF\u00d3CITOS E MON\u00d3CITOS<\/strong><\/a><\/p>\n<p><a href=\"https:\/\/agrarias.ufpr.br\/sacas\/trombocitos-hemoparasitas\/\"><strong>TROMB\u00d3CITOS\/HEMOPARASITAS&nbsp;<\/strong><\/a><\/p>\n<p>&nbsp;<\/p>\n","protected":false},"excerpt":{"rendered":"<p>ERITR\u00d3CITOS HETER\u00d3FILOS BAS\u00d3FILOS e EOSIN\u00d3FILOS LINF\u00d3CITOS E MON\u00d3CITOS TROMB\u00d3CITOS\/HEMOPARASITAS&nbsp; &nbsp;<\/p>\n","protected":false},"author":3,"featured_media":0,"parent":0,"menu_order":0,"comment_status":"closed","ping_status":"closed","template":"","meta":{"footnotes":""},"class_list":["post-85","page","type-page","status-publish","hentry"],"_links":{"self":[{"href":"https:\/\/agrarias.ufpr.br\/sacas\/wp-json\/wp\/v2\/pages\/85","targetHints":{"allow":["GET"]}}],"collection":[{"href":"https:\/\/agrarias.ufpr.br\/sacas\/wp-json\/wp\/v2\/pages"}],"about":[{"href":"https:\/\/agrarias.ufpr.br\/sacas\/wp-json\/wp\/v2\/types\/page"}],"author":[{"embeddable":true,"href":"https:\/\/agrarias.ufpr.br\/sacas\/wp-json\/wp\/v2\/users\/3"}],"replies":[{"embeddable":true,"href":"https:\/\/agrarias.ufpr.br\/sacas\/wp-json\/wp\/v2\/comments?post=85"}],"version-history":[{"count":25,"href":"https:\/\/agrarias.ufpr.br\/sacas\/wp-json\/wp\/v2\/pages\/85\/revisions"}],"predecessor-version":[{"id":257,"href":"https:\/\/agrarias.ufpr.br\/sacas\/wp-json\/wp\/v2\/pages\/85\/revisions\/257"}],"wp:attachment":[{"href":"https:\/\/agrarias.ufpr.br\/sacas\/wp-json\/wp\/v2\/media?parent=85"}],"curies":[{"name":"wp","href":"https:\/\/api.w.org\/{rel}","templated":true}]}}