{"id":83,"date":"2018-11-28T14:30:07","date_gmt":"2018-11-28T14:30:07","guid":{"rendered":"https:\/\/agrarias.ufpr.br\/sacas\/?page_id=83"},"modified":"2020-09-03T23:28:21","modified_gmt":"2020-09-03T23:28:21","slug":"interpretacao-de-exames","status":"publish","type":"page","link":"https:\/\/agrarias.ufpr.br\/sacas\/interpretacao-de-exames\/","title":{"rendered":"Interpreta\u00e7\u00e3o"},"content":{"rendered":"<p><a href=\"https:\/\/agrarias.ufpr.br\/sacas\/wp-content\/uploads\/sites\/42\/2020\/09\/Interpretacao-Hemograma-ERITROGRAMA-anemia-policitemia.pdf\">Interpreta\u00e7\u00e3o do HEMOGRAMA DE AVES&nbsp;&#8211;&nbsp; Eritrograma, Anemia,&nbsp; Policitemia<\/a><\/p>\n<p><a href=\"https:\/\/agrarias.ufpr.br\/sacas\/wp-content\/uploads\/sites\/42\/2020\/09\/Interpretacao-LEUCOGRAMA-TROMBOCITOS.pdf\">Interpreta\u00e7\u00e3o do HEMOGRAMA DE AVES &#8211;&nbsp; Leucograma,&nbsp; Tromb\u00f3citos&nbsp;<\/a><\/p>\n","protected":false},"excerpt":{"rendered":"<p>Interpreta\u00e7\u00e3o do HEMOGRAMA DE AVES&nbsp;&#8211;&nbsp; Eritrograma, Anemia,&nbsp; Policitemia Interpreta\u00e7\u00e3o do HEMOGRAMA DE AVES &#8211;&nbsp; Leucograma,&nbsp; Tromb\u00f3citos&nbsp;<\/p>\n","protected":false},"author":3,"featured_media":0,"parent":0,"menu_order":0,"comment_status":"closed","ping_status":"closed","template":"","meta":{"footnotes":""},"class_list":["post-83","page","type-page","status-publish","hentry"],"_links":{"self":[{"href":"https:\/\/agrarias.ufpr.br\/sacas\/wp-json\/wp\/v2\/pages\/83","targetHints":{"allow":["GET"]}}],"collection":[{"href":"https:\/\/agrarias.ufpr.br\/sacas\/wp-json\/wp\/v2\/pages"}],"about":[{"href":"https:\/\/agrarias.ufpr.br\/sacas\/wp-json\/wp\/v2\/types\/page"}],"author":[{"embeddable":true,"href":"https:\/\/agrarias.ufpr.br\/sacas\/wp-json\/wp\/v2\/users\/3"}],"replies":[{"embeddable":true,"href":"https:\/\/agrarias.ufpr.br\/sacas\/wp-json\/wp\/v2\/comments?post=83"}],"version-history":[{"count":5,"href":"https:\/\/agrarias.ufpr.br\/sacas\/wp-json\/wp\/v2\/pages\/83\/revisions"}],"predecessor-version":[{"id":416,"href":"https:\/\/agrarias.ufpr.br\/sacas\/wp-json\/wp\/v2\/pages\/83\/revisions\/416"}],"wp:attachment":[{"href":"https:\/\/agrarias.ufpr.br\/sacas\/wp-json\/wp\/v2\/media?parent=83"}],"curies":[{"name":"wp","href":"https:\/\/api.w.org\/{rel}","templated":true}]}}