{"id":77,"date":"2018-11-28T14:29:30","date_gmt":"2018-11-28T14:29:30","guid":{"rendered":"https:\/\/agrarias.ufpr.br\/sacas\/?page_id=77"},"modified":"2020-09-03T23:29:06","modified_gmt":"2020-09-03T23:29:06","slug":"hematologia-hemograma","status":"publish","type":"page","link":"https:\/\/agrarias.ufpr.br\/sacas\/hematologia-hemograma\/","title":{"rendered":"Hematologia"},"content":{"rendered":"<p><a href=\"https:\/\/agrarias.ufpr.br\/sacas\/morfologia-das-celulas-sanguineas-de-aves\/\"><strong>Morfologia das c\u00e9lulas sangu\u00edneas de aves<\/strong><\/a><br \/>\n<a href=\"https:\/\/agrarias.ufpr.br\/sacas\/processamento-da-amostra-de-sangue-para-hemograma-tecnica\/\"><strong>Processamento da amostra de sangue para hemograma: t\u00e9cnica<\/strong><\/a><br \/>\n<strong>Interpreta\u00e7\u00e3o do hemograma: interpreta\u00e7\u00e3o da anemia, inflama\u00e7\u00e3o e estresse&nbsp;<\/strong><br \/>\n<strong><a href=\"https:\/\/agrarias.ufpr.br\/sacas\/wp-content\/uploads\/sites\/42\/2020\/09\/Interpretacao-Hemograma-ERITROGRAMA-anemia-policitemia.pdf\">Interpreta\u00e7\u00e3o do hemograma &#8211;&nbsp; Eritrograma, Anemia,&nbsp; Policitemia<\/a><\/strong><br \/>\n<strong><a href=\"https:\/\/agrarias.ufpr.br\/sacas\/wp-content\/uploads\/sites\/42\/2020\/09\/Interpretacao-LEUCOGRAMA-TROMBOCITOS.pdf\">Interpreta\u00e7\u00e3o do hemograma &#8211;&nbsp; Leucograma,&nbsp; Tromb\u00f3citos&nbsp;<\/a><\/strong><\/p>\n","protected":false},"excerpt":{"rendered":"<p>Morfologia das c\u00e9lulas sangu\u00edneas de aves Processamento da amostra de sangue para hemograma: t\u00e9cnica Interpreta\u00e7\u00e3o do hemograma: interpreta\u00e7\u00e3o da anemia, inflama\u00e7\u00e3o e estresse&nbsp; Interpreta\u00e7\u00e3o do hemograma &#8211;&nbsp; Eritrograma, Anemia,&nbsp; Policitemia Interpreta\u00e7\u00e3o do hemograma &#8211;&nbsp; Leucograma,&nbsp; Tromb\u00f3citos&nbsp;<\/p>\n","protected":false},"author":3,"featured_media":0,"parent":0,"menu_order":0,"comment_status":"closed","ping_status":"closed","template":"","meta":{"footnotes":""},"class_list":["post-77","page","type-page","status-publish","hentry"],"_links":{"self":[{"href":"https:\/\/agrarias.ufpr.br\/sacas\/wp-json\/wp\/v2\/pages\/77","targetHints":{"allow":["GET"]}}],"collection":[{"href":"https:\/\/agrarias.ufpr.br\/sacas\/wp-json\/wp\/v2\/pages"}],"about":[{"href":"https:\/\/agrarias.ufpr.br\/sacas\/wp-json\/wp\/v2\/types\/page"}],"author":[{"embeddable":true,"href":"https:\/\/agrarias.ufpr.br\/sacas\/wp-json\/wp\/v2\/users\/3"}],"replies":[{"embeddable":true,"href":"https:\/\/agrarias.ufpr.br\/sacas\/wp-json\/wp\/v2\/comments?post=77"}],"version-history":[{"count":8,"href":"https:\/\/agrarias.ufpr.br\/sacas\/wp-json\/wp\/v2\/pages\/77\/revisions"}],"predecessor-version":[{"id":417,"href":"https:\/\/agrarias.ufpr.br\/sacas\/wp-json\/wp\/v2\/pages\/77\/revisions\/417"}],"wp:attachment":[{"href":"https:\/\/agrarias.ufpr.br\/sacas\/wp-json\/wp\/v2\/media?parent=77"}],"curies":[{"name":"wp","href":"https:\/\/api.w.org\/{rel}","templated":true}]}}