{"id":384,"date":"2019-04-09T13:40:17","date_gmt":"2019-04-09T13:40:17","guid":{"rendered":"https:\/\/agrarias.ufpr.br\/sacas\/?page_id=384"},"modified":"2019-04-09T19:30:05","modified_gmt":"2019-04-09T19:30:05","slug":"384-2","status":"publish","type":"page","link":"https:\/\/agrarias.ufpr.br\/sacas\/384-2\/","title":{"rendered":"Quem Somos"},"content":{"rendered":"<p style=\"text-align: center;\"><strong>Quem somos<\/strong><\/p>\n<p>A equipe que organiza e escreve o conte\u00fado do site <a href=\"https:\/\/agrarias.ufpr.br\/sacas\">agrarias.ufpr.br\/sacas<\/a> \u00e9 formada por professores, m\u00e9dicos veterin\u00e1rios, servidores t\u00e9cnicos, bioqu\u00edmicos, bi\u00f3logos, t\u00e9cnicos de inform\u00e1tica, alunos de gradua\u00e7\u00e3o, de especializa\u00e7\u00e3o e de p\u00f3s-gradua\u00e7\u00e3o do Laborat\u00f3rio de Patologia Cl\u00ednica Veterin\u00e1ria, que \u00e9 vinculado ao Departamento de Medicina Veterin\u00e1ria, e est\u00e1 localizado dentro do Setor de Ci\u00eancias Agr\u00e1rias, da Universidade Federal do Paran\u00e1 \u2013 UFPR, Campus Curitiba, Paran\u00e1.<\/p>\n<p><strong>Equipe do Laborat\u00f3rio de Patologia Cl\u00ednica Veterin\u00e1ria da UFPR em 2019: <\/strong>Professora Rosangela Locatelli Dittrich; Servidores Olair Carlos Beltrame e Louise Cristine C\u00e2ndido da Silva; M\u00e9dicos Veterin\u00e1rios Residentes Gabriela Oliveira da Paz Augusto Pinto, Giovana Scuissiatto de Souza e Wesley J\u00fanior de Oliveira.<\/p>\n<p>O conte\u00fado desse site \u00e9 fruto do trabalho de mais de 20 anos no Laborat\u00f3rio de Patologia Cl\u00ednica Veterin\u00e1ria da UFPR, onde s\u00e3o realizados diariamente exames em v\u00e1rias esp\u00e9cies de mam\u00edferos, aves e r\u00e9pteis. Os exames s\u00e3o hemograma; perfil bioqu\u00edmico; urin\u00e1lise; an\u00e1lises de efus\u00e3o, l\u00edquor e l\u00edquido sinovial; exames de medula \u00f3ssea (mielograma); pesquisa de anticorpos para <em>Neospora caninum<\/em>, <em>Toxoplasma gondii <\/em>e <em>Sarcocystis <\/em>spp. &nbsp;<\/p>\n<p>Durante esses anos, vimos a necessidade de divulgar o conhecimento sobre o processamento de amostras de sangue de aves, as indica\u00e7\u00f5es dos exames, interpreta\u00e7\u00e3o dos resultados e identifica\u00e7\u00e3o das c\u00e9lulas sangu\u00edneas. O n\u00famero de exames solicitados pelos profissionais cresce anualmente, devido ao maior n\u00famero de casos como acidentes, traumas e doen\u00e7as nas aves silvestres.<\/p>\n<p>O Brasil est\u00e1 entre os tr\u00eas pa\u00edses do mundo com a maior riqueza de avifauna, com 1.834 esp\u00e9cies de aves. Destas esp\u00e9cies, 234 ocorrem exclusivamente no pa\u00eds e 160 est\u00e3o na Lista Oficial da Fauna Brasileira Amea\u00e7ada de Extin\u00e7\u00e3o. As interven\u00e7\u00f5es humanas afetaram, significativamente, as esp\u00e9cies de aves que habitam os ecossistemas naturais brasileiros e, infelizmente, muitas esp\u00e9cies est\u00e3o amea\u00e7adas. As principais amea\u00e7as s\u00e3o a perda e degrada\u00e7\u00e3o de habitats, captura para o com\u00e9rcio ilegal, polui\u00e7\u00e3o, morte acidental e altera\u00e7\u00f5es na din\u00e2mica das esp\u00e9cies nativas.<\/p>\n<p>As t\u00e9cnicas de processamento do sangue para hemograma e as c\u00e9lulas sangu\u00edneas de aves s\u00e3o diferentes de mam\u00edferos. No laborat\u00f3rio s\u00e3o realizados hemogramas e bioqu\u00edmicos de aves doentes e pesquisas com as diferentes esp\u00e9cies de aves silvestres, de vida livre e de cativeiro, e dom\u00e9sticas. Durante os anos, os monitores das disciplinas de Patologia Cl\u00ednica Veterin\u00e1ria e de An\u00e1lises Cl\u00ednicas e Toxicol\u00f3gicas em Medicina Veterin\u00e1ria organizaram um banco de dados de hematologia de aves. Os casos cl\u00ednicos e as l\u00e2minas foram guardadas e cadastradas. Atualmente temos o lamin\u00e1rio did\u00e1tico de c\u00e9lulas sangu\u00edneas de aves silvestres e dom\u00e9sticas.<\/p>\n<p>\u00c9 importante ressaltar o trabalho e os estudos dos alunos de gradua\u00e7\u00e3o, inicia\u00e7\u00e3o cient\u00edfica, monitores, alunos de especializa\u00e7\u00e3o e de p\u00f3s-gradua\u00e7\u00e3o, que desenvolveram seus projetos de pesquisa com aves. V\u00e1rias teses, disserta\u00e7\u00f5es e monografias foram desenvolvidas, gerando resultados como valores de refer\u00eancia de hematologia e perfis bioqu\u00edmicos, e de sanidade.<\/p>\n<p>Alguns exemplos dos estudos realizados s\u00e3o: (a) \u201cPar\u00e2metros cl\u00ednicos e de bioqu\u00edmica s\u00e9rica de pinguins-de-magalh\u00e3es (<em>Spheniscus magellanicus<\/em>) pr\u00e9 e p\u00f3s-reabilita\u00e7\u00e3o\u201d; (b) \u201cPar\u00e2metros hematol\u00f3gicos e bioqu\u00edmicos em filhotes de papagaio-de-cara-roxa (<em>Amazona brasiliensis<\/em>) saud\u00e1veis e doentes de vida livre no Estado do Paran\u00e1, Brasil\u201d; (c) \u201c<strong>Perfis hematol\u00f3gicos e bioqu\u00edmicos de jacutingas (<em>Aburria jacutinga<\/em>) mantidas em cativeiro\u201d,<\/strong> com foco em reprodu\u00e7\u00e3o e soltura; (d) \u201cPar\u00e2metros hematol\u00f3gicos e bioqu\u00edmicos de aves de rapina cativas de ocorr\u00eancia no Brasil\u201d, com amostras procedentes do Paran\u00e1, Rio Grande do Sul, Santa Catarina e S\u00e3o Paulo; (e)\u201dPerfis hematol\u00f3gicos e bioqu\u00edmicos de avestruzes mantidos em diferentes sistemas de Cria\u00e7\u00e3o no Paran\u00e1\u201d.<\/p>\n<p>Nesses estudos trabalharam profissionais da UFPR e de v\u00e1rias institui\u00e7\u00f5es parceiras, como a Sociedade de Pesquisa em Vida Selvagem e Educa\u00e7\u00e3o Ambiental (SPVS), que desenvolve o \u201cProjeto de Conserva\u00e7\u00e3o do Papagaio-de-cara-roxa\u201d, cujo objetivo \u00e9 contribuir com a conserva\u00e7\u00e3o da esp\u00e9cie e de seu habitat. O Centro Nacional de Pesquisa e Conserva\u00e7\u00e3o de Aves Silvestres (CEMAVE\/ICMBio), vinculado ao Instituto Chico Mendes de Conserva\u00e7\u00e3o da Biodiversidade (ICMBio). O CEMAVE \u00e9 o \u00f3rg\u00e3o respons\u00e1vel pela avalia\u00e7\u00e3o do estado de conserva\u00e7\u00e3o das aves brasileiras e pela elabora\u00e7\u00e3o e coordena\u00e7\u00e3o de Planos de A\u00e7\u00e3o Nacionais (PAN) para conserva\u00e7\u00e3o de esp\u00e9cies de aves brasileiras amea\u00e7adas de extin\u00e7\u00e3o e das aves migrat\u00f3rias.<\/p>\n<p>No laborat\u00f3rio tamb\u00e9m s\u00e3o realizados exames de sangue de aves dom\u00e9sticas, como codornas, frangos, pav\u00e3o, patos, marrecos e gansos dos parques p\u00fablicos de Curitiba, gerando resultados importantes, como par\u00e2metros de refer\u00eancia de aves saud\u00e1veis e doentes.<\/p>\n<p>Destacamos a experi\u00eancia adquirida durante esses anos com a realiza\u00e7\u00e3o dos exames de aves atendidas no Hospital Veterin\u00e1rio da UFPR. A interpreta\u00e7\u00e3o desses resultados gerou mais conhecimento e compreens\u00e3o das v\u00e1rias altera\u00e7\u00f5es que ocorrem com as c\u00e9lulas sangu\u00edneas, como nas anemias e inflama\u00e7\u00f5es, e nos par\u00e2metros bioqu\u00edmicos de aves.<\/p>\n<p>Existe uma grande lacuna na oferta dos exames de aves nos laborat\u00f3rios do Brasil. Isso ocorre porque h\u00e1 dificuldade em encontrar a descri\u00e7\u00e3o das t\u00e9cnicas hematol\u00f3gicas, a identifica\u00e7\u00e3o e a morfologia das c\u00e9lulas sangu\u00edneas (eritr\u00f3citos, leuc\u00f3citos e tromb\u00f3citos), as altera\u00e7\u00f5es que ocorrem nessas c\u00e9lulas e os valores de refer\u00eancia para aves silvestres brasileiras. Como exemplo, a identifica\u00e7\u00e3o dos heter\u00f3filos bastonetes, c\u00e9lulas importantes que aparecem nas aves com inflama\u00e7\u00e3o aguda, os eritr\u00f3citos policromat\u00f3filos, que aparecem nas aves com anemia regenerativa, e os hemoparasitas e inclus\u00f5es que est\u00e3o no citoplasma das c\u00e9lulas.<\/p>\n<p>No site est\u00e3o as fotos das c\u00e9lulas sangu\u00edneas de aves saud\u00e1veis e doentes, com identifica\u00e7\u00e3o e legendas em portugu\u00eas. As fotos foram obtidas do acervo do laborat\u00f3rio, o lamin\u00e1rio did\u00e1tico, dispon\u00edvel para as atividades desenvolvidas nas aulas pr\u00e1tica dos alunos.<\/p>\n<p>Muitos profissionais n\u00e3o utilizam as ferramentas de diagn\u00f3stico, hemogramas e testes bioqu\u00edmicos, porque n\u00e3o conseguem encontrar de maneira pr\u00e1tica e em portugu\u00eas, os valores de refer\u00eancia do eritrograma e leucograma, dos perfis hep\u00e1tico e renal de aves. No site disponibilizamos as tabelas com os valores de refer\u00eancia, acesso \u00e0s disserta\u00e7\u00f5es e teses geradas na UFPR.<\/p>\n<p>Os casos cl\u00ednicos de aves doentes, com interpreta\u00e7\u00e3o dos exames, tamb\u00e9m est\u00e3o dispon\u00edveis. A interpreta\u00e7\u00e3o \u00e9 muito importante para todos os profissionais que atuam na \u00e1rea. Os exames, associados a outros dados, ajudam o profissional no diagn\u00f3stico, progn\u00f3stico, conduta no tratamento, fornecem subs\u00eddios para orientar no manejo e cria\u00e7\u00e3o das aves.<\/p>\n<p>O site foi idealizado para ajudar todos os profissionais que trabalham com cl\u00ednica de aves silvestres e profissionais que atuam em laborat\u00f3rio.<\/p>\n<p>&nbsp;<\/p>\n<p style=\"text-align: center;\"><strong>Prof<\/strong><strong>\u00aa<\/strong><strong> Rosangela Locatelli Dittrich<\/strong> (email: <a href=\"mailto:roslocdi@ufpr.br\">roslocdi@ufpr.br<\/a>)<\/p>\n<p style=\"text-align: center;\">M\u00e9dica Veterin\u00e1ria e Professora das Disciplinas de Patologia Cl\u00ednica Veterin\u00e1ria e de An\u00e1lises Cl\u00ednicas e Toxicol\u00f3gicas em Medicina Veterin\u00e1ria, do Departamento de Medicina Veterin\u00e1ria &#8211; Universidade Federal do Paran\u00e1<\/p>\n<p style=\"text-align: center;\">Coordenadora do Laborat\u00f3rio de Patologia Cl\u00ednica Veterin\u00e1ria da UFPR \u2013 credenciado no CNPq<\/p>\n<p style=\"text-align: center;\"><strong>Curr\u00edculo Lattes<\/strong>: http:\/\/lattes.cnpq.br\/5373594111880302<\/p>\n<p style=\"text-align: center;\">&nbsp;<\/p>\n<p><strong>&nbsp;<\/strong><\/p>\n","protected":false},"excerpt":{"rendered":"<p>Quem somos A equipe que organiza e escreve o conte\u00fado do site agrarias.ufpr.br\/sacas \u00e9 formada por professores, m\u00e9dicos veterin\u00e1rios, servidores t\u00e9cnicos, bioqu\u00edmicos, bi\u00f3logos, t\u00e9cnicos de inform\u00e1tica, alunos de gradua\u00e7\u00e3o, de especializa\u00e7\u00e3o e de p\u00f3s-gradua\u00e7\u00e3o do Laborat\u00f3rio de Patologia Cl\u00ednica Veterin\u00e1ria, que \u00e9 vinculado ao Departamento de Medicina Veterin\u00e1ria, e est\u00e1 localizado dentro do Setor de [&hellip;]<\/p>\n","protected":false},"author":3,"featured_media":0,"parent":0,"menu_order":0,"comment_status":"closed","ping_status":"closed","template":"","meta":{"footnotes":""},"class_list":["post-384","page","type-page","status-publish","hentry"],"_links":{"self":[{"href":"https:\/\/agrarias.ufpr.br\/sacas\/wp-json\/wp\/v2\/pages\/384","targetHints":{"allow":["GET"]}}],"collection":[{"href":"https:\/\/agrarias.ufpr.br\/sacas\/wp-json\/wp\/v2\/pages"}],"about":[{"href":"https:\/\/agrarias.ufpr.br\/sacas\/wp-json\/wp\/v2\/types\/page"}],"author":[{"embeddable":true,"href":"https:\/\/agrarias.ufpr.br\/sacas\/wp-json\/wp\/v2\/users\/3"}],"replies":[{"embeddable":true,"href":"https:\/\/agrarias.ufpr.br\/sacas\/wp-json\/wp\/v2\/comments?post=384"}],"version-history":[{"count":4,"href":"https:\/\/agrarias.ufpr.br\/sacas\/wp-json\/wp\/v2\/pages\/384\/revisions"}],"predecessor-version":[{"id":397,"href":"https:\/\/agrarias.ufpr.br\/sacas\/wp-json\/wp\/v2\/pages\/384\/revisions\/397"}],"wp:attachment":[{"href":"https:\/\/agrarias.ufpr.br\/sacas\/wp-json\/wp\/v2\/media?parent=384"}],"curies":[{"name":"wp","href":"https:\/\/api.w.org\/{rel}","templated":true}]}}