{"id":372,"date":"2019-04-04T11:20:07","date_gmt":"2019-04-04T11:20:07","guid":{"rendered":"https:\/\/agrarias.ufpr.br\/sacas\/?page_id=372"},"modified":"2026-03-31T10:29:47","modified_gmt":"2026-03-31T13:29:47","slug":"pagina-inicial-introducao","status":"publish","type":"page","link":"https:\/\/agrarias.ufpr.br\/sacas\/pagina-inicial-introducao\/","title":{"rendered":"Introdu\u00e7\u00e3o"},"content":{"rendered":"\n<h2 class=\"wp-block-heading has-text-align-center\"><strong>\u201cPatologia Cl\u00ednica de Aves e Mam\u00edferos\u201d <\/strong><\/h2>\n\n\n\n<p class=\"has-text-align-center\"><strong>Bem-Vindo ao Site Educacional da Universidade Federal do Paran\u00e1 \u2013 Curitiba\/PR<\/strong><\/p>\n\n\n\n<p class=\"has-text-align-left justificado\">O site \u00e9 escrito e organizado por docentes e m\u00e9dicos veterin\u00e1rios com experi\u00eancia em Patologia Cl\u00ednica Veterin\u00e1ria e que atuam no laborat\u00f3rio-escola da Universidade Federal do Paran\u00e1.<\/p>\n\n\n\n<p class=\"has-text-align-left justificado\">O <strong>Laborat\u00f3rio de Patologia Cl\u00ednica Veterin\u00e1ria da UFPR<\/strong> presta servi\u00e7os \u00e0 comunidade e est\u00e1 localizado no Hospital Veterin\u00e1rio da UFPR, Curitiba, Paran\u00e1. \u00c9 utilizado como apoio \u00e0s aulas do curso de Medicina Veterin\u00e1ria e contribui \u00e0 forma\u00e7\u00e3o de conhecimento na \u00e1rea de patologia cl\u00ednica veterin\u00e1ria.<\/p>\n\n\n\n<p class=\"has-text-align-left justificado\">No laborat\u00f3rio s\u00e3o realizados exames de apoio diagn\u00f3stico em Hematologia, Hemostasia, Bioqu\u00edmica Cl\u00ednica, Urin\u00e1lise, an\u00e1lise de l\u00edquidos cavit\u00e1rios, l\u00edquor, l\u00edquido sinovial, exames sorol\u00f3gicos e PCR para <em>Neospora caninum<\/em>, <em>Toxoplasma gondii <\/em>e <em>Sarcocystis <\/em>spp., em v\u00e1rias esp\u00e9cies animais. O laborat\u00f3rio atua na pesquisa, ensino e extens\u00e3o, capacitando estudantes de p\u00f3s gradua\u00e7\u00e3o, gradua\u00e7\u00e3o e m\u00e9dicos veterin\u00e1rios.<\/p>\n\n\n\n<p class=\"has-text-align-left justificado\">No <strong>SITE <\/strong>est\u00e3o dispon\u00edveis t\u00f3picos das \u00e1reas de patologia cl\u00ednica veterin\u00e1ria, na forma de textos e atlas \u201con-line\u201d com o objetivo de contribuir na forma\u00e7\u00e3o e capacita\u00e7\u00e3o de estudantes e profissionais.<\/p>\n\n\n\n<p class=\"has-text-align-left justificado\">As figuras disponibilizadas no site pertencem a casu\u00edstica do laborat\u00f3rio e os textos foram obtidos de livros de refer\u00eancia na \u00e1rea de Patologia Cl\u00ednica Veterin\u00e1ria.<\/p>\n\n\n\n<p class=\"has-text-align-left justificado\">Se voc\u00ea fizer c\u00f3pia de algum texto ou figura do site, favor citar a <strong>FONTE<\/strong> \u201cLaborat\u00f3rio de Patologia Cl\u00ednica Veterin\u00e1ria da UFPR\u201d.<\/p>\n\n\n\n<p class=\"has-text-align-left justificado\">Os t\u00f3picos est\u00e3o indicados por abas que permitem o acesso ao conte\u00fado.<\/p>\n\n\n\n<h2 class=\"wp-block-heading has-text-align-center\"><strong><u>T\u00d3PICOS<\/u><\/strong><\/h2>\n\n\n\n<p class=\"has-text-align-left justificado\"><strong>01) Hematologia: <\/strong>aborda a Morfologia das c\u00e9lulas sangu\u00edneas de aves; Processamento da amostra de sangue para hemograma: t\u00e9cnica<\/p>\n\n\n\n<p class=\"has-text-align-left justificado\"><strong>02) Interpreta\u00e7\u00e3o:<\/strong> Interpreta\u00e7\u00e3o do hemograma de aves: eritrograma e leucograma; causas de anemia, policitemia, inflama\u00e7\u00e3o, estresse<\/p>\n\n\n\n<p class=\"has-text-align-left justificado\"><strong>03) C\u00e9lulas sangu\u00edneas:<\/strong> ATLAS de c\u00e9lulas sangu\u00edneas e hemoparasitas de aves; leuc\u00f3citos normais e neutr\u00f3filos \u201ct\u00f3xicos\u201d de mam\u00edferos<\/p>\n\n\n\n<p class=\"has-text-align-left justificado\"><strong>04) Urin\u00e1lise<\/strong>: ATLAS de elementos do sedimento urin\u00e1rio de mam\u00edferos<\/p>\n\n\n\n<p class=\"has-text-align-left justificado\"><strong>05) Valores de Refer\u00eancia<\/strong>: Valores hematol\u00f3gicos, de prote\u00edna plasm\u00e1tica total, fibrinog\u00eanio e perfil bioqu\u00edmico de 32 esp\u00e9cies de aves saud\u00e1veis, adultas e jovens<\/p>\n\n\n\n<p class=\"has-text-align-left justificado\"><strong>06) Artigos\/teses: <\/strong>disserta\u00e7\u00f5es, teses e artigos gerados na UFPR<\/p>\n\n\n\n<ul class=\"wp-block-list\">\n<li><strong>Prof.\u00aa Rosangela Locatelli Dittrich<\/strong>\n<ul class=\"wp-block-list\">\n<li>Departamento de Medicina Veterin\u00e1ria &#8211; UFPR<\/li>\n\n\n\n<li>Professora de Patologia Cl\u00ednica Veterin\u00e1ria e de An\u00e1lises Cl\u00ednicas e Toxicol\u00f3gicas em Medicina Veterin\u00e1ria<\/li>\n\n\n\n<li>Coordenadora do Laborat\u00f3rio de Patologia Cl\u00ednica Veterin\u00e1ria da UFPR<\/li>\n\n\n\n<li><strong>Email<\/strong>: roslocdi@ufpr.br<br><\/li>\n<\/ul>\n<\/li>\n<\/ul>\n","protected":false},"excerpt":{"rendered":"<p>\u201cPatologia Cl\u00ednica de Aves e Mam\u00edferos\u201d Bem-Vindo ao Site Educacional da Universidade Federal do Paran\u00e1 \u2013 Curitiba\/PR O site \u00e9 escrito e organizado por docentes e m\u00e9dicos veterin\u00e1rios com experi\u00eancia em Patologia Cl\u00ednica Veterin\u00e1ria e que atuam no laborat\u00f3rio-escola da Universidade Federal do Paran\u00e1. O Laborat\u00f3rio de Patologia Cl\u00ednica Veterin\u00e1ria da UFPR presta servi\u00e7os \u00e0 [&hellip;]<\/p>\n","protected":false},"author":10297,"featured_media":0,"parent":0,"menu_order":0,"comment_status":"closed","ping_status":"closed","template":"","meta":{"footnotes":""},"class_list":["post-372","page","type-page","status-publish","hentry"],"_links":{"self":[{"href":"https:\/\/agrarias.ufpr.br\/sacas\/wp-json\/wp\/v2\/pages\/372","targetHints":{"allow":["GET"]}}],"collection":[{"href":"https:\/\/agrarias.ufpr.br\/sacas\/wp-json\/wp\/v2\/pages"}],"about":[{"href":"https:\/\/agrarias.ufpr.br\/sacas\/wp-json\/wp\/v2\/types\/page"}],"author":[{"embeddable":true,"href":"https:\/\/agrarias.ufpr.br\/sacas\/wp-json\/wp\/v2\/users\/10297"}],"replies":[{"embeddable":true,"href":"https:\/\/agrarias.ufpr.br\/sacas\/wp-json\/wp\/v2\/comments?post=372"}],"version-history":[{"count":33,"href":"https:\/\/agrarias.ufpr.br\/sacas\/wp-json\/wp\/v2\/pages\/372\/revisions"}],"predecessor-version":[{"id":657,"href":"https:\/\/agrarias.ufpr.br\/sacas\/wp-json\/wp\/v2\/pages\/372\/revisions\/657"}],"wp:attachment":[{"href":"https:\/\/agrarias.ufpr.br\/sacas\/wp-json\/wp\/v2\/media?parent=372"}],"curies":[{"name":"wp","href":"https:\/\/api.w.org\/{rel}","templated":true}]}}