{"id":360,"date":"2019-04-03T11:38:05","date_gmt":"2019-04-03T11:38:05","guid":{"rendered":"https:\/\/agrarias.ufpr.br\/sacas\/?page_id=360"},"modified":"2019-04-03T11:38:05","modified_gmt":"2019-04-03T11:38:05","slug":"morfologia-das-celulas-sanguineas-de-aves","status":"publish","type":"page","link":"https:\/\/agrarias.ufpr.br\/sacas\/morfologia-das-celulas-sanguineas-de-aves\/","title":{"rendered":"MORFOLOGIA DAS C\u00c9LULAS SANGU\u00cdNEAS DE AVES"},"content":{"rendered":"<p>&nbsp;<\/p>\n<ul>\n<li><strong>ERITR\u00d3CITO<\/strong><\/li>\n<\/ul>\n<p><em>&nbsp;<\/em><\/p>\n<ul>\n<li><strong>Eritr\u00f3cito normal, maduro<\/strong>: forma oval, com n\u00facleo central e oval; citoplasma abundante, com colora\u00e7\u00e3o r\u00f3seo-alaranjada uniforme; n\u00facleo \u00e9 condensado, colora\u00e7\u00e3o azul escuro<\/li>\n<li><strong>Eritr\u00f3cito policromat\u00f3filo<\/strong>: aparece na colora\u00e7\u00e3o de Wright ou Pan\u00f3tico r\u00e1pido; \u00e9 normal em aves na propor\u00e7\u00e3o de 1 \u2013 5%; tem citoplasma azul (basofilia citoplasm\u00e1tica) e n\u00facleo menos condensado, comparado ao eritr\u00f3cito maduro.<\/li>\n<li>Eritr\u00f3citos redondos (esf\u00e9ricos), imaturos podem aparecer no sangue perif\u00e9rico das aves. O eritr\u00f3cito imaturo tem forma menos oval, com n\u00facleo mais redondo. O mais comum no sangue perif\u00e9rico \u00e9 o metarubr\u00f3cito (n\u00famero baixo em aves n\u00e3o an\u00eamicas)<\/li>\n<li><strong>Reticul\u00f3cito<\/strong>: eritr\u00f3cito imaturo, com ret\u00edculo no citoplasma; observado quando a extens\u00e3o sangu\u00ednea \u00e9 corada com corante supra vital (Azul de Cresil Brilhante). O reticul\u00f3cito aparece com citoplasma azul na colora\u00e7\u00e3o de Wright (corante n\u00e3o \u00e9 supra vital) e \u00e9 denominado de policromat\u00f3filo. A quantidade de reticul\u00f3citos \u00e9 utilizado para classificar a anemia em regenerativa ou n\u00e3o regenerativa.<\/li>\n<li>As aves tem quatro tipos de reticul\u00f3citos:&nbsp;<strong>(1)<\/strong>&nbsp;<strong>reticul\u00f3cito pontilhado 1<\/strong>, com &lt; 10 pontos de ret\u00edculo corado;&nbsp;<strong>(2) reticul\u00f3cito pontilhado 2<\/strong>, com \u2265 10 pontos de ret\u00edculo corado;&nbsp;<strong>(3) reticul\u00f3cito agregado,<\/strong>&nbsp;com agregados de ret\u00edculo corado difuso no citoplasma;&nbsp;<strong>(4) reticul\u00f3cito em anel,<\/strong>&nbsp;com agregado de ret\u00edculo corado em forma de anel, cont\u00ednuo ou n\u00e3o, em pelo menos metade do n\u00facleo.<\/li>\n<li><strong>Anormalidades dos eritr\u00f3citos<\/strong>:<\/li>\n<li>eritr\u00f3citos redondos com n\u00facleo oval aparecem no sangue das aves an\u00eamicas, possivelmente devido a assincronia na matura\u00e7\u00e3o do n\u00facleo e do citoplasma, devido a eritropoese acelerada;<\/li>\n<li>hipocromia: eritr\u00f3citos com colora\u00e7\u00e3o p\u00e1lida do citoplasma<\/li>\n<li>presen\u00e7a de pontilhado basof\u00edlico: presen\u00e7a de pequenos gr\u00e2nulos basof\u00edlicos no citoplasma, indica intoxica\u00e7\u00e3o por chumbo<\/li>\n<\/ul>\n<p>&nbsp;<\/p>\n<ul>\n<li><strong>Artefatos<\/strong><\/li>\n<li>forma irregular do eritr\u00f3cito, devido ao preparo da extens\u00e3o sangu\u00ednea; \u00e9 comum as c\u00e9lulas se romperem durante o preparo da extens\u00e3o<\/li>\n<li>ruptura das c\u00e9lulas: aparecem n\u00facleos livres (material amorfo)<\/li>\n<\/ul>\n<p>&nbsp;<\/p>\n<p>&nbsp;<\/p>\n<p>&nbsp;<\/p>\n<ul>\n<li><strong>LEUC\u00d3CITOS<\/strong>\n<ul>\n<li><strong>leuc\u00f3citos granul\u00f3citos: heter\u00f3filo, eosin\u00f3filo e bas\u00f3filo<\/strong><\/li>\n<\/ul>\n<\/li>\n<\/ul>\n<p><strong>HETER\u00d3FILO<\/strong><\/p>\n<ul>\n<li>c\u00e9lula esf\u00e9rica (redonda)<\/li>\n<li>citoplasma incolor e sem vac\u00faolos<\/li>\n<li>principal caracter\u00edstica: com gr\u00e2nulos citoplasm\u00e1ticos de cor laranja (eosinof\u00edlicos) e fusiformes (alongados); frequentemente cont\u00eam um corp\u00fasculo refrat\u00e1rio no centro do gr\u00e2nulo<\/li>\n<li>n\u00facleo do heterofilo maduro \u00e9 segmentado (lobulado)<\/li>\n<li>heterofilo bastonete: com n\u00facleo em bast\u00e3o (imaturo)<\/li>\n<li>heterofilo metamiel\u00f3cito: n\u00facleo riniforme<\/li>\n<li>Matura\u00e7\u00e3o do Heter\u00f3filo: mieloblasto, pr\u00f3miel\u00f3cito, miel\u00f3cito, metamiel\u00f3cito, bastonete e heter\u00f3filo segmentado<\/li>\n<\/ul>\n<p>&nbsp;<\/p>\n<p><strong>Eosin\u00f3filo<\/strong><\/p>\n<ul>\n<li>c\u00e9lula esf\u00e9rica<\/li>\n<li>com gr\u00e2nulos redondos a ovais, brilhantes no citoplasma; com aspecto eosinof\u00edlico intenso; os gr\u00e2nulos geralmente t\u00eam colora\u00e7\u00e3o laranja mais forte, e a cor \u00e9 diferente da cor dos gr\u00e2nulos do heterofilo, na mesma amostra<\/li>\n<li>citoplasma azul claro<\/li>\n<li>n\u00facleo lobulado<\/li>\n<li>existe varia\u00e7\u00e3o na morfologia do eosin\u00f3filo entre as esp\u00e9cies de aves<\/li>\n<\/ul>\n<p>&nbsp;<\/p>\n<p><strong>BAS\u00d3FILO<\/strong><\/p>\n<ul>\n<li>citoplasma incolor<\/li>\n<li>com gr\u00e2nulos fortemente basof\u00edlicos no citoplasma (cor azul escuro)<\/li>\n<li>os gr\u00e2nulos frequentemente se dissolvem na colora\u00e7\u00e3o a base de \u00e1lcool (tipo Romanowsky)<\/li>\n<li>n\u00facleo redondo a oval, n\u00e3o lobulado, e geralmente est\u00e1 encoberto pelos gr\u00e2nulos citoplasm\u00e1ticos<\/li>\n<\/ul>\n<p>&nbsp;<\/p>\n<p><strong>2.2) leuc\u00f3citos agranul\u00f3citos: linf\u00f3cito e mon\u00f3cito<\/strong><\/p>\n<p><strong>&nbsp;<\/strong><\/p>\n<p><strong>LINF\u00d3CITO<\/strong><\/p>\n<ul>\n<li>maduro: c\u00e9lula esf\u00e9rica, com n\u00facleo geralmente central e redondo, com cromatina densa (condensada); citoplasma \u00e9 azul e aparece como uma pequena banda ao redor do n\u00facleo;<\/li>\n<li>o citoplasma dos linf\u00f3citos pequenos e maduros pode conter proje\u00e7\u00f5es irregulares<\/li>\n<li>os linf\u00f3citos das aves frequentemente variam de tamanho, aparecem linf\u00f3citos grandes (n\u00e3o confundir com mon\u00f3cito, que tem cromatina menos densa)<\/li>\n<li>no citoplasma podem aparecer um ou mais gr\u00e2nulos azuis adjacentes ao n\u00facleo<\/li>\n<\/ul>\n<p>&nbsp;<\/p>\n<p>&nbsp;<\/p>\n<p><strong>Mon\u00f3cito<\/strong><\/p>\n<ul>\n<li>forma varia de redonda a ameb\u00f3ide<\/li>\n<li>\u00e9 o maior leuc\u00f3cito observado no sangue<\/li>\n<li>com grande quantidade de citoplasma comparado ao linf\u00f3cito<\/li>\n<li>citoplasma com apar\u00eancia granular delicada, azul-acinzentado, e frequentemente tem vac\u00faolos<\/li>\n<li>n\u00facleo com forma vari\u00e1vel, de redondo a bilobulado, e com menos agregado de cromatina nuclear quando comparado ao linf\u00f3cito<\/li>\n<li>\u00e9 comum observar duas zonas citoplasm\u00e1ticas distintas: uma \u00e1rea de colora\u00e7\u00e3o mais clara adjacente ao n\u00facleo e uma mais escura na periferia<\/li>\n<li>citoplasma pode conter gr\u00e2nulos eosinof\u00edlicos finos, como poeira<\/li>\n<\/ul>\n<p>&nbsp;<\/p>\n<ul>\n<li><strong>TROMB\u00d3CITOS<\/strong><\/li>\n<li>c\u00e9lulas nucleadas<\/li>\n<li>tromb\u00f3citos maduros: c\u00e9lulas redondas a ovais, pequenas; s\u00e3o mais redondos do que os eritr\u00f3citos; n\u00facleo picn\u00f3tico (cromatina bem densa) e citoplasma incolor que pode conter um ou mais gr\u00e2nulos vermelhos e pequenos vac\u00faolos<\/li>\n<li>tromb\u00f3citos tendem a agrupar-se nos esfrega\u00e7os sangu\u00edneos<\/li>\n<li>Como diferenciar tromb\u00f3cito do linf\u00f3cito pequeno e maduro: observar o citoplasma sem cor e n\u00e3o homog\u00eaneo do tromb\u00f3cito; presen\u00e7a de gr\u00e2nulos citoplasm\u00e1ticos vermelhos, redondos e pequenos; e menor propor\u00e7\u00e3o N:C. O linf\u00f3cito pequeno maduro tem alta propor\u00e7\u00e3o N:C, e pouco citoplasma de cor azul<\/li>\n<\/ul>\n<p><strong>&nbsp;<\/strong><\/p>\n<p><strong>&nbsp;<\/strong><\/p>\n<p><strong>Anormalidades no hemograma de aves<\/strong><\/p>\n<p><strong>1) presen\u00e7a de Heter\u00f3filos imaturos<\/strong><\/p>\n<p><strong>heter\u00f3filos&nbsp;<\/strong>miel\u00f3citos, metamiel\u00f3citos e bastonetes: com basofilia citoplasm\u00e1tica aumentada, n\u00facleo n\u00e3o-segmentado e gr\u00e2nulos citoplasm\u00e1ticos imaturos<\/p>\n<p>&nbsp;<\/p>\n<p><strong>2) Heter\u00f3filos maduros com sinais de toxicidade. Os sinais de toxicidade s\u00e3o:<\/strong><\/p>\n<ul>\n<li>basofilia citoplasm\u00e1tica aumentada<\/li>\n<li>vacuoliza\u00e7\u00e3o<\/li>\n<li>gr\u00e2nulos anormais<\/li>\n<li>desgranula\u00e7\u00e3o<\/li>\n<li>degenera\u00e7\u00e3o do n\u00facleo<\/li>\n<\/ul>\n<p>&nbsp;<\/p>\n<p>&nbsp;&nbsp;<strong>3) Graus de Toxicidade:&nbsp;<\/strong>reportada de maneira subjetiva na escala de +1 a +4<\/p>\n<ul>\n<li>Valores inferiores: altera\u00e7\u00e3o leve<\/li>\n<li>Valores superiores: altera\u00e7\u00e3o severa<\/li>\n<li>avaliar a colora\u00e7\u00e3o das c\u00e9lulas em toda a extens\u00e3o sangu\u00ednea corada<\/li>\n<\/ul>\n<p><strong>Graus de Toxicidade dos Heterofilos<\/strong><\/p>\n<p><strong>GRAU +1<\/strong><\/p>\n<ul>\n<li>basofilia citoplasm\u00e1tica aumentada<\/li>\n<\/ul>\n<p><strong>GRAU +2<\/strong><\/p>\n<ul>\n<li>basofilia citoplasm\u00e1tica aumentada<\/li>\n<li>vacuoliza\u00e7\u00e3o e desgranula\u00e7\u00e3o parcial<\/li>\n<\/ul>\n<p><strong>GRAU +3<\/strong><\/p>\n<ul>\n<li>basofilia citoplasm\u00e1tica acentuada, vacuoliza\u00e7\u00e3o<\/li>\n<li>granula\u00e7\u00e3o anormal: com gr\u00e2nulos que variam no aspecto, desde gr\u00e2nulos t\u00edpicos, eosinof\u00edlicos e fusiformes, a p\u00e1lidos, redondos e grandes, ou gr\u00e2nulos muito basof\u00edlicos e pequenos<\/li>\n<\/ul>\n<p><strong>GRAU +4<\/strong><\/p>\n<ul>\n<li>semelhante ao heter\u00f3filo com Grau +3, exceto pela presen\u00e7a de n\u00facleo com cari\u00f3lise ou carior\u00e9xis<\/li>\n<\/ul>\n<p>&nbsp;<\/p>\n<p><strong>Importante<\/strong>: o n\u00famero de heter\u00f3filos t\u00f3xicos na extens\u00e3o sangu\u00ednea indica a severidade e a dura\u00e7\u00e3o da resposta inflamat\u00f3ria. A presen\u00e7a de 25% ou menos de heterofilos t\u00f3xicos pode ocorrer no in\u00edcio da doen\u00e7a; quanto mais severa a doen\u00e7a, maior o n\u00famero e o grau de toxicidade dos heterofilos.<\/p>\n","protected":false},"excerpt":{"rendered":"<p>&nbsp; ERITR\u00d3CITO &nbsp; Eritr\u00f3cito normal, maduro: forma oval, com n\u00facleo central e oval; citoplasma abundante, com colora\u00e7\u00e3o r\u00f3seo-alaranjada uniforme; n\u00facleo \u00e9 condensado, colora\u00e7\u00e3o azul escuro Eritr\u00f3cito policromat\u00f3filo: aparece na colora\u00e7\u00e3o de Wright ou Pan\u00f3tico r\u00e1pido; \u00e9 normal em aves na propor\u00e7\u00e3o de 1 \u2013 5%; tem citoplasma azul (basofilia citoplasm\u00e1tica) e n\u00facleo menos condensado, comparado [&hellip;]<\/p>\n","protected":false},"author":3,"featured_media":0,"parent":0,"menu_order":0,"comment_status":"closed","ping_status":"closed","template":"","meta":{"footnotes":""},"class_list":["post-360","page","type-page","status-publish","hentry"],"_links":{"self":[{"href":"https:\/\/agrarias.ufpr.br\/sacas\/wp-json\/wp\/v2\/pages\/360","targetHints":{"allow":["GET"]}}],"collection":[{"href":"https:\/\/agrarias.ufpr.br\/sacas\/wp-json\/wp\/v2\/pages"}],"about":[{"href":"https:\/\/agrarias.ufpr.br\/sacas\/wp-json\/wp\/v2\/types\/page"}],"author":[{"embeddable":true,"href":"https:\/\/agrarias.ufpr.br\/sacas\/wp-json\/wp\/v2\/users\/3"}],"replies":[{"embeddable":true,"href":"https:\/\/agrarias.ufpr.br\/sacas\/wp-json\/wp\/v2\/comments?post=360"}],"version-history":[{"count":2,"href":"https:\/\/agrarias.ufpr.br\/sacas\/wp-json\/wp\/v2\/pages\/360\/revisions"}],"predecessor-version":[{"id":500,"href":"https:\/\/agrarias.ufpr.br\/sacas\/wp-json\/wp\/v2\/pages\/360\/revisions\/500"}],"wp:attachment":[{"href":"https:\/\/agrarias.ufpr.br\/sacas\/wp-json\/wp\/v2\/media?parent=360"}],"curies":[{"name":"wp","href":"https:\/\/api.w.org\/{rel}","templated":true}]}}