{"id":354,"date":"2019-01-24T14:40:33","date_gmt":"2019-01-24T14:40:33","guid":{"rendered":"https:\/\/agrarias.ufpr.br\/sacas\/?page_id=354"},"modified":"2019-01-24T14:40:33","modified_gmt":"2019-01-24T14:40:33","slug":"urubu-rei","status":"publish","type":"page","link":"https:\/\/agrarias.ufpr.br\/sacas\/urubu-rei\/","title":{"rendered":"Urubu rei"},"content":{"rendered":"<ol>\n<li>Par\u00e2metros hematol\u00f3gicos e valores de prote\u00edna plasm\u00e1tica total (PPT) de adultos saud\u00e1veis de Urubu-Rei (<em>Sarcoramphus papa<\/em>)<\/li>\n<\/ol>\n<table>\n<tbody>\n<tr>\n<td width=\"135\"><strong>Par\u00e2metro<\/strong><\/td>\n<td width=\"135\"><strong>Unidades<\/strong><\/td>\n<td width=\"135\"><strong>M\u00e9dia<\/strong><\/td>\n<td width=\"135\"><strong>DP<\/strong><\/td>\n<\/tr>\n<tr>\n<td width=\"135\"><strong>Hemat\u00f3crito<\/strong><\/td>\n<td width=\"135\">%<\/td>\n<td width=\"135\">43,43<\/td>\n<td width=\"135\">\u00b12,76<\/td>\n<\/tr>\n<tr>\n<td width=\"135\"><strong>Eritr\u00f3citos<\/strong><\/td>\n<td width=\"135\">X 10<sup>6<\/sup>\/uL<\/td>\n<td width=\"135\">1,83<\/td>\n<td width=\"135\">\u00b10,43<\/td>\n<\/tr>\n<tr>\n<td width=\"135\"><strong>Hemoglobina<\/strong><\/td>\n<td width=\"135\">g\/dL<\/td>\n<td width=\"135\">12,53<\/td>\n<td width=\"135\">\u00b14,44<\/td>\n<\/tr>\n<tr>\n<td width=\"135\"><strong>VGM<\/strong><\/td>\n<td width=\"135\">fL<\/td>\n<td width=\"135\">248,76<\/td>\n<td width=\"135\">\u00b156,81<\/td>\n<\/tr>\n<tr>\n<td width=\"135\"><strong>CHGM<\/strong><\/td>\n<td width=\"135\">%<\/td>\n<td width=\"135\">29,07<\/td>\n<td width=\"135\">\u00b110,79<\/td>\n<\/tr>\n<tr>\n<td width=\"135\"><strong>HGM<\/strong><\/td>\n<td width=\"135\">pg<\/td>\n<td width=\"135\">72,00<\/td>\n<td width=\"135\">\u00b128,30<\/td>\n<\/tr>\n<tr>\n<td width=\"135\"><strong>Leuc\u00f3citos totais<\/strong><\/td>\n<td width=\"135\">\/uL<\/td>\n<td width=\"135\">10857,14<\/td>\n<td width=\"135\">\u00b12734,26<\/td>\n<\/tr>\n<tr>\n<td width=\"135\"><strong>Heter\u00f3filos<\/strong><\/td>\n<td width=\"135\">\/uL<\/td>\n<td width=\"135\">7161,43<\/td>\n<td width=\"135\">\u00b12388,30<\/td>\n<\/tr>\n<tr>\n<td width=\"135\"><strong>Linf\u00f3citos<\/strong><\/td>\n<td width=\"135\">\/uL<\/td>\n<td width=\"135\">3420,00<\/td>\n<td width=\"135\">\u00b1492,61<\/td>\n<\/tr>\n<tr>\n<td width=\"135\"><strong>Mon\u00f3citos<\/strong><\/td>\n<td width=\"135\">\/uL<\/td>\n<td width=\"135\">160,00<\/td>\n<td width=\"135\">\u00b176,94<\/td>\n<\/tr>\n<tr>\n<td width=\"135\"><strong>Eosin\u00f3filos<\/strong><\/td>\n<td width=\"135\">\/uL<\/td>\n<td width=\"135\">170,00<\/td>\n<td width=\"135\">\u00b198,48<\/td>\n<\/tr>\n<tr>\n<td width=\"135\"><strong>Bas\u00f3filos<\/strong><\/td>\n<td width=\"135\">\/uL<\/td>\n<td width=\"135\">230,00<\/td>\n<td width=\"135\">\u00b170,71<\/td>\n<\/tr>\n<tr>\n<td width=\"135\"><strong>H:L<\/strong><\/td>\n<td width=\"135\">&nbsp;<\/td>\n<td width=\"135\">1,84<\/td>\n<td width=\"135\">\u00b10,42<\/td>\n<\/tr>\n<tr>\n<td width=\"135\"><strong>Tromb\u00f3citos<\/strong><\/td>\n<td width=\"135\">\/uL<\/td>\n<td width=\"135\">35686,00<\/td>\n<td width=\"135\">\u00b119142,25<\/td>\n<\/tr>\n<tr>\n<td width=\"135\"><strong>PPT<\/strong><\/td>\n<td width=\"135\">g\/dL<\/td>\n<td width=\"135\">4,20<\/td>\n<td width=\"135\">\u00b10,38<\/td>\n<\/tr>\n<\/tbody>\n<\/table>\n<p>&nbsp;<\/p>\n<p>&nbsp;<\/p>\n<ol start=\"2\">\n<li>Par\u00e2metros bioqu\u00edmicos s\u00e9ricos e fibrinog\u00eanio de adultos saud\u00e1veis de Urubu-Rei (<em>Sarcoramphus papa<\/em>)<\/li>\n<\/ol>\n<table>\n<tbody>\n<tr>\n<td width=\"135\"><strong>Par\u00e2metros<\/strong><\/td>\n<td width=\"135\"><strong>Unidades<\/strong><\/td>\n<td width=\"135\"><strong>M\u00e9dia<\/strong><\/td>\n<td width=\"135\"><strong>DP<\/strong><\/td>\n<\/tr>\n<tr>\n<td width=\"135\"><strong>Prote\u00ednas Totais<\/strong><\/td>\n<td width=\"135\">g\/dL<\/td>\n<td width=\"135\">3,20<\/td>\n<td width=\"135\">\u00b10,30<\/td>\n<\/tr>\n<tr>\n<td width=\"135\"><strong>Albumina<\/strong><\/td>\n<td width=\"135\">g\/dL<\/td>\n<td width=\"135\">1,02<\/td>\n<td width=\"135\">\u00b10,29<\/td>\n<\/tr>\n<tr>\n<td width=\"135\"><strong>Globulinas<\/strong><\/td>\n<td width=\"135\">g\/dL<\/td>\n<td width=\"135\">2,23<\/td>\n<td width=\"135\">\u00b10,20<\/td>\n<\/tr>\n<tr>\n<td width=\"135\"><strong>A:G<\/strong><\/td>\n<td width=\"135\">&#8211;<\/td>\n<td width=\"135\">0,46<\/td>\n<td width=\"135\">\u00b10,13<\/td>\n<\/tr>\n<tr>\n<td width=\"135\"><strong>AST<\/strong><\/td>\n<td width=\"135\">U\/L<\/td>\n<td width=\"135\">35,20<\/td>\n<td width=\"135\">\u00b133,20<\/td>\n<\/tr>\n<tr>\n<td width=\"135\"><strong>GGT<\/strong><\/td>\n<td width=\"135\">U\/L<\/td>\n<td width=\"135\">8,24<\/td>\n<td width=\"135\">\u00b113,36<\/td>\n<\/tr>\n<tr>\n<td width=\"135\"><strong>\u00c1cido \u00darico<\/strong><\/td>\n<td width=\"135\">mg\/dL<\/td>\n<td width=\"135\">11,19<\/td>\n<td width=\"135\">\u00b15,36<\/td>\n<\/tr>\n<tr>\n<td width=\"135\"><strong>Colesterol<\/strong><\/td>\n<td width=\"135\">mg\/dL<\/td>\n<td width=\"135\">215,93<\/td>\n<td width=\"135\">\u00b125,84<\/td>\n<\/tr>\n<tr>\n<td width=\"135\"><strong>Glicose<\/strong><\/td>\n<td width=\"135\">mg\/dL<\/td>\n<td width=\"135\">180,33<\/td>\n<td width=\"135\">\u00b141,59<\/td>\n<\/tr>\n<tr>\n<td width=\"135\"><strong>CK<\/strong><\/td>\n<td width=\"135\">U\/L<\/td>\n<td width=\"135\">421,55<\/td>\n<td width=\"135\">\u00b166,64<\/td>\n<\/tr>\n<tr>\n<td width=\"135\"><strong>LDH<\/strong><\/td>\n<td width=\"135\">U\/L<\/td>\n<td width=\"135\">592,35<\/td>\n<td width=\"135\">\u00b1114,61<\/td>\n<\/tr>\n<tr>\n<td width=\"135\"><strong>Ferro<\/strong><\/td>\n<td width=\"135\">ug\/dL<\/td>\n<td width=\"135\">233,75<\/td>\n<td width=\"135\">\u00b1257,76<\/td>\n<\/tr>\n<tr>\n<td width=\"135\"><strong>C\u00e1lcio<\/strong><\/td>\n<td width=\"135\">mg\/dL<\/td>\n<td width=\"135\">8,08<\/td>\n<td width=\"135\">\u00b10,54<\/td>\n<\/tr>\n<tr>\n<td width=\"135\"><strong>F\u00f3sforo<\/strong><\/td>\n<td width=\"135\">mg\/dL<\/td>\n<td width=\"135\">6,17<\/td>\n<td width=\"135\">\u00b11,34<\/td>\n<\/tr>\n<tr>\n<td width=\"135\"><strong>Ca:P<\/strong><\/td>\n<td width=\"135\">&#8211;<\/td>\n<td width=\"135\">1,36<\/td>\n<td width=\"135\">\u00b10,28<\/td>\n<\/tr>\n<tr>\n<td width=\"135\"><strong>Fosfatase Alcalina<\/strong><\/td>\n<td width=\"135\">U\/L<\/td>\n<td width=\"135\">77,53<\/td>\n<td width=\"135\">\u00b128,29<\/td>\n<\/tr>\n<tr>\n<td width=\"135\"><strong>Fibrinog\u00eanio<\/strong><\/td>\n<td width=\"135\">mg\/dL<\/td>\n<td width=\"135\">0,26<\/td>\n<td width=\"135\">\u00b10,09<\/td>\n<\/tr>\n<\/tbody>\n<\/table>\n<p>&nbsp;<\/p>\n","protected":false},"excerpt":{"rendered":"<p>Par\u00e2metros hematol\u00f3gicos e valores de prote\u00edna plasm\u00e1tica total (PPT) de adultos saud\u00e1veis de Urubu-Rei (Sarcoramphus papa) Par\u00e2metro Unidades M\u00e9dia DP Hemat\u00f3crito % 43,43 \u00b12,76 Eritr\u00f3citos X 106\/uL 1,83 \u00b10,43 Hemoglobina g\/dL 12,53 \u00b14,44 VGM fL 248,76 \u00b156,81 CHGM % 29,07 \u00b110,79 HGM pg 72,00 \u00b128,30 Leuc\u00f3citos totais \/uL 10857,14 \u00b12734,26 Heter\u00f3filos \/uL 7161,43 \u00b12388,30 Linf\u00f3citos [&hellip;]<\/p>\n","protected":false},"author":3,"featured_media":0,"parent":0,"menu_order":0,"comment_status":"closed","ping_status":"closed","template":"","meta":{"footnotes":""},"class_list":["post-354","page","type-page","status-publish","hentry"],"_links":{"self":[{"href":"https:\/\/agrarias.ufpr.br\/sacas\/wp-json\/wp\/v2\/pages\/354","targetHints":{"allow":["GET"]}}],"collection":[{"href":"https:\/\/agrarias.ufpr.br\/sacas\/wp-json\/wp\/v2\/pages"}],"about":[{"href":"https:\/\/agrarias.ufpr.br\/sacas\/wp-json\/wp\/v2\/types\/page"}],"author":[{"embeddable":true,"href":"https:\/\/agrarias.ufpr.br\/sacas\/wp-json\/wp\/v2\/users\/3"}],"replies":[{"embeddable":true,"href":"https:\/\/agrarias.ufpr.br\/sacas\/wp-json\/wp\/v2\/comments?post=354"}],"version-history":[{"count":1,"href":"https:\/\/agrarias.ufpr.br\/sacas\/wp-json\/wp\/v2\/pages\/354\/revisions"}],"predecessor-version":[{"id":355,"href":"https:\/\/agrarias.ufpr.br\/sacas\/wp-json\/wp\/v2\/pages\/354\/revisions\/355"}],"wp:attachment":[{"href":"https:\/\/agrarias.ufpr.br\/sacas\/wp-json\/wp\/v2\/media?parent=354"}],"curies":[{"name":"wp","href":"https:\/\/api.w.org\/{rel}","templated":true}]}}