{"id":351,"date":"2019-01-24T14:39:10","date_gmt":"2019-01-24T14:39:10","guid":{"rendered":"https:\/\/agrarias.ufpr.br\/sacas\/?page_id=351"},"modified":"2019-01-24T14:39:10","modified_gmt":"2019-01-24T14:39:10","slug":"urubu-de-cabeca-preta","status":"publish","type":"page","link":"https:\/\/agrarias.ufpr.br\/sacas\/urubu-de-cabeca-preta\/","title":{"rendered":"Urubu de cabe\u00e7a preta"},"content":{"rendered":"<ol>\n<li>Par\u00e2metros hematol\u00f3gicos e valores de prote\u00edna plasm\u00e1tica total (PPT) de adultos saud\u00e1veis de Urubu-de-Cabe\u00e7a-Preta (<em>Coragyps atratus<\/em>)<\/li>\n<\/ol>\n<table width=\"567\">\n<tbody>\n<tr>\n<td width=\"142\"><strong>Par\u00e2metro<\/strong><\/td>\n<td width=\"142\"><strong>Unidade<\/strong><\/td>\n<td width=\"142\"><strong>M\u00e9dia<\/strong><\/td>\n<td width=\"142\"><strong>DP<\/strong><\/td>\n<\/tr>\n<tr>\n<td width=\"142\"><strong>Hemat\u00f3crito<\/strong><\/td>\n<td width=\"142\">%<\/td>\n<td width=\"142\">45,33<\/td>\n<td width=\"142\">\u00b14,67<\/td>\n<\/tr>\n<tr>\n<td width=\"142\"><strong>Eritr\u00f3citos<\/strong><\/td>\n<td width=\"142\">x 10<sup>6<\/sup> \/\u00b5L<\/td>\n<td width=\"142\">2,28<\/td>\n<td width=\"142\">\u00b10,24<\/td>\n<\/tr>\n<tr>\n<td width=\"142\"><strong>Hemoglobina<\/strong><\/td>\n<td width=\"142\">g\/dL<\/td>\n<td width=\"142\">7,70<\/td>\n<td width=\"142\">\u00b10,80<\/td>\n<\/tr>\n<tr>\n<td width=\"142\"><strong>VGM<\/strong><\/td>\n<td width=\"142\">fL<\/td>\n<td width=\"142\">201,53<\/td>\n<td width=\"142\">\u00b132,29<\/td>\n<\/tr>\n<tr>\n<td width=\"142\"><strong>CHGM<\/strong><\/td>\n<td width=\"142\">%<\/td>\n<td width=\"142\">17,11<\/td>\n<td width=\"142\">\u00b12,43<\/td>\n<\/tr>\n<tr>\n<td width=\"142\"><strong>HGM<\/strong><\/td>\n<td width=\"142\">pg<\/td>\n<td width=\"142\">34,00<\/td>\n<td width=\"142\">\u00b13,36<\/td>\n<\/tr>\n<tr>\n<td width=\"142\"><strong>Leuc\u00f3citos totais<\/strong><\/td>\n<td width=\"142\">\/\u00b5L<\/td>\n<td width=\"142\">16666,67<\/td>\n<td width=\"142\">\u00b17089,89<\/td>\n<\/tr>\n<tr>\n<td width=\"142\"><strong>Heter\u00f3filos<\/strong><\/td>\n<td width=\"142\">\/\u00b5L<\/td>\n<td width=\"142\">11615,00<\/td>\n<td width=\"142\">\u00b14740,96<\/td>\n<\/tr>\n<tr>\n<td width=\"142\"><strong>Linf\u00f3citos<\/strong><\/td>\n<td width=\"142\">\/\u00b5L<\/td>\n<td width=\"142\">3911,67<\/td>\n<td width=\"142\">\u00b12315,05<\/td>\n<\/tr>\n<tr>\n<td width=\"142\"><strong>Mon\u00f3citos<\/strong><\/td>\n<td width=\"142\">\/\u00b5L<\/td>\n<td width=\"142\">420,00<\/td>\n<td width=\"142\">\u00b187,17<\/td>\n<\/tr>\n<tr>\n<td width=\"142\"><strong>Eosin\u00f3filos<\/strong><\/td>\n<td width=\"142\">\/\u00b5L<\/td>\n<td width=\"142\">445,00<\/td>\n<td width=\"142\">\u00b1253,70<\/td>\n<\/tr>\n<tr>\n<td width=\"142\"><strong>Bas\u00f3filos<\/strong><\/td>\n<td width=\"142\">\/\u00b5L<\/td>\n<td width=\"142\">760,00<\/td>\n<td width=\"142\">\u00b1417,43<\/td>\n<\/tr>\n<tr>\n<td width=\"142\"><strong>H:L<\/strong><\/td>\n<td width=\"142\"><strong>&nbsp;<\/strong><\/td>\n<td width=\"142\">3,57<\/td>\n<td width=\"142\">\u00b11,37<\/td>\n<\/tr>\n<tr>\n<td width=\"142\"><strong>Tromb\u00f3citos<\/strong><\/td>\n<td width=\"142\">\/\u00b5L<\/td>\n<td width=\"142\">36756,25<\/td>\n<td width=\"142\">\u00b116038,31<\/td>\n<\/tr>\n<tr>\n<td width=\"142\"><strong>PPT<\/strong><\/td>\n<td width=\"142\">g\/dL<\/td>\n<td width=\"142\">3,60<\/td>\n<td width=\"142\">\u00b10,30<\/td>\n<\/tr>\n<\/tbody>\n<\/table>\n<p>&nbsp;<\/p>\n<p>&nbsp;<\/p>\n<ol start=\"2\">\n<li>Par\u00e2metros bioqu\u00edmicos s\u00e9ricos de adultos saud\u00e1veis de Urubu-de-Cabe\u00e7a-Preta (<em>Coragyps atratus<\/em>)<\/li>\n<\/ol>\n<table width=\"567\">\n<tbody>\n<tr>\n<td width=\"142\"><strong>Par\u00e2metro <\/strong><\/td>\n<td width=\"142\"><strong>Unidade<\/strong><\/td>\n<td width=\"142\"><strong>M\u00e9dia<\/strong><\/td>\n<td width=\"142\"><strong>DP<\/strong><\/td>\n<\/tr>\n<tr>\n<td width=\"142\"><strong>Prote\u00ednas totais<\/strong><\/td>\n<td width=\"142\">g\/dL<\/td>\n<td width=\"142\">3,16<\/td>\n<td width=\"142\">&#8211;<\/td>\n<\/tr>\n<tr>\n<td width=\"142\"><strong>Albumina<\/strong><\/td>\n<td width=\"142\">g\/dL<\/td>\n<td width=\"142\">1,04<\/td>\n<td width=\"142\">&#8211;<\/td>\n<\/tr>\n<tr>\n<td width=\"142\"><strong>Globulinas<\/strong><\/td>\n<td width=\"142\">g\/dL<\/td>\n<td width=\"142\">2,12<\/td>\n<td width=\"142\">&#8211;<\/td>\n<\/tr>\n<tr>\n<td width=\"142\"><strong>A:G<\/strong><\/td>\n<td width=\"142\">&nbsp;<\/td>\n<td width=\"142\">1,55<\/td>\n<td width=\"142\">&#8211;<\/td>\n<\/tr>\n<tr>\n<td width=\"142\"><strong>AST<\/strong><\/td>\n<td width=\"142\">U\/L<\/td>\n<td width=\"142\">36,12<\/td>\n<td width=\"142\">&#8211;<\/td>\n<\/tr>\n<tr>\n<td width=\"142\"><strong>GGT<\/strong><\/td>\n<td width=\"142\">U\/L<\/td>\n<td width=\"142\">2,60<\/td>\n<td width=\"142\">&#8211;<\/td>\n<\/tr>\n<tr>\n<td width=\"142\"><strong>\u00c1cido \u00darico<\/strong><\/td>\n<td width=\"142\">mg\/dL<\/td>\n<td width=\"142\">8,77<\/td>\n<td width=\"142\">&#8211;<\/td>\n<\/tr>\n<tr>\n<td width=\"142\"><strong>Colesterol<\/strong><\/td>\n<td width=\"142\">mg\/dL<\/td>\n<td width=\"142\">195,18<\/td>\n<td width=\"142\">&#8211;<\/td>\n<\/tr>\n<tr>\n<td width=\"142\"><strong>Glicose<\/strong><\/td>\n<td width=\"142\">mg\/dL<\/td>\n<td width=\"142\">250,50<\/td>\n<td width=\"142\">&#8211;<\/td>\n<\/tr>\n<tr>\n<td width=\"142\"><strong>CK<\/strong><\/td>\n<td width=\"142\">U\/L<\/td>\n<td width=\"142\">777,22<\/td>\n<td width=\"142\">&#8211;<\/td>\n<\/tr>\n<tr>\n<td width=\"142\"><strong>LDH<\/strong><\/td>\n<td width=\"142\">U\/L<\/td>\n<td width=\"142\">483,24<\/td>\n<td width=\"142\">&#8211;<\/td>\n<\/tr>\n<tr>\n<td width=\"142\"><strong>Ferro<\/strong><\/td>\n<td width=\"142\">\u00b5g\/dL<\/td>\n<td width=\"142\">194,06<\/td>\n<td width=\"142\">&#8211;<\/td>\n<\/tr>\n<tr>\n<td width=\"142\"><strong>C\u00e1lcio<\/strong><\/td>\n<td width=\"142\">mg\/dL<\/td>\n<td width=\"142\">6,78<\/td>\n<td width=\"142\">&#8211;<\/td>\n<\/tr>\n<tr>\n<td width=\"142\"><strong>F\u00f3sforo<\/strong><\/td>\n<td width=\"142\">mg\/dL<\/td>\n<td width=\"142\">2,62<\/td>\n<td width=\"142\">&#8211;<\/td>\n<\/tr>\n<tr>\n<td width=\"142\"><strong>Ca:P<\/strong><\/td>\n<td width=\"142\">&nbsp;<\/td>\n<td width=\"142\">3,34<\/td>\n<td width=\"142\">&#8211;<\/td>\n<\/tr>\n<tr>\n<td width=\"142\"><strong>Fosfatase Alcalina<\/strong><\/td>\n<td width=\"142\">U\/L<\/td>\n<td width=\"142\">35,73<\/td>\n<td width=\"142\">&#8211;<\/td>\n<\/tr>\n<\/tbody>\n<\/table>\n<p>&nbsp;<\/p>\n<p>&nbsp;<\/p>\n<p>&nbsp;<\/p>\n<p>&nbsp;<\/p>\n<p>&nbsp;<\/p>\n<p>&nbsp;<\/p>\n<p>&nbsp;<\/p>\n<ol start=\"3\">\n<li>Par\u00e2metros hematol\u00f3gicos e valores de prote\u00edna plasm\u00e1tica total (PPT) de jovens saud\u00e1veis de Urubu-de-Cabe\u00e7a-Preta (<em>Coragyps atratus<\/em>)<\/li>\n<\/ol>\n<table>\n<tbody>\n<tr>\n<td width=\"151\"><strong>Par\u00e2metro<\/strong><\/td>\n<td width=\"151\"><strong>Unidade<\/strong><\/td>\n<td width=\"151\"><strong>M\u00e9dia<\/strong><\/td>\n<\/tr>\n<tr>\n<td width=\"151\"><strong>Hemat\u00f3crito<\/strong><\/td>\n<td width=\"151\">%<\/td>\n<td width=\"151\">41,00<\/td>\n<\/tr>\n<tr>\n<td width=\"151\"><strong>Eritr\u00f3citos<\/strong><\/td>\n<td width=\"151\">x 10<sup>6<\/sup> \/\u00b5L<\/td>\n<td width=\"151\">2,13<\/td>\n<\/tr>\n<tr>\n<td width=\"151\"><strong>Hemoglobina<\/strong><\/td>\n<td width=\"151\">g\/dL<\/td>\n<td width=\"151\">10,50<\/td>\n<\/tr>\n<tr>\n<td width=\"151\"><strong>VGM<\/strong><\/td>\n<td width=\"151\">fL<\/td>\n<td width=\"151\">192,49<\/td>\n<\/tr>\n<tr>\n<td width=\"151\"><strong>CHGM<\/strong><\/td>\n<td width=\"151\">%<\/td>\n<td width=\"151\">25,61<\/td>\n<\/tr>\n<tr>\n<td width=\"151\"><strong>HGM<\/strong><\/td>\n<td width=\"151\">pg<\/td>\n<td width=\"151\">49,30<\/td>\n<\/tr>\n<tr>\n<td width=\"151\"><strong>Leuc\u00f3citos totais<\/strong><\/td>\n<td width=\"151\">\/\u00b5L<\/td>\n<td width=\"151\">25000,00<\/td>\n<\/tr>\n<tr>\n<td width=\"151\"><strong>Heter\u00f3filos<\/strong><\/td>\n<td width=\"151\">\/\u00b5L<\/td>\n<td width=\"151\">19750,00<\/td>\n<\/tr>\n<tr>\n<td width=\"151\"><strong>Linf\u00f3citos<\/strong><\/td>\n<td width=\"151\">\/\u00b5L<\/td>\n<td width=\"151\">4250,00<\/td>\n<\/tr>\n<tr>\n<td width=\"151\"><strong>Mon\u00f3citos<\/strong><\/td>\n<td width=\"151\">\/\u00b5L<\/td>\n<td width=\"151\">750,00<\/td>\n<\/tr>\n<tr>\n<td width=\"151\"><strong>Eosin\u00f3filos<\/strong><\/td>\n<td width=\"151\">\/\u00b5L<\/td>\n<td width=\"151\">00,00<\/td>\n<\/tr>\n<tr>\n<td width=\"151\"><strong>Bas\u00f3filos<\/strong><\/td>\n<td width=\"151\">\/\u00b5L<\/td>\n<td width=\"151\">250,00<\/td>\n<\/tr>\n<tr>\n<td width=\"151\"><strong>H:L<\/strong><\/td>\n<td width=\"151\">&nbsp;<\/td>\n<td width=\"151\">0,88<\/td>\n<\/tr>\n<tr>\n<td width=\"151\"><strong>Tromb\u00f3citos<\/strong><\/td>\n<td width=\"151\">\/\u00b5L<\/td>\n<td width=\"151\">42600,00<\/td>\n<\/tr>\n<tr>\n<td width=\"151\"><strong>PPT<\/strong><\/td>\n<td width=\"151\">g\/dL<\/td>\n<td width=\"151\">4,40<\/td>\n<\/tr>\n<\/tbody>\n<\/table>\n<p>&nbsp;<\/p>\n<p>&nbsp;<\/p>\n<ol start=\"4\">\n<li>Par\u00e2metros bioqu\u00edmicos s\u00e9ricos e fibrinog\u00eanio de jovens saud\u00e1veis de Urubu-de-Cabe\u00e7a-Preta (<em>Coragyps atratus<\/em>)<\/li>\n<\/ol>\n<table>\n<tbody>\n<tr>\n<td width=\"151\"><strong>Par\u00e2metro <\/strong><\/td>\n<td width=\"151\"><strong>Unidade<\/strong><\/td>\n<td width=\"151\"><strong>M\u00e9dia<\/strong><\/td>\n<\/tr>\n<tr>\n<td width=\"151\"><strong>Prote\u00ednas totais<\/strong><\/td>\n<td width=\"151\">g\/dL<\/td>\n<td width=\"151\">3,60<\/td>\n<\/tr>\n<tr>\n<td width=\"151\"><strong>Albumina<\/strong><\/td>\n<td width=\"151\">g\/dL<\/td>\n<td width=\"151\">1,30<\/td>\n<\/tr>\n<tr>\n<td width=\"151\"><strong>Globulinas<\/strong><\/td>\n<td width=\"151\">g\/dL<\/td>\n<td width=\"151\">2,30<\/td>\n<\/tr>\n<tr>\n<td width=\"151\"><strong>A:G<\/strong><\/td>\n<td width=\"151\">&nbsp;<\/td>\n<td width=\"151\">0,57<\/td>\n<\/tr>\n<tr>\n<td width=\"151\"><strong>AST<\/strong><\/td>\n<td width=\"151\">U\/L<\/td>\n<td width=\"151\">38,10<\/td>\n<\/tr>\n<tr>\n<td width=\"151\"><strong>GGT<\/strong><\/td>\n<td width=\"151\">U\/L<\/td>\n<td width=\"151\">&#8211;<\/td>\n<\/tr>\n<tr>\n<td width=\"151\"><strong>\u00c1cido \u00darico<\/strong><\/td>\n<td width=\"151\">mg\/dL<\/td>\n<td width=\"151\">6,10<\/td>\n<\/tr>\n<tr>\n<td width=\"151\"><strong>Colesterol<\/strong><\/td>\n<td width=\"151\">mg\/dL<\/td>\n<td width=\"151\">165,60<\/td>\n<\/tr>\n<tr>\n<td width=\"151\"><strong>Glicose<\/strong><\/td>\n<td width=\"151\">mg\/dL<\/td>\n<td width=\"151\">214,60<\/td>\n<\/tr>\n<tr>\n<td width=\"151\"><strong>CK<\/strong><\/td>\n<td width=\"151\">U\/L<\/td>\n<td width=\"151\">3628,00<\/td>\n<\/tr>\n<tr>\n<td width=\"151\"><strong>LDH<\/strong><\/td>\n<td width=\"151\">U\/L<\/td>\n<td width=\"151\">&#8211;<\/td>\n<\/tr>\n<tr>\n<td width=\"151\"><strong>Ferro<\/strong><\/td>\n<td width=\"151\">\u00b5g\/dL<\/td>\n<td width=\"151\">&#8211;<\/td>\n<\/tr>\n<tr>\n<td width=\"151\"><strong>C\u00e1lcio<\/strong><\/td>\n<td width=\"151\">mg\/dL<\/td>\n<td width=\"151\">7,80<\/td>\n<\/tr>\n<tr>\n<td width=\"151\"><strong>F\u00f3sforo<\/strong><\/td>\n<td width=\"151\">mg\/dL<\/td>\n<td width=\"151\">8,50<\/td>\n<\/tr>\n<tr>\n<td width=\"151\"><strong>Ca:P<\/strong><\/td>\n<td width=\"151\">&nbsp;<\/td>\n<td width=\"151\">0,92<\/td>\n<\/tr>\n<tr>\n<td width=\"151\"><strong>Fosfatase Alcalina<\/strong><\/td>\n<td width=\"151\">U\/L<\/td>\n<td width=\"151\">406,20<\/td>\n<\/tr>\n<tr>\n<td width=\"151\"><strong>Fibrinog\u00eanio<\/strong><\/td>\n<td width=\"151\">mg\/dL<\/td>\n<td width=\"151\">0,40<\/td>\n<\/tr>\n<\/tbody>\n<\/table>\n<p>&nbsp;<\/p>\n<p>&nbsp;<\/p>\n<p>&nbsp;<\/p>\n","protected":false},"excerpt":{"rendered":"<p>Par\u00e2metros hematol\u00f3gicos e valores de prote\u00edna plasm\u00e1tica total (PPT) de adultos saud\u00e1veis de Urubu-de-Cabe\u00e7a-Preta (Coragyps atratus) Par\u00e2metro Unidade M\u00e9dia DP Hemat\u00f3crito % 45,33 \u00b14,67 Eritr\u00f3citos x 106 \/\u00b5L 2,28 \u00b10,24 Hemoglobina g\/dL 7,70 \u00b10,80 VGM fL 201,53 \u00b132,29 CHGM % 17,11 \u00b12,43 HGM pg 34,00 \u00b13,36 Leuc\u00f3citos totais \/\u00b5L 16666,67 \u00b17089,89 Heter\u00f3filos \/\u00b5L 11615,00 \u00b14740,96 [&hellip;]<\/p>\n","protected":false},"author":3,"featured_media":0,"parent":0,"menu_order":0,"comment_status":"closed","ping_status":"closed","template":"","meta":{"footnotes":""},"class_list":["post-351","page","type-page","status-publish","hentry"],"_links":{"self":[{"href":"https:\/\/agrarias.ufpr.br\/sacas\/wp-json\/wp\/v2\/pages\/351","targetHints":{"allow":["GET"]}}],"collection":[{"href":"https:\/\/agrarias.ufpr.br\/sacas\/wp-json\/wp\/v2\/pages"}],"about":[{"href":"https:\/\/agrarias.ufpr.br\/sacas\/wp-json\/wp\/v2\/types\/page"}],"author":[{"embeddable":true,"href":"https:\/\/agrarias.ufpr.br\/sacas\/wp-json\/wp\/v2\/users\/3"}],"replies":[{"embeddable":true,"href":"https:\/\/agrarias.ufpr.br\/sacas\/wp-json\/wp\/v2\/comments?post=351"}],"version-history":[{"count":1,"href":"https:\/\/agrarias.ufpr.br\/sacas\/wp-json\/wp\/v2\/pages\/351\/revisions"}],"predecessor-version":[{"id":352,"href":"https:\/\/agrarias.ufpr.br\/sacas\/wp-json\/wp\/v2\/pages\/351\/revisions\/352"}],"wp:attachment":[{"href":"https:\/\/agrarias.ufpr.br\/sacas\/wp-json\/wp\/v2\/media?parent=351"}],"curies":[{"name":"wp","href":"https:\/\/api.w.org\/{rel}","templated":true}]}}