{"id":349,"date":"2019-01-24T14:36:29","date_gmt":"2019-01-24T14:36:29","guid":{"rendered":"https:\/\/agrarias.ufpr.br\/sacas\/?page_id=349"},"modified":"2019-01-24T14:36:29","modified_gmt":"2019-01-24T14:36:29","slug":"suindara","status":"publish","type":"page","link":"https:\/\/agrarias.ufpr.br\/sacas\/suindara\/","title":{"rendered":"Suindara"},"content":{"rendered":"<ol>\n<li>Par\u00e2metros hematol\u00f3gicos e valores de prote\u00edna plasm\u00e1tica total (PPT) de adultos saud\u00e1veis de Suindara (<em>Tyto furcata<\/em>)<\/li>\n<\/ol>\n<table>\n<tbody>\n<tr>\n<td width=\"137\"><strong>Par\u00e2metro<\/strong><\/td>\n<td width=\"137\"><strong>Unidades<\/strong><\/td>\n<td width=\"137\"><strong>M\u00e9dia<\/strong><\/td>\n<td width=\"137\"><strong>DP<\/strong><\/td>\n<\/tr>\n<tr>\n<td width=\"137\"><strong>Hemat\u00f3crito<\/strong><\/td>\n<td width=\"137\">%<\/td>\n<td width=\"137\">43,94<\/td>\n<td width=\"137\">\u00b13,48<\/td>\n<\/tr>\n<tr>\n<td width=\"137\"><strong>Eritr\u00f3citos<\/strong><\/td>\n<td width=\"137\">X 10<sup>6<\/sup>\/uL<\/td>\n<td width=\"137\">1,88<\/td>\n<td width=\"137\">\u00b10,36<\/td>\n<\/tr>\n<tr>\n<td width=\"137\"><strong>Hemoglobina<\/strong><\/td>\n<td width=\"137\">g\/dL<\/td>\n<td width=\"137\">11,37<\/td>\n<td width=\"137\">\u00b13,95<\/td>\n<\/tr>\n<tr>\n<td width=\"137\"><strong>VGM<\/strong><\/td>\n<td width=\"137\">fL<\/td>\n<td width=\"137\">242,30<\/td>\n<td width=\"137\">\u00b150,08<\/td>\n<\/tr>\n<tr>\n<td width=\"137\"><strong>CHGM<\/strong><\/td>\n<td width=\"137\">%<\/td>\n<td width=\"137\">25,98<\/td>\n<td width=\"137\">\u00b19,21<\/td>\n<\/tr>\n<tr>\n<td width=\"137\"><strong>HGM<\/strong><\/td>\n<td width=\"137\">pg<\/td>\n<td width=\"137\">65,01<\/td>\n<td width=\"137\">\u00b134,09<\/td>\n<\/tr>\n<tr>\n<td width=\"137\"><strong>Leuc\u00f3citos totais<\/strong><\/td>\n<td width=\"137\">\/uL<\/td>\n<td width=\"137\">10861,11<\/td>\n<td width=\"137\">\u00b14028,59<\/td>\n<\/tr>\n<tr>\n<td width=\"137\"><strong>Heter\u00f3filos<\/strong><\/td>\n<td width=\"137\">\/uL<\/td>\n<td width=\"137\">7127,78<\/td>\n<td width=\"137\">\u00b13394,87<\/td>\n<\/tr>\n<tr>\n<td width=\"137\"><strong>Linf\u00f3citos<\/strong><\/td>\n<td width=\"137\">\/uL<\/td>\n<td width=\"137\">3056,94<\/td>\n<td width=\"137\">\u00b11617,53<\/td>\n<\/tr>\n<tr>\n<td width=\"137\"><strong>Mon\u00f3citos<\/strong><\/td>\n<td width=\"137\">\/uL<\/td>\n<td width=\"137\">186,00<\/td>\n<td width=\"137\">\u00b1153,06<\/td>\n<\/tr>\n<tr>\n<td width=\"137\"><strong>Eosin\u00f3filos<\/strong><\/td>\n<td width=\"137\">\/uL<\/td>\n<td width=\"137\">300,45<\/td>\n<td width=\"137\">\u00b1298,93<\/td>\n<\/tr>\n<tr>\n<td width=\"137\"><strong>Bas\u00f3filos<\/strong><\/td>\n<td width=\"137\">\/uL<\/td>\n<td width=\"137\">496,25<\/td>\n<td width=\"137\">\u00b1310,05<\/td>\n<\/tr>\n<tr>\n<td width=\"137\"><strong>H:L<\/strong><\/td>\n<td width=\"137\">&nbsp;<\/td>\n<td width=\"137\">3,38<\/td>\n<td width=\"137\">\u00b12,21<\/td>\n<\/tr>\n<tr>\n<td width=\"137\"><strong>Tromb\u00f3citos<\/strong><\/td>\n<td width=\"137\">\/uL<\/td>\n<td width=\"137\">41458,50<\/td>\n<td width=\"137\">\u00b118746,87<\/td>\n<\/tr>\n<tr>\n<td width=\"137\"><strong>PPT<\/strong><\/td>\n<td width=\"137\">g\/dL<\/td>\n<td width=\"137\">3,73<\/td>\n<td width=\"137\">\u00b10,51<\/td>\n<\/tr>\n<\/tbody>\n<\/table>\n<p>&nbsp;<\/p>\n<p>&nbsp;<\/p>\n<ol start=\"2\">\n<li>Par\u00e2metros bioqu\u00edmicos s\u00e9ricos de adultos saud\u00e1veis de Suindara (<em>Tyto furcata<\/em>)<\/li>\n<\/ol>\n<table>\n<tbody>\n<tr>\n<td width=\"137\"><strong>Par\u00e2metros<\/strong><\/td>\n<td width=\"137\"><strong>Unidades<\/strong><\/td>\n<td width=\"137\"><strong>M\u00e9dia<\/strong><\/td>\n<td width=\"137\"><strong>DP<\/strong><\/td>\n<\/tr>\n<tr>\n<td width=\"137\"><strong>Prote\u00ednas Totais<\/strong><\/td>\n<td width=\"137\">g\/dL<\/td>\n<td width=\"137\">3,09<\/td>\n<td width=\"137\">\u00b10,42<\/td>\n<\/tr>\n<tr>\n<td width=\"137\"><strong>Albumina<\/strong><\/td>\n<td width=\"137\">g\/dL<\/td>\n<td width=\"137\">0,84<\/td>\n<td width=\"137\">\u00b10,37<\/td>\n<\/tr>\n<tr>\n<td width=\"137\"><strong>Globulinas<\/strong><\/td>\n<td width=\"137\">g\/dL<\/td>\n<td width=\"137\">2,18<\/td>\n<td width=\"137\">\u00b10,49<\/td>\n<\/tr>\n<tr>\n<td width=\"137\"><strong>A:G<\/strong><\/td>\n<td width=\"137\">&nbsp;<\/td>\n<td width=\"137\">0,43<\/td>\n<td width=\"137\">\u00b10,24<\/td>\n<\/tr>\n<tr>\n<td width=\"137\"><strong>AST<\/strong><\/td>\n<td width=\"137\">U\/L<\/td>\n<td width=\"137\">164,98<\/td>\n<td width=\"137\">\u00b148,93<\/td>\n<\/tr>\n<tr>\n<td width=\"137\"><strong>GGT<\/strong><\/td>\n<td width=\"137\">U\/L<\/td>\n<td width=\"137\">3,56<\/td>\n<td width=\"137\">\u00b13,69<\/td>\n<\/tr>\n<tr>\n<td width=\"137\"><strong>\u00c1cido \u00darico<\/strong><\/td>\n<td width=\"137\">mg\/dL<\/td>\n<td width=\"137\">14,91<\/td>\n<td width=\"137\">\u00b18,41<\/td>\n<\/tr>\n<tr>\n<td width=\"137\"><strong>Colesterol<\/strong><\/td>\n<td width=\"137\">mg\/dL<\/td>\n<td width=\"137\">186,18<\/td>\n<td width=\"137\">\u00b128,80<\/td>\n<\/tr>\n<tr>\n<td width=\"137\"><strong>Glicose<\/strong><\/td>\n<td width=\"137\">mg\/dL<\/td>\n<td width=\"137\">205,05<\/td>\n<td width=\"137\">\u00b141,26<\/td>\n<\/tr>\n<tr>\n<td width=\"137\"><strong>CK<\/strong><\/td>\n<td width=\"137\">U\/L<\/td>\n<td width=\"137\">2032,84<\/td>\n<td width=\"137\">\u00b1418,07<\/td>\n<\/tr>\n<tr>\n<td width=\"137\"><strong>LDH<\/strong><\/td>\n<td width=\"137\">U\/L<\/td>\n<td width=\"137\">1166,15<\/td>\n<td width=\"137\">\u00b1547,41<\/td>\n<\/tr>\n<tr>\n<td width=\"137\"><strong>Ferro<\/strong><\/td>\n<td width=\"137\">ug\/dL<\/td>\n<td width=\"137\">323,78<\/td>\n<td width=\"137\">\u00b1133,46<\/td>\n<\/tr>\n<tr>\n<td width=\"137\"><strong>C\u00e1lcio<\/strong><\/td>\n<td width=\"137\">mg\/dL<\/td>\n<td width=\"137\">7,90<\/td>\n<td width=\"137\">\u00b10,56<\/td>\n<\/tr>\n<tr>\n<td width=\"137\"><strong>F\u00f3sforo<\/strong><\/td>\n<td width=\"137\">mg\/dL<\/td>\n<td width=\"137\">4,73<\/td>\n<td width=\"137\">\u00b12,56<\/td>\n<\/tr>\n<tr>\n<td width=\"137\"><strong>Ca:P<\/strong><\/td>\n<td width=\"137\">&nbsp;<\/td>\n<td width=\"137\">137,45<\/td>\n<td width=\"137\">\u00b1102,85<\/td>\n<\/tr>\n<tr>\n<td width=\"137\"><strong>Fosfatase Alcalina<\/strong><\/td>\n<td width=\"137\">U\/L<\/td>\n<td width=\"137\">0,24<\/td>\n<td width=\"137\">\u00b10,08<\/td>\n<\/tr>\n<\/tbody>\n<\/table>\n<p>&nbsp;<\/p>\n<p>&nbsp;<\/p>\n<p>&nbsp;<\/p>\n<p>&nbsp;<\/p>\n<p>&nbsp;<\/p>\n<ol start=\"3\">\n<li>Par\u00e2metros hematol\u00f3gicos e valores de prote\u00edna plasm\u00e1tica total (PPT) de jovens saud\u00e1veis de Suindara (<em>Tyto furcata<\/em>)<\/li>\n<\/ol>\n<table>\n<tbody>\n<tr>\n<td width=\"137\"><strong>Par\u00e2metro<\/strong><\/td>\n<td width=\"137\"><strong>Unidades<\/strong><\/td>\n<td width=\"137\"><strong>M\u00e9dia<\/strong><\/td>\n<td width=\"137\"><strong>DP<\/strong><\/td>\n<\/tr>\n<tr>\n<td width=\"137\"><strong>Hemat\u00f3crito<\/strong><\/td>\n<td width=\"137\">%<\/td>\n<td width=\"137\">37,00<\/td>\n<td width=\"137\">\u00b14,24<\/td>\n<\/tr>\n<tr>\n<td width=\"137\"><strong>Eritr\u00f3citos<\/strong><\/td>\n<td width=\"137\">X 10<sup>6<\/sup>\/uL<\/td>\n<td width=\"137\">1,87<\/td>\n<td width=\"137\">\u00b10,07<\/td>\n<\/tr>\n<tr>\n<td width=\"137\"><strong>Hemoglobina<\/strong><\/td>\n<td width=\"137\">g\/dL<\/td>\n<td width=\"137\">8,60<\/td>\n<td width=\"137\">\u00b11,41<\/td>\n<\/tr>\n<tr>\n<td width=\"137\"><strong>VGM<\/strong><\/td>\n<td width=\"137\">fL<\/td>\n<td width=\"137\">198,20<\/td>\n<td width=\"137\">\u00b130,51<\/td>\n<\/tr>\n<tr>\n<td width=\"137\"><strong>CHGM<\/strong><\/td>\n<td width=\"137\">%<\/td>\n<td width=\"137\">23,18<\/td>\n<td width=\"137\">\u00b11,16<\/td>\n<\/tr>\n<tr>\n<td width=\"137\"><strong>HGM<\/strong><\/td>\n<td width=\"137\">pg<\/td>\n<td width=\"137\">46,11<\/td>\n<td width=\"137\">\u00b19,38<\/td>\n<\/tr>\n<tr>\n<td width=\"137\"><strong>Leuc\u00f3citos totais<\/strong><\/td>\n<td width=\"137\">\/uL<\/td>\n<td width=\"137\">14500,00<\/td>\n<td width=\"137\">\u00b13535,53<\/td>\n<\/tr>\n<tr>\n<td width=\"137\"><strong>Heter\u00f3filos<\/strong><\/td>\n<td width=\"137\">\/uL<\/td>\n<td width=\"137\">10180,00<\/td>\n<td width=\"137\">\u00b1989,94<\/td>\n<\/tr>\n<tr>\n<td width=\"137\"><strong>Linf\u00f3citos<\/strong><\/td>\n<td width=\"137\">\/uL<\/td>\n<td width=\"137\">3740,00<\/td>\n<td width=\"137\">\u00b12404,16<\/td>\n<\/tr>\n<tr>\n<td width=\"137\"><strong>Mon\u00f3citos<\/strong><\/td>\n<td width=\"137\">\/uL<\/td>\n<td width=\"137\">120,00<\/td>\n<td width=\"137\">&#8211;<\/td>\n<\/tr>\n<tr>\n<td width=\"137\"><strong>Eosin\u00f3filos<\/strong><\/td>\n<td width=\"137\">\/uL<\/td>\n<td width=\"137\">265,00<\/td>\n<td width=\"137\">\u00b1134,35<\/td>\n<\/tr>\n<tr>\n<td width=\"137\"><strong>Bas\u00f3filos<\/strong><\/td>\n<td width=\"137\">\/uL<\/td>\n<td width=\"137\">510,00<\/td>\n<td width=\"137\">&#8211;<\/td>\n<\/tr>\n<tr>\n<td width=\"137\"><strong>H:L<\/strong><\/td>\n<td width=\"137\">&nbsp;<\/td>\n<td width=\"137\">3,32<\/td>\n<td width=\"137\">\u00b11,87<\/td>\n<\/tr>\n<tr>\n<td width=\"137\"><strong>Tromb\u00f3citos<\/strong><\/td>\n<td width=\"137\">\/uL<\/td>\n<td width=\"137\">&#8211;<\/td>\n<td width=\"137\">&#8211;<\/td>\n<\/tr>\n<tr>\n<td width=\"137\"><strong>PPT<\/strong><\/td>\n<td width=\"137\">g\/dL<\/td>\n<td width=\"137\">2,60<\/td>\n<td width=\"137\">\u00b10,84<\/td>\n<\/tr>\n<\/tbody>\n<\/table>\n<p>&nbsp;<\/p>\n<p>&nbsp;<\/p>\n<ol start=\"4\">\n<li>Par\u00e2metros bioqu\u00edmicos s\u00e9ricos e fibrinog\u00eanio de jovens saud\u00e1veis de Suindara (<em>Tyto furcata<\/em>)<\/li>\n<\/ol>\n<table>\n<tbody>\n<tr>\n<td width=\"137\"><strong>Par\u00e2metros<\/strong><\/td>\n<td width=\"137\"><strong>Unidades<\/strong><\/td>\n<td width=\"137\"><strong>M\u00e9dia<\/strong><\/td>\n<td width=\"137\"><strong>DP<\/strong><\/td>\n<\/tr>\n<tr>\n<td width=\"137\"><strong>Prote\u00ednas Totais<\/strong><\/td>\n<td width=\"137\">g\/dL<\/td>\n<td width=\"137\">2,55<\/td>\n<td width=\"137\">\u00b10,35<\/td>\n<\/tr>\n<tr>\n<td width=\"137\"><strong>Albumina<\/strong><\/td>\n<td width=\"137\">g\/dL<\/td>\n<td width=\"137\">0,75<\/td>\n<td width=\"137\">\u00b10,63<\/td>\n<\/tr>\n<tr>\n<td width=\"137\"><strong>Globulinas<\/strong><\/td>\n<td width=\"137\">g\/dL<\/td>\n<td width=\"137\">1,80<\/td>\n<td width=\"137\">\u00b10,28<\/td>\n<\/tr>\n<tr>\n<td width=\"137\"><strong>A:G<\/strong><\/td>\n<td width=\"137\">&nbsp;<\/td>\n<td width=\"137\">0,45<\/td>\n<td width=\"137\">\u00b10,42<\/td>\n<\/tr>\n<tr>\n<td width=\"137\"><strong>AST<\/strong><\/td>\n<td width=\"137\">U\/L<\/td>\n<td width=\"137\">150,10<\/td>\n<td width=\"137\">\u00b18,34<\/td>\n<\/tr>\n<tr>\n<td width=\"137\"><strong>GGT<\/strong><\/td>\n<td width=\"137\">U\/L<\/td>\n<td width=\"137\">1,20<\/td>\n<td width=\"137\">&#8211;<\/td>\n<\/tr>\n<tr>\n<td width=\"137\"><strong>\u00c1cido \u00darico<\/strong><\/td>\n<td width=\"137\">mg\/dL<\/td>\n<td width=\"137\">28,35<\/td>\n<td width=\"137\">\u00b124,81<\/td>\n<\/tr>\n<tr>\n<td width=\"137\"><strong>Colesterol<\/strong><\/td>\n<td width=\"137\">mg\/dL<\/td>\n<td width=\"137\">133,00<\/td>\n<td width=\"137\">&#8211;<\/td>\n<\/tr>\n<tr>\n<td width=\"137\"><strong>Glicose<\/strong><\/td>\n<td width=\"137\">mg\/dL<\/td>\n<td width=\"137\">175,90<\/td>\n<td width=\"137\">&#8211;<\/td>\n<\/tr>\n<tr>\n<td width=\"137\"><strong>CK<\/strong><\/td>\n<td width=\"137\">U\/L<\/td>\n<td width=\"137\">1105,50<\/td>\n<td width=\"137\">\u00b11028,27<\/td>\n<\/tr>\n<tr>\n<td width=\"137\"><strong>LDH<\/strong><\/td>\n<td width=\"137\">U\/L<\/td>\n<td width=\"137\">&nbsp;1594,60<\/td>\n<td width=\"137\">&#8211;<\/td>\n<\/tr>\n<tr>\n<td width=\"137\"><strong>Ferro<\/strong><\/td>\n<td width=\"137\">ug\/dL<\/td>\n<td width=\"137\">443,50<\/td>\n<td width=\"137\">&#8211;<\/td>\n<\/tr>\n<tr>\n<td width=\"137\"><strong>C\u00e1lcio<\/strong><\/td>\n<td width=\"137\">mg\/dL<\/td>\n<td width=\"137\">7,40<\/td>\n<td width=\"137\">&#8211;<\/td>\n<\/tr>\n<tr>\n<td width=\"137\"><strong>F\u00f3sforo<\/strong><\/td>\n<td width=\"137\">mg\/dL<\/td>\n<td width=\"137\">&nbsp;7,10<\/td>\n<td width=\"137\">&#8211;<\/td>\n<\/tr>\n<tr>\n<td width=\"137\"><strong>Ca:P<\/strong><\/td>\n<td width=\"137\">&nbsp;<\/td>\n<td width=\"137\">1,04<\/td>\n<td width=\"137\">&#8211;<\/td>\n<\/tr>\n<tr>\n<td width=\"137\"><strong>Fosfatase Alcalina<\/strong><\/td>\n<td width=\"137\">U\/L<\/td>\n<td width=\"137\">&nbsp;159,70<\/td>\n<td width=\"137\">\u00b1133,92<\/td>\n<\/tr>\n<tr>\n<td width=\"137\"><strong>Fibrinog\u00eanio<\/strong><\/td>\n<td width=\"137\">mg\/dL<\/td>\n<td width=\"137\">0,20<\/td>\n<td width=\"137\">&#8211;<\/td>\n<\/tr>\n<\/tbody>\n<\/table>\n<p>&nbsp;<\/p>\n<p>&nbsp;<\/p>\n<p>&nbsp;<\/p>\n<p>&nbsp;<\/p>\n<ol start=\"5\">\n<li>Par\u00e2metros hematol\u00f3gicos e valores de prote\u00edna plasm\u00e1tica total (PPT) de filhotes saud\u00e1veis de suindara (<em>Tyto furcata<\/em>)<\/li>\n<\/ol>\n<table>\n<tbody>\n<tr>\n<td width=\"133\"><strong>Par\u00e2metro<\/strong><\/td>\n<td width=\"133\"><strong>Unidades<\/strong><\/td>\n<td width=\"133\"><strong>M\u00e9dia<\/strong><\/td>\n<\/tr>\n<tr>\n<td width=\"133\"><strong>Hemat\u00f3crito<\/strong><\/td>\n<td width=\"133\">%<\/td>\n<td width=\"133\">33,00<\/td>\n<\/tr>\n<tr>\n<td width=\"133\"><strong>Eritr\u00f3citos<\/strong><\/td>\n<td width=\"133\">X 10<sup>6<\/sup>\/uL<\/td>\n<td width=\"133\">1,20<\/td>\n<\/tr>\n<tr>\n<td width=\"133\"><strong>Hemoglobina<\/strong><\/td>\n<td width=\"133\">g\/dL<\/td>\n<td width=\"133\">8,00<\/td>\n<\/tr>\n<tr>\n<td width=\"133\"><strong>VGM<\/strong><\/td>\n<td width=\"133\">fL<\/td>\n<td width=\"133\">275,00<\/td>\n<\/tr>\n<tr>\n<td width=\"133\"><strong>CHGM<\/strong><\/td>\n<td width=\"133\">%<\/td>\n<td width=\"133\">24,24<\/td>\n<\/tr>\n<tr>\n<td width=\"133\"><strong>HGM<\/strong><\/td>\n<td width=\"133\">pg<\/td>\n<td width=\"133\">66,67<\/td>\n<\/tr>\n<tr>\n<td width=\"133\"><strong>Leuc\u00f3citos totais<\/strong><\/td>\n<td width=\"133\">\/uL<\/td>\n<td width=\"133\">8000,00<\/td>\n<\/tr>\n<tr>\n<td width=\"133\"><strong>Heter\u00f3filos<\/strong><\/td>\n<td width=\"133\">\/uL<\/td>\n<td width=\"133\">4160,00<\/td>\n<\/tr>\n<tr>\n<td width=\"133\"><strong>Linf\u00f3citos<\/strong><\/td>\n<td width=\"133\">\/uL<\/td>\n<td width=\"133\">3200,00<\/td>\n<\/tr>\n<tr>\n<td width=\"133\"><strong>Mon\u00f3citos<\/strong><\/td>\n<td width=\"133\">\/uL<\/td>\n<td width=\"133\">0,00<\/td>\n<\/tr>\n<tr>\n<td width=\"133\"><strong>Eosin\u00f3filos<\/strong><\/td>\n<td width=\"133\">\/uL<\/td>\n<td width=\"133\">560,00<\/td>\n<\/tr>\n<tr>\n<td width=\"133\"><strong>Bas\u00f3filos<\/strong><\/td>\n<td width=\"133\">\/uL<\/td>\n<td width=\"133\">80,00<\/td>\n<\/tr>\n<tr>\n<td width=\"133\"><strong>H:L<\/strong><\/td>\n<td width=\"133\">&nbsp;<\/td>\n<td width=\"133\">1,30<\/td>\n<\/tr>\n<tr>\n<td width=\"133\"><strong>Tromb\u00f3citos<\/strong><\/td>\n<td width=\"133\">\/uL<\/td>\n<td width=\"133\">0,00<\/td>\n<\/tr>\n<tr>\n<td width=\"133\"><strong>PPT<\/strong><\/td>\n<td width=\"133\">g\/dL<\/td>\n<td width=\"133\">3,60<\/td>\n<\/tr>\n<\/tbody>\n<\/table>\n<p>&nbsp;<\/p>\n<ol start=\"6\">\n<li>Par\u00e2metros bioqu\u00edmicos s\u00e9ricos de filhotes saud\u00e1veis de Suindara (<em>Tyto furcata<\/em>)<\/li>\n<\/ol>\n<table>\n<tbody>\n<tr>\n<td width=\"141\"><strong>Par\u00e2metros<\/strong><\/td>\n<td width=\"100\"><strong>Unidades<\/strong><\/td>\n<td width=\"157\"><strong>M\u00e9dia<\/strong><\/td>\n<\/tr>\n<tr>\n<td width=\"141\"><strong>Prote\u00ednas Totais<\/strong><\/td>\n<td width=\"100\">g\/dL<\/td>\n<td width=\"157\">3,10<\/td>\n<\/tr>\n<tr>\n<td width=\"141\"><strong>Albumina<\/strong><\/td>\n<td width=\"100\">g\/dL<\/td>\n<td width=\"157\">1,70<\/td>\n<\/tr>\n<tr>\n<td width=\"141\"><strong>Globulinas<\/strong><\/td>\n<td width=\"100\">g\/dL<\/td>\n<td width=\"157\">1,40<\/td>\n<\/tr>\n<tr>\n<td width=\"141\"><strong>A:G<\/strong><\/td>\n<td width=\"100\">&nbsp;<\/td>\n<td width=\"157\">1,21<\/td>\n<\/tr>\n<tr>\n<td width=\"141\"><strong>AST<\/strong><\/td>\n<td width=\"100\">U\/L<\/td>\n<td width=\"157\">171,50<\/td>\n<\/tr>\n<tr>\n<td width=\"141\"><strong>GGT<\/strong><\/td>\n<td width=\"100\">U\/L<\/td>\n<td width=\"157\">&#8211;<\/td>\n<\/tr>\n<tr>\n<td width=\"141\"><strong>\u00c1cido \u00darico<\/strong><\/td>\n<td width=\"100\">mg\/dL<\/td>\n<td width=\"157\">12,10<\/td>\n<\/tr>\n<tr>\n<td width=\"141\"><strong>Colesterol<\/strong><\/td>\n<td width=\"100\">mg\/dL<\/td>\n<td width=\"157\">&#8211;<\/td>\n<\/tr>\n<tr>\n<td width=\"141\"><strong>Glicose<\/strong><\/td>\n<td width=\"100\">mg\/dL<\/td>\n<td width=\"157\">219,20<\/td>\n<\/tr>\n<tr>\n<td width=\"141\"><strong>CK<\/strong><\/td>\n<td width=\"100\">U\/L<\/td>\n<td width=\"157\">&#8211;<\/td>\n<\/tr>\n<tr>\n<td width=\"141\"><strong>LDH<\/strong><\/td>\n<td width=\"100\">U\/L<\/td>\n<td width=\"157\">&#8211;<\/td>\n<\/tr>\n<tr>\n<td width=\"141\"><strong>Ferro<\/strong><\/td>\n<td width=\"100\">ug\/dL<\/td>\n<td width=\"157\">3,70<\/td>\n<\/tr>\n<tr>\n<td width=\"141\"><strong>C\u00e1lcio<\/strong><\/td>\n<td width=\"100\">mg\/dL<\/td>\n<td width=\"157\">7,80<\/td>\n<\/tr>\n<tr>\n<td width=\"141\"><strong>F\u00f3sforo<\/strong><\/td>\n<td width=\"100\">mg\/dL<\/td>\n<td width=\"157\">8,50<\/td>\n<\/tr>\n<tr>\n<td width=\"141\"><strong>Ca:P<\/strong><\/td>\n<td width=\"100\">&nbsp;<\/td>\n<td width=\"157\">0,92<\/td>\n<\/tr>\n<tr>\n<td width=\"141\"><strong>Fosfatase Alcalina<\/strong><\/td>\n<td width=\"100\">U\/L<\/td>\n<td width=\"157\">&#8211;<\/td>\n<\/tr>\n<\/tbody>\n<\/table>\n<p>&nbsp;<\/p>\n","protected":false},"excerpt":{"rendered":"<p>Par\u00e2metros hematol\u00f3gicos e valores de prote\u00edna plasm\u00e1tica total (PPT) de adultos saud\u00e1veis de Suindara (Tyto furcata) Par\u00e2metro Unidades M\u00e9dia DP Hemat\u00f3crito % 43,94 \u00b13,48 Eritr\u00f3citos X 106\/uL 1,88 \u00b10,36 Hemoglobina g\/dL 11,37 \u00b13,95 VGM fL 242,30 \u00b150,08 CHGM % 25,98 \u00b19,21 HGM pg 65,01 \u00b134,09 Leuc\u00f3citos totais \/uL 10861,11 \u00b14028,59 Heter\u00f3filos \/uL 7127,78 \u00b13394,87 Linf\u00f3citos [&hellip;]<\/p>\n","protected":false},"author":3,"featured_media":0,"parent":0,"menu_order":0,"comment_status":"closed","ping_status":"closed","template":"","meta":{"footnotes":""},"class_list":["post-349","page","type-page","status-publish","hentry"],"_links":{"self":[{"href":"https:\/\/agrarias.ufpr.br\/sacas\/wp-json\/wp\/v2\/pages\/349","targetHints":{"allow":["GET"]}}],"collection":[{"href":"https:\/\/agrarias.ufpr.br\/sacas\/wp-json\/wp\/v2\/pages"}],"about":[{"href":"https:\/\/agrarias.ufpr.br\/sacas\/wp-json\/wp\/v2\/types\/page"}],"author":[{"embeddable":true,"href":"https:\/\/agrarias.ufpr.br\/sacas\/wp-json\/wp\/v2\/users\/3"}],"replies":[{"embeddable":true,"href":"https:\/\/agrarias.ufpr.br\/sacas\/wp-json\/wp\/v2\/comments?post=349"}],"version-history":[{"count":1,"href":"https:\/\/agrarias.ufpr.br\/sacas\/wp-json\/wp\/v2\/pages\/349\/revisions"}],"predecessor-version":[{"id":350,"href":"https:\/\/agrarias.ufpr.br\/sacas\/wp-json\/wp\/v2\/pages\/349\/revisions\/350"}],"wp:attachment":[{"href":"https:\/\/agrarias.ufpr.br\/sacas\/wp-json\/wp\/v2\/media?parent=349"}],"curies":[{"name":"wp","href":"https:\/\/api.w.org\/{rel}","templated":true}]}}