{"id":346,"date":"2019-01-24T14:35:34","date_gmt":"2019-01-24T14:35:34","guid":{"rendered":"https:\/\/agrarias.ufpr.br\/sacas\/?page_id=346"},"modified":"2019-01-24T14:35:34","modified_gmt":"2019-01-24T14:35:34","slug":"sovi","status":"publish","type":"page","link":"https:\/\/agrarias.ufpr.br\/sacas\/sovi\/","title":{"rendered":"Sovi"},"content":{"rendered":"<ol>\n<li>Par\u00e2metros hematol\u00f3gicos e valores de prote\u00edna plasm\u00e1tica total (PPT) de adultos saud\u00e1veis de Sovi (<em>Ictinea plumbea<\/em>)<\/li>\n<\/ol>\n<table>\n<tbody>\n<tr>\n<td width=\"148\"><strong>Par\u00e2metro<\/strong><\/td>\n<td width=\"148\"><strong>Unidades<\/strong><\/td>\n<td width=\"148\"><strong>M\u00e9dia<\/strong><\/td>\n<\/tr>\n<tr>\n<td width=\"148\"><strong>Hemat\u00f3crito<\/strong><\/td>\n<td width=\"148\">%<\/td>\n<td width=\"148\">29,00<\/td>\n<\/tr>\n<tr>\n<td width=\"148\"><strong>Eritr\u00f3citos<\/strong><\/td>\n<td width=\"148\">X 10<sup>6<\/sup>\/uL<\/td>\n<td width=\"148\">1,63<\/td>\n<\/tr>\n<tr>\n<td width=\"148\"><strong>Hemoglobina<\/strong><\/td>\n<td width=\"148\">g\/dL<\/td>\n<td width=\"148\">6,30<\/td>\n<\/tr>\n<tr>\n<td width=\"148\"><strong>VGM<\/strong><\/td>\n<td width=\"148\">fL<\/td>\n<td width=\"148\">177,91<\/td>\n<\/tr>\n<tr>\n<td width=\"148\"><strong>CHGM<\/strong><\/td>\n<td width=\"148\">%<\/td>\n<td width=\"148\">21,72<\/td>\n<\/tr>\n<tr>\n<td width=\"148\"><strong>HGM<\/strong><\/td>\n<td width=\"148\">pg<\/td>\n<td width=\"148\">38,65<\/td>\n<\/tr>\n<tr>\n<td width=\"148\"><strong>Leuc\u00f3citos totais<\/strong><\/td>\n<td width=\"148\">\/uL<\/td>\n<td width=\"148\">11000,00<\/td>\n<\/tr>\n<tr>\n<td width=\"148\"><strong>Heter\u00f3filos<\/strong><\/td>\n<td width=\"148\">\/uL<\/td>\n<td width=\"148\">8360,00<\/td>\n<\/tr>\n<tr>\n<td width=\"148\"><strong>Linf\u00f3citos<\/strong><\/td>\n<td width=\"148\">\/uL<\/td>\n<td width=\"148\">2090,00<\/td>\n<\/tr>\n<tr>\n<td width=\"148\"><strong>Mon\u00f3citos<\/strong><\/td>\n<td width=\"148\">\/uL<\/td>\n<td width=\"148\">0,00<\/td>\n<\/tr>\n<tr>\n<td width=\"148\"><strong>Eosin\u00f3filos<\/strong><\/td>\n<td width=\"148\">\/uL<\/td>\n<td width=\"148\">110,00<\/td>\n<\/tr>\n<tr>\n<td width=\"148\"><strong>Bas\u00f3filos<\/strong><\/td>\n<td width=\"148\">\/uL<\/td>\n<td width=\"148\">440,00<\/td>\n<\/tr>\n<tr>\n<td width=\"148\"><strong>H:L<\/strong><\/td>\n<td width=\"148\">&nbsp;<\/td>\n<td width=\"148\">4,00<\/td>\n<\/tr>\n<tr>\n<td width=\"148\"><strong>Tromb\u00f3citos<\/strong><\/td>\n<td width=\"148\">\/uL<\/td>\n<td width=\"148\">39120,00<\/td>\n<\/tr>\n<tr>\n<td width=\"148\"><strong>PPT<\/strong><\/td>\n<td width=\"148\">g\/dL<\/td>\n<td width=\"148\">5,20<\/td>\n<\/tr>\n<\/tbody>\n<\/table>\n<p>&nbsp;<\/p>\n<ol start=\"2\">\n<li>Par\u00e2metros bioqu\u00edmicos plasm\u00e1ticos de adultos saud\u00e1veis de Sovi (<em>Ictinea plumbea<\/em>)<\/li>\n<\/ol>\n<table>\n<tbody>\n<tr>\n<td width=\"148\"><strong>Par\u00e2metros<\/strong><\/td>\n<td width=\"148\"><strong>Unidades<\/strong><\/td>\n<td width=\"148\"><strong>M\u00e9dia<\/strong><\/td>\n<\/tr>\n<tr>\n<td width=\"148\"><strong>Prote\u00ednas Totais<\/strong><\/td>\n<td width=\"148\">g\/dL<\/td>\n<td width=\"148\">4,30<\/td>\n<\/tr>\n<tr>\n<td width=\"148\"><strong>Albumina<\/strong><\/td>\n<td width=\"148\">g\/dL<\/td>\n<td width=\"148\">1,30<\/td>\n<\/tr>\n<tr>\n<td width=\"148\"><strong>Globulinas<\/strong><\/td>\n<td width=\"148\">g\/dL<\/td>\n<td width=\"148\">3,00<\/td>\n<\/tr>\n<tr>\n<td width=\"148\"><strong>A:G<\/strong><\/td>\n<td width=\"148\">&nbsp;<\/td>\n<td width=\"148\">0,43<\/td>\n<\/tr>\n<tr>\n<td width=\"148\"><strong>AST<\/strong><\/td>\n<td width=\"148\">U\/L<\/td>\n<td width=\"148\">398,80<\/td>\n<\/tr>\n<tr>\n<td width=\"148\"><strong>GGT<\/strong><\/td>\n<td width=\"148\">U\/L<\/td>\n<td width=\"148\">3,40<\/td>\n<\/tr>\n<tr>\n<td width=\"148\"><strong>\u00c1cido \u00darico<\/strong><\/td>\n<td width=\"148\">mg\/dL<\/td>\n<td width=\"148\">9,10<\/td>\n<\/tr>\n<tr>\n<td width=\"148\"><strong>Colesterol<\/strong><\/td>\n<td width=\"148\">mg\/dL<\/td>\n<td width=\"148\">323,40<\/td>\n<\/tr>\n<tr>\n<td width=\"148\"><strong>Glicose<\/strong><\/td>\n<td width=\"148\">mg\/dL<\/td>\n<td width=\"148\">272,10<\/td>\n<\/tr>\n<tr>\n<td width=\"148\"><strong>CK<\/strong><\/td>\n<td width=\"148\">U\/L<\/td>\n<td width=\"148\">676,30<\/td>\n<\/tr>\n<tr>\n<td width=\"148\"><strong>LDH<\/strong><\/td>\n<td width=\"148\">U\/L<\/td>\n<td width=\"148\">1523,30<\/td>\n<\/tr>\n<tr>\n<td width=\"148\"><strong>Ferro<\/strong><\/td>\n<td width=\"148\">ug\/dL<\/td>\n<td width=\"148\">11,70<\/td>\n<\/tr>\n<tr>\n<td width=\"148\"><strong>C\u00e1lcio<\/strong><\/td>\n<td width=\"148\">mg\/dL<\/td>\n<td width=\"148\">9,80<\/td>\n<\/tr>\n<tr>\n<td width=\"148\"><strong>F\u00f3sforo<\/strong><\/td>\n<td width=\"148\">mg\/dL<\/td>\n<td width=\"148\">4,40<\/td>\n<\/tr>\n<tr>\n<td width=\"148\"><strong>Ca:P<\/strong><\/td>\n<td width=\"148\">&nbsp;<\/td>\n<td width=\"148\">2,23<\/td>\n<\/tr>\n<tr>\n<td width=\"148\"><strong>Fosfatase Alcalina<\/strong><\/td>\n<td width=\"148\">U\/L<\/td>\n<td width=\"148\">139,30<\/td>\n<\/tr>\n<\/tbody>\n<\/table>\n<p>&nbsp;<\/p>\n","protected":false},"excerpt":{"rendered":"<p>Par\u00e2metros hematol\u00f3gicos e valores de prote\u00edna plasm\u00e1tica total (PPT) de adultos saud\u00e1veis de Sovi (Ictinea plumbea) Par\u00e2metro Unidades M\u00e9dia Hemat\u00f3crito % 29,00 Eritr\u00f3citos X 106\/uL 1,63 Hemoglobina g\/dL 6,30 VGM fL 177,91 CHGM % 21,72 HGM pg 38,65 Leuc\u00f3citos totais \/uL 11000,00 Heter\u00f3filos \/uL 8360,00 Linf\u00f3citos \/uL 2090,00 Mon\u00f3citos \/uL 0,00 Eosin\u00f3filos \/uL 110,00 Bas\u00f3filos [&hellip;]<\/p>\n","protected":false},"author":3,"featured_media":0,"parent":0,"menu_order":0,"comment_status":"closed","ping_status":"closed","template":"","meta":{"footnotes":""},"class_list":["post-346","page","type-page","status-publish","hentry"],"_links":{"self":[{"href":"https:\/\/agrarias.ufpr.br\/sacas\/wp-json\/wp\/v2\/pages\/346","targetHints":{"allow":["GET"]}}],"collection":[{"href":"https:\/\/agrarias.ufpr.br\/sacas\/wp-json\/wp\/v2\/pages"}],"about":[{"href":"https:\/\/agrarias.ufpr.br\/sacas\/wp-json\/wp\/v2\/types\/page"}],"author":[{"embeddable":true,"href":"https:\/\/agrarias.ufpr.br\/sacas\/wp-json\/wp\/v2\/users\/3"}],"replies":[{"embeddable":true,"href":"https:\/\/agrarias.ufpr.br\/sacas\/wp-json\/wp\/v2\/comments?post=346"}],"version-history":[{"count":1,"href":"https:\/\/agrarias.ufpr.br\/sacas\/wp-json\/wp\/v2\/pages\/346\/revisions"}],"predecessor-version":[{"id":347,"href":"https:\/\/agrarias.ufpr.br\/sacas\/wp-json\/wp\/v2\/pages\/346\/revisions\/347"}],"wp:attachment":[{"href":"https:\/\/agrarias.ufpr.br\/sacas\/wp-json\/wp\/v2\/media?parent=346"}],"curies":[{"name":"wp","href":"https:\/\/api.w.org\/{rel}","templated":true}]}}