{"id":341,"date":"2019-01-24T14:30:30","date_gmt":"2019-01-24T14:30:30","guid":{"rendered":"https:\/\/agrarias.ufpr.br\/sacas\/?page_id=341"},"modified":"2019-03-15T17:04:03","modified_gmt":"2019-03-15T17:04:03","slug":"pinguins","status":"publish","type":"page","link":"https:\/\/agrarias.ufpr.br\/sacas\/pinguins\/","title":{"rendered":"Pinguins"},"content":{"rendered":"<p>M\u00e9dias e desvios-padr\u00e3o de par\u00e2metros hematol\u00f3gicos, prote\u00edna plasm\u00e1tica total, fibrinog\u00eanio e peso de pinguins (<em>Spheniscus magellanicus<\/em>) jovens e adultos recebidos no PROAMAR e CETAS-SC, pr\u00e9 e p\u00f3s reabilita\u00e7\u00e3o<\/p>\n<p>&nbsp;<\/p>\n<table width=\"604\">\n<tbody>\n<tr>\n<td rowspan=\"2\" width=\"162\">&nbsp;<\/p>\n<p><strong>Par\u00e2metros<\/strong><\/td>\n<td colspan=\"2\" width=\"222\"><strong>Paran\u00e1<\/strong><\/td>\n<td colspan=\"2\" width=\"221\"><strong>Santa Catarina<\/strong><\/td>\n<\/tr>\n<tr>\n<td width=\"111\"><strong>Jovens e adultos pr\u00e9-reabilita\u00e7\u00e3o<\/strong><\/td>\n<td width=\"111\"><strong>Jovens e adultos p\u00f3s-reabilita\u00e7\u00e3o<\/strong><\/td>\n<td width=\"111\"><strong>Jovens e adultos pr\u00e9-reabilita\u00e7\u00e3o<\/strong><\/td>\n<td width=\"110\"><strong>Jovens e adultos p\u00f3s-reabilita\u00e7\u00e3o<\/strong><\/p>\n<p><strong>&nbsp;<\/strong><\/td>\n<\/tr>\n<tr>\n<td width=\"162\"><strong>Peso (kg)<\/strong><\/td>\n<td width=\"111\">2,26\u00b10,1<\/td>\n<td width=\"111\">2,81\u00b10,15<\/td>\n<td width=\"111\">3,39\u00b10,1<\/td>\n<td width=\"110\">3,5\u00b10,08<\/td>\n<\/tr>\n<tr>\n<td width=\"162\"><strong>Eritr\u00f3citos (x10<sup>6<\/sup> \/\u00b5L)<\/strong><\/td>\n<td width=\"111\">1,53\u00b10,11<\/td>\n<td width=\"111\">1,64\u00b10,07<\/td>\n<td width=\"111\">1,90\u00b10,06<\/td>\n<td width=\"110\">1,83\u00b10,06<\/td>\n<\/tr>\n<tr>\n<td width=\"162\"><strong>Hemat\u00f3crito (%)<\/strong><\/td>\n<td width=\"111\">37,5\u00b12,15<\/td>\n<td width=\"111\">43,38\u00b11,15<\/td>\n<td width=\"111\">48,8\u00b11,04<\/td>\n<td width=\"110\">47,74\u00b10,71<\/td>\n<\/tr>\n<tr>\n<td width=\"162\"><strong>Hemoglobina (g\/dL)<\/strong><\/td>\n<td width=\"111\">10,99\u00b10,93<\/td>\n<td width=\"111\">12,45\u00b10,52<\/td>\n<td width=\"111\">12,84\u00b10,42<\/td>\n<td width=\"110\">13,52\u00b10,24<\/td>\n<\/tr>\n<tr>\n<td width=\"162\"><strong>VGM (fL)<\/strong><\/td>\n<td width=\"111\">252,4\u00b114,45<\/td>\n<td width=\"111\">266,5\u00b18,95<\/td>\n<td width=\"111\">257,9\u00b16,9<\/td>\n<td width=\"110\">264,1\u00b16,69<\/td>\n<\/tr>\n<tr>\n<td width=\"162\"><strong>VHGM (%)<\/strong><\/td>\n<td width=\"111\">29,09\u00b11,54<\/td>\n<td width=\"111\">28,72\u00b10,97<\/td>\n<td width=\"111\">26,3\u00b10,57<\/td>\n<td width=\"110\">28,32\u00b10,24<\/td>\n<\/tr>\n<tr>\n<td width=\"162\"><strong>Leuc\u00f3citos totais (\/\u00b5L)<\/strong><\/td>\n<td width=\"111\">16.122\u00b12.368<\/td>\n<td width=\"111\">14.011\u00b11.100<\/td>\n<td width=\"111\">10.100\u00b1948,1<\/td>\n<td width=\"110\">8.684\u00b1868,7<\/td>\n<\/tr>\n<tr>\n<td width=\"162\"><strong>Heter\u00f3filos (%)<\/strong><\/td>\n<td width=\"111\">69,21\u00b12,84<\/td>\n<td width=\"111\">56,75\u00b13,3<\/td>\n<td width=\"111\">50,8\u00b13,29<\/td>\n<td width=\"110\">54,26\u00b11,96<\/td>\n<\/tr>\n<tr>\n<td width=\"162\"><strong>Heter\u00f3filos (\/\u00b5L)<\/strong><\/td>\n<td width=\"111\">11.407\u00b11.902<\/td>\n<td width=\"111\">8.041\u00b1959<\/td>\n<td width=\"111\">5.115\u00b1573,2<\/td>\n<td width=\"110\">4.767\u00b1516,1<\/td>\n<\/tr>\n<tr>\n<td width=\"162\"><strong>Linf\u00f3citos (%)<\/strong><\/td>\n<td width=\"111\">27,14\u00b12,31<\/td>\n<td width=\"111\">36,25\u00b13,51<\/td>\n<td width=\"111\">44,9\u00b13,52<\/td>\n<td width=\"110\">37,26\u00b12,14<\/td>\n<\/tr>\n<tr>\n<td width=\"162\"><strong>Linf\u00f3citos (\/\u00b5L)<\/strong><\/td>\n<td width=\"111\">4.204\u00b1637,7<\/td>\n<td width=\"111\">4.951\u00b1496,2<\/td>\n<td width=\"111\">4.568\u00b1531,3<\/td>\n<td width=\"110\">3.215\u00b1365,2<\/td>\n<\/tr>\n<tr>\n<td width=\"162\"><strong>Eosin\u00f3filos (%)<\/strong><\/td>\n<td width=\"111\">1,64\u00b10,62<\/td>\n<td width=\"111\">4,5\u00b11,1<\/td>\n<td width=\"111\">1,0\u00b10,49<\/td>\n<td width=\"110\">3,42\u00b10,69<\/td>\n<\/tr>\n<tr>\n<td width=\"162\"><strong>Eosin\u00f3filos (\/\u00b5L)<\/strong><\/td>\n<td width=\"111\">243,5\u00b1116<\/td>\n<td width=\"111\">655\u00b1175,7<\/td>\n<td width=\"111\">95\u00b148,65<\/td>\n<td width=\"110\">265,3\u00b151,84<\/td>\n<\/tr>\n<tr>\n<td width=\"162\"><strong>Mon\u00f3citos (%)<\/strong><\/td>\n<td width=\"111\">1,5\u00b10,51<\/td>\n<td width=\"111\">1,12\u00b10,48<\/td>\n<td width=\"111\">1,8\u00b10,84<\/td>\n<td width=\"110\">2,84\u00b10,57<\/td>\n<\/tr>\n<tr>\n<td width=\"162\"><strong>Mon\u00f3citos (\/\u00b5L)<\/strong><\/td>\n<td width=\"111\">196,2\u00b188,28<\/td>\n<td width=\"111\">179,8\u00b187,33<\/td>\n<td width=\"111\">181\u00b190,94<\/td>\n<td width=\"110\">277,9\u00b178,06<\/td>\n<\/tr>\n<tr>\n<td width=\"162\"><strong>Bas\u00f3filos (%)<\/strong><\/td>\n<td width=\"111\">0,5\u00b10,23<\/td>\n<td width=\"111\">1,37\u00b10,5<\/td>\n<td width=\"111\">1,5\u00b10,4<\/td>\n<td width=\"110\">2,21\u00b10,44<\/td>\n<\/tr>\n<tr>\n<td width=\"162\"><strong>Bas\u00f3filos (\/\u00b5L)<\/strong><\/td>\n<td width=\"111\">70,86\u00b146,81<\/td>\n<td width=\"111\">184,9\u00b159,6<\/td>\n<td width=\"111\">141\u00b138,28<\/td>\n<td width=\"110\">159,5\u00b126,53<\/td>\n<\/tr>\n<tr>\n<td width=\"162\"><strong>Tromb\u00f3citos\/campo<\/strong><\/td>\n<td width=\"111\">3,92\u00b10,41<\/td>\n<td width=\"111\">4,75\u00b10,59<\/td>\n<td width=\"111\">&#8211;<\/td>\n<td width=\"110\">&#8211;<\/td>\n<\/tr>\n<tr>\n<td width=\"162\"><strong>Policromat\u00f3filos\/campo<\/strong><\/td>\n<td width=\"111\">3,46\u00b10,59<\/td>\n<td width=\"111\">3,59\u00b10,6<\/td>\n<td width=\"111\">1,8\u00b10,33<\/td>\n<td width=\"110\">1,45\u00b10,16<\/td>\n<\/tr>\n<tr>\n<td width=\"162\"><strong>H:L<\/strong><\/td>\n<td width=\"111\">2,91\u00b10,37<\/td>\n<td width=\"111\">1,74\u00b10,26<\/td>\n<td width=\"111\">1,26\u00b10,17<\/td>\n<td width=\"110\">1,62\u00b10,16<\/td>\n<\/tr>\n<tr>\n<td width=\"162\"><strong>ENA\/100<\/strong><\/td>\n<td width=\"111\">0,93\u00b10,3<\/td>\n<td width=\"111\">0,5\u00b10,19<\/td>\n<td width=\"111\">0,7\u00b10,3<\/td>\n<td width=\"110\">0,89\u00b10,28<\/td>\n<\/tr>\n<tr>\n<td width=\"162\"><strong>PPT (g\/dL)<\/strong><\/td>\n<td width=\"111\">4,99\u00b10,29<\/td>\n<td width=\"111\">6,15\u00b10,28<\/td>\n<td width=\"111\">6,96\u00b10,21<\/td>\n<td width=\"110\">6,81\u00b10,12<\/td>\n<\/tr>\n<tr>\n<td width=\"162\"><strong>Fibrinog\u00eanio (g\/dL)<\/strong><\/td>\n<td width=\"111\">0,32\u00b10,04<\/td>\n<td width=\"111\">0,22\u00b10,04<\/td>\n<td width=\"111\">0,28\u00b10,07<\/td>\n<td width=\"110\">0,14\u00b10,04<\/td>\n<\/tr>\n<\/tbody>\n<\/table>\n<table width=\"100%\">\n<tbody>\n<tr>\n<td>H:L = propor\u00e7\u00e3o heterofilo\/linf\u00f3cito; ENA\/100 = anormalidades nucleares eritrocit\u00e1rias a cada 100 eritr\u00f3citos;<br \/>\nPPT = prote\u00edna plasm\u00e1tica total&nbsp;<\/td>\n<\/tr>\n<\/tbody>\n<\/table>\n<p>&nbsp;<\/p>\n<p>M\u00e9dias e desvios padr\u00e3o dos par\u00e2metros de bioqu\u00edmica s\u00e9rica na pr\u00e9 e p\u00f3s-reabilita\u00e7\u00e3o de pinguins-de-magalh\u00e3es (<em>Spheniscus magellanicus<\/em>), jovens e adultos, recebidos no PROAMAR e no CETAS-SC<\/p>\n<table width=\"586\">\n<tbody>\n<tr>\n<td rowspan=\"2\" width=\"142\">&nbsp;<\/p>\n<p><strong>Par\u00e2metros<\/strong><\/td>\n<td colspan=\"2\" width=\"227\"><strong>Paran\u00e1<\/strong><\/td>\n<td colspan=\"2\" width=\"217\"><strong>Santa Catarina<\/strong><\/td>\n<\/tr>\n<tr>\n<td width=\"113\">Jovens<br \/>\n(pr\u00e9-reabilita\u00e7\u00e3o)<\/td>\n<td width=\"113\">Jovens<br \/>\n(p\u00f3s-reabilita\u00e7\u00e3o)<\/td>\n<td width=\"113\">Jovens<br \/>\n(p\u00f3s-reabilita\u00e7\u00e3o)<\/td>\n<td width=\"104\">Adultos<br \/>\n(p\u00f3s-reabilita\u00e7\u00e3o)<\/p>\n<p>&nbsp;<\/td>\n<\/tr>\n<tr>\n<td width=\"142\"><strong>\u00c1cido \u00darico (mg\/dL)<\/strong><\/td>\n<td width=\"113\">19,34 \u00b1 2,94<\/td>\n<td width=\"113\">17,26 \u00b1 2,39<\/td>\n<td width=\"113\">9,36 \u00b1 1,14<\/td>\n<td width=\"104\">7,88 \u00b1 0,73<\/td>\n<\/tr>\n<tr>\n<td width=\"142\"><strong>Ur\u00e9ia (mg\/dL)<\/strong><\/td>\n<td width=\"113\">17,78 \u00b1 4,79<\/td>\n<td width=\"113\">14,37 \u00b1 4,03<\/td>\n<td width=\"113\">12,31 \u00b1 0,73<\/td>\n<td width=\"104\">13,59 \u00b1 0,57<\/td>\n<\/tr>\n<tr>\n<td width=\"142\"><strong>Prote\u00ednas Totais (g\/dL)<\/strong><\/td>\n<td width=\"113\">4,34 \u00b1 0,37<\/td>\n<td width=\"113\">5,74 \u00b1 0,24<\/td>\n<td width=\"113\">5,94 \u00b1 0,35<\/td>\n<td width=\"104\">5,68 \u00b1 0,14<\/td>\n<\/tr>\n<tr>\n<td width=\"142\"><strong>Albumina (g\/dL)<\/strong><\/td>\n<td width=\"113\">2,45 \u00b1 0,15<\/td>\n<td width=\"113\">2,78 \u00b1 0,26<\/td>\n<td width=\"113\">2,07 \u00b1 0,04<\/td>\n<td width=\"104\">2,14 \u00b1 0,02<\/td>\n<\/tr>\n<tr>\n<td width=\"142\"><strong>Globulinas (g\/dL)<\/strong><\/td>\n<td width=\"113\">2,7 \u00b1 0,1<\/td>\n<td width=\"113\">2,96 \u00b1 0,11<\/td>\n<td width=\"113\">3,87 \u00b1 0,31<\/td>\n<td width=\"104\">3,54 \u00b1 0,13<\/td>\n<\/tr>\n<tr>\n<td width=\"142\"><strong>Glicose (mg\/dL)<\/strong><\/td>\n<td width=\"113\">193,2 \u00b1 10,22<\/td>\n<td width=\"113\">180,7 \u00b1 11,64<\/td>\n<td width=\"113\">203,3 \u00b1 8,15<\/td>\n<td width=\"104\">312,3 \u00b1 99,65<\/td>\n<\/tr>\n<tr>\n<td width=\"142\"><strong>Colesterol (mg\/dL)<\/strong><\/td>\n<td width=\"113\">209,6 \u00b1 22,68<\/td>\n<td width=\"113\">212,0 \u00b1 16,3<\/td>\n<td width=\"113\">223,6 \u00b1 12,43<\/td>\n<td width=\"104\">200,0 \u00b1 8,31<\/td>\n<\/tr>\n<tr>\n<td width=\"142\"><strong>GGT (U\/L)<\/strong><\/td>\n<td width=\"113\">&#8211;<\/td>\n<td width=\"113\">&#8211;<\/td>\n<td width=\"113\">13,83 \u00b1 2,17<\/td>\n<td width=\"104\">10,97 \u00b1 1,21<\/td>\n<\/tr>\n<tr>\n<td width=\"142\"><strong>AST (U\/L)<\/strong><\/td>\n<td width=\"113\">&#8211;<\/td>\n<td width=\"113\">&#8211;<\/td>\n<td width=\"113\">169,6 \u00b1 16,5<\/td>\n<td width=\"104\">157,5 \u00b1 12,78<\/td>\n<\/tr>\n<tr>\n<td width=\"142\"><strong>CK (U\/L)<\/strong><\/td>\n<td width=\"113\">&#8211;<\/td>\n<td width=\"113\">&#8211;<\/td>\n<td width=\"113\">327,3 \u00b1 27,42<\/td>\n<td width=\"104\">317,6 \u00b1 28,85<\/td>\n<\/tr>\n<tr>\n<td width=\"142\"><strong>FA (U\/L)<\/strong><\/td>\n<td width=\"113\">&#8211;<\/td>\n<td width=\"113\">&#8211;<\/td>\n<td width=\"113\">106,8 \u00b1 12,22<\/td>\n<td width=\"104\">95,65 \u00b1 7,54<\/td>\n<\/tr>\n<tr>\n<td width=\"142\"><strong>LDH (U\/L)<\/strong><\/td>\n<td width=\"113\">&#8211;<\/td>\n<td width=\"113\">&#8211;<\/td>\n<td width=\"113\">972,5 \u00b1 102,2<\/td>\n<td width=\"104\">826,5 \u00b1 61,57<\/td>\n<\/tr>\n<\/tbody>\n<\/table>\n<p>GGT &#8211; \u03b3-Glutamil transferase; AST &#8211; Aspartato amino transferase; CK &#8211; Creatina quinase; FA &#8211; fosfatase alcalina; LDH &#8211; Lactato desidrogenase.<\/p>\n<p>PROAMAR = Projeto de Estudos e Recupera\u00e7\u00e3o de Aves, Mam\u00edferos e R\u00e9pteis (PROAMAR), do Centro de Estudos do Mar da Universidade Federal do Paran\u00e1 (UFPR). CETAS -SC = Centro de Triagem de Animais Silvestres de Santa Catarina<\/p>\n<p>Refer\u00eancia: CORAIOLA, A.M. <strong>Indicadores cl\u00ednicos, hematol\u00f3gicos, bioqu\u00edmicos e toxicol\u00f3gicos na pr\u00e9 e p\u00f3s-reabilita\u00e7\u00e3o de pinguins-de-magalh\u00e3es (<em>Spheniscus magellanicus<\/em>) no Sul do Brasil.<\/strong> Disserta\u00e7\u00e3o (Mestrado em Ci\u00eancias Veterin\u00e1rias) &#8211; Programa de P\u00f3s-Gradua\u00e7\u00e3o em Ci\u00eancias Veterin\u00e1rias, Universidade Federal do Paran\u00e1. Curitiba, p. 98. 2012. Orientadora: Prof\u00aa. Dra. Rosangela Locatelli Dittrich.<\/p>\n<p>&nbsp;<\/p>\n<p>&nbsp;<\/p>\n<p>&nbsp;<\/p>\n<p>&nbsp;<\/p>\n","protected":false},"excerpt":{"rendered":"<p>M\u00e9dias e desvios-padr\u00e3o de par\u00e2metros hematol\u00f3gicos, prote\u00edna plasm\u00e1tica total, fibrinog\u00eanio e peso de pinguins (Spheniscus magellanicus) jovens e adultos recebidos no PROAMAR e CETAS-SC, pr\u00e9 e p\u00f3s reabilita\u00e7\u00e3o &nbsp; &nbsp; Par\u00e2metros Paran\u00e1 Santa Catarina Jovens e adultos pr\u00e9-reabilita\u00e7\u00e3o Jovens e adultos p\u00f3s-reabilita\u00e7\u00e3o Jovens e adultos pr\u00e9-reabilita\u00e7\u00e3o Jovens e adultos p\u00f3s-reabilita\u00e7\u00e3o &nbsp; Peso (kg) 2,26\u00b10,1 2,81\u00b10,15 [&hellip;]<\/p>\n","protected":false},"author":3,"featured_media":0,"parent":0,"menu_order":0,"comment_status":"closed","ping_status":"closed","template":"","meta":{"footnotes":""},"class_list":["post-341","page","type-page","status-publish","hentry"],"_links":{"self":[{"href":"https:\/\/agrarias.ufpr.br\/sacas\/wp-json\/wp\/v2\/pages\/341","targetHints":{"allow":["GET"]}}],"collection":[{"href":"https:\/\/agrarias.ufpr.br\/sacas\/wp-json\/wp\/v2\/pages"}],"about":[{"href":"https:\/\/agrarias.ufpr.br\/sacas\/wp-json\/wp\/v2\/types\/page"}],"author":[{"embeddable":true,"href":"https:\/\/agrarias.ufpr.br\/sacas\/wp-json\/wp\/v2\/users\/3"}],"replies":[{"embeddable":true,"href":"https:\/\/agrarias.ufpr.br\/sacas\/wp-json\/wp\/v2\/comments?post=341"}],"version-history":[{"count":3,"href":"https:\/\/agrarias.ufpr.br\/sacas\/wp-json\/wp\/v2\/pages\/341\/revisions"}],"predecessor-version":[{"id":358,"href":"https:\/\/agrarias.ufpr.br\/sacas\/wp-json\/wp\/v2\/pages\/341\/revisions\/358"}],"wp:attachment":[{"href":"https:\/\/agrarias.ufpr.br\/sacas\/wp-json\/wp\/v2\/media?parent=341"}],"curies":[{"name":"wp","href":"https:\/\/api.w.org\/{rel}","templated":true}]}}