{"id":337,"date":"2019-01-24T14:28:00","date_gmt":"2019-01-24T14:28:00","guid":{"rendered":"https:\/\/agrarias.ufpr.br\/sacas\/?page_id=337"},"modified":"2019-01-24T14:28:00","modified_gmt":"2019-01-24T14:28:00","slug":"murucututu-de-barriga-amarela","status":"publish","type":"page","link":"https:\/\/agrarias.ufpr.br\/sacas\/murucututu-de-barriga-amarela\/","title":{"rendered":"Murucututu de barriga amarela"},"content":{"rendered":"<ol>\n<li>Par\u00e2metros hematol\u00f3gicos e valores de prote\u00edna plasm\u00e1tica total (PPT) de adultos saud\u00e1veis de Murucututu-de-Barriga-Amarela (<em>Pulsatrix koeniswaldiana<\/em>)<\/li>\n<\/ol>\n<table>\n<tbody>\n<tr>\n<td width=\"136\"><strong>Par\u00e2metro<\/strong><\/td>\n<td width=\"137\"><strong>Unidades<\/strong><\/td>\n<td width=\"137\"><strong>M\u00e9dia<\/strong><\/td>\n<td width=\"137\"><strong>DP<\/strong><\/td>\n<\/tr>\n<tr>\n<td width=\"136\"><strong>Hemat\u00f3crito<\/strong><\/td>\n<td width=\"137\">%<\/td>\n<td width=\"137\">39,50<\/td>\n<td width=\"137\">\u00b12,12<\/td>\n<\/tr>\n<tr>\n<td width=\"136\"><strong>Eritr\u00f3citos<\/strong><\/td>\n<td width=\"137\">X 10<sup>6<\/sup>\/uL<\/td>\n<td width=\"137\">1,94<\/td>\n<td width=\"137\">\u00b10,63<\/td>\n<\/tr>\n<tr>\n<td width=\"136\"><strong>Hemoglobina<\/strong><\/td>\n<td width=\"137\">g\/dL<\/td>\n<td width=\"137\">10,75<\/td>\n<td width=\"137\">\u00b11,76<\/td>\n<\/tr>\n<tr>\n<td width=\"136\"><strong>VGM<\/strong><\/td>\n<td width=\"137\">fL<\/td>\n<td width=\"137\">213,47<\/td>\n<td width=\"137\">\u00b158,77<\/td>\n<\/tr>\n<tr>\n<td width=\"136\"><strong>CHGM<\/strong><\/td>\n<td width=\"137\">%<\/td>\n<td width=\"137\">27,13<\/td>\n<td width=\"137\">\u00b13,01<\/td>\n<\/tr>\n<tr>\n<td width=\"136\"><strong>HGM<\/strong><\/td>\n<td width=\"137\">pg<\/td>\n<td width=\"137\">57,04<\/td>\n<td width=\"137\">\u00b19,50<\/td>\n<\/tr>\n<tr>\n<td width=\"136\"><strong>Leuc\u00f3citos totais<\/strong><\/td>\n<td width=\"137\">\/uL<\/td>\n<td width=\"137\">14000,00<\/td>\n<td width=\"137\">\u00b15656,85<\/td>\n<\/tr>\n<tr>\n<td width=\"136\"><strong>Heter\u00f3filos<\/strong><\/td>\n<td width=\"137\">\/uL<\/td>\n<td width=\"137\">8410,00<\/td>\n<td width=\"137\">\u00b14398,20<\/td>\n<\/tr>\n<tr>\n<td width=\"136\"><strong>Linf\u00f3citos<\/strong><\/td>\n<td width=\"137\">\/uL<\/td>\n<td width=\"137\">2430,00<\/td>\n<td width=\"137\">\u00b1890,95<\/td>\n<\/tr>\n<tr>\n<td width=\"136\"><strong>Mon\u00f3citos<\/strong><\/td>\n<td width=\"137\">\/uL<\/td>\n<td width=\"137\">&#8211;<\/td>\n<td width=\"137\">&#8211;<\/td>\n<\/tr>\n<tr>\n<td width=\"136\"><strong>Eosin\u00f3filos<\/strong><\/td>\n<td width=\"137\">\/uL<\/td>\n<td width=\"137\">2870,00<\/td>\n<td width=\"137\">\u00b1523,25<\/td>\n<\/tr>\n<tr>\n<td width=\"136\"><strong>Bas\u00f3filos<\/strong><\/td>\n<td width=\"137\">\/uL<\/td>\n<td width=\"137\">290,00<\/td>\n<td width=\"137\">\u00b1155,56<\/td>\n<\/tr>\n<tr>\n<td width=\"136\"><strong>H:L<\/strong><\/td>\n<td width=\"137\">&nbsp;<\/td>\n<td width=\"137\">3,35<\/td>\n<td width=\"137\">\u00b10,58<\/td>\n<\/tr>\n<tr>\n<td width=\"136\"><strong>Tromb\u00f3citos<\/strong><\/td>\n<td width=\"137\">\/uL<\/td>\n<td width=\"137\">49632,50<\/td>\n<td width=\"137\">\u00b134368,92<\/td>\n<\/tr>\n<tr>\n<td width=\"136\"><strong>PPT<\/strong><\/td>\n<td width=\"137\">g\/dL<\/td>\n<td width=\"137\">4,90<\/td>\n<td width=\"137\">\u00b10,42<\/td>\n<\/tr>\n<\/tbody>\n<\/table>\n<p>&nbsp;<\/p>\n<ol start=\"2\">\n<li>Par\u00e2metros bioqu\u00edmicos s\u00e9ricos de adultos saud\u00e1veis de Murucututu-de-Barriga-Amarela (<em>Pulsatrix koeniswaldiana<\/em>)<\/li>\n<\/ol>\n<table>\n<tbody>\n<tr>\n<td width=\"134\"><strong>Par\u00e2metros<\/strong><\/td>\n<td width=\"134\"><strong>Unidades<\/strong><\/td>\n<td width=\"134\"><strong>M\u00e9dia<\/strong><\/td>\n<td width=\"134\"><strong>DP<\/strong><\/td>\n<\/tr>\n<tr>\n<td width=\"134\"><strong>Prote\u00ednas Totais<\/strong><\/td>\n<td width=\"134\">g\/dL<\/td>\n<td width=\"134\">4,35<\/td>\n<td width=\"134\">\u00b10,49<\/td>\n<\/tr>\n<tr>\n<td width=\"134\"><strong>Albumina<\/strong><\/td>\n<td width=\"134\">g\/dL<\/td>\n<td width=\"134\">1,25<\/td>\n<td width=\"134\">\u00b10,21<\/td>\n<\/tr>\n<tr>\n<td width=\"134\"><strong>Globulinas<\/strong><\/td>\n<td width=\"134\">g\/dL<\/td>\n<td width=\"134\">3,10<\/td>\n<td width=\"134\">\u00b10,28<\/td>\n<\/tr>\n<tr>\n<td width=\"134\"><strong>A:G<\/strong><\/td>\n<td width=\"134\">&#8211;<\/td>\n<td width=\"134\">0,40<\/td>\n<td width=\"134\">\u00b10,03<\/td>\n<\/tr>\n<tr>\n<td width=\"134\"><strong>AST<\/strong><\/td>\n<td width=\"134\">U\/L<\/td>\n<td width=\"134\">133,10<\/td>\n<td width=\"134\">\u00b136,20<\/td>\n<\/tr>\n<tr>\n<td width=\"134\"><strong>GGT<\/strong><\/td>\n<td width=\"134\">U\/L<\/td>\n<td width=\"134\">8,80<\/td>\n<td width=\"134\">&#8211;<\/td>\n<\/tr>\n<tr>\n<td width=\"134\"><strong>\u00c1cido \u00darico<\/strong><\/td>\n<td width=\"134\">mg\/dL<\/td>\n<td width=\"134\">14,10<\/td>\n<td width=\"134\">\u00b12,12<\/td>\n<\/tr>\n<tr>\n<td width=\"134\"><strong>Colesterol<\/strong><\/td>\n<td width=\"134\">mg\/dL<\/td>\n<td width=\"134\">220,60<\/td>\n<td width=\"134\">&#8211;<\/td>\n<\/tr>\n<tr>\n<td width=\"134\"><strong>Glicose<\/strong><\/td>\n<td width=\"134\">mg\/dL<\/td>\n<td width=\"134\">346,90<\/td>\n<td width=\"134\">&#8211;<\/td>\n<\/tr>\n<tr>\n<td width=\"134\"><strong>CK<\/strong><\/td>\n<td width=\"134\">U\/L<\/td>\n<td width=\"134\">309,20<\/td>\n<td width=\"134\">&#8211;<\/td>\n<\/tr>\n<tr>\n<td width=\"134\"><strong>LDH<\/strong><\/td>\n<td width=\"134\">U\/L<\/td>\n<td width=\"134\">461,20<\/td>\n<td width=\"134\">&#8211;<\/td>\n<\/tr>\n<tr>\n<td width=\"134\"><strong>Ferro<\/strong><\/td>\n<td width=\"134\">ug\/dL<\/td>\n<td width=\"134\">167,10<\/td>\n<td width=\"134\">&#8211;<\/td>\n<\/tr>\n<tr>\n<td width=\"134\"><strong>C\u00e1lcio<\/strong><\/td>\n<td width=\"134\">mg\/dL<\/td>\n<td width=\"134\">9,30<\/td>\n<td width=\"134\">&#8211;<\/td>\n<\/tr>\n<tr>\n<td width=\"134\"><strong>F\u00f3sforo<\/strong><\/td>\n<td width=\"134\">mg\/dL<\/td>\n<td width=\"134\">5,80<\/td>\n<td width=\"134\">&#8211;<\/td>\n<\/tr>\n<tr>\n<td width=\"134\"><strong>Ca:P<\/strong><\/td>\n<td width=\"134\">&#8211;<\/td>\n<td width=\"134\">1,60<\/td>\n<td width=\"134\">&#8211;<\/td>\n<\/tr>\n<tr>\n<td width=\"134\"><strong>Fosfatase Alcalina<\/strong><\/td>\n<td width=\"134\">U\/L<\/td>\n<td width=\"134\">48,70<\/td>\n<td width=\"134\">&#8211;<\/td>\n<\/tr>\n<\/tbody>\n<\/table>\n<p>&nbsp;<\/p>\n","protected":false},"excerpt":{"rendered":"<p>Par\u00e2metros hematol\u00f3gicos e valores de prote\u00edna plasm\u00e1tica total (PPT) de adultos saud\u00e1veis de Murucututu-de-Barriga-Amarela (Pulsatrix koeniswaldiana) Par\u00e2metro Unidades M\u00e9dia DP Hemat\u00f3crito % 39,50 \u00b12,12 Eritr\u00f3citos X 106\/uL 1,94 \u00b10,63 Hemoglobina g\/dL 10,75 \u00b11,76 VGM fL 213,47 \u00b158,77 CHGM % 27,13 \u00b13,01 HGM pg 57,04 \u00b19,50 Leuc\u00f3citos totais \/uL 14000,00 \u00b15656,85 Heter\u00f3filos \/uL 8410,00 \u00b14398,20 Linf\u00f3citos [&hellip;]<\/p>\n","protected":false},"author":3,"featured_media":0,"parent":0,"menu_order":0,"comment_status":"closed","ping_status":"closed","template":"","meta":{"footnotes":""},"class_list":["post-337","page","type-page","status-publish","hentry"],"_links":{"self":[{"href":"https:\/\/agrarias.ufpr.br\/sacas\/wp-json\/wp\/v2\/pages\/337","targetHints":{"allow":["GET"]}}],"collection":[{"href":"https:\/\/agrarias.ufpr.br\/sacas\/wp-json\/wp\/v2\/pages"}],"about":[{"href":"https:\/\/agrarias.ufpr.br\/sacas\/wp-json\/wp\/v2\/types\/page"}],"author":[{"embeddable":true,"href":"https:\/\/agrarias.ufpr.br\/sacas\/wp-json\/wp\/v2\/users\/3"}],"replies":[{"embeddable":true,"href":"https:\/\/agrarias.ufpr.br\/sacas\/wp-json\/wp\/v2\/comments?post=337"}],"version-history":[{"count":1,"href":"https:\/\/agrarias.ufpr.br\/sacas\/wp-json\/wp\/v2\/pages\/337\/revisions"}],"predecessor-version":[{"id":338,"href":"https:\/\/agrarias.ufpr.br\/sacas\/wp-json\/wp\/v2\/pages\/337\/revisions\/338"}],"wp:attachment":[{"href":"https:\/\/agrarias.ufpr.br\/sacas\/wp-json\/wp\/v2\/media?parent=337"}],"curies":[{"name":"wp","href":"https:\/\/api.w.org\/{rel}","templated":true}]}}