{"id":334,"date":"2019-01-24T14:27:09","date_gmt":"2019-01-24T14:27:09","guid":{"rendered":"https:\/\/agrarias.ufpr.br\/sacas\/?page_id=334"},"modified":"2019-01-24T14:27:09","modified_gmt":"2019-01-24T14:27:09","slug":"murucututu","status":"publish","type":"page","link":"https:\/\/agrarias.ufpr.br\/sacas\/murucututu\/","title":{"rendered":"Murucututu"},"content":{"rendered":"<ol>\n<li>Par\u00e2metros hematol\u00f3gicos e valores de prote\u00edna plasm\u00e1tica total (PPT) de adultos saud\u00e1veis de Murucututu (<em>Pulsatrix perspicillata<\/em>)<\/li>\n<\/ol>\n<table width=\"560\">\n<tbody>\n<tr>\n<td width=\"140\"><strong>Par\u00e2metro<\/strong><\/td>\n<td width=\"140\"><strong>Unidades<\/strong><\/td>\n<td width=\"140\"><strong>M\u00e9dia<\/strong><\/td>\n<td width=\"140\"><strong>DP<\/strong><\/td>\n<\/tr>\n<tr>\n<td width=\"140\"><strong>Hemat\u00f3crito<\/strong><\/td>\n<td width=\"140\">%<\/td>\n<td width=\"140\">41,67<\/td>\n<td width=\"140\">\u00b12,08<\/td>\n<\/tr>\n<tr>\n<td width=\"140\"><strong>Eritr\u00f3citos<\/strong><\/td>\n<td width=\"140\">X 10<sup>6<\/sup>\/uL<\/td>\n<td width=\"140\">1,26<\/td>\n<td width=\"140\">\u00b10,10<\/td>\n<\/tr>\n<tr>\n<td width=\"140\"><strong>Hemoglobina<\/strong><\/td>\n<td width=\"140\">g\/dL<\/td>\n<td width=\"140\">10,50<\/td>\n<td width=\"140\">\u00b10,52<\/td>\n<\/tr>\n<tr>\n<td width=\"140\"><strong>VGM<\/strong><\/td>\n<td width=\"140\">fL<\/td>\n<td width=\"140\">334,28<\/td>\n<td width=\"140\">\u00b141,22<\/td>\n<\/tr>\n<tr>\n<td width=\"140\"><strong>CHGM<\/strong><\/td>\n<td width=\"140\">%<\/td>\n<td width=\"140\">25,28<\/td>\n<td width=\"140\">\u00b12,40<\/td>\n<\/tr>\n<tr>\n<td width=\"140\"><strong>HGM<\/strong><\/td>\n<td width=\"140\">pg<\/td>\n<td width=\"140\">83,83<\/td>\n<td width=\"140\">\u00b12,95<\/td>\n<\/tr>\n<tr>\n<td width=\"140\"><strong>Leuc\u00f3citos totais<\/strong><\/td>\n<td width=\"140\">\/uL<\/td>\n<td width=\"140\">12333,33<\/td>\n<td width=\"140\">\u00b16110,10<\/td>\n<\/tr>\n<tr>\n<td width=\"140\"><strong>Heter\u00f3filos<\/strong><\/td>\n<td width=\"140\">\/uL<\/td>\n<td width=\"140\">6240,00<\/td>\n<td width=\"140\">\u00b13713,50<\/td>\n<\/tr>\n<tr>\n<td width=\"140\"><strong>Linf\u00f3citos<\/strong><\/td>\n<td width=\"140\">\/uL<\/td>\n<td width=\"140\">2756,67<\/td>\n<td width=\"140\">\u00b1693,99<\/td>\n<\/tr>\n<tr>\n<td width=\"140\"><strong>Mon\u00f3citos<\/strong><\/td>\n<td width=\"140\">\/uL<\/td>\n<td width=\"140\">190,00<\/td>\n<td width=\"140\">&#8211;<\/td>\n<\/tr>\n<tr>\n<td width=\"140\"><strong>Eosin\u00f3filos<\/strong><\/td>\n<td width=\"140\">\/uL<\/td>\n<td width=\"140\">&nbsp;2713,33<\/td>\n<td width=\"140\">\u00b11344,22<\/td>\n<\/tr>\n<tr>\n<td width=\"140\"><strong>Bas\u00f3filos<\/strong><\/td>\n<td width=\"140\">\/uL<\/td>\n<td width=\"140\">560,00<\/td>\n<td width=\"140\">\u00b1448,44<\/td>\n<\/tr>\n<tr>\n<td width=\"140\"><strong>H:L<\/strong><\/td>\n<td width=\"140\">&nbsp;<\/td>\n<td width=\"140\">2,13<\/td>\n<td width=\"140\">\u00b10,96<\/td>\n<\/tr>\n<tr>\n<td width=\"140\"><strong>Tromb\u00f3citos<\/strong><\/td>\n<td width=\"140\">\/uL<\/td>\n<td width=\"140\">27780,00<\/td>\n<td width=\"140\">\u00b13648,67<\/td>\n<\/tr>\n<tr>\n<td width=\"140\"><strong>PPT<\/strong><\/td>\n<td width=\"140\">g\/dL<\/td>\n<td width=\"140\">4,27<\/td>\n<td width=\"140\">\u00b10,30<\/td>\n<\/tr>\n<\/tbody>\n<\/table>\n<p>&nbsp;<\/p>\n<p>&nbsp;<\/p>\n<ol start=\"2\">\n<li>Par\u00e2metros bioqu\u00edmicos s\u00e9ricos de adultos saud\u00e1veis de Murucututu (<em>Pulsatrix perspicillata<\/em>)<\/li>\n<\/ol>\n<table width=\"560\">\n<tbody>\n<tr>\n<td width=\"140\"><strong>Par\u00e2metros<\/strong><\/td>\n<td width=\"140\"><strong>Unidades<\/strong><\/td>\n<td width=\"140\"><strong>M\u00e9dia<\/strong><\/td>\n<td width=\"140\"><strong>DP<\/strong><\/td>\n<\/tr>\n<tr>\n<td width=\"140\"><strong>Prote\u00ednas Totais<\/strong><\/td>\n<td width=\"140\">g\/dL<\/td>\n<td width=\"140\">3,83<\/td>\n<td width=\"140\">\u00b10,05<\/td>\n<\/tr>\n<tr>\n<td width=\"140\"><strong>Albumina<\/strong><\/td>\n<td width=\"140\">g\/dL<\/td>\n<td width=\"140\">1,03<\/td>\n<td width=\"140\">\u00b10,15<\/td>\n<\/tr>\n<tr>\n<td width=\"140\"><strong>Globulinas<\/strong><\/td>\n<td width=\"140\">g\/dL<\/td>\n<td width=\"140\">2,80<\/td>\n<td width=\"140\">\u00b10,09<\/td>\n<\/tr>\n<tr>\n<td width=\"140\"><strong>A:G<\/strong><\/td>\n<td width=\"140\">&nbsp;<\/td>\n<td width=\"140\">0,37<\/td>\n<td width=\"140\">\u00b10,06<\/td>\n<\/tr>\n<tr>\n<td width=\"140\"><strong>AST<\/strong><\/td>\n<td width=\"140\">U\/L<\/td>\n<td width=\"140\">171,87<\/td>\n<td width=\"140\">\u00b191,78<\/td>\n<\/tr>\n<tr>\n<td width=\"140\"><strong>GGT<\/strong><\/td>\n<td width=\"140\">U\/L<\/td>\n<td width=\"140\">15,27<\/td>\n<td width=\"140\">\u00b18,06<\/td>\n<\/tr>\n<tr>\n<td width=\"140\"><strong>\u00c1cido \u00darico<\/strong><\/td>\n<td width=\"140\">mg\/dL<\/td>\n<td width=\"140\">15,53<\/td>\n<td width=\"140\">\u00b11,51<\/td>\n<\/tr>\n<tr>\n<td width=\"140\"><strong>Colesterol<\/strong><\/td>\n<td width=\"140\">mg\/dL<\/td>\n<td width=\"140\">194,83<\/td>\n<td width=\"140\">\u00b169,43<\/td>\n<\/tr>\n<tr>\n<td width=\"140\"><strong>Glicose<\/strong><\/td>\n<td width=\"140\">mg\/dL<\/td>\n<td width=\"140\">257,40<\/td>\n<td width=\"140\">\u00b143,97<\/td>\n<\/tr>\n<tr>\n<td width=\"140\"><strong>CK<\/strong><\/td>\n<td width=\"140\">U\/L<\/td>\n<td width=\"140\">1579,03<\/td>\n<td width=\"140\">\u00b1939,62<\/td>\n<\/tr>\n<tr>\n<td width=\"140\"><strong>LDH<\/strong><\/td>\n<td width=\"140\">U\/L<\/td>\n<td width=\"140\">907,57<\/td>\n<td width=\"140\">\u00b1508,05<\/td>\n<\/tr>\n<tr>\n<td width=\"140\"><strong>Ferro<\/strong><\/td>\n<td width=\"140\">ug\/dL<\/td>\n<td width=\"140\">&#8211;<\/td>\n<td width=\"140\">&#8211;<\/td>\n<\/tr>\n<tr>\n<td width=\"140\"><strong>C\u00e1lcio<\/strong><\/td>\n<td width=\"140\">mg\/dL<\/td>\n<td width=\"140\">8,90<\/td>\n<td width=\"140\">&#8211;<\/td>\n<\/tr>\n<tr>\n<td width=\"140\"><strong>F\u00f3sforo<\/strong><\/td>\n<td width=\"140\">mg\/dL<\/td>\n<td width=\"140\">7,00<\/td>\n<td width=\"140\">&#8211;<\/td>\n<\/tr>\n<tr>\n<td width=\"140\"><strong>Ca:P<\/strong><\/td>\n<td width=\"140\">&nbsp;<\/td>\n<td width=\"140\">1,27<\/td>\n<td width=\"140\">&#8211;<\/td>\n<\/tr>\n<tr>\n<td width=\"140\"><strong>Fosfatase Alcalina<\/strong><\/td>\n<td width=\"140\">U\/L<\/td>\n<td width=\"140\">37,10<\/td>\n<td width=\"140\">\u00b13,59<\/td>\n<\/tr>\n<\/tbody>\n<\/table>\n<p>&nbsp;<\/p>\n","protected":false},"excerpt":{"rendered":"<p>Par\u00e2metros hematol\u00f3gicos e valores de prote\u00edna plasm\u00e1tica total (PPT) de adultos saud\u00e1veis de Murucututu (Pulsatrix perspicillata) Par\u00e2metro Unidades M\u00e9dia DP Hemat\u00f3crito % 41,67 \u00b12,08 Eritr\u00f3citos X 106\/uL 1,26 \u00b10,10 Hemoglobina g\/dL 10,50 \u00b10,52 VGM fL 334,28 \u00b141,22 CHGM % 25,28 \u00b12,40 HGM pg 83,83 \u00b12,95 Leuc\u00f3citos totais \/uL 12333,33 \u00b16110,10 Heter\u00f3filos \/uL 6240,00 \u00b13713,50 Linf\u00f3citos [&hellip;]<\/p>\n","protected":false},"author":3,"featured_media":0,"parent":0,"menu_order":0,"comment_status":"closed","ping_status":"closed","template":"","meta":{"footnotes":""},"class_list":["post-334","page","type-page","status-publish","hentry"],"_links":{"self":[{"href":"https:\/\/agrarias.ufpr.br\/sacas\/wp-json\/wp\/v2\/pages\/334","targetHints":{"allow":["GET"]}}],"collection":[{"href":"https:\/\/agrarias.ufpr.br\/sacas\/wp-json\/wp\/v2\/pages"}],"about":[{"href":"https:\/\/agrarias.ufpr.br\/sacas\/wp-json\/wp\/v2\/types\/page"}],"author":[{"embeddable":true,"href":"https:\/\/agrarias.ufpr.br\/sacas\/wp-json\/wp\/v2\/users\/3"}],"replies":[{"embeddable":true,"href":"https:\/\/agrarias.ufpr.br\/sacas\/wp-json\/wp\/v2\/comments?post=334"}],"version-history":[{"count":1,"href":"https:\/\/agrarias.ufpr.br\/sacas\/wp-json\/wp\/v2\/pages\/334\/revisions"}],"predecessor-version":[{"id":335,"href":"https:\/\/agrarias.ufpr.br\/sacas\/wp-json\/wp\/v2\/pages\/334\/revisions\/335"}],"wp:attachment":[{"href":"https:\/\/agrarias.ufpr.br\/sacas\/wp-json\/wp\/v2\/media?parent=334"}],"curies":[{"name":"wp","href":"https:\/\/api.w.org\/{rel}","templated":true}]}}