{"id":331,"date":"2019-01-24T14:26:20","date_gmt":"2019-01-24T14:26:20","guid":{"rendered":"https:\/\/agrarias.ufpr.br\/sacas\/?page_id=331"},"modified":"2019-01-24T14:26:20","modified_gmt":"2019-01-24T14:26:20","slug":"mocho-dos-banhados","status":"publish","type":"page","link":"https:\/\/agrarias.ufpr.br\/sacas\/mocho-dos-banhados\/","title":{"rendered":"Mocho dos banhados"},"content":{"rendered":"<ol>\n<li>Par\u00e2metros hematol\u00f3gicos e valores de prote\u00edna plasm\u00e1tica total (PPT) de adultos saud\u00e1veis de Mocho-dos-Banhados (<em>Asio flammeus<\/em>)<\/li>\n<\/ol>\n<table>\n<tbody>\n<tr>\n<td width=\"151\"><strong>Par\u00e2metro<\/strong><\/td>\n<td width=\"151\"><strong>Unidade<\/strong><\/td>\n<td width=\"151\"><strong>M\u00e9dia<\/strong><\/td>\n<\/tr>\n<tr>\n<td width=\"151\"><strong>Hemat\u00f3crito<\/strong><\/td>\n<td width=\"151\">%<\/td>\n<td width=\"151\">52,00<\/td>\n<\/tr>\n<tr>\n<td width=\"151\"><strong>Eritr\u00f3citos<\/strong><\/td>\n<td width=\"151\">x 10<sup>6<\/sup> \/\u00b5L<\/td>\n<td width=\"151\">2,33<\/td>\n<\/tr>\n<tr>\n<td width=\"151\"><strong>Hemoglobina<\/strong><\/td>\n<td width=\"151\">g\/dL<\/td>\n<td width=\"151\">13,90<\/td>\n<\/tr>\n<tr>\n<td width=\"151\"><strong>VGM<\/strong><\/td>\n<td width=\"151\">fL<\/td>\n<td width=\"151\">223,18<\/td>\n<\/tr>\n<tr>\n<td width=\"151\"><strong>CHGM<\/strong><\/td>\n<td width=\"151\">%<\/td>\n<td width=\"151\">26,73<\/td>\n<\/tr>\n<tr>\n<td width=\"151\"><strong>HGM<\/strong><\/td>\n<td width=\"151\">pg<\/td>\n<td width=\"151\">59,66<\/td>\n<\/tr>\n<tr>\n<td width=\"151\"><strong>Leuc\u00f3citos totais<\/strong><\/td>\n<td width=\"151\">\/\u00b5L<\/td>\n<td width=\"151\">7000,00<\/td>\n<\/tr>\n<tr>\n<td width=\"151\"><strong>Heter\u00f3filos<\/strong><\/td>\n<td width=\"151\">\/\u00b5L<\/td>\n<td width=\"151\">4760,00<\/td>\n<\/tr>\n<tr>\n<td width=\"151\"><strong>Linf\u00f3citos<\/strong><\/td>\n<td width=\"151\">\/\u00b5L<\/td>\n<td width=\"151\">2240,00<\/td>\n<\/tr>\n<tr>\n<td width=\"151\"><strong>Mon\u00f3citos<\/strong><\/td>\n<td width=\"151\">\/\u00b5L<\/td>\n<td width=\"151\">&#8211;<\/td>\n<\/tr>\n<tr>\n<td width=\"151\"><strong>Eosin\u00f3filos<\/strong><\/td>\n<td width=\"151\">\/\u00b5L<\/td>\n<td width=\"151\">&#8211;<\/td>\n<\/tr>\n<tr>\n<td width=\"151\"><strong>Bas\u00f3filos<\/strong><\/td>\n<td width=\"151\">\/\u00b5L<\/td>\n<td width=\"151\">&#8211;<\/td>\n<\/tr>\n<tr>\n<td width=\"151\"><strong>H:L<\/strong><\/td>\n<td width=\"151\"><strong>&nbsp;<\/strong><\/td>\n<td width=\"151\">2,13<\/td>\n<\/tr>\n<tr>\n<td width=\"151\"><strong>Tromb\u00f3citos<\/strong><\/td>\n<td width=\"151\">\/\u00b5L<\/td>\n<td width=\"151\">23300,00<\/td>\n<\/tr>\n<tr>\n<td width=\"151\"><strong>PPT<\/strong><\/td>\n<td width=\"151\">g\/dL<\/td>\n<td width=\"151\">3,80<\/td>\n<\/tr>\n<\/tbody>\n<\/table>\n<p>&nbsp;<\/p>\n<p>&nbsp;<\/p>\n<ol start=\"2\">\n<li>Par\u00e2metros bioqu\u00edmicos s\u00e9ricos e fibrinog\u00eanio de adultos saud\u00e1veis de Mocho-dos-Banhados (<em>Asio flammeus<\/em>)<\/li>\n<\/ol>\n<table>\n<tbody>\n<tr>\n<td width=\"151\"><strong>Par\u00e2metro <\/strong><\/td>\n<td width=\"151\"><strong>Unidade<\/strong><\/td>\n<td width=\"151\"><strong>M\u00e9dia<\/strong><\/td>\n<\/tr>\n<tr>\n<td width=\"151\"><strong>Prote\u00ednas totais<\/strong><\/td>\n<td width=\"151\">g\/dL<\/td>\n<td width=\"151\">2,80<\/td>\n<\/tr>\n<tr>\n<td width=\"151\"><strong>Albumina<\/strong><\/td>\n<td width=\"151\">g\/dL<\/td>\n<td width=\"151\">0,90<\/td>\n<\/tr>\n<tr>\n<td width=\"151\"><strong>Globulinas<\/strong><\/td>\n<td width=\"151\">g\/dL<\/td>\n<td width=\"151\">1,90<\/td>\n<\/tr>\n<tr>\n<td width=\"151\"><strong>A:G<\/strong><\/td>\n<td width=\"151\">&nbsp;<\/td>\n<td width=\"151\">0,47<\/td>\n<\/tr>\n<tr>\n<td width=\"151\"><strong>AST<\/strong><\/td>\n<td width=\"151\">U\/L<\/td>\n<td width=\"151\">&#8211;<\/td>\n<\/tr>\n<tr>\n<td width=\"151\"><strong>GGT<\/strong><\/td>\n<td width=\"151\">U\/L<\/td>\n<td width=\"151\">&#8211;<\/td>\n<\/tr>\n<tr>\n<td width=\"151\"><strong>\u00c1cido \u00darico<\/strong><\/td>\n<td width=\"151\">mg\/dL<\/td>\n<td width=\"151\">16,30<\/td>\n<\/tr>\n<tr>\n<td width=\"151\"><strong>Colesterol<\/strong><\/td>\n<td width=\"151\">mg\/dL<\/td>\n<td width=\"151\">&#8211;<\/td>\n<\/tr>\n<tr>\n<td width=\"151\"><strong>Glicose<\/strong><\/td>\n<td width=\"151\">mg\/dL<\/td>\n<td width=\"151\">211,60<\/td>\n<\/tr>\n<tr>\n<td width=\"151\"><strong>CK<\/strong><\/td>\n<td width=\"151\">U\/L<\/td>\n<td width=\"151\">&#8211;<\/td>\n<\/tr>\n<tr>\n<td width=\"151\"><strong>LDH<\/strong><\/td>\n<td width=\"151\">U\/L<\/td>\n<td width=\"151\">&#8211;<\/td>\n<\/tr>\n<tr>\n<td width=\"151\"><strong>Ferro<\/strong><\/td>\n<td width=\"151\">\u00b5g\/dL<\/td>\n<td width=\"151\">&#8211;<\/td>\n<\/tr>\n<tr>\n<td width=\"151\"><strong>C\u00e1lcio<\/strong><\/td>\n<td width=\"151\">mg\/dL<\/td>\n<td width=\"151\">8,90<\/td>\n<\/tr>\n<tr>\n<td width=\"151\"><strong>F\u00f3sforo<\/strong><\/td>\n<td width=\"151\">mg\/dL<\/td>\n<td width=\"151\">&#8211;<\/td>\n<\/tr>\n<tr>\n<td width=\"151\"><strong>Ca:P<\/strong><\/td>\n<td width=\"151\">&nbsp;<\/td>\n<td width=\"151\">&#8211;<\/td>\n<\/tr>\n<tr>\n<td width=\"151\"><strong>Fosfatase Alcalina<\/strong><\/td>\n<td width=\"151\">U\/L<\/td>\n<td width=\"151\">&#8211;<\/td>\n<\/tr>\n<tr>\n<td width=\"151\"><strong>Fibrinog\u00eanio<\/strong><\/td>\n<td width=\"151\">mg\/dL<\/td>\n<td width=\"151\">0,20<\/td>\n<\/tr>\n<\/tbody>\n<\/table>\n<p>&nbsp;<\/p>\n","protected":false},"excerpt":{"rendered":"<p>Par\u00e2metros hematol\u00f3gicos e valores de prote\u00edna plasm\u00e1tica total (PPT) de adultos saud\u00e1veis de Mocho-dos-Banhados (Asio flammeus) Par\u00e2metro Unidade M\u00e9dia Hemat\u00f3crito % 52,00 Eritr\u00f3citos x 106 \/\u00b5L 2,33 Hemoglobina g\/dL 13,90 VGM fL 223,18 CHGM % 26,73 HGM pg 59,66 Leuc\u00f3citos totais \/\u00b5L 7000,00 Heter\u00f3filos \/\u00b5L 4760,00 Linf\u00f3citos \/\u00b5L 2240,00 Mon\u00f3citos \/\u00b5L &#8211; Eosin\u00f3filos \/\u00b5L &#8211; [&hellip;]<\/p>\n","protected":false},"author":3,"featured_media":0,"parent":0,"menu_order":0,"comment_status":"closed","ping_status":"closed","template":"","meta":{"footnotes":""},"class_list":["post-331","page","type-page","status-publish","hentry"],"_links":{"self":[{"href":"https:\/\/agrarias.ufpr.br\/sacas\/wp-json\/wp\/v2\/pages\/331","targetHints":{"allow":["GET"]}}],"collection":[{"href":"https:\/\/agrarias.ufpr.br\/sacas\/wp-json\/wp\/v2\/pages"}],"about":[{"href":"https:\/\/agrarias.ufpr.br\/sacas\/wp-json\/wp\/v2\/types\/page"}],"author":[{"embeddable":true,"href":"https:\/\/agrarias.ufpr.br\/sacas\/wp-json\/wp\/v2\/users\/3"}],"replies":[{"embeddable":true,"href":"https:\/\/agrarias.ufpr.br\/sacas\/wp-json\/wp\/v2\/comments?post=331"}],"version-history":[{"count":1,"href":"https:\/\/agrarias.ufpr.br\/sacas\/wp-json\/wp\/v2\/pages\/331\/revisions"}],"predecessor-version":[{"id":332,"href":"https:\/\/agrarias.ufpr.br\/sacas\/wp-json\/wp\/v2\/pages\/331\/revisions\/332"}],"wp:attachment":[{"href":"https:\/\/agrarias.ufpr.br\/sacas\/wp-json\/wp\/v2\/media?parent=331"}],"curies":[{"name":"wp","href":"https:\/\/api.w.org\/{rel}","templated":true}]}}