{"id":329,"date":"2019-01-24T14:25:43","date_gmt":"2019-01-24T14:25:43","guid":{"rendered":"https:\/\/agrarias.ufpr.br\/sacas\/?page_id=329"},"modified":"2019-01-24T14:25:43","modified_gmt":"2019-01-24T14:25:43","slug":"mocho-diabo","status":"publish","type":"page","link":"https:\/\/agrarias.ufpr.br\/sacas\/mocho-diabo\/","title":{"rendered":"Mocho diabo"},"content":{"rendered":"<ol>\n<li>Par\u00e2metros hematol\u00f3gicos e valores de prote\u00edna plasm\u00e1tica total (PPT) de adultos saud\u00e1veis de Mocho-Diabo (<em>Asio stygius<\/em>)<\/li>\n<\/ol>\n<table width=\"567\">\n<tbody>\n<tr>\n<td width=\"142\"><strong>Par\u00e2metro<\/strong><\/td>\n<td width=\"142\"><strong>Unidade<\/strong><\/td>\n<td width=\"142\"><strong>M\u00e9dia<\/strong><\/td>\n<td width=\"142\"><strong>DP<\/strong><\/td>\n<\/tr>\n<tr>\n<td width=\"142\"><strong>Hemat\u00f3crito<\/strong><\/td>\n<td width=\"142\">%<\/td>\n<td width=\"142\">39,00<\/td>\n<td width=\"142\">\u00b18,48<\/td>\n<\/tr>\n<tr>\n<td width=\"142\"><strong>Eritr\u00f3citos<\/strong><\/td>\n<td width=\"142\">x 10<sup>6<\/sup> \/\u00b5L<\/td>\n<td width=\"142\">2,44<\/td>\n<td width=\"142\">\u00b10,07<\/td>\n<\/tr>\n<tr>\n<td width=\"142\"><strong>Hemoglobina<\/strong><\/td>\n<td width=\"142\">g\/dL<\/td>\n<td width=\"142\">8,70<\/td>\n<td width=\"142\">\u00b11,13<\/td>\n<\/tr>\n<tr>\n<td width=\"142\"><strong>VGM<\/strong><\/td>\n<td width=\"142\">fL<\/td>\n<td width=\"142\">159,22<\/td>\n<td width=\"142\">\u00b129,90<\/td>\n<\/tr>\n<tr>\n<td width=\"142\"><strong>CHGM<\/strong><\/td>\n<td width=\"142\">%<\/td>\n<td width=\"142\">22,53<\/td>\n<td width=\"142\">\u00b11,99<\/td>\n<\/tr>\n<tr>\n<td width=\"142\"><strong>HGM<\/strong><\/td>\n<td width=\"142\">pg<\/td>\n<td width=\"142\">35,57<\/td>\n<td width=\"142\">\u00b13,55<\/td>\n<\/tr>\n<tr>\n<td width=\"142\"><strong>Leuc\u00f3citos totais<\/strong><\/td>\n<td width=\"142\">\/\u00b5L<\/td>\n<td width=\"142\">11000,00<\/td>\n<td width=\"142\">\u00b11414,21<\/td>\n<\/tr>\n<tr>\n<td width=\"142\"><strong>Heter\u00f3filos<\/strong><\/td>\n<td width=\"142\">\/\u00b5L<\/td>\n<td width=\"142\">5840,00<\/td>\n<td width=\"142\">\u00b11753,62<\/td>\n<\/tr>\n<tr>\n<td width=\"142\"><strong>Linf\u00f3citos<\/strong><\/td>\n<td width=\"142\">\/\u00b5L<\/td>\n<td width=\"142\">5050,00<\/td>\n<td width=\"142\">\u00b1353,55<\/td>\n<\/tr>\n<tr>\n<td width=\"142\"><strong>Mon\u00f3citos<\/strong><\/td>\n<td width=\"142\">\/\u00b5L<\/td>\n<td width=\"142\">100,00<\/td>\n<td width=\"142\"><strong>&#8211;<\/strong><\/td>\n<\/tr>\n<tr>\n<td width=\"142\"><strong>Eosin\u00f3filos<\/strong><\/td>\n<td width=\"142\">\/\u00b5L<\/td>\n<td width=\"142\">120,00<\/td>\n<td width=\"142\"><strong>&#8211;<\/strong><\/td>\n<\/tr>\n<tr>\n<td width=\"142\"><strong>Bas\u00f3filos<\/strong><\/td>\n<td width=\"142\">\/\u00b5L<\/td>\n<td width=\"142\"><strong>&#8211;<\/strong><\/td>\n<td width=\"142\"><strong>&#8211;<\/strong><\/td>\n<\/tr>\n<tr>\n<td width=\"142\"><strong>H:L<\/strong><\/td>\n<td width=\"142\">&nbsp;<\/td>\n<td width=\"142\">1,17<\/td>\n<td width=\"142\">\u00b10,42<\/td>\n<\/tr>\n<tr>\n<td width=\"142\"><strong>Tromb\u00f3citos<\/strong><\/td>\n<td width=\"142\">\/\u00b5L<\/td>\n<td width=\"142\">66052,50<\/td>\n<td width=\"142\">\u00b18913,08<\/td>\n<\/tr>\n<tr>\n<td width=\"142\"><strong>PPT<\/strong><\/td>\n<td width=\"142\">g\/dL<\/td>\n<td width=\"142\">3,00<\/td>\n<td width=\"142\">\u00b10,00<\/td>\n<\/tr>\n<\/tbody>\n<\/table>\n<p>&nbsp;<\/p>\n<p>&nbsp;<\/p>\n<ol start=\"2\">\n<li>Par\u00e2metros bioqu\u00edmicos s\u00e9ricos de adultos saud\u00e1veis de Mocho-Diabo (<em>Asio stygius<\/em>)<\/li>\n<\/ol>\n<table width=\"567\">\n<tbody>\n<tr>\n<td width=\"142\"><strong>Par\u00e2metro <\/strong><\/td>\n<td width=\"142\"><strong>Unidade<\/strong><\/td>\n<td width=\"142\"><strong>M\u00e9dia<\/strong><\/td>\n<td width=\"142\"><strong>DP<\/strong><\/td>\n<\/tr>\n<tr>\n<td width=\"142\"><strong>Prote\u00ednas totais<\/strong><\/td>\n<td width=\"142\">g\/dL<\/td>\n<td width=\"142\">2,80<\/td>\n<td width=\"142\">\u00b10,42<\/td>\n<\/tr>\n<tr>\n<td width=\"142\"><strong>Albumina<\/strong><\/td>\n<td width=\"142\">g\/dL<\/td>\n<td width=\"142\">0,45<\/td>\n<td width=\"142\">\u00b10,21<\/td>\n<\/tr>\n<tr>\n<td width=\"142\"><strong>Globulinas<\/strong><\/td>\n<td width=\"142\">g\/dL<\/td>\n<td width=\"142\">2,35<\/td>\n<td width=\"142\">\u00b10,21<\/td>\n<\/tr>\n<tr>\n<td width=\"142\"><strong>A:G<\/strong><\/td>\n<td width=\"142\">&nbsp;<\/td>\n<td width=\"142\">0,19<\/td>\n<td width=\"142\">\u00b10,07<\/td>\n<\/tr>\n<tr>\n<td width=\"142\"><strong>AST<\/strong><\/td>\n<td width=\"142\">U\/L<\/td>\n<td width=\"142\">219,00<\/td>\n<td width=\"142\">\u00b154,58<\/td>\n<\/tr>\n<tr>\n<td width=\"142\"><strong>GGT<\/strong><\/td>\n<td width=\"142\">U\/L<\/td>\n<td width=\"142\">2,30<\/td>\n<td width=\"142\">\u00b12,12<\/td>\n<\/tr>\n<tr>\n<td width=\"142\"><strong>\u00c1cido \u00darico<\/strong><\/td>\n<td width=\"142\">mg\/dL<\/td>\n<td width=\"142\">4,70<\/td>\n<td width=\"142\">\u00b10,28<\/td>\n<\/tr>\n<tr>\n<td width=\"142\"><strong>Colesterol<\/strong><\/td>\n<td width=\"142\">mg\/dL<\/td>\n<td width=\"142\">167,85<\/td>\n<td width=\"142\">\u00b149,99<\/td>\n<\/tr>\n<tr>\n<td width=\"142\"><strong>Glicose<\/strong><\/td>\n<td width=\"142\">mg\/dL<\/td>\n<td width=\"142\">274,90<\/td>\n<td width=\"142\">\u00b141,15<\/td>\n<\/tr>\n<tr>\n<td width=\"142\"><strong>CK<\/strong><\/td>\n<td width=\"142\">U\/L<\/td>\n<td width=\"142\">1036,60<\/td>\n<td width=\"142\">\u00b1125,72<\/td>\n<\/tr>\n<tr>\n<td width=\"142\"><strong>LDH<\/strong><\/td>\n<td width=\"142\">U\/L<\/td>\n<td width=\"142\">869,10<\/td>\n<td width=\"142\">\u00b1195,44<\/td>\n<\/tr>\n<tr>\n<td width=\"142\"><strong>Ferro<\/strong><\/td>\n<td width=\"142\">\u00b5g\/dL<\/td>\n<td width=\"142\">146,65<\/td>\n<td width=\"142\">\u00b168,94<\/td>\n<\/tr>\n<tr>\n<td width=\"142\"><strong>C\u00e1lcio<\/strong><\/td>\n<td width=\"142\">mg\/dL<\/td>\n<td width=\"142\">8,25<\/td>\n<td width=\"142\">\u00b10,35<\/td>\n<\/tr>\n<tr>\n<td width=\"142\"><strong>F\u00f3sforo<\/strong><\/td>\n<td width=\"142\">mg\/dL<\/td>\n<td width=\"142\">7,85<\/td>\n<td width=\"142\">\u00b10,07<\/td>\n<\/tr>\n<tr>\n<td width=\"142\"><strong>Ca:P<\/strong><\/td>\n<td width=\"142\">&nbsp;<\/td>\n<td width=\"142\">1,05<\/td>\n<td width=\"142\">\u00b10,03<\/td>\n<\/tr>\n<tr>\n<td width=\"142\"><strong>Fosfatase Alcalina<\/strong><\/td>\n<td width=\"142\">U\/L<\/td>\n<td width=\"142\">305,90<\/td>\n<td width=\"142\">\u00b1344,36<\/td>\n<\/tr>\n<\/tbody>\n<\/table>\n<p>&nbsp;<\/p>\n<p>&nbsp;<\/p>\n<p>&nbsp;<\/p>\n<p>&nbsp;<\/p>\n<p>&nbsp;<\/p>\n<p>&nbsp;<\/p>\n<p>&nbsp;<\/p>\n","protected":false},"excerpt":{"rendered":"<p>Par\u00e2metros hematol\u00f3gicos e valores de prote\u00edna plasm\u00e1tica total (PPT) de adultos saud\u00e1veis de Mocho-Diabo (Asio stygius) Par\u00e2metro Unidade M\u00e9dia DP Hemat\u00f3crito % 39,00 \u00b18,48 Eritr\u00f3citos x 106 \/\u00b5L 2,44 \u00b10,07 Hemoglobina g\/dL 8,70 \u00b11,13 VGM fL 159,22 \u00b129,90 CHGM % 22,53 \u00b11,99 HGM pg 35,57 \u00b13,55 Leuc\u00f3citos totais \/\u00b5L 11000,00 \u00b11414,21 Heter\u00f3filos \/\u00b5L 5840,00 \u00b11753,62 [&hellip;]<\/p>\n","protected":false},"author":3,"featured_media":0,"parent":0,"menu_order":0,"comment_status":"closed","ping_status":"closed","template":"","meta":{"footnotes":""},"class_list":["post-329","page","type-page","status-publish","hentry"],"_links":{"self":[{"href":"https:\/\/agrarias.ufpr.br\/sacas\/wp-json\/wp\/v2\/pages\/329","targetHints":{"allow":["GET"]}}],"collection":[{"href":"https:\/\/agrarias.ufpr.br\/sacas\/wp-json\/wp\/v2\/pages"}],"about":[{"href":"https:\/\/agrarias.ufpr.br\/sacas\/wp-json\/wp\/v2\/types\/page"}],"author":[{"embeddable":true,"href":"https:\/\/agrarias.ufpr.br\/sacas\/wp-json\/wp\/v2\/users\/3"}],"replies":[{"embeddable":true,"href":"https:\/\/agrarias.ufpr.br\/sacas\/wp-json\/wp\/v2\/comments?post=329"}],"version-history":[{"count":1,"href":"https:\/\/agrarias.ufpr.br\/sacas\/wp-json\/wp\/v2\/pages\/329\/revisions"}],"predecessor-version":[{"id":330,"href":"https:\/\/agrarias.ufpr.br\/sacas\/wp-json\/wp\/v2\/pages\/329\/revisions\/330"}],"wp:attachment":[{"href":"https:\/\/agrarias.ufpr.br\/sacas\/wp-json\/wp\/v2\/media?parent=329"}],"curies":[{"name":"wp","href":"https:\/\/api.w.org\/{rel}","templated":true}]}}