{"id":326,"date":"2019-01-24T14:23:31","date_gmt":"2019-01-24T14:23:31","guid":{"rendered":"https:\/\/agrarias.ufpr.br\/sacas\/?page_id=326"},"modified":"2019-07-03T14:28:07","modified_gmt":"2019-07-03T14:28:07","slug":"jacurutinga","status":"publish","type":"page","link":"https:\/\/agrarias.ufpr.br\/sacas\/jacurutinga\/","title":{"rendered":"Jacurutinga"},"content":{"rendered":"<ol>\n<li>Par\u00e2metros hematol\u00f3gicos de adultos saud\u00e1veis de Jacutinga (<em>Aburria jacutinga<\/em>)<\/li>\n<\/ol>\n<table width=\"559\">\n<tbody>\n<tr>\n<td width=\"124\"><strong>Par\u00e2metro<\/strong><\/td>\n<td width=\"95\"><strong>Unidades<\/strong><\/td>\n<td width=\"76\"><strong>M\u00e9dia<\/strong><\/td>\n<td width=\"57\"><strong>DP<\/strong><\/td>\n<td width=\"104\"><strong>M\u00ednimo<\/strong><\/td>\n<td width=\"104\"><strong>M\u00e1ximo<\/strong><\/td>\n<\/tr>\n<tr>\n<td width=\"124\"><strong>Hemat\u00f3crito<\/strong><\/td>\n<td width=\"95\">%<\/td>\n<td width=\"76\">42,8<\/td>\n<td width=\"57\">\u00b1 4,1<\/td>\n<td width=\"104\">33,0<\/td>\n<td width=\"104\">51,0<\/td>\n<\/tr>\n<tr>\n<td width=\"124\"><strong>Eritr\u00f3citos<\/strong><\/td>\n<td width=\"95\">X 10<sup>6<\/sup>\/uL<\/td>\n<td width=\"76\">2,1<\/td>\n<td width=\"57\">\u00b1 0,3<\/td>\n<td width=\"104\">1,42<\/td>\n<td width=\"104\">2,9<\/td>\n<\/tr>\n<tr>\n<td width=\"124\"><strong>Hemoglobina<\/strong><\/td>\n<td width=\"95\">g\/dL<\/td>\n<td width=\"76\">10,6<\/td>\n<td width=\"57\">\u00b1 1,1<\/td>\n<td width=\"104\">8,9<\/td>\n<td width=\"104\">13,6<\/td>\n<\/tr>\n<tr>\n<td width=\"124\"><strong>VGM<\/strong><\/td>\n<td width=\"95\">fL<\/td>\n<td width=\"76\">209,4<\/td>\n<td width=\"57\">\u00b1 25,1<\/td>\n<td width=\"104\">151,72<\/td>\n<td width=\"104\">272,72<\/td>\n<\/tr>\n<tr>\n<td width=\"124\"><strong>CHGM<\/strong><\/td>\n<td width=\"95\">g\/dL<\/td>\n<td width=\"76\">24,6<\/td>\n<td width=\"57\">\u00b1 1,1<\/td>\n<td width=\"104\">22,8<\/td>\n<td width=\"104\">28,18<\/td>\n<\/tr>\n<tr>\n<td width=\"124\"><strong>Leuc\u00f3citos totais<\/strong><\/td>\n<td width=\"95\">X 10<sup>3<\/sup>\/uL<\/td>\n<td width=\"76\">13,0<\/td>\n<td width=\"57\">\u00b1 7,6<\/td>\n<td width=\"104\">2,0<\/td>\n<td width=\"104\">31,0<\/td>\n<\/tr>\n<tr>\n<td width=\"124\"><strong>Heter\u00f3filos<\/strong><\/td>\n<td width=\"95\">%<\/td>\n<td width=\"76\">36,7<\/td>\n<td width=\"57\">\u00b1 11,9<\/td>\n<td width=\"104\">16,0<\/td>\n<td width=\"104\">61,0<\/td>\n<\/tr>\n<tr>\n<td width=\"124\"><strong>Linf\u00f3citos<\/strong><\/td>\n<td width=\"95\">%<\/td>\n<td width=\"76\">44,4<\/td>\n<td width=\"57\">\u00b1 11,9<\/td>\n<td width=\"104\">22,0<\/td>\n<td width=\"104\">69,0<\/td>\n<\/tr>\n<tr>\n<td width=\"124\"><strong>Mon\u00f3citos<\/strong><\/td>\n<td width=\"95\">%<\/td>\n<td width=\"76\">7,6<\/td>\n<td width=\"57\">\u00b1 4,1<\/td>\n<td width=\"104\">1,0<\/td>\n<td width=\"104\">18,0<\/td>\n<\/tr>\n<tr>\n<td width=\"124\"><strong>Eosin\u00f3filos<\/strong><\/td>\n<td width=\"95\">%<\/td>\n<td width=\"76\">6,0<\/td>\n<td width=\"57\">\u00b1 3,0<\/td>\n<td width=\"104\">1,0<\/td>\n<td width=\"104\">13,0<\/td>\n<\/tr>\n<tr>\n<td width=\"124\"><strong>Bas\u00f3filos<\/strong><\/td>\n<td width=\"95\">%<\/td>\n<td width=\"76\">5,3<\/td>\n<td width=\"57\">\u00b1 2,7<\/td>\n<td width=\"104\">1,0<\/td>\n<td width=\"104\">13,0<\/td>\n<\/tr>\n<tr>\n<td width=\"124\"><strong>Heter\u00f3filos<\/strong><\/td>\n<td width=\"95\">X 10<sup>3<\/sup>\/uL<\/td>\n<td width=\"76\">4,9<\/td>\n<td width=\"57\">\u00b1 3,4<\/td>\n<td width=\"104\">0,32<\/td>\n<td width=\"104\">15,19<\/td>\n<\/tr>\n<tr>\n<td width=\"124\"><strong>Linf\u00f3citos<\/strong><\/td>\n<td width=\"95\">X 10<sup>3<\/sup>\/uL<\/td>\n<td width=\"76\">5,6<\/td>\n<td width=\"57\">\u00b1 3,6<\/td>\n<td width=\"104\">1,38<\/td>\n<td width=\"104\">12,75<\/td>\n<\/tr>\n<tr>\n<td width=\"124\"><strong>Mon\u00f3citos<\/strong><\/td>\n<td width=\"95\">X 10<sup>3<\/sup>\/uL<\/td>\n<td width=\"76\">0,9<\/td>\n<td width=\"57\">\u00b1 0,6<\/td>\n<td width=\"104\">0,09<\/td>\n<td width=\"104\">2,28<\/td>\n<\/tr>\n<tr>\n<td width=\"124\"><strong>Eosin\u00f3filos<\/strong><\/td>\n<td width=\"95\">X 10<sup>3<\/sup>\/uL<\/td>\n<td width=\"76\">0,9<\/td>\n<td width=\"57\">\u00b1 0,8<\/td>\n<td width=\"104\">0,06<\/td>\n<td width=\"104\">2,8<\/td>\n<\/tr>\n<tr>\n<td width=\"124\"><strong>Bas\u00f3filos<\/strong><\/td>\n<td width=\"95\">X 10<sup>3<\/sup>\/uL<\/td>\n<td width=\"76\">0,7<\/td>\n<td width=\"57\">\u00b1 0,5<\/td>\n<td width=\"104\">0,08<\/td>\n<td width=\"104\">1,96<\/td>\n<\/tr>\n<tr>\n<td width=\"124\"><strong>H:L<\/strong><\/td>\n<td width=\"95\">&nbsp;<\/td>\n<td width=\"76\">1,0<\/td>\n<td width=\"57\">\u00b1 0,6<\/td>\n<td width=\"104\">0,23<\/td>\n<td width=\"104\">2,77<\/td>\n<\/tr>\n<\/tbody>\n<\/table>\n<p>&nbsp;<\/p>\n","protected":false},"excerpt":{"rendered":"<p>Par\u00e2metros hematol\u00f3gicos de adultos saud\u00e1veis de Jacutinga (Aburria jacutinga) Par\u00e2metro Unidades M\u00e9dia DP M\u00ednimo M\u00e1ximo Hemat\u00f3crito % 42,8 \u00b1 4,1 33,0 51,0 Eritr\u00f3citos X 106\/uL 2,1 \u00b1 0,3 1,42 2,9 Hemoglobina g\/dL 10,6 \u00b1 1,1 8,9 13,6 VGM fL 209,4 \u00b1 25,1 151,72 272,72 CHGM g\/dL 24,6 \u00b1 1,1 22,8 28,18 Leuc\u00f3citos totais X 103\/uL [&hellip;]<\/p>\n","protected":false},"author":3,"featured_media":0,"parent":0,"menu_order":0,"comment_status":"closed","ping_status":"closed","template":"","meta":{"footnotes":""},"class_list":["post-326","page","type-page","status-publish","hentry"],"_links":{"self":[{"href":"https:\/\/agrarias.ufpr.br\/sacas\/wp-json\/wp\/v2\/pages\/326","targetHints":{"allow":["GET"]}}],"collection":[{"href":"https:\/\/agrarias.ufpr.br\/sacas\/wp-json\/wp\/v2\/pages"}],"about":[{"href":"https:\/\/agrarias.ufpr.br\/sacas\/wp-json\/wp\/v2\/types\/page"}],"author":[{"embeddable":true,"href":"https:\/\/agrarias.ufpr.br\/sacas\/wp-json\/wp\/v2\/users\/3"}],"replies":[{"embeddable":true,"href":"https:\/\/agrarias.ufpr.br\/sacas\/wp-json\/wp\/v2\/comments?post=326"}],"version-history":[{"count":4,"href":"https:\/\/agrarias.ufpr.br\/sacas\/wp-json\/wp\/v2\/pages\/326\/revisions"}],"predecessor-version":[{"id":409,"href":"https:\/\/agrarias.ufpr.br\/sacas\/wp-json\/wp\/v2\/pages\/326\/revisions\/409"}],"wp:attachment":[{"href":"https:\/\/agrarias.ufpr.br\/sacas\/wp-json\/wp\/v2\/media?parent=326"}],"curies":[{"name":"wp","href":"https:\/\/api.w.org\/{rel}","templated":true}]}}