{"id":323,"date":"2019-01-24T14:22:50","date_gmt":"2019-01-24T14:22:50","guid":{"rendered":"https:\/\/agrarias.ufpr.br\/sacas\/?page_id=323"},"modified":"2019-01-24T14:22:50","modified_gmt":"2019-01-24T14:22:50","slug":"jacurutu","status":"publish","type":"page","link":"https:\/\/agrarias.ufpr.br\/sacas\/jacurutu\/","title":{"rendered":"Jacurutu"},"content":{"rendered":"<ol>\n<li>Par\u00e2metros hematol\u00f3gicos e valores de prote\u00edna plasm\u00e1tica total (PPT) de adultos saud\u00e1veis de Jacurutu (<em>Bubo virginianus<\/em>)<\/li>\n<\/ol>\n<table width=\"567\">\n<tbody>\n<tr>\n<td width=\"142\"><strong>Par\u00e2metro<\/strong><\/td>\n<td width=\"142\"><strong>Unidade<\/strong><\/td>\n<td width=\"142\"><strong>M\u00e9dia<\/strong><\/td>\n<td width=\"142\"><strong>DP<\/strong><\/td>\n<\/tr>\n<tr>\n<td width=\"142\"><strong>Hemat\u00f3crito<\/strong><\/td>\n<td width=\"142\">%<\/td>\n<td width=\"142\">37,00<\/td>\n<td width=\"142\">\u00b14,24<\/td>\n<\/tr>\n<tr>\n<td width=\"142\"><strong>Eritr\u00f3citos<\/strong><\/td>\n<td width=\"142\">x 10<sup>6<\/sup> \/\u00b5L<\/td>\n<td width=\"142\">1,72<\/td>\n<td width=\"142\">\u00b10,33<\/td>\n<\/tr>\n<tr>\n<td width=\"142\"><strong>Hemoglobina<\/strong><\/td>\n<td width=\"142\">g\/dL<\/td>\n<td width=\"142\">11,35<\/td>\n<td width=\"142\">\u00b12,89<\/td>\n<\/tr>\n<tr>\n<td width=\"142\"><strong>VGM<\/strong><\/td>\n<td width=\"142\">fL<\/td>\n<td width=\"142\">217,56<\/td>\n<td width=\"142\">\u00b118,31<\/td>\n<\/tr>\n<tr>\n<td width=\"142\"><strong>CHGM<\/strong><\/td>\n<td width=\"142\">%<\/td>\n<td width=\"142\">30,43<\/td>\n<td width=\"142\">\u00b14,34<\/td>\n<\/tr>\n<tr>\n<td width=\"142\"><strong>HGM<\/strong><\/td>\n<td width=\"142\">pg<\/td>\n<td width=\"142\">65,80<\/td>\n<td width=\"142\">\u00b13,88<\/td>\n<\/tr>\n<tr>\n<td width=\"142\"><strong>Leuc\u00f3citos totais<\/strong><\/td>\n<td width=\"142\">\/\u00b5L<\/td>\n<td width=\"142\">11500,00<\/td>\n<td width=\"142\">\u00b1707,10<\/td>\n<\/tr>\n<tr>\n<td width=\"142\"><strong>Heter\u00f3filos<\/strong><\/td>\n<td width=\"142\">\/\u00b5L<\/td>\n<td width=\"142\">8615,00<\/td>\n<td width=\"142\">\u00b1205,06<\/td>\n<\/tr>\n<tr>\n<td width=\"142\"><strong>Linf\u00f3citos<\/strong><\/td>\n<td width=\"142\">\/\u00b5L<\/td>\n<td width=\"142\">1890,00<\/td>\n<td width=\"142\">\u00b1127,27<\/td>\n<\/tr>\n<tr>\n<td width=\"142\"><strong>Mon\u00f3citos<\/strong><\/td>\n<td width=\"142\">\/\u00b5L<\/td>\n<td width=\"142\"><strong>&#8211;<\/strong><\/td>\n<td width=\"142\"><strong>&#8211;<\/strong><\/td>\n<\/tr>\n<tr>\n<td width=\"142\"><strong>Eosin\u00f3filos<\/strong><\/td>\n<td width=\"142\">\/\u00b5L<\/td>\n<td width=\"142\">1320,00<\/td>\n<td width=\"142\"><strong>&#8211;<\/strong><\/td>\n<\/tr>\n<tr>\n<td width=\"142\"><strong>Bas\u00f3filos<\/strong><\/td>\n<td width=\"142\">\/\u00b5L<\/td>\n<td width=\"142\">335,00<\/td>\n<td width=\"142\">\u00b1304,05<\/td>\n<\/tr>\n<tr>\n<td width=\"142\"><strong>H:L<\/strong><\/td>\n<td width=\"142\">&nbsp;<\/td>\n<td width=\"142\">5,68<\/td>\n<td width=\"142\">\u00b11,98<\/td>\n<\/tr>\n<tr>\n<td width=\"142\"><strong>Tromb\u00f3citos<\/strong><\/td>\n<td width=\"142\">\/\u00b5L<\/td>\n<td width=\"142\">64515,00<\/td>\n<td width=\"142\"><strong>&#8211;<\/strong><\/td>\n<\/tr>\n<tr>\n<td width=\"142\"><strong>PPT<\/strong><\/td>\n<td width=\"142\">g\/dL<\/td>\n<td width=\"142\">3,80<\/td>\n<td width=\"142\">\u00b10,56<\/td>\n<\/tr>\n<\/tbody>\n<\/table>\n<p>&nbsp;<\/p>\n<p>&nbsp;<\/p>\n<ol start=\"2\">\n<li>Par\u00e2metros bioqu\u00edmicos s\u00e9ricos e fibrinog\u00eanio de adultos saud\u00e1veis de Jacurutu (<em>Bubo virginianus<\/em>)<\/li>\n<\/ol>\n<table width=\"567\">\n<tbody>\n<tr>\n<td width=\"142\"><strong>Par\u00e2metro <\/strong><\/td>\n<td width=\"142\"><strong>Unidade<\/strong><\/td>\n<td width=\"142\"><strong>M\u00e9dia<\/strong><\/td>\n<td width=\"142\"><strong>DP<\/strong><\/td>\n<\/tr>\n<tr>\n<td width=\"142\"><strong>Prote\u00ednas totais<\/strong><\/td>\n<td width=\"142\">g\/dL<\/td>\n<td width=\"142\">3,30<\/td>\n<td width=\"142\">\u00b10,14<\/td>\n<\/tr>\n<tr>\n<td width=\"142\"><strong>Albumina<\/strong><\/td>\n<td width=\"142\">g\/dL<\/td>\n<td width=\"142\">1,80<\/td>\n<td width=\"142\"><strong>&#8211;<\/strong><\/td>\n<\/tr>\n<tr>\n<td width=\"142\"><strong>Globulinas<\/strong><\/td>\n<td width=\"142\">g\/dL<\/td>\n<td width=\"142\">1,60<\/td>\n<td width=\"142\"><strong>&#8211;<\/strong><\/td>\n<\/tr>\n<tr>\n<td width=\"142\"><strong>A:G<\/strong><\/td>\n<td width=\"142\">&nbsp;<\/td>\n<td width=\"142\">1,13<\/td>\n<td width=\"142\"><strong>&#8211;<\/strong><\/td>\n<\/tr>\n<tr>\n<td width=\"142\"><strong>AST<\/strong><\/td>\n<td width=\"142\">U\/L<\/td>\n<td width=\"142\">155,35<\/td>\n<td width=\"142\">\u00b170,78<\/td>\n<\/tr>\n<tr>\n<td width=\"142\"><strong>GGT<\/strong><\/td>\n<td width=\"142\">U\/L<\/td>\n<td width=\"142\">71,10<\/td>\n<td width=\"142\"><strong>&#8211;<\/strong><\/td>\n<\/tr>\n<tr>\n<td width=\"142\"><strong>\u00c1cido \u00darico<\/strong><\/td>\n<td width=\"142\">mg\/dL<\/td>\n<td width=\"142\">8,60<\/td>\n<td width=\"142\">\u00b13,67<\/td>\n<\/tr>\n<tr>\n<td width=\"142\"><strong>Colesterol<\/strong><\/td>\n<td width=\"142\">mg\/dL<\/td>\n<td width=\"142\">218,80<\/td>\n<td width=\"142\">\u00b176,50<\/td>\n<\/tr>\n<tr>\n<td width=\"142\"><strong>Glicose<\/strong><\/td>\n<td width=\"142\">mg\/dL<\/td>\n<td width=\"142\">333,15<\/td>\n<td width=\"142\">\u00b10,49<\/td>\n<\/tr>\n<tr>\n<td width=\"142\"><strong>CK<\/strong><\/td>\n<td width=\"142\">U\/L<\/td>\n<td width=\"142\">2260,95<\/td>\n<td width=\"142\">\u00b1777,88<\/td>\n<\/tr>\n<tr>\n<td width=\"142\"><strong>LDH<\/strong><\/td>\n<td width=\"142\">U\/L<\/td>\n<td width=\"142\">14749,65<\/td>\n<td width=\"142\">\u00b118724,68<\/td>\n<\/tr>\n<tr>\n<td width=\"142\"><strong>Ferro<\/strong><\/td>\n<td width=\"142\">\u00b5g\/dL<\/td>\n<td width=\"142\">345,30<\/td>\n<td width=\"142\"><strong>&#8211;<\/strong><\/td>\n<\/tr>\n<tr>\n<td width=\"142\"><strong>C\u00e1lcio<\/strong><\/td>\n<td width=\"142\">mg\/dL<\/td>\n<td width=\"142\">8,70<\/td>\n<td width=\"142\"><strong>&#8211;<\/strong><\/td>\n<\/tr>\n<tr>\n<td width=\"142\"><strong>F\u00f3sforo<\/strong><\/td>\n<td width=\"142\">mg\/dL<\/td>\n<td width=\"142\">5,80<\/td>\n<td width=\"142\"><strong>&#8211;<\/strong><\/td>\n<\/tr>\n<tr>\n<td width=\"142\"><strong>Ca:P<\/strong><\/td>\n<td width=\"142\">&nbsp;<\/td>\n<td width=\"142\">1,50<\/td>\n<td width=\"142\"><strong>&#8211;<\/strong><\/td>\n<\/tr>\n<tr>\n<td width=\"142\"><strong>Fosfatase Alcalina<\/strong><\/td>\n<td width=\"142\">U\/L<\/td>\n<td width=\"142\">49,75<\/td>\n<td width=\"142\">\u00b118,45<\/td>\n<\/tr>\n<tr>\n<td width=\"142\"><strong>Fibrinog\u00eanio<\/strong><\/td>\n<td width=\"142\">mg\/dL<\/td>\n<td width=\"142\">0,40<\/td>\n<td width=\"142\"><strong>&#8211;<\/strong><\/td>\n<\/tr>\n<\/tbody>\n<\/table>\n<p>&nbsp;<\/p>\n<p>&nbsp;<\/p>\n<p>&nbsp;<\/p>\n<p>&nbsp;<\/p>\n<p>&nbsp;<\/p>\n<p>&nbsp;<\/p>\n<ol start=\"3\">\n<li>Par\u00e2metros hematol\u00f3gicos e valores de prote\u00edna plasm\u00e1tica total (PPT) de jovens saud\u00e1veis de Jacurutu (<em>Bubo virginianus<\/em>)<\/li>\n<\/ol>\n<table>\n<tbody>\n<tr>\n<td width=\"123\"><strong>Par\u00e2metro<\/strong><\/td>\n<td width=\"104\"><strong>Unidade<\/strong><\/td>\n<td width=\"236\"><strong>M\u00e9dia<\/strong><\/td>\n<\/tr>\n<tr>\n<td width=\"123\"><strong>Hemat\u00f3crito<\/strong><\/td>\n<td width=\"104\">%<\/td>\n<td width=\"236\">43,00<\/td>\n<\/tr>\n<tr>\n<td width=\"123\"><strong>Eritr\u00f3citos<\/strong><\/td>\n<td width=\"104\">x 10<sup>6<\/sup> \/\u00b5L<\/td>\n<td width=\"236\">1,90<\/td>\n<\/tr>\n<tr>\n<td width=\"123\"><strong>Hemoglobina<\/strong><\/td>\n<td width=\"104\">g\/dL<\/td>\n<td width=\"236\">11,70<\/td>\n<\/tr>\n<tr>\n<td width=\"123\"><strong>VGM<\/strong><\/td>\n<td width=\"104\">fL<\/td>\n<td width=\"236\">226,32<\/td>\n<\/tr>\n<tr>\n<td width=\"123\"><strong>CHGM<\/strong><\/td>\n<td width=\"104\">%<\/td>\n<td width=\"236\">27,21<\/td>\n<\/tr>\n<tr>\n<td width=\"123\"><strong>HGM<\/strong><\/td>\n<td width=\"104\">pg<\/td>\n<td width=\"236\">61,58<\/td>\n<\/tr>\n<tr>\n<td width=\"123\"><strong>Leuc\u00f3citos totais<\/strong><\/td>\n<td width=\"104\">\/\u00b5L<\/td>\n<td width=\"236\">12000,00<\/td>\n<\/tr>\n<tr>\n<td width=\"123\"><strong>Heter\u00f3filos<\/strong><\/td>\n<td width=\"104\">\/\u00b5L<\/td>\n<td width=\"236\">9240,00<\/td>\n<\/tr>\n<tr>\n<td width=\"123\"><strong>Linf\u00f3citos<\/strong><\/td>\n<td width=\"104\">\/\u00b5L<\/td>\n<td width=\"236\">2520,00<\/td>\n<\/tr>\n<tr>\n<td width=\"123\"><strong>Mon\u00f3citos<\/strong><\/td>\n<td width=\"104\">\/\u00b5L<\/td>\n<td width=\"236\"><strong>&#8211;<\/strong><\/td>\n<\/tr>\n<tr>\n<td width=\"123\"><strong>Eosin\u00f3filos<\/strong><\/td>\n<td width=\"104\">\/\u00b5L<\/td>\n<td width=\"236\">240,00<\/td>\n<\/tr>\n<tr>\n<td width=\"123\"><strong>Bas\u00f3filos<\/strong><\/td>\n<td width=\"104\">\/\u00b5L<\/td>\n<td width=\"236\"><strong>&#8211;<\/strong><\/td>\n<\/tr>\n<tr>\n<td width=\"123\"><strong>H:L<\/strong><\/td>\n<td width=\"104\">&nbsp;<\/td>\n<td width=\"236\">3,67<\/td>\n<\/tr>\n<tr>\n<td width=\"123\"><strong>Tromb\u00f3citos<\/strong><\/td>\n<td width=\"104\">\/\u00b5L<\/td>\n<td width=\"236\">30400,00<\/td>\n<\/tr>\n<tr>\n<td width=\"123\"><strong>PPT<\/strong><\/td>\n<td width=\"104\">g\/dL<\/td>\n<td width=\"236\">4,40<\/td>\n<\/tr>\n<\/tbody>\n<\/table>\n<p>&nbsp;<\/p>\n<p>&nbsp;<\/p>\n<ol start=\"4\">\n<li>Par\u00e2metros bioqu\u00edmicos s\u00e9ricos de jovens saud\u00e1veis de Jacurutu (<em>Bubo virginianus<\/em>)<\/li>\n<\/ol>\n<table>\n<tbody>\n<tr>\n<td width=\"154\"><strong>Par\u00e2metro <\/strong><\/td>\n<td width=\"154\"><strong>Unidade<\/strong><\/td>\n<td width=\"154\"><strong>M\u00e9dia<\/strong><\/td>\n<\/tr>\n<tr>\n<td width=\"154\"><strong>Prote\u00ednas totais<\/strong><\/td>\n<td width=\"154\">g\/dL<\/td>\n<td width=\"154\">3,80<\/td>\n<\/tr>\n<tr>\n<td width=\"154\"><strong>Albumina<\/strong><\/td>\n<td width=\"154\">g\/dL<\/td>\n<td width=\"154\">1,80<\/td>\n<\/tr>\n<tr>\n<td width=\"154\"><strong>Globulinas<\/strong><\/td>\n<td width=\"154\">g\/dL<\/td>\n<td width=\"154\">2,00<\/td>\n<\/tr>\n<tr>\n<td width=\"154\"><strong>A:G<\/strong><\/td>\n<td width=\"154\">&nbsp;<\/td>\n<td width=\"154\">0,90<\/td>\n<\/tr>\n<tr>\n<td width=\"154\"><strong>AST<\/strong><\/td>\n<td width=\"154\">U\/L<\/td>\n<td width=\"154\">145,80<\/td>\n<\/tr>\n<tr>\n<td width=\"154\"><strong>GGT<\/strong><\/td>\n<td width=\"154\">U\/L<\/td>\n<td width=\"154\">92,80<\/td>\n<\/tr>\n<tr>\n<td width=\"154\"><strong>\u00c1cido \u00darico<\/strong><\/td>\n<td width=\"154\">mg\/dL<\/td>\n<td width=\"154\">10,80<\/td>\n<\/tr>\n<tr>\n<td width=\"154\"><strong>Colesterol<\/strong><\/td>\n<td width=\"154\">mg\/dL<\/td>\n<td width=\"154\">291,60<\/td>\n<\/tr>\n<tr>\n<td width=\"154\"><strong>Glicose<\/strong><\/td>\n<td width=\"154\">mg\/dL<\/td>\n<td width=\"154\">328,00<\/td>\n<\/tr>\n<tr>\n<td width=\"154\"><strong>CK<\/strong><\/td>\n<td width=\"154\">U\/L<\/td>\n<td width=\"154\">1587,60<\/td>\n<\/tr>\n<tr>\n<td width=\"154\"><strong>LDH<\/strong><\/td>\n<td width=\"154\">U\/L<\/td>\n<td width=\"154\">1154,50<\/td>\n<\/tr>\n<tr>\n<td width=\"154\"><strong>Ferro<\/strong><\/td>\n<td width=\"154\">\u00b5g\/dL<\/td>\n<td width=\"154\">41,50<\/td>\n<\/tr>\n<tr>\n<td width=\"154\"><strong>C\u00e1lcio<\/strong><\/td>\n<td width=\"154\">mg\/dL<\/td>\n<td width=\"154\">9,60<\/td>\n<\/tr>\n<tr>\n<td width=\"154\"><strong>F\u00f3sforo<\/strong><\/td>\n<td width=\"154\">mg\/dL<\/td>\n<td width=\"154\">6,70<\/td>\n<\/tr>\n<tr>\n<td width=\"154\"><strong>Ca:P<\/strong><\/td>\n<td width=\"154\">&nbsp;<\/td>\n<td width=\"154\">1,43<\/td>\n<\/tr>\n<tr>\n<td width=\"154\"><strong>Fosfatase Alcalina<\/strong><\/td>\n<td width=\"154\">U\/L<\/td>\n<td width=\"154\">48,90<\/td>\n<\/tr>\n<\/tbody>\n<\/table>\n<p>&nbsp;<\/p>\n","protected":false},"excerpt":{"rendered":"<p>Par\u00e2metros hematol\u00f3gicos e valores de prote\u00edna plasm\u00e1tica total (PPT) de adultos saud\u00e1veis de Jacurutu (Bubo virginianus) Par\u00e2metro Unidade M\u00e9dia DP Hemat\u00f3crito % 37,00 \u00b14,24 Eritr\u00f3citos x 106 \/\u00b5L 1,72 \u00b10,33 Hemoglobina g\/dL 11,35 \u00b12,89 VGM fL 217,56 \u00b118,31 CHGM % 30,43 \u00b14,34 HGM pg 65,80 \u00b13,88 Leuc\u00f3citos totais \/\u00b5L 11500,00 \u00b1707,10 Heter\u00f3filos \/\u00b5L 8615,00 \u00b1205,06 [&hellip;]<\/p>\n","protected":false},"author":3,"featured_media":0,"parent":0,"menu_order":0,"comment_status":"closed","ping_status":"closed","template":"","meta":{"footnotes":""},"class_list":["post-323","page","type-page","status-publish","hentry"],"_links":{"self":[{"href":"https:\/\/agrarias.ufpr.br\/sacas\/wp-json\/wp\/v2\/pages\/323","targetHints":{"allow":["GET"]}}],"collection":[{"href":"https:\/\/agrarias.ufpr.br\/sacas\/wp-json\/wp\/v2\/pages"}],"about":[{"href":"https:\/\/agrarias.ufpr.br\/sacas\/wp-json\/wp\/v2\/types\/page"}],"author":[{"embeddable":true,"href":"https:\/\/agrarias.ufpr.br\/sacas\/wp-json\/wp\/v2\/users\/3"}],"replies":[{"embeddable":true,"href":"https:\/\/agrarias.ufpr.br\/sacas\/wp-json\/wp\/v2\/comments?post=323"}],"version-history":[{"count":1,"href":"https:\/\/agrarias.ufpr.br\/sacas\/wp-json\/wp\/v2\/pages\/323\/revisions"}],"predecessor-version":[{"id":324,"href":"https:\/\/agrarias.ufpr.br\/sacas\/wp-json\/wp\/v2\/pages\/323\/revisions\/324"}],"wp:attachment":[{"href":"https:\/\/agrarias.ufpr.br\/sacas\/wp-json\/wp\/v2\/media?parent=323"}],"curies":[{"name":"wp","href":"https:\/\/api.w.org\/{rel}","templated":true}]}}