{"id":320,"date":"2019-01-24T14:21:49","date_gmt":"2019-01-24T14:21:49","guid":{"rendered":"https:\/\/agrarias.ufpr.br\/sacas\/?page_id=320"},"modified":"2019-01-24T14:21:49","modified_gmt":"2019-01-24T14:21:49","slug":"gaviao-real","status":"publish","type":"page","link":"https:\/\/agrarias.ufpr.br\/sacas\/gaviao-real\/","title":{"rendered":"Gavi\u00e3o Real"},"content":{"rendered":"<ol>\n<li>Par\u00e2metros hematol\u00f3gicos e valores de prote\u00edna plasm\u00e1tica total (PPT) de adultos saud\u00e1veis de Gavi\u00e3o-Real (<em>Harpia harpyja<\/em>)<\/li>\n<\/ol>\n<table width=\"567\">\n<tbody>\n<tr>\n<td width=\"142\"><strong>Par\u00e2metro<\/strong><\/td>\n<td width=\"142\"><strong>Unidade<\/strong><\/td>\n<td width=\"142\"><strong>M\u00e9dia<\/strong><\/td>\n<td width=\"142\"><strong>DP<\/strong><\/td>\n<\/tr>\n<tr>\n<td width=\"142\"><strong>Hemat\u00f3crito<\/strong><\/td>\n<td width=\"142\">%<\/td>\n<td width=\"142\">36,50<\/td>\n<td width=\"142\">\u00b13,53<\/td>\n<\/tr>\n<tr>\n<td width=\"142\"><strong>Eritr\u00f3citos<\/strong><\/td>\n<td width=\"142\">x 10<sup>6<\/sup> \/\u00b5L<\/td>\n<td width=\"142\">1,29<\/td>\n<td width=\"142\">\u00b10,25<\/td>\n<\/tr>\n<tr>\n<td width=\"142\"><strong>Hemoglobina<\/strong><\/td>\n<td width=\"142\">g\/dL<\/td>\n<td width=\"142\">9,10<\/td>\n<td width=\"142\">\u00b10,84<\/td>\n<\/tr>\n<tr>\n<td width=\"142\"><strong>VGM<\/strong><\/td>\n<td width=\"142\">fL<\/td>\n<td width=\"142\">286,26<\/td>\n<td width=\"142\">\u00b128,35<\/td>\n<\/tr>\n<tr>\n<td width=\"142\"><strong>CHGM<\/strong><\/td>\n<td width=\"142\">%<\/td>\n<td width=\"142\">24,94<\/td>\n<td width=\"142\">\u00b10,09<\/td>\n<\/tr>\n<tr>\n<td width=\"142\"><strong>HGM<\/strong><\/td>\n<td width=\"142\">pg<\/td>\n<td width=\"142\">71,39<\/td>\n<td width=\"142\">\u00b17,32<\/td>\n<\/tr>\n<tr>\n<td width=\"142\"><strong>Leuc\u00f3citos totais<\/strong><\/td>\n<td width=\"142\">\/\u00b5L<\/td>\n<td width=\"142\">11000,00<\/td>\n<td width=\"142\">\u00b12828,42<\/td>\n<\/tr>\n<tr>\n<td width=\"142\"><strong>Heter\u00f3filos<\/strong><\/td>\n<td width=\"142\">\/\u00b5L<\/td>\n<td width=\"142\">9560,00<\/td>\n<td width=\"142\">\u00b13210,26<\/td>\n<\/tr>\n<tr>\n<td width=\"142\"><strong>Linf\u00f3citos<\/strong><\/td>\n<td width=\"142\">\/\u00b5L<\/td>\n<td width=\"142\">1150,00<\/td>\n<td width=\"142\">\u00b1155,56<\/td>\n<\/tr>\n<tr>\n<td width=\"142\"><strong>Mon\u00f3citos<\/strong><\/td>\n<td width=\"142\">\/\u00b5L<\/td>\n<td width=\"142\"><strong>&#8211;<\/strong><\/td>\n<td width=\"142\"><strong>&#8211;<\/strong><\/td>\n<\/tr>\n<tr>\n<td width=\"142\"><strong>Eosin\u00f3filos<\/strong><\/td>\n<td width=\"142\">\/\u00b5L<\/td>\n<td width=\"142\">290,00<\/td>\n<td width=\"142\">\u00b1226,27<\/td>\n<\/tr>\n<tr>\n<td width=\"142\"><strong>Bas\u00f3filos<\/strong><\/td>\n<td width=\"142\">\/\u00b5L<\/td>\n<td width=\"142\"><strong>&#8211;<\/strong><\/td>\n<td width=\"142\"><strong>&#8211;<\/strong><\/td>\n<\/tr>\n<tr>\n<td width=\"142\"><strong>H:L<\/strong><\/td>\n<td width=\"142\">&nbsp;<\/td>\n<td width=\"142\">8,58<\/td>\n<td width=\"142\">\u00b13,95<\/td>\n<\/tr>\n<tr>\n<td width=\"142\"><strong>Tromb\u00f3citos<\/strong><\/td>\n<td width=\"142\">\/\u00b5L<\/td>\n<td width=\"142\">35850,00<\/td>\n<td width=\"142\">\u00b111455,12<\/td>\n<\/tr>\n<tr>\n<td width=\"142\"><strong>PPT<\/strong><\/td>\n<td width=\"142\">g\/dL<\/td>\n<td width=\"142\">6,00<\/td>\n<td width=\"142\">\u00b11,41<\/td>\n<\/tr>\n<\/tbody>\n<\/table>\n<p>&nbsp;<\/p>\n<p>&nbsp;<\/p>\n<ol start=\"2\">\n<li>Par\u00e2metros bioqu\u00edmicos s\u00e9ricos e fibrinog\u00eanio de adultos saud\u00e1veis de Gavi\u00e3o-Real (<em>Harpia harpyja<\/em>)<\/li>\n<\/ol>\n<table width=\"567\">\n<tbody>\n<tr>\n<td width=\"142\"><strong>Par\u00e2metro <\/strong><\/td>\n<td width=\"142\"><strong>Unidade<\/strong><\/td>\n<td width=\"142\"><strong>M\u00e9dia<\/strong><\/td>\n<td width=\"142\"><strong>DP<\/strong><\/td>\n<\/tr>\n<tr>\n<td width=\"142\"><strong>Prote\u00ednas totais<\/strong><\/td>\n<td width=\"142\">g\/dL<\/td>\n<td width=\"142\">4,45<\/td>\n<td width=\"142\">\u00b10,21<\/td>\n<\/tr>\n<tr>\n<td width=\"142\"><strong>Albumina<\/strong><\/td>\n<td width=\"142\">g\/dL<\/td>\n<td width=\"142\">1,30<\/td>\n<td width=\"142\">\u00b10,14<\/td>\n<\/tr>\n<tr>\n<td width=\"142\"><strong>Globulinas<\/strong><\/td>\n<td width=\"142\">g\/dL<\/td>\n<td width=\"142\">3,15<\/td>\n<td width=\"142\">\u00b10,35<\/td>\n<\/tr>\n<tr>\n<td width=\"142\"><strong>A:G<\/strong><\/td>\n<td width=\"142\">&nbsp;<\/td>\n<td width=\"142\">0,42<\/td>\n<td width=\"142\">\u00b10,09<\/td>\n<\/tr>\n<tr>\n<td width=\"142\"><strong>AST<\/strong><\/td>\n<td width=\"142\">U\/L<\/td>\n<td width=\"142\">199,05<\/td>\n<td width=\"142\">\u00b110,96<\/td>\n<\/tr>\n<tr>\n<td width=\"142\"><strong>GGT<\/strong><\/td>\n<td width=\"142\">U\/L<\/td>\n<td width=\"142\">8,00<\/td>\n<td width=\"142\">\u00b10,84<\/td>\n<\/tr>\n<tr>\n<td width=\"142\"><strong>\u00c1cido \u00darico<\/strong><\/td>\n<td width=\"142\">mg\/dL<\/td>\n<td width=\"142\">11,25<\/td>\n<td width=\"142\">\u00b11,76<\/td>\n<\/tr>\n<tr>\n<td width=\"142\"><strong>Colesterol<\/strong><\/td>\n<td width=\"142\">mg\/dL<\/td>\n<td width=\"142\">258,05<\/td>\n<td width=\"142\">\u00b171,06<\/td>\n<\/tr>\n<tr>\n<td width=\"142\"><strong>Glicose<\/strong><\/td>\n<td width=\"142\">mg\/dL<\/td>\n<td width=\"142\">203,55<\/td>\n<td width=\"142\">\u00b168,23<\/td>\n<\/tr>\n<tr>\n<td width=\"142\"><strong>CK<\/strong><\/td>\n<td width=\"142\">U\/L<\/td>\n<td width=\"142\">322,50<\/td>\n<td width=\"142\">\u00b1312,68<\/td>\n<\/tr>\n<tr>\n<td width=\"142\"><strong>LDH<\/strong><\/td>\n<td width=\"142\">U\/L<\/td>\n<td width=\"142\">1033,85<\/td>\n<td width=\"142\">\u00b1384,45<\/td>\n<\/tr>\n<tr>\n<td width=\"142\"><strong>Ferro<\/strong><\/td>\n<td width=\"142\">\u00b5g\/dL<\/td>\n<td width=\"142\">473,05<\/td>\n<td width=\"142\">\u00b1247,41<\/td>\n<\/tr>\n<tr>\n<td width=\"142\"><strong>C\u00e1lcio<\/strong><\/td>\n<td width=\"142\">mg\/dL<\/td>\n<td width=\"142\">9,75<\/td>\n<td width=\"142\">\u00b10,07<\/td>\n<\/tr>\n<tr>\n<td width=\"142\"><strong>F\u00f3sforo<\/strong><\/td>\n<td width=\"142\">mg\/dL<\/td>\n<td width=\"142\">5,60<\/td>\n<td width=\"142\">\u00b10,84<\/td>\n<\/tr>\n<tr>\n<td width=\"142\"><strong>Ca:P<\/strong><\/td>\n<td width=\"142\">&nbsp;<\/td>\n<td width=\"142\">1,76<\/td>\n<td width=\"142\">\u00b10,27<\/td>\n<\/tr>\n<tr>\n<td width=\"142\"><strong>Fosfatase Alcalina<\/strong><\/td>\n<td width=\"142\">U\/L<\/td>\n<td width=\"142\">250,15<\/td>\n<td width=\"142\">\u00b1292,38<\/td>\n<\/tr>\n<tr>\n<td width=\"142\"><strong>Fibrinog\u00eanio<\/strong><\/td>\n<td width=\"142\">mg\/dL<\/td>\n<td width=\"142\">0,50<\/td>\n<td width=\"142\">\u00b10,14<\/td>\n<\/tr>\n<\/tbody>\n<\/table>\n<p>&nbsp;<\/p>\n<p>&nbsp;<\/p>\n<p>&nbsp;<\/p>\n<p>&nbsp;<\/p>\n","protected":false},"excerpt":{"rendered":"<p>Par\u00e2metros hematol\u00f3gicos e valores de prote\u00edna plasm\u00e1tica total (PPT) de adultos saud\u00e1veis de Gavi\u00e3o-Real (Harpia harpyja) Par\u00e2metro Unidade M\u00e9dia DP Hemat\u00f3crito % 36,50 \u00b13,53 Eritr\u00f3citos x 106 \/\u00b5L 1,29 \u00b10,25 Hemoglobina g\/dL 9,10 \u00b10,84 VGM fL 286,26 \u00b128,35 CHGM % 24,94 \u00b10,09 HGM pg 71,39 \u00b17,32 Leuc\u00f3citos totais \/\u00b5L 11000,00 \u00b12828,42 Heter\u00f3filos \/\u00b5L 9560,00 \u00b13210,26 [&hellip;]<\/p>\n","protected":false},"author":3,"featured_media":0,"parent":0,"menu_order":0,"comment_status":"closed","ping_status":"closed","template":"","meta":{"footnotes":""},"class_list":["post-320","page","type-page","status-publish","hentry"],"_links":{"self":[{"href":"https:\/\/agrarias.ufpr.br\/sacas\/wp-json\/wp\/v2\/pages\/320","targetHints":{"allow":["GET"]}}],"collection":[{"href":"https:\/\/agrarias.ufpr.br\/sacas\/wp-json\/wp\/v2\/pages"}],"about":[{"href":"https:\/\/agrarias.ufpr.br\/sacas\/wp-json\/wp\/v2\/types\/page"}],"author":[{"embeddable":true,"href":"https:\/\/agrarias.ufpr.br\/sacas\/wp-json\/wp\/v2\/users\/3"}],"replies":[{"embeddable":true,"href":"https:\/\/agrarias.ufpr.br\/sacas\/wp-json\/wp\/v2\/comments?post=320"}],"version-history":[{"count":1,"href":"https:\/\/agrarias.ufpr.br\/sacas\/wp-json\/wp\/v2\/pages\/320\/revisions"}],"predecessor-version":[{"id":321,"href":"https:\/\/agrarias.ufpr.br\/sacas\/wp-json\/wp\/v2\/pages\/320\/revisions\/321"}],"wp:attachment":[{"href":"https:\/\/agrarias.ufpr.br\/sacas\/wp-json\/wp\/v2\/media?parent=320"}],"curies":[{"name":"wp","href":"https:\/\/api.w.org\/{rel}","templated":true}]}}