{"id":315,"date":"2019-01-24T14:20:07","date_gmt":"2019-01-24T14:20:07","guid":{"rendered":"https:\/\/agrarias.ufpr.br\/sacas\/?page_id=315"},"modified":"2019-01-24T14:20:07","modified_gmt":"2019-01-24T14:20:07","slug":"gaviao-de-cauda-curta","status":"publish","type":"page","link":"https:\/\/agrarias.ufpr.br\/sacas\/gaviao-de-cauda-curta\/","title":{"rendered":"Gavi\u00e3o de cauda curta"},"content":{"rendered":"<ol>\n<li>Par\u00e2metros hematol\u00f3gicos e valores de prote\u00edna plasm\u00e1tica total (PPT) de adultos saud\u00e1veis de Gavi\u00e3o-de-Cauda-Curta (<em>Buteo brachyurus<\/em>)<\/li>\n<\/ol>\n<table width=\"567\">\n<tbody>\n<tr>\n<td width=\"142\"><strong>Par\u00e2metro<\/strong><\/td>\n<td width=\"142\"><strong>Unidade<\/strong><\/td>\n<td width=\"142\"><strong>M\u00e9dia<\/strong><\/td>\n<td width=\"142\"><strong>DP<\/strong><\/td>\n<\/tr>\n<tr>\n<td width=\"142\"><strong>Hemat\u00f3crito<\/strong><\/td>\n<td width=\"142\">%<\/td>\n<td width=\"142\">41,00<\/td>\n<td width=\"142\">\u00b12,82<\/td>\n<\/tr>\n<tr>\n<td width=\"142\"><strong>Eritr\u00f3citos<\/strong><\/td>\n<td width=\"142\">x 10<sup>6<\/sup> \/\u00b5L<\/td>\n<td width=\"142\">2,13<\/td>\n<td width=\"142\">\u00b10,26<\/td>\n<\/tr>\n<tr>\n<td width=\"142\"><strong>Hemoglobina<\/strong><\/td>\n<td width=\"142\">g\/dL<\/td>\n<td width=\"142\">9,05<\/td>\n<td width=\"142\">\u00b10,63<\/td>\n<\/tr>\n<tr>\n<td width=\"142\"><strong>VGM<\/strong><\/td>\n<td width=\"142\">fL<\/td>\n<td width=\"142\">193,39<\/td>\n<td width=\"142\">\u00b110,80<\/td>\n<\/tr>\n<tr>\n<td width=\"142\"><strong>CHGM<\/strong><\/td>\n<td width=\"142\">%<\/td>\n<td width=\"142\">22,07<\/td>\n<td width=\"142\">\u00b10,02<\/td>\n<\/tr>\n<tr>\n<td width=\"142\"><strong>HGM<\/strong><\/td>\n<td width=\"142\">pg<\/td>\n<td width=\"142\">42,68<\/td>\n<td width=\"142\">\u00b12,32<\/td>\n<\/tr>\n<tr>\n<td width=\"142\"><strong>Leuc\u00f3citos totais<\/strong><\/td>\n<td width=\"142\">\/\u00b5L<\/td>\n<td width=\"142\">8750,00<\/td>\n<td width=\"142\">\u00b15303,30<\/td>\n<\/tr>\n<tr>\n<td width=\"142\"><strong>Heter\u00f3filos<\/strong><\/td>\n<td width=\"142\">\/\u00b5L<\/td>\n<td width=\"142\">4362,5<\/td>\n<td width=\"142\">\u00b14613,87<\/td>\n<\/tr>\n<tr>\n<td width=\"142\"><strong>Linf\u00f3citos<\/strong><\/td>\n<td width=\"142\">\/\u00b5L<\/td>\n<td width=\"142\">2550,00<\/td>\n<td width=\"142\">\u00b170,71<\/td>\n<\/tr>\n<tr>\n<td width=\"142\"><strong>Mon\u00f3citos<\/strong><\/td>\n<td width=\"142\">\/\u00b5L<\/td>\n<td width=\"142\">87,50<\/td>\n<td width=\"142\">\u00b153,03<\/td>\n<\/tr>\n<tr>\n<td width=\"142\"><strong>Eosin\u00f3filos<\/strong><\/td>\n<td width=\"142\">\/\u00b5L<\/td>\n<td width=\"142\">1525,00<\/td>\n<td width=\"142\">\u00b1671,75<\/td>\n<\/tr>\n<tr>\n<td width=\"142\"><strong>Bas\u00f3filos<\/strong><\/td>\n<td width=\"142\">\/\u00b5L<\/td>\n<td width=\"142\">225,00<\/td>\n<td width=\"142\">\u00b135,35<\/td>\n<\/tr>\n<tr>\n<td width=\"142\"><strong>H:L<\/strong><\/td>\n<td width=\"142\">&nbsp;<\/td>\n<td width=\"142\">1,74<\/td>\n<td width=\"142\">\u00b11,85<\/td>\n<\/tr>\n<tr>\n<td width=\"142\"><strong>Tromb\u00f3citos<\/strong><\/td>\n<td width=\"142\">\/\u00b5L<\/td>\n<td width=\"142\">32915,00<\/td>\n<td width=\"142\">\u00b113809,79<\/td>\n<\/tr>\n<tr>\n<td width=\"142\"><strong>PPT<\/strong><\/td>\n<td width=\"142\">g\/dL<\/td>\n<td width=\"142\">4,00<\/td>\n<td width=\"142\">\u00b10,28<\/td>\n<\/tr>\n<\/tbody>\n<\/table>\n<p>&nbsp;<\/p>\n<p>&nbsp;<\/p>\n<ol start=\"2\">\n<li>Par\u00e2metros bioqu\u00edmicos s\u00e9ricos de adultos saud\u00e1veis de Gavi\u00e3o-de-Cauda-Curta (<em>Buteo brachyurus<\/em>)<\/li>\n<\/ol>\n<table width=\"567\">\n<tbody>\n<tr>\n<td width=\"142\"><strong>Par\u00e2metro <\/strong><\/td>\n<td width=\"142\"><strong>Unidade<\/strong><\/td>\n<td width=\"142\"><strong>M\u00e9dia<\/strong><\/td>\n<td width=\"142\"><strong>DP<\/strong><\/td>\n<\/tr>\n<tr>\n<td width=\"142\"><strong>Prote\u00ednas totais<\/strong><\/td>\n<td width=\"142\">g\/dL<\/td>\n<td width=\"142\">3,25<\/td>\n<td width=\"142\">\u00b10,21<\/td>\n<\/tr>\n<tr>\n<td width=\"142\"><strong>Albumina<\/strong><\/td>\n<td width=\"142\">g\/dL<\/td>\n<td width=\"142\">1,70<\/td>\n<td width=\"142\">\u00b10,00<\/td>\n<\/tr>\n<tr>\n<td width=\"142\"><strong>Globulinas<\/strong><\/td>\n<td width=\"142\">g\/dL<\/td>\n<td width=\"142\">1,55<\/td>\n<td width=\"142\">\u00b10,21<\/td>\n<\/tr>\n<tr>\n<td width=\"142\"><strong>A:G<\/strong><\/td>\n<td width=\"142\">&nbsp;<\/td>\n<td width=\"142\">1,11<\/td>\n<td width=\"142\">\u00b10,15<\/td>\n<\/tr>\n<tr>\n<td width=\"142\"><strong>AST<\/strong><\/td>\n<td width=\"142\">U\/L<\/td>\n<td width=\"142\">134,85<\/td>\n<td width=\"142\">\u00b17,42<\/td>\n<\/tr>\n<tr>\n<td width=\"142\"><strong>GGT<\/strong><\/td>\n<td width=\"142\">U\/L<\/td>\n<td width=\"142\">13,10<\/td>\n<td width=\"142\">\u00b117,81<\/td>\n<\/tr>\n<tr>\n<td width=\"142\"><strong>\u00c1cido \u00darico<\/strong><\/td>\n<td width=\"142\">mg\/dL<\/td>\n<td width=\"142\">7,60<\/td>\n<td width=\"142\">\u00b11,27<\/td>\n<\/tr>\n<tr>\n<td width=\"142\"><strong>Colesterol<\/strong><\/td>\n<td width=\"142\">mg\/dL<\/td>\n<td width=\"142\">200,90<\/td>\n<td width=\"142\">&#8211;<\/td>\n<\/tr>\n<tr>\n<td width=\"142\"><strong>Glicose<\/strong><\/td>\n<td width=\"142\">mg\/dL<\/td>\n<td width=\"142\">384,00<\/td>\n<td width=\"142\">&#8211;<\/td>\n<\/tr>\n<tr>\n<td width=\"142\"><strong>CK<\/strong><\/td>\n<td width=\"142\">U\/L<\/td>\n<td width=\"142\">1493,30<\/td>\n<td width=\"142\">&#8211;<\/td>\n<\/tr>\n<tr>\n<td width=\"142\"><strong>LDH<\/strong><\/td>\n<td width=\"142\">U\/L<\/td>\n<td width=\"142\">1178,80<\/td>\n<td width=\"142\">&#8211;<\/td>\n<\/tr>\n<tr>\n<td width=\"142\"><strong>Ferro<\/strong><\/td>\n<td width=\"142\">\u00b5g\/dL<\/td>\n<td width=\"142\">493,30<\/td>\n<td width=\"142\">\u00b1475,45<\/td>\n<\/tr>\n<tr>\n<td width=\"142\"><strong>C\u00e1lcio<\/strong><\/td>\n<td width=\"142\">mg\/dL<\/td>\n<td width=\"142\">7,85<\/td>\n<td width=\"142\">\u00b11,48<\/td>\n<\/tr>\n<tr>\n<td width=\"142\"><strong>F\u00f3sforo<\/strong><\/td>\n<td width=\"142\">mg\/dL<\/td>\n<td width=\"142\">5,45<\/td>\n<td width=\"142\">\u00b11,34<\/td>\n<\/tr>\n<tr>\n<td width=\"142\"><strong>Ca:P<\/strong><\/td>\n<td width=\"142\">&nbsp;<\/td>\n<td width=\"142\">1,52<\/td>\n<td width=\"142\">\u00b10,64<\/td>\n<\/tr>\n<tr>\n<td width=\"142\"><strong>Fosfatase Alcalina<\/strong><\/td>\n<td width=\"142\">U\/L<\/td>\n<td width=\"142\">57,20<\/td>\n<td width=\"142\">\u00b14,38<\/td>\n<\/tr>\n<\/tbody>\n<\/table>\n<p>&nbsp;<\/p>\n<p>&nbsp;<\/p>\n<p>&nbsp;<\/p>\n<p>&nbsp;<\/p>\n<p>&nbsp;<\/p>\n","protected":false},"excerpt":{"rendered":"<p>Par\u00e2metros hematol\u00f3gicos e valores de prote\u00edna plasm\u00e1tica total (PPT) de adultos saud\u00e1veis de Gavi\u00e3o-de-Cauda-Curta (Buteo brachyurus) Par\u00e2metro Unidade M\u00e9dia DP Hemat\u00f3crito % 41,00 \u00b12,82 Eritr\u00f3citos x 106 \/\u00b5L 2,13 \u00b10,26 Hemoglobina g\/dL 9,05 \u00b10,63 VGM fL 193,39 \u00b110,80 CHGM % 22,07 \u00b10,02 HGM pg 42,68 \u00b12,32 Leuc\u00f3citos totais \/\u00b5L 8750,00 \u00b15303,30 Heter\u00f3filos \/\u00b5L 4362,5 \u00b14613,87 [&hellip;]<\/p>\n","protected":false},"author":3,"featured_media":0,"parent":0,"menu_order":0,"comment_status":"closed","ping_status":"closed","template":"","meta":{"footnotes":""},"class_list":["post-315","page","type-page","status-publish","hentry"],"_links":{"self":[{"href":"https:\/\/agrarias.ufpr.br\/sacas\/wp-json\/wp\/v2\/pages\/315","targetHints":{"allow":["GET"]}}],"collection":[{"href":"https:\/\/agrarias.ufpr.br\/sacas\/wp-json\/wp\/v2\/pages"}],"about":[{"href":"https:\/\/agrarias.ufpr.br\/sacas\/wp-json\/wp\/v2\/types\/page"}],"author":[{"embeddable":true,"href":"https:\/\/agrarias.ufpr.br\/sacas\/wp-json\/wp\/v2\/users\/3"}],"replies":[{"embeddable":true,"href":"https:\/\/agrarias.ufpr.br\/sacas\/wp-json\/wp\/v2\/comments?post=315"}],"version-history":[{"count":1,"href":"https:\/\/agrarias.ufpr.br\/sacas\/wp-json\/wp\/v2\/pages\/315\/revisions"}],"predecessor-version":[{"id":316,"href":"https:\/\/agrarias.ufpr.br\/sacas\/wp-json\/wp\/v2\/pages\/315\/revisions\/316"}],"wp:attachment":[{"href":"https:\/\/agrarias.ufpr.br\/sacas\/wp-json\/wp\/v2\/media?parent=315"}],"curies":[{"name":"wp","href":"https:\/\/api.w.org\/{rel}","templated":true}]}}