{"id":312,"date":"2019-01-24T14:17:25","date_gmt":"2019-01-24T14:17:25","guid":{"rendered":"https:\/\/agrarias.ufpr.br\/sacas\/?page_id=312"},"modified":"2019-01-24T14:17:58","modified_gmt":"2019-01-24T14:17:58","slug":"312-2","status":"publish","type":"page","link":"https:\/\/agrarias.ufpr.br\/sacas\/312-2\/","title":{"rendered":"Gavi\u00e3o Carij\u00f3"},"content":{"rendered":"<ol>\n<li>Par\u00e2metros hematol\u00f3gicos e valores de prote\u00edna plasm\u00e1tica total (PPT) de adultos saud\u00e1veis de Gavi\u00e3o-Carij\u00f3 (<em>Rupornis magnirostris<\/em>)<\/li>\n<\/ol>\n<table>\n<tbody>\n<tr>\n<td width=\"138\"><strong>Par\u00e2metro<\/strong><\/td>\n<td width=\"138\"><strong>Unidades<\/strong><\/td>\n<td width=\"138\"><strong>M\u00e9dia<\/strong><\/td>\n<td width=\"138\"><strong>DP<\/strong><\/td>\n<\/tr>\n<tr>\n<td width=\"138\"><strong>Hemat\u00f3crito<\/strong><\/td>\n<td width=\"138\">%<\/td>\n<td width=\"138\">41,00<\/td>\n<td width=\"138\">\u00b16,08<\/td>\n<\/tr>\n<tr>\n<td width=\"138\"><strong>Eritr\u00f3citos<\/strong><\/td>\n<td width=\"138\">X 10<sup>6<\/sup>\/uL<\/td>\n<td width=\"138\">1,78<\/td>\n<td width=\"138\">\u00b10,61<\/td>\n<\/tr>\n<tr>\n<td width=\"138\"><strong>Hemoglobina<\/strong><\/td>\n<td width=\"138\">g\/dL<\/td>\n<td width=\"138\">10,57<\/td>\n<td width=\"138\">\u00b12,54<\/td>\n<\/tr>\n<tr>\n<td width=\"138\"><strong>VGM<\/strong><\/td>\n<td width=\"138\">fL<\/td>\n<td width=\"138\">265,43<\/td>\n<td width=\"138\">\u00b1150,89<\/td>\n<\/tr>\n<tr>\n<td width=\"138\"><strong>CHGM<\/strong><\/td>\n<td width=\"138\">%<\/td>\n<td width=\"138\">26,40<\/td>\n<td width=\"138\">\u00b18,56<\/td>\n<\/tr>\n<tr>\n<td width=\"138\"><strong>HGM<\/strong><\/td>\n<td width=\"138\">pg<\/td>\n<td width=\"138\">63,92<\/td>\n<td width=\"138\">\u00b121,16<\/td>\n<\/tr>\n<tr>\n<td width=\"138\"><strong>Leuc\u00f3citos totais<\/strong><\/td>\n<td width=\"138\">\/uL<\/td>\n<td width=\"138\">8333,33<\/td>\n<td width=\"138\">\u00b15773,50<\/td>\n<\/tr>\n<tr>\n<td width=\"138\"><strong>Heter\u00f3filos<\/strong><\/td>\n<td width=\"138\">\/uL<\/td>\n<td width=\"138\">6383,33<\/td>\n<td width=\"138\">\u00b15809,97<\/td>\n<\/tr>\n<tr>\n<td width=\"138\"><strong>Linf\u00f3citos<\/strong><\/td>\n<td width=\"138\">\/uL<\/td>\n<td width=\"138\">1200,00<\/td>\n<td width=\"138\">\u00b1435,88<\/td>\n<\/tr>\n<tr>\n<td width=\"138\"><strong>Mon\u00f3citos<\/strong><\/td>\n<td width=\"138\">\/uL<\/td>\n<td width=\"138\">150,00<\/td>\n<td width=\"138\">\u00b150,00<\/td>\n<\/tr>\n<tr>\n<td width=\"138\"><strong>Eosin\u00f3filos<\/strong><\/td>\n<td width=\"138\">\/uL<\/td>\n<td width=\"138\">775,00<\/td>\n<td width=\"138\">\u00b135,35<\/td>\n<\/tr>\n<tr>\n<td width=\"138\"><strong>Bas\u00f3filos<\/strong><\/td>\n<td width=\"138\">\/uL<\/td>\n<td width=\"138\">125,00<\/td>\n<td width=\"138\">\u00b135,35<\/td>\n<\/tr>\n<tr>\n<td width=\"138\"><strong>H:L<\/strong><\/td>\n<td width=\"138\">&nbsp;<\/td>\n<td width=\"138\">6,54<\/td>\n<td width=\"138\">\u00b16,99<\/td>\n<\/tr>\n<tr>\n<td width=\"138\"><strong>Tromb\u00f3citos<\/strong><\/td>\n<td width=\"138\">\/uL<\/td>\n<td width=\"138\">64975,00<\/td>\n<td width=\"138\">\u00b122203,15<\/td>\n<\/tr>\n<tr>\n<td width=\"138\"><strong>PPT<\/strong><\/td>\n<td width=\"138\">g\/dL<\/td>\n<td width=\"138\">3,73<\/td>\n<td width=\"138\">\u00b10,23<\/td>\n<\/tr>\n<\/tbody>\n<\/table>\n<p>&nbsp;<\/p>\n<p>&nbsp;<\/p>\n<ol start=\"2\">\n<li>Par\u00e2metros bioqu\u00edmicos s\u00e9ricos e fibrinog\u00eanio de adultos saud\u00e1veis de gavi\u00e3o-carij\u00f3 (<em>Rupornis magnirostris<\/em>)<\/li>\n<\/ol>\n<table width=\"559\">\n<tbody>\n<tr>\n<td width=\"140\"><strong>Par\u00e2metros<\/strong><\/td>\n<td width=\"140\"><strong>Unidades<\/strong><\/td>\n<td width=\"140\"><strong>M\u00e9dia<\/strong><\/td>\n<td width=\"140\"><strong>DP<\/strong><\/td>\n<\/tr>\n<tr>\n<td width=\"140\"><strong>Prote\u00ednas Totais<\/strong><\/td>\n<td width=\"140\">g\/dL<\/td>\n<td width=\"140\">3,00<\/td>\n<td width=\"140\">\u00b10,45<\/td>\n<\/tr>\n<tr>\n<td width=\"140\"><strong>Albumina<\/strong><\/td>\n<td width=\"140\">g\/dL<\/td>\n<td width=\"140\">0,85<\/td>\n<td width=\"140\">\u00b10,49<\/td>\n<\/tr>\n<tr>\n<td width=\"140\"><strong>Globulinas<\/strong><\/td>\n<td width=\"140\">g\/dL<\/td>\n<td width=\"140\">2,00<\/td>\n<td width=\"140\">\u00b10,14<\/td>\n<\/tr>\n<tr>\n<td width=\"140\"><strong>A:G<\/strong><\/td>\n<td width=\"140\">&nbsp;<\/td>\n<td width=\"140\">0,43<\/td>\n<td width=\"140\">\u00b13,50<\/td>\n<\/tr>\n<tr>\n<td width=\"140\"><strong>AST<\/strong><\/td>\n<td width=\"140\">U\/L<\/td>\n<td width=\"140\">133,30<\/td>\n<td width=\"140\">\u00b190,69<\/td>\n<\/tr>\n<tr>\n<td width=\"140\"><strong>GGT<\/strong><\/td>\n<td width=\"140\">U\/L<\/td>\n<td width=\"140\">1,30<\/td>\n<td width=\"140\">&#8211;<\/td>\n<\/tr>\n<tr>\n<td width=\"140\"><strong>\u00c1cido \u00darico<\/strong><\/td>\n<td width=\"140\">mg\/dL<\/td>\n<td width=\"140\">16,43<\/td>\n<td width=\"140\">\u00b12,39<\/td>\n<\/tr>\n<tr>\n<td width=\"140\"><strong>Colesterol<\/strong><\/td>\n<td width=\"140\">mg\/dL<\/td>\n<td width=\"140\">200,03<\/td>\n<td width=\"140\">\u00b137,76<\/td>\n<\/tr>\n<tr>\n<td width=\"140\"><strong>Glicose<\/strong><\/td>\n<td width=\"140\">mg\/dL<\/td>\n<td width=\"140\">182,10<\/td>\n<td width=\"140\">\u00b120,78<\/td>\n<\/tr>\n<tr>\n<td width=\"140\"><strong>CK<\/strong><\/td>\n<td width=\"140\">U\/L<\/td>\n<td width=\"140\">1205,63<\/td>\n<td width=\"140\">\u00b1226,02<\/td>\n<\/tr>\n<tr>\n<td width=\"140\"><strong>LDH<\/strong><\/td>\n<td width=\"140\">U\/L<\/td>\n<td width=\"140\">1837,57<\/td>\n<td width=\"140\">\u00b1280,83<\/td>\n<\/tr>\n<tr>\n<td width=\"140\"><strong>Ferro<\/strong><\/td>\n<td width=\"140\">ug\/dL<\/td>\n<td width=\"140\">106,30<\/td>\n<td width=\"140\">&#8211;<\/td>\n<\/tr>\n<tr>\n<td width=\"140\"><strong>C\u00e1lcio<\/strong><\/td>\n<td width=\"140\">mg\/dL<\/td>\n<td width=\"140\">7,90<\/td>\n<td width=\"140\">\u00b11,27<\/td>\n<\/tr>\n<tr>\n<td width=\"140\"><strong>F\u00f3sforo<\/strong><\/td>\n<td width=\"140\">mg\/dL<\/td>\n<td width=\"140\">4,70<\/td>\n<td width=\"140\">\u00b11,97<\/td>\n<\/tr>\n<tr>\n<td width=\"140\"><strong>Ca:P<\/strong><\/td>\n<td width=\"140\">&nbsp;<\/td>\n<td width=\"140\">1,78<\/td>\n<td width=\"140\">\u00b10,47<\/td>\n<\/tr>\n<tr>\n<td width=\"140\"><strong>Fosfatase Alcalina<\/strong><\/td>\n<td width=\"140\">U\/L<\/td>\n<td width=\"140\">136,65<\/td>\n<td width=\"140\">\u00b132,73<\/td>\n<\/tr>\n<tr>\n<td width=\"140\"><strong>Fibrinog\u00eanio<\/strong><\/td>\n<td width=\"140\">mg\/dL<\/td>\n<td width=\"140\">0,47<\/td>\n<td width=\"140\">\u00b10,64<\/td>\n<\/tr>\n<\/tbody>\n<\/table>\n<p>&nbsp;<\/p>\n","protected":false},"excerpt":{"rendered":"<p>Par\u00e2metros hematol\u00f3gicos e valores de prote\u00edna plasm\u00e1tica total (PPT) de adultos saud\u00e1veis de Gavi\u00e3o-Carij\u00f3 (Rupornis magnirostris) Par\u00e2metro Unidades M\u00e9dia DP Hemat\u00f3crito % 41,00 \u00b16,08 Eritr\u00f3citos X 106\/uL 1,78 \u00b10,61 Hemoglobina g\/dL 10,57 \u00b12,54 VGM fL 265,43 \u00b1150,89 CHGM % 26,40 \u00b18,56 HGM pg 63,92 \u00b121,16 Leuc\u00f3citos totais \/uL 8333,33 \u00b15773,50 Heter\u00f3filos \/uL 6383,33 \u00b15809,97 Linf\u00f3citos [&hellip;]<\/p>\n","protected":false},"author":3,"featured_media":0,"parent":0,"menu_order":0,"comment_status":"closed","ping_status":"closed","template":"","meta":{"footnotes":""},"class_list":["post-312","page","type-page","status-publish","hentry"],"_links":{"self":[{"href":"https:\/\/agrarias.ufpr.br\/sacas\/wp-json\/wp\/v2\/pages\/312","targetHints":{"allow":["GET"]}}],"collection":[{"href":"https:\/\/agrarias.ufpr.br\/sacas\/wp-json\/wp\/v2\/pages"}],"about":[{"href":"https:\/\/agrarias.ufpr.br\/sacas\/wp-json\/wp\/v2\/types\/page"}],"author":[{"embeddable":true,"href":"https:\/\/agrarias.ufpr.br\/sacas\/wp-json\/wp\/v2\/users\/3"}],"replies":[{"embeddable":true,"href":"https:\/\/agrarias.ufpr.br\/sacas\/wp-json\/wp\/v2\/comments?post=312"}],"version-history":[{"count":2,"href":"https:\/\/agrarias.ufpr.br\/sacas\/wp-json\/wp\/v2\/pages\/312\/revisions"}],"predecessor-version":[{"id":314,"href":"https:\/\/agrarias.ufpr.br\/sacas\/wp-json\/wp\/v2\/pages\/312\/revisions\/314"}],"wp:attachment":[{"href":"https:\/\/agrarias.ufpr.br\/sacas\/wp-json\/wp\/v2\/media?parent=312"}],"curies":[{"name":"wp","href":"https:\/\/api.w.org\/{rel}","templated":true}]}}