{"id":309,"date":"2019-01-24T14:12:56","date_gmt":"2019-01-24T14:12:56","guid":{"rendered":"https:\/\/agrarias.ufpr.br\/sacas\/?page_id=309"},"modified":"2019-01-24T14:12:56","modified_gmt":"2019-01-24T14:12:56","slug":"gaviao-caboclo","status":"publish","type":"page","link":"https:\/\/agrarias.ufpr.br\/sacas\/gaviao-caboclo\/","title":{"rendered":"Gavi\u00e3o Caboclo"},"content":{"rendered":"<ol>\n<li>Par\u00e2metros hematol\u00f3gicos e valores de prote\u00edna plasm\u00e1tica total (PPT) de adultos saud\u00e1veis de Gavi\u00e3o-Caboclo (<em>Heterospizias meridionalis<\/em>)<\/li>\n<\/ol>\n<table width=\"567\">\n<tbody>\n<tr>\n<td width=\"142\"><strong>Par\u00e2metro<\/strong><\/td>\n<td width=\"142\"><strong>Unidades<\/strong><\/td>\n<td width=\"142\"><strong>M\u00e9dia<\/strong><\/td>\n<td width=\"142\"><strong>DP<\/strong><\/td>\n<\/tr>\n<tr>\n<td width=\"142\"><strong>Hemat\u00f3crito<\/strong><\/td>\n<td width=\"142\">%<\/td>\n<td width=\"142\">43,00<\/td>\n<td width=\"142\">\u00b14,35<\/td>\n<\/tr>\n<tr>\n<td width=\"142\"><strong>Eritr\u00f3citos<\/strong><\/td>\n<td width=\"142\">X 10<sup>6<\/sup>\/uL<\/td>\n<td width=\"142\">2,22<\/td>\n<td width=\"142\">\u00b10,46<\/td>\n<\/tr>\n<tr>\n<td width=\"142\"><strong>Hemoglobina<\/strong><\/td>\n<td width=\"142\">g\/dL<\/td>\n<td width=\"142\">11,00<\/td>\n<td width=\"142\">\u00b13,08<\/td>\n<\/tr>\n<tr>\n<td width=\"142\"><strong>VGM<\/strong><\/td>\n<td width=\"142\">fL<\/td>\n<td width=\"142\">198,37<\/td>\n<td width=\"142\">\u00b136,40<\/td>\n<\/tr>\n<tr>\n<td width=\"142\"><strong>CHGM<\/strong><\/td>\n<td width=\"142\">%<\/td>\n<td width=\"142\">25,96<\/td>\n<td width=\"142\">\u00b18,91<\/td>\n<\/tr>\n<tr>\n<td width=\"142\"><strong>HGM<\/strong><\/td>\n<td width=\"142\">pg<\/td>\n<td width=\"142\">53,47<\/td>\n<td width=\"142\">\u00b128,29<\/td>\n<\/tr>\n<tr>\n<td width=\"142\"><strong>Leuc\u00f3citos totais<\/strong><\/td>\n<td width=\"142\">\/uL<\/td>\n<td width=\"142\">10666,67<\/td>\n<td width=\"142\">\u00b12309,40<\/td>\n<\/tr>\n<tr>\n<td width=\"142\"><strong>Heter\u00f3filos<\/strong><\/td>\n<td width=\"142\">\/uL<\/td>\n<td width=\"142\">7773,33<\/td>\n<td width=\"142\">\u00b11821,79<\/td>\n<\/tr>\n<tr>\n<td width=\"142\"><strong>Linf\u00f3citos<\/strong><\/td>\n<td width=\"142\">\/uL<\/td>\n<td width=\"142\">1813,33<\/td>\n<td width=\"142\">\u00b1620,10<\/td>\n<\/tr>\n<tr>\n<td width=\"142\"><strong>Mon\u00f3citos<\/strong><\/td>\n<td width=\"142\">\/uL<\/td>\n<td width=\"142\">220,00<\/td>\n<td width=\"142\">\u00b1197,98<\/td>\n<\/tr>\n<tr>\n<td width=\"142\"><strong>Eosin\u00f3filos<\/strong><\/td>\n<td width=\"142\">\/uL<\/td>\n<td width=\"142\">826,67<\/td>\n<td width=\"142\">\u00b1871,16<\/td>\n<\/tr>\n<tr>\n<td width=\"142\"><strong>Bas\u00f3filos<\/strong><\/td>\n<td width=\"142\">\/uL<\/td>\n<td width=\"142\">320,00<\/td>\n<td width=\"142\">&#8211;<\/td>\n<\/tr>\n<tr>\n<td width=\"142\"><strong>H:L<\/strong><\/td>\n<td width=\"142\">&#8211;<\/td>\n<td width=\"142\">3,74<\/td>\n<td width=\"142\">\u00b10,38<\/td>\n<\/tr>\n<tr>\n<td width=\"142\"><strong>Tromb\u00f3citos<\/strong><\/td>\n<td width=\"142\">\/uL<\/td>\n<td width=\"142\">37882,50<\/td>\n<td width=\"142\">\u00b113063,79<\/td>\n<\/tr>\n<tr>\n<td width=\"142\"><strong>PPT<\/strong><\/td>\n<td width=\"142\">g\/dL<\/td>\n<td width=\"142\">4,00<\/td>\n<td width=\"142\">\u00b10,19<\/td>\n<\/tr>\n<\/tbody>\n<\/table>\n<p>&nbsp;<\/p>\n<p>&nbsp;<\/p>\n<ol start=\"2\">\n<li>Par\u00e2metros bioqu\u00edmicos plasm\u00e1ticos de adultos saud\u00e1veis de Gavi\u00e3o-Caboclo (<em>Heterospizias meridionalis<\/em>)<\/li>\n<\/ol>\n<table width=\"565\">\n<tbody>\n<tr>\n<td width=\"141\"><strong>Par\u00e2metros<\/strong><\/td>\n<td width=\"141\"><strong>Unidades<\/strong><\/td>\n<td width=\"141\"><strong>M\u00e9dia<\/strong><\/td>\n<td width=\"141\"><strong>DP<\/strong><\/td>\n<\/tr>\n<tr>\n<td width=\"141\"><strong>Prote\u00ednas Totais<\/strong><\/td>\n<td width=\"141\">g\/dL<\/td>\n<td width=\"141\">2,87<\/td>\n<td width=\"141\">\u00b10,30<\/td>\n<\/tr>\n<tr>\n<td width=\"141\"><strong>Albumina<\/strong><\/td>\n<td width=\"141\">g\/dL<\/td>\n<td width=\"141\">0,73<\/td>\n<td width=\"141\">\u00b10,15<\/td>\n<\/tr>\n<tr>\n<td width=\"141\"><strong>Globulinas<\/strong><\/td>\n<td width=\"141\">g\/dL<\/td>\n<td width=\"141\">2,13<\/td>\n<td width=\"141\">\u00b10,32<\/td>\n<\/tr>\n<tr>\n<td width=\"141\"><strong>A:G<\/strong><\/td>\n<td width=\"141\">&nbsp;<\/td>\n<td width=\"141\">0,35<\/td>\n<td width=\"141\">\u00b10,10<\/td>\n<\/tr>\n<tr>\n<td width=\"141\"><strong>AST<\/strong><\/td>\n<td width=\"141\">U\/L<\/td>\n<td width=\"141\">254,27<\/td>\n<td width=\"141\">\u00b134,83<\/td>\n<\/tr>\n<tr>\n<td width=\"141\"><strong>GGT<\/strong><\/td>\n<td width=\"141\">U\/L<\/td>\n<td width=\"141\">2,67<\/td>\n<td width=\"141\">\u00b10,66<\/td>\n<\/tr>\n<tr>\n<td width=\"141\"><strong>\u00c1cido \u00darico<\/strong><\/td>\n<td width=\"141\">mg\/dL<\/td>\n<td width=\"141\">13,53<\/td>\n<td width=\"141\">\u00b13,93<\/td>\n<\/tr>\n<tr>\n<td width=\"141\"><strong>Colesterol<\/strong><\/td>\n<td width=\"141\">mg\/dL<\/td>\n<td width=\"141\">187,90<\/td>\n<td width=\"141\">\u00b144,52<\/td>\n<\/tr>\n<tr>\n<td width=\"141\"><strong>Glicose<\/strong><\/td>\n<td width=\"141\">mg\/dL<\/td>\n<td width=\"141\">317,10<\/td>\n<td width=\"141\">\u00b119,30<\/td>\n<\/tr>\n<tr>\n<td width=\"141\"><strong>CK<\/strong><\/td>\n<td width=\"141\">U\/L<\/td>\n<td width=\"141\">348,40<\/td>\n<td width=\"141\">\u00b158,68<\/td>\n<\/tr>\n<tr>\n<td width=\"141\"><strong>LDH<\/strong><\/td>\n<td width=\"141\">U\/L<\/td>\n<td width=\"141\">1243,67<\/td>\n<td width=\"141\">\u00b1240,29<\/td>\n<\/tr>\n<tr>\n<td width=\"141\"><strong>Ferro<\/strong><\/td>\n<td width=\"141\">ug\/dL<\/td>\n<td width=\"141\">266,10<\/td>\n<td width=\"141\">\u00b1255,52<\/td>\n<\/tr>\n<tr>\n<td width=\"141\"><strong>C\u00e1lcio<\/strong><\/td>\n<td width=\"141\">mg\/dL<\/td>\n<td width=\"141\">7,97<\/td>\n<td width=\"141\">\u00b10,70<\/td>\n<\/tr>\n<tr>\n<td width=\"141\"><strong>F\u00f3sforo<\/strong><\/td>\n<td width=\"141\">mg\/dL<\/td>\n<td width=\"141\">6,47<\/td>\n<td width=\"141\">\u00b11,02<\/td>\n<\/tr>\n<tr>\n<td width=\"141\"><strong>Ca:P<\/strong><\/td>\n<td width=\"141\">&nbsp;<\/td>\n<td width=\"141\">1,25<\/td>\n<td width=\"141\">\u00b10,17<\/td>\n<\/tr>\n<tr>\n<td width=\"141\"><strong>Fosfatase Alcalina<\/strong><\/td>\n<td width=\"141\">U\/L<\/td>\n<td width=\"141\">49,07<\/td>\n<td width=\"141\">\u00b127,89<\/td>\n<\/tr>\n<tr>\n<td width=\"141\"><strong>Fibrinog\u00eanio<\/strong><\/td>\n<td width=\"141\">mg\/dL<\/td>\n<td width=\"141\">0,33<\/td>\n<td width=\"141\">\u00b10,23<\/td>\n<\/tr>\n<\/tbody>\n<\/table>\n<p>&nbsp;<\/p>\n","protected":false},"excerpt":{"rendered":"<p>Par\u00e2metros hematol\u00f3gicos e valores de prote\u00edna plasm\u00e1tica total (PPT) de adultos saud\u00e1veis de Gavi\u00e3o-Caboclo (Heterospizias meridionalis) Par\u00e2metro Unidades M\u00e9dia DP Hemat\u00f3crito % 43,00 \u00b14,35 Eritr\u00f3citos X 106\/uL 2,22 \u00b10,46 Hemoglobina g\/dL 11,00 \u00b13,08 VGM fL 198,37 \u00b136,40 CHGM % 25,96 \u00b18,91 HGM pg 53,47 \u00b128,29 Leuc\u00f3citos totais \/uL 10666,67 \u00b12309,40 Heter\u00f3filos \/uL 7773,33 \u00b11821,79 Linf\u00f3citos [&hellip;]<\/p>\n","protected":false},"author":3,"featured_media":0,"parent":0,"menu_order":0,"comment_status":"closed","ping_status":"closed","template":"","meta":{"footnotes":""},"class_list":["post-309","page","type-page","status-publish","hentry"],"_links":{"self":[{"href":"https:\/\/agrarias.ufpr.br\/sacas\/wp-json\/wp\/v2\/pages\/309","targetHints":{"allow":["GET"]}}],"collection":[{"href":"https:\/\/agrarias.ufpr.br\/sacas\/wp-json\/wp\/v2\/pages"}],"about":[{"href":"https:\/\/agrarias.ufpr.br\/sacas\/wp-json\/wp\/v2\/types\/page"}],"author":[{"embeddable":true,"href":"https:\/\/agrarias.ufpr.br\/sacas\/wp-json\/wp\/v2\/users\/3"}],"replies":[{"embeddable":true,"href":"https:\/\/agrarias.ufpr.br\/sacas\/wp-json\/wp\/v2\/comments?post=309"}],"version-history":[{"count":1,"href":"https:\/\/agrarias.ufpr.br\/sacas\/wp-json\/wp\/v2\/pages\/309\/revisions"}],"predecessor-version":[{"id":310,"href":"https:\/\/agrarias.ufpr.br\/sacas\/wp-json\/wp\/v2\/pages\/309\/revisions\/310"}],"wp:attachment":[{"href":"https:\/\/agrarias.ufpr.br\/sacas\/wp-json\/wp\/v2\/media?parent=309"}],"curies":[{"name":"wp","href":"https:\/\/api.w.org\/{rel}","templated":true}]}}