{"id":305,"date":"2019-01-24T14:10:40","date_gmt":"2019-01-24T14:10:40","guid":{"rendered":"https:\/\/agrarias.ufpr.br\/sacas\/?page_id=305"},"modified":"2019-01-24T14:10:40","modified_gmt":"2019-01-24T14:10:40","slug":"gaviao-asa-de-telha","status":"publish","type":"page","link":"https:\/\/agrarias.ufpr.br\/sacas\/gaviao-asa-de-telha\/","title":{"rendered":"Gavi\u00e3o Asa de Telha"},"content":{"rendered":"<ol>\n<li>Par\u00e2metros hematol\u00f3gicos e valores de prote\u00edna plasm\u00e1tica total (PPT) de adultos saud\u00e1veis de Gavi\u00e3o-Asa-de-Telha (<em>Parabuteo unicinctus<\/em>)<\/li>\n<\/ol>\n<table>\n<tbody>\n<tr>\n<td width=\"140\"><strong>Par\u00e2metro<\/strong><\/td>\n<td width=\"140\"><strong>Unidades<\/strong><\/td>\n<td width=\"140\"><strong>M\u00e9dia<\/strong><\/td>\n<td width=\"140\"><strong>DP<\/strong><\/td>\n<\/tr>\n<tr>\n<td width=\"140\"><strong>Hemat\u00f3crito<\/strong><\/td>\n<td width=\"140\">%<\/td>\n<td width=\"140\">41,40<\/td>\n<td width=\"140\">\u00b17,09<\/td>\n<\/tr>\n<tr>\n<td width=\"140\"><strong>Eritr\u00f3citos<\/strong><\/td>\n<td width=\"140\">X 10<sup>6<\/sup>\/uL<\/td>\n<td width=\"140\">2,10<\/td>\n<td width=\"140\">\u00b10,43<\/td>\n<\/tr>\n<tr>\n<td width=\"140\"><strong>Hemoglobina<\/strong><\/td>\n<td width=\"140\">g\/dL<\/td>\n<td width=\"140\">9,50<\/td>\n<td width=\"140\">\u00b10,36<\/td>\n<\/tr>\n<tr>\n<td width=\"140\"><strong>VGM<\/strong><\/td>\n<td width=\"140\">fL<\/td>\n<td width=\"140\">198,28<\/td>\n<td width=\"140\">\u00b112,63<\/td>\n<\/tr>\n<tr>\n<td width=\"140\"><strong>CHGM<\/strong><\/td>\n<td width=\"140\">%<\/td>\n<td width=\"140\">23,39<\/td>\n<td width=\"140\">\u00b13,35<\/td>\n<\/tr>\n<tr>\n<td width=\"140\"><strong>HGM<\/strong><\/td>\n<td width=\"140\">pg<\/td>\n<td width=\"140\">46,43<\/td>\n<td width=\"140\">\u00b17,50<\/td>\n<\/tr>\n<tr>\n<td width=\"140\"><strong>Leuc\u00f3citos totais<\/strong><\/td>\n<td width=\"140\">\/uL<\/td>\n<td width=\"140\">9600,00<\/td>\n<td width=\"140\">\u00b13847,07<\/td>\n<\/tr>\n<tr>\n<td width=\"140\"><strong>Heter\u00f3filos<\/strong><\/td>\n<td width=\"140\">\/uL<\/td>\n<td width=\"140\">6220,00<\/td>\n<td width=\"140\">\u00b12584,96<\/td>\n<\/tr>\n<tr>\n<td width=\"140\"><strong>Linf\u00f3citos<\/strong><\/td>\n<td width=\"140\">\/uL<\/td>\n<td width=\"140\">1812,00<\/td>\n<td width=\"140\">\u00b11086,65<\/td>\n<\/tr>\n<tr>\n<td width=\"140\"><strong>Mon\u00f3citos<\/strong><\/td>\n<td width=\"140\">\/uL<\/td>\n<td width=\"140\">180,00<\/td>\n<td width=\"140\">\u00b180,00<\/td>\n<\/tr>\n<tr>\n<td width=\"140\"><strong>Eosin\u00f3filos<\/strong><\/td>\n<td width=\"140\">\/uL<\/td>\n<td width=\"140\">1386,00<\/td>\n<td width=\"140\">\u00b1894,10<\/td>\n<\/tr>\n<tr>\n<td width=\"140\"><strong>Bas\u00f3filos<\/strong><\/td>\n<td width=\"140\">\/uL<\/td>\n<td width=\"140\">123,33<\/td>\n<td width=\"140\">\u00b130,55<\/td>\n<\/tr>\n<tr>\n<td width=\"140\"><strong>H:L<\/strong><\/td>\n<td width=\"140\">&#8211;<\/td>\n<td width=\"140\">17,84<\/td>\n<td width=\"140\">\u00b133,64<\/td>\n<\/tr>\n<tr>\n<td width=\"140\"><strong>Tromb\u00f3citos<\/strong><\/td>\n<td width=\"140\">\/uL<\/td>\n<td width=\"140\">13560,00<\/td>\n<td width=\"140\">\u00b13988,08<\/td>\n<\/tr>\n<tr>\n<td width=\"140\"><strong>PPT<\/strong><\/td>\n<td width=\"140\">g\/dL<\/td>\n<td width=\"140\">3,84<\/td>\n<td width=\"140\">\u00b10,26<\/td>\n<\/tr>\n<\/tbody>\n<\/table>\n<p>&nbsp;<\/p>\n<p>&nbsp;<\/p>\n<ol start=\"2\">\n<li>Par\u00e2metros bioqu\u00edmicos s\u00e9ricos de adultos saud\u00e1veis de gavi\u00e3o-asa-de-telha (<em>Parabuteo unicinctus<\/em>)<\/li>\n<\/ol>\n<table>\n<tbody>\n<tr>\n<td width=\"129\"><strong>Par\u00e2metros<\/strong><\/td>\n<td width=\"112\"><strong>Unidades<\/strong><\/td>\n<td width=\"117\"><strong>M\u00e9dia<\/strong><\/td>\n<td width=\"201\"><strong>DP<\/strong><\/td>\n<\/tr>\n<tr>\n<td width=\"129\"><strong>Prote\u00ednas Totais<\/strong><\/td>\n<td width=\"112\">g\/dL<\/td>\n<td width=\"117\">3,20<\/td>\n<td width=\"201\">\u00b10,50<\/td>\n<\/tr>\n<tr>\n<td width=\"129\"><strong>Albumina<\/strong><\/td>\n<td width=\"112\">g\/dL<\/td>\n<td width=\"117\">1,38<\/td>\n<td width=\"201\">\u00b10,22<\/td>\n<\/tr>\n<tr>\n<td width=\"129\"><strong>Globulinas<\/strong><\/td>\n<td width=\"112\">g\/dL<\/td>\n<td width=\"117\">1,83<\/td>\n<td width=\"201\">\u00b10,28<\/td>\n<\/tr>\n<tr>\n<td width=\"129\"><strong>A:G<\/strong><\/td>\n<td width=\"112\">&nbsp;<\/td>\n<td width=\"117\">0,75<\/td>\n<td width=\"201\">\u00b10,03<\/td>\n<\/tr>\n<tr>\n<td width=\"129\"><strong>AST<\/strong><\/td>\n<td width=\"112\">U\/L<\/td>\n<td width=\"117\">157,08<\/td>\n<td width=\"201\">\u00b125,79<\/td>\n<\/tr>\n<tr>\n<td width=\"129\"><strong>GGT<\/strong><\/td>\n<td width=\"112\">U\/L<\/td>\n<td width=\"117\">3,60<\/td>\n<td width=\"201\">&#8211;<\/td>\n<\/tr>\n<tr>\n<td width=\"129\"><strong>\u00c1cido \u00darico<\/strong><\/td>\n<td width=\"112\">mg\/dL<\/td>\n<td width=\"117\">28,86<\/td>\n<td width=\"201\">\u00b114,98<\/td>\n<\/tr>\n<tr>\n<td width=\"129\"><strong>Colesterol<\/strong><\/td>\n<td width=\"112\">mg\/dL<\/td>\n<td width=\"117\">227,87<\/td>\n<td width=\"201\">\u00b14,42<\/td>\n<\/tr>\n<tr>\n<td width=\"129\"><strong>Glicose<\/strong><\/td>\n<td width=\"112\">mg\/dL<\/td>\n<td width=\"117\">277,78<\/td>\n<td width=\"201\">\u00b114,65<\/td>\n<\/tr>\n<tr>\n<td width=\"129\"><strong>CK<\/strong><\/td>\n<td width=\"112\">U\/L<\/td>\n<td width=\"117\">1306,45<\/td>\n<td width=\"201\">\u00b11402,57<\/td>\n<\/tr>\n<tr>\n<td width=\"129\"><strong>LDH<\/strong><\/td>\n<td width=\"112\">U\/L<\/td>\n<td width=\"117\">1195,97<\/td>\n<td width=\"201\">\u00b11118,93<\/td>\n<\/tr>\n<tr>\n<td width=\"129\"><strong>Ferro<\/strong><\/td>\n<td width=\"112\">ug\/dL<\/td>\n<td width=\"117\">257,43<\/td>\n<td width=\"201\">\u00b1161,91<\/td>\n<\/tr>\n<tr>\n<td width=\"129\"><strong>C\u00e1lcio<\/strong><\/td>\n<td width=\"112\">mg\/dL<\/td>\n<td width=\"117\">7,53<\/td>\n<td width=\"201\">\u00b11,41<\/td>\n<\/tr>\n<tr>\n<td width=\"129\"><strong>F\u00f3sforo<\/strong><\/td>\n<td width=\"112\">mg\/dL<\/td>\n<td width=\"117\">6,80<\/td>\n<td width=\"201\">\u00b11,70<\/td>\n<\/tr>\n<tr>\n<td width=\"129\"><strong>Ca:P<\/strong><\/td>\n<td width=\"112\">&nbsp;<\/td>\n<td width=\"117\">1,13<\/td>\n<td width=\"201\">\u00b10,21<\/td>\n<\/tr>\n<tr>\n<td width=\"129\"><strong>Fosfatase Alcalina<\/strong><\/td>\n<td width=\"112\">U\/L<\/td>\n<td width=\"117\">57,78<\/td>\n<td width=\"201\">\u00b123,54<\/td>\n<\/tr>\n<\/tbody>\n<\/table>\n","protected":false},"excerpt":{"rendered":"<p>Par\u00e2metros hematol\u00f3gicos e valores de prote\u00edna plasm\u00e1tica total (PPT) de adultos saud\u00e1veis de Gavi\u00e3o-Asa-de-Telha (Parabuteo unicinctus) Par\u00e2metro Unidades M\u00e9dia DP Hemat\u00f3crito % 41,40 \u00b17,09 Eritr\u00f3citos X 106\/uL 2,10 \u00b10,43 Hemoglobina g\/dL 9,50 \u00b10,36 VGM fL 198,28 \u00b112,63 CHGM % 23,39 \u00b13,35 HGM pg 46,43 \u00b17,50 Leuc\u00f3citos totais \/uL 9600,00 \u00b13847,07 Heter\u00f3filos \/uL 6220,00 \u00b12584,96 Linf\u00f3citos [&hellip;]<\/p>\n","protected":false},"author":3,"featured_media":0,"parent":0,"menu_order":0,"comment_status":"closed","ping_status":"closed","template":"","meta":{"footnotes":""},"class_list":["post-305","page","type-page","status-publish","hentry"],"_links":{"self":[{"href":"https:\/\/agrarias.ufpr.br\/sacas\/wp-json\/wp\/v2\/pages\/305","targetHints":{"allow":["GET"]}}],"collection":[{"href":"https:\/\/agrarias.ufpr.br\/sacas\/wp-json\/wp\/v2\/pages"}],"about":[{"href":"https:\/\/agrarias.ufpr.br\/sacas\/wp-json\/wp\/v2\/types\/page"}],"author":[{"embeddable":true,"href":"https:\/\/agrarias.ufpr.br\/sacas\/wp-json\/wp\/v2\/users\/3"}],"replies":[{"embeddable":true,"href":"https:\/\/agrarias.ufpr.br\/sacas\/wp-json\/wp\/v2\/comments?post=305"}],"version-history":[{"count":1,"href":"https:\/\/agrarias.ufpr.br\/sacas\/wp-json\/wp\/v2\/pages\/305\/revisions"}],"predecessor-version":[{"id":306,"href":"https:\/\/agrarias.ufpr.br\/sacas\/wp-json\/wp\/v2\/pages\/305\/revisions\/306"}],"wp:attachment":[{"href":"https:\/\/agrarias.ufpr.br\/sacas\/wp-json\/wp\/v2\/media?parent=305"}],"curies":[{"name":"wp","href":"https:\/\/api.w.org\/{rel}","templated":true}]}}