{"id":303,"date":"2019-01-24T14:09:11","date_gmt":"2019-01-24T14:09:11","guid":{"rendered":"https:\/\/agrarias.ufpr.br\/sacas\/?page_id=303"},"modified":"2019-01-24T14:09:11","modified_gmt":"2019-01-24T14:09:11","slug":"falcao-relogio","status":"publish","type":"page","link":"https:\/\/agrarias.ufpr.br\/sacas\/falcao-relogio\/","title":{"rendered":"Falc\u00e3o rel\u00f3gio"},"content":{"rendered":"<ol>\n<li>Par\u00e2metros hematol\u00f3gicos e valores de prote\u00edna plasm\u00e1tica total (PPT) de adultos saud\u00e1veis de Falc\u00e3o-Rel\u00f3gio (<em>Micrastur semitorquatus<\/em>)<\/li>\n<\/ol>\n<table>\n<tbody>\n<tr>\n<td width=\"126\"><strong>Par\u00e2metro<\/strong><\/td>\n<td width=\"126\"><strong>Unidades<\/strong><\/td>\n<td width=\"126\"><strong>M\u00e9dia<\/strong><\/td>\n<\/tr>\n<tr>\n<td width=\"126\"><strong>Hemat\u00f3crito<\/strong><\/td>\n<td width=\"126\">%<\/td>\n<td width=\"126\">37,00<\/td>\n<\/tr>\n<tr>\n<td width=\"126\"><strong>Eritr\u00f3citos<\/strong><\/td>\n<td width=\"126\">X 10<sup>6<\/sup>\/uL<\/td>\n<td width=\"126\">1,84<\/td>\n<\/tr>\n<tr>\n<td width=\"126\"><strong>Hemoglobina<\/strong><\/td>\n<td width=\"126\">g\/dL<\/td>\n<td width=\"126\">7,10<\/td>\n<\/tr>\n<tr>\n<td width=\"126\"><strong>VGM<\/strong><\/td>\n<td width=\"126\">fL<\/td>\n<td width=\"126\">201,63<\/td>\n<\/tr>\n<tr>\n<td width=\"126\"><strong>CHGM<\/strong><\/td>\n<td width=\"126\">%<\/td>\n<td width=\"126\">19,19<\/td>\n<\/tr>\n<tr>\n<td width=\"126\"><strong>HGM<\/strong><\/td>\n<td width=\"126\">pg<\/td>\n<td width=\"126\">38,69<\/td>\n<\/tr>\n<tr>\n<td width=\"126\"><strong>Leuc\u00f3citos totais<\/strong><\/td>\n<td width=\"126\">\/uL<\/td>\n<td width=\"126\">10000,00<\/td>\n<\/tr>\n<tr>\n<td width=\"126\"><strong>Heter\u00f3filos<\/strong><\/td>\n<td width=\"126\">\/uL<\/td>\n<td width=\"126\">6100,00<\/td>\n<\/tr>\n<tr>\n<td width=\"126\"><strong>Linf\u00f3citos<\/strong><\/td>\n<td width=\"126\">\/uL<\/td>\n<td width=\"126\">3300,00<\/td>\n<\/tr>\n<tr>\n<td width=\"126\"><strong>Mon\u00f3citos<\/strong><\/td>\n<td width=\"126\">\/uL<\/td>\n<td width=\"126\">100,00<\/td>\n<\/tr>\n<tr>\n<td width=\"126\"><strong>Eosin\u00f3filos<\/strong><\/td>\n<td width=\"126\">\/uL<\/td>\n<td width=\"126\">200,00<\/td>\n<\/tr>\n<tr>\n<td width=\"126\"><strong>Bas\u00f3filos<\/strong><\/td>\n<td width=\"126\">\/uL<\/td>\n<td width=\"126\">300,00<\/td>\n<\/tr>\n<tr>\n<td width=\"126\"><strong>H:L<\/strong><\/td>\n<td width=\"126\">&#8211;<\/td>\n<td width=\"126\">1,85<\/td>\n<\/tr>\n<tr>\n<td width=\"126\"><strong>Tromb\u00f3citos<\/strong><\/td>\n<td width=\"126\">\/uL<\/td>\n<td width=\"126\">25690,00<\/td>\n<\/tr>\n<tr>\n<td width=\"126\"><strong>PPT<\/strong><\/td>\n<td width=\"126\">g\/dL<\/td>\n<td width=\"126\">4,40<\/td>\n<\/tr>\n<\/tbody>\n<\/table>\n<p>&nbsp;<\/p>\n<p>&nbsp;<\/p>\n<ol start=\"2\">\n<li>Valor do fibrinog\u00eanio de adulto saud\u00e1vel de Falc\u00e3o-Rel\u00f3gio (<em>Micrastur semitorquatus<\/em>)<\/li>\n<\/ol>\n<table>\n<tbody>\n<tr>\n<td width=\"107\"><strong>Par\u00e2metro<\/strong><\/td>\n<td width=\"125\"><strong>Unidade<\/strong><\/td>\n<td width=\"63\"><strong>n<\/strong><\/td>\n<td width=\"182\"><strong>M\u00e9dia<\/strong><\/td>\n<\/tr>\n<tr>\n<td width=\"107\"><strong>Fibrinog\u00eanio<\/strong><\/td>\n<td width=\"125\">mg\/dL<\/td>\n<td width=\"63\">1<\/td>\n<td width=\"182\">0,40<\/td>\n<\/tr>\n<\/tbody>\n<\/table>\n<p>&nbsp;<\/p>\n","protected":false},"excerpt":{"rendered":"<p>Par\u00e2metros hematol\u00f3gicos e valores de prote\u00edna plasm\u00e1tica total (PPT) de adultos saud\u00e1veis de Falc\u00e3o-Rel\u00f3gio (Micrastur semitorquatus) Par\u00e2metro Unidades M\u00e9dia Hemat\u00f3crito % 37,00 Eritr\u00f3citos X 106\/uL 1,84 Hemoglobina g\/dL 7,10 VGM fL 201,63 CHGM % 19,19 HGM pg 38,69 Leuc\u00f3citos totais \/uL 10000,00 Heter\u00f3filos \/uL 6100,00 Linf\u00f3citos \/uL 3300,00 Mon\u00f3citos \/uL 100,00 Eosin\u00f3filos \/uL 200,00 Bas\u00f3filos [&hellip;]<\/p>\n","protected":false},"author":3,"featured_media":0,"parent":0,"menu_order":0,"comment_status":"closed","ping_status":"closed","template":"","meta":{"footnotes":""},"class_list":["post-303","page","type-page","status-publish","hentry"],"_links":{"self":[{"href":"https:\/\/agrarias.ufpr.br\/sacas\/wp-json\/wp\/v2\/pages\/303","targetHints":{"allow":["GET"]}}],"collection":[{"href":"https:\/\/agrarias.ufpr.br\/sacas\/wp-json\/wp\/v2\/pages"}],"about":[{"href":"https:\/\/agrarias.ufpr.br\/sacas\/wp-json\/wp\/v2\/types\/page"}],"author":[{"embeddable":true,"href":"https:\/\/agrarias.ufpr.br\/sacas\/wp-json\/wp\/v2\/users\/3"}],"replies":[{"embeddable":true,"href":"https:\/\/agrarias.ufpr.br\/sacas\/wp-json\/wp\/v2\/comments?post=303"}],"version-history":[{"count":1,"href":"https:\/\/agrarias.ufpr.br\/sacas\/wp-json\/wp\/v2\/pages\/303\/revisions"}],"predecessor-version":[{"id":304,"href":"https:\/\/agrarias.ufpr.br\/sacas\/wp-json\/wp\/v2\/pages\/303\/revisions\/304"}],"wp:attachment":[{"href":"https:\/\/agrarias.ufpr.br\/sacas\/wp-json\/wp\/v2\/media?parent=303"}],"curies":[{"name":"wp","href":"https:\/\/api.w.org\/{rel}","templated":true}]}}