{"id":299,"date":"2019-01-24T14:07:22","date_gmt":"2019-01-24T14:07:22","guid":{"rendered":"https:\/\/agrarias.ufpr.br\/sacas\/?p=299"},"modified":"2026-03-31T13:07:14","modified_gmt":"2026-03-31T13:07:14","slug":"falcao-peregrino","status":"publish","type":"page","link":"https:\/\/agrarias.ufpr.br\/sacas\/falcao-peregrino\/","title":{"rendered":"Falc\u00e3o peregrino"},"content":{"rendered":"<ol>\n<li>Par\u00e2metros hematol\u00f3gicos e valores de prote\u00edna plasm\u00e1tica total (PPT) de adultos saud\u00e1veis de Falc\u00e3o-Peregrino (<em>Falco peregrinus<\/em>)<\/li>\n<\/ol>\n<table>\n<tbody>\n<tr>\n<td width=\"137\"><strong>Par\u00e2metro<\/strong><\/td>\n<td width=\"137\"><strong>Unidade<\/strong><\/td>\n<td width=\"137\"><strong>M\u00e9dia<\/strong><\/td>\n<td width=\"137\"><strong>DP<\/strong><\/td>\n<\/tr>\n<tr>\n<td width=\"137\"><strong>Hemat\u00f3crito<\/strong><\/td>\n<td width=\"137\">%<\/td>\n<td width=\"137\">41,20<\/td>\n<td width=\"137\">\u00b14,20<\/td>\n<\/tr>\n<tr>\n<td width=\"137\"><strong>Eritr\u00f3citos<\/strong><\/td>\n<td width=\"137\">x 10<sup>6<\/sup> \/\u00b5L<\/td>\n<td width=\"137\">2,10<\/td>\n<td width=\"137\">\u00b10,53<\/td>\n<\/tr>\n<tr>\n<td width=\"137\"><strong>Hemoglobina<\/strong><\/td>\n<td width=\"137\">g\/dL<\/td>\n<td width=\"137\">11,24<\/td>\n<td width=\"137\">\u00b11,40<\/td>\n<\/tr>\n<tr>\n<td width=\"137\"><strong>VGM<\/strong><\/td>\n<td width=\"137\">fL<\/td>\n<td width=\"137\">206,82<\/td>\n<td width=\"137\">\u00b157,33<\/td>\n<\/tr>\n<tr>\n<td width=\"137\"><strong>CHGM<\/strong><\/td>\n<td width=\"137\">%<\/td>\n<td width=\"137\">27,34<\/td>\n<td width=\"137\">\u00b12,57<\/td>\n<\/tr>\n<tr>\n<td width=\"137\"><strong>HGM<\/strong><\/td>\n<td width=\"137\">pg<\/td>\n<td width=\"137\">56,93<\/td>\n<td width=\"137\">\u00b118,36<\/td>\n<\/tr>\n<tr>\n<td width=\"137\"><strong>Leuc\u00f3citos totais<\/strong><\/td>\n<td width=\"137\">\/\u00b5L<\/td>\n<td width=\"137\">13800,00<\/td>\n<td width=\"137\">\u00b110084,64<\/td>\n<\/tr>\n<tr>\n<td width=\"137\"><strong>Heter\u00f3filos<\/strong><\/td>\n<td width=\"137\">\/\u00b5L<\/td>\n<td width=\"137\">8704,00<\/td>\n<td width=\"137\">\u00b16665,15<\/td>\n<\/tr>\n<tr>\n<td width=\"137\"><strong>Linf\u00f3citos<\/strong><\/td>\n<td width=\"137\">\/\u00b5L<\/td>\n<td width=\"137\">4668,00<\/td>\n<td width=\"137\">\u00b13618,49<\/td>\n<\/tr>\n<tr>\n<td width=\"137\"><strong>Mon\u00f3citos<\/strong><\/td>\n<td width=\"137\">\/\u00b5L<\/td>\n<td width=\"137\">70,00<\/td>\n<td width=\"137\"><strong>&#8211;<\/strong><\/td>\n<\/tr>\n<tr>\n<td width=\"137\"><strong>Eosin\u00f3filos<\/strong><\/td>\n<td width=\"137\">\/\u00b5L<\/td>\n<td width=\"137\">70,00<\/td>\n<td width=\"137\"><strong>&#8211;<\/strong><\/td>\n<\/tr>\n<tr>\n<td width=\"137\"><strong>Bas\u00f3filos<\/strong><\/td>\n<td width=\"137\">\/\u00b5L<\/td>\n<td width=\"137\">400,00<\/td>\n<td width=\"137\">\u00b1312,00<\/td>\n<\/tr>\n<tr>\n<td width=\"137\"><strong>H:L<\/strong><\/td>\n<td width=\"137\"><strong>&nbsp;<\/strong><\/td>\n<td width=\"137\">1,73<\/td>\n<td width=\"137\">\u00b10,78<\/td>\n<\/tr>\n<tr>\n<td width=\"137\"><strong>Tromb\u00f3citos<\/strong><\/td>\n<td width=\"137\">\/\u00b5L<\/td>\n<td width=\"137\">20460,00<\/td>\n<td width=\"137\"><strong>&#8211;<\/strong><\/td>\n<\/tr>\n<tr>\n<td width=\"137\"><strong>PPT<\/strong><\/td>\n<td width=\"137\">g\/dL<\/td>\n<td width=\"137\">3,92<\/td>\n<td width=\"137\">\u00b10,75<\/td>\n<\/tr>\n<\/tbody>\n<\/table>\n<p>&nbsp;<\/p>\n<p>&nbsp;<\/p>\n<ol start=\"2\">\n<li>Par\u00e2metros bioqu\u00edmicos s\u00e9ricos e fibrinog\u00eanio de adultos saud\u00e1veis de Falc\u00e3o-Peregrino (<em>Falco peregrinus<\/em>)<\/li>\n<\/ol>\n<table width=\"548\">\n<tbody>\n<tr>\n<td width=\"137\"><strong>Par\u00e2metro <\/strong><\/td>\n<td width=\"137\"><strong>Unidade<\/strong><\/td>\n<td width=\"137\"><strong>M\u00e9dia<\/strong><\/td>\n<td width=\"137\"><strong>DP<\/strong><\/td>\n<\/tr>\n<tr>\n<td width=\"137\"><strong>Prote\u00ednas totais<\/strong><\/td>\n<td width=\"137\">g\/dL<\/td>\n<td width=\"137\">3,45<\/td>\n<td width=\"137\">\u00b10,73<\/td>\n<\/tr>\n<tr>\n<td width=\"137\"><strong>Albumina<\/strong><\/td>\n<td width=\"137\">g\/dL<\/td>\n<td width=\"137\">1,33<\/td>\n<td width=\"137\">\u00b10,05<\/td>\n<\/tr>\n<tr>\n<td width=\"137\"><strong>Globulinas<\/strong><\/td>\n<td width=\"137\">g\/dL<\/td>\n<td width=\"137\">1,77<\/td>\n<td width=\"137\">\u00b10,28<\/td>\n<\/tr>\n<tr>\n<td width=\"137\"><strong>A:G<\/strong><\/td>\n<td width=\"137\">&nbsp;<\/td>\n<td width=\"137\">0,77<\/td>\n<td width=\"137\">\u00b10,13<\/td>\n<\/tr>\n<tr>\n<td width=\"137\"><strong>AST<\/strong><\/td>\n<td width=\"137\">U\/L<\/td>\n<td width=\"137\">72,55<\/td>\n<td width=\"137\">\u00b120,48<\/td>\n<\/tr>\n<tr>\n<td width=\"137\"><strong>GGT<\/strong><\/td>\n<td width=\"137\">U\/L<\/td>\n<td width=\"137\">0,80<\/td>\n<td width=\"137\">\u00b10,98<\/td>\n<\/tr>\n<tr>\n<td width=\"137\"><strong>\u00c1cido \u00darico<\/strong><\/td>\n<td width=\"137\">mg\/dL<\/td>\n<td width=\"137\">12,98<\/td>\n<td width=\"137\">\u00b17,05<\/td>\n<\/tr>\n<tr>\n<td width=\"137\"><strong>Colesterol<\/strong><\/td>\n<td width=\"137\">mg\/dL<\/td>\n<td width=\"137\">271,93<\/td>\n<td width=\"137\">\u00b169,45<\/td>\n<\/tr>\n<tr>\n<td width=\"137\"><strong>Glicose<\/strong><\/td>\n<td width=\"137\">mg\/dL<\/td>\n<td width=\"137\">288,20<\/td>\n<td width=\"137\">\u00b110,46<\/td>\n<\/tr>\n<tr>\n<td width=\"137\"><strong>CK<\/strong><\/td>\n<td width=\"137\">U\/L<\/td>\n<td width=\"137\">1131,63<\/td>\n<td width=\"137\">\u00b1436,76<\/td>\n<\/tr>\n<tr>\n<td width=\"137\"><strong>LDH<\/strong><\/td>\n<td width=\"137\">U\/L<\/td>\n<td width=\"137\">2285,50<\/td>\n<td width=\"137\">\u00b1974,18<\/td>\n<\/tr>\n<tr>\n<td width=\"137\"><strong>Ferro<\/strong><\/td>\n<td width=\"137\">\u00b5g\/dL<\/td>\n<td width=\"137\">367,83<\/td>\n<td width=\"137\">\u00b1183,83<\/td>\n<\/tr>\n<tr>\n<td width=\"137\"><strong>C\u00e1lcio<\/strong><\/td>\n<td width=\"137\">mg\/dL<\/td>\n<td width=\"137\">8,03<\/td>\n<td width=\"137\">\u00b10,40<\/td>\n<\/tr>\n<tr>\n<td width=\"137\"><strong>F\u00f3sforo<\/strong><\/td>\n<td width=\"137\">mg\/dL<\/td>\n<td width=\"137\">8,87<\/td>\n<td width=\"137\">\u00b14,44<\/td>\n<\/tr>\n<tr>\n<td width=\"137\"><strong>Ca:P<\/strong><\/td>\n<td width=\"137\">&nbsp;<\/td>\n<td width=\"137\">1,04<\/td>\n<td width=\"137\">\u00b10,40<\/td>\n<\/tr>\n<tr>\n<td width=\"137\"><strong>Fosfatase Alcalina<\/strong><\/td>\n<td width=\"137\">U\/L<\/td>\n<td width=\"137\">175,67<\/td>\n<td width=\"137\">\u00b133,65<\/td>\n<\/tr>\n<tr>\n<td width=\"137\"><strong>Fibrinog\u00eanio<\/strong><\/td>\n<td width=\"137\">mg\/dL<\/td>\n<td width=\"137\">0,20<\/td>\n<td width=\"137\">&#8211;<\/td>\n<\/tr>\n<\/tbody>\n<\/table>\n<p>&nbsp;<\/p>\n","protected":false},"excerpt":{"rendered":"<p>Par\u00e2metros hematol\u00f3gicos e valores de prote\u00edna plasm\u00e1tica total (PPT) de adultos saud\u00e1veis de Falc\u00e3o-Peregrino (Falco peregrinus) Par\u00e2metro Unidade M\u00e9dia DP Hemat\u00f3crito % 41,20 \u00b14,20 Eritr\u00f3citos x 106 \/\u00b5L 2,10 \u00b10,53 Hemoglobina g\/dL 11,24 \u00b11,40 VGM fL 206,82 \u00b157,33 CHGM % 27,34 \u00b12,57 HGM pg 56,93 \u00b118,36 Leuc\u00f3citos totais \/\u00b5L 13800,00 \u00b110084,64 Heter\u00f3filos \/\u00b5L 8704,00 \u00b16665,15 [&hellip;]<\/p>\n","protected":false},"author":3,"featured_media":0,"parent":0,"menu_order":0,"comment_status":"open","ping_status":"open","template":"","meta":{"footnotes":""},"class_list":["post-299","page","type-page","status-publish","hentry"],"_links":{"self":[{"href":"https:\/\/agrarias.ufpr.br\/sacas\/wp-json\/wp\/v2\/pages\/299","targetHints":{"allow":["GET"]}}],"collection":[{"href":"https:\/\/agrarias.ufpr.br\/sacas\/wp-json\/wp\/v2\/pages"}],"about":[{"href":"https:\/\/agrarias.ufpr.br\/sacas\/wp-json\/wp\/v2\/types\/page"}],"author":[{"embeddable":true,"href":"https:\/\/agrarias.ufpr.br\/sacas\/wp-json\/wp\/v2\/users\/3"}],"replies":[{"embeddable":true,"href":"https:\/\/agrarias.ufpr.br\/sacas\/wp-json\/wp\/v2\/comments?post=299"}],"version-history":[{"count":1,"href":"https:\/\/agrarias.ufpr.br\/sacas\/wp-json\/wp\/v2\/pages\/299\/revisions"}],"predecessor-version":[{"id":300,"href":"https:\/\/agrarias.ufpr.br\/sacas\/wp-json\/wp\/v2\/pages\/299\/revisions\/300"}],"wp:attachment":[{"href":"https:\/\/agrarias.ufpr.br\/sacas\/wp-json\/wp\/v2\/media?parent=299"}],"curies":[{"name":"wp","href":"https:\/\/api.w.org\/{rel}","templated":true}]}}