{"id":294,"date":"2019-01-24T14:03:14","date_gmt":"2019-01-24T14:03:14","guid":{"rendered":"https:\/\/agrarias.ufpr.br\/sacas\/?p=294"},"modified":"2026-03-31T13:07:14","modified_gmt":"2026-03-31T13:07:14","slug":"corujinhas","status":"publish","type":"page","link":"https:\/\/agrarias.ufpr.br\/sacas\/corujinhas\/","title":{"rendered":"Corujinhas"},"content":{"rendered":"<ol>\n<li>Par\u00e2metros hematol\u00f3gicos e valores de prote\u00edna plasm\u00e1tica total (PPT) de adultos saud\u00e1veis de Corujinha (<em>Megascops sp.<\/em>)<\/li>\n<\/ol>\n<table width=\"577\">\n<tbody>\n<tr>\n<td width=\"144\"><strong>Par\u00e2metro<\/strong><\/td>\n<td width=\"144\"><strong>Unidades<\/strong><\/td>\n<td width=\"144\"><strong>M\u00e9dia<\/strong><\/td>\n<td width=\"144\"><strong>DP<\/strong><\/td>\n<\/tr>\n<tr>\n<td width=\"144\"><strong>Hemat\u00f3crito<\/strong><\/td>\n<td width=\"144\">%<\/td>\n<td width=\"144\">37,13<\/td>\n<td width=\"144\">\u00b13,53<\/td>\n<\/tr>\n<tr>\n<td width=\"144\"><strong>Eritr\u00f3citos<\/strong><\/td>\n<td width=\"144\">X 10<sup>6<\/sup>\/uL<\/td>\n<td width=\"144\">1,54<\/td>\n<td width=\"144\">\u00b10,35<\/td>\n<\/tr>\n<tr>\n<td width=\"144\"><strong>Hemoglobina<\/strong><\/td>\n<td width=\"144\">g\/dL<\/td>\n<td width=\"144\">9,39<\/td>\n<td width=\"144\">\u00b11,43<\/td>\n<\/tr>\n<tr>\n<td width=\"144\"><strong>VGM<\/strong><\/td>\n<td width=\"144\">fL<\/td>\n<td width=\"144\">252,99<\/td>\n<td width=\"144\">\u00b157,50<\/td>\n<\/tr>\n<tr>\n<td width=\"144\"><strong>CHGM<\/strong><\/td>\n<td width=\"144\">%<\/td>\n<td width=\"144\">25,54<\/td>\n<td width=\"144\">\u00b14,89<\/td>\n<\/tr>\n<tr>\n<td width=\"144\"><strong>HGM<\/strong><\/td>\n<td width=\"144\">pg<\/td>\n<td width=\"144\">65,21<\/td>\n<td width=\"144\">\u00b121,36<\/td>\n<\/tr>\n<tr>\n<td width=\"144\"><strong>Leuc\u00f3citos totais<\/strong><\/td>\n<td width=\"144\">\/uL<\/td>\n<td width=\"144\">11875,00<\/td>\n<td width=\"144\">\u00b15294,06<\/td>\n<\/tr>\n<tr>\n<td width=\"144\"><strong>Heter\u00f3filos<\/strong><\/td>\n<td width=\"144\">\/uL<\/td>\n<td width=\"144\">5677,08 \u00b1<\/td>\n<td width=\"144\">\u00b12185,58<\/td>\n<\/tr>\n<tr>\n<td width=\"144\"><strong>Linf\u00f3citos<\/strong><\/td>\n<td width=\"144\">\/uL<\/td>\n<td width=\"144\">4997,08<\/td>\n<td width=\"144\">\u00b13066,33<\/td>\n<\/tr>\n<tr>\n<td width=\"144\"><strong>Mon\u00f3citos<\/strong><\/td>\n<td width=\"144\">\/uL<\/td>\n<td width=\"144\">278,67<\/td>\n<td width=\"144\">\u00b1191,56<\/td>\n<\/tr>\n<tr>\n<td width=\"144\"><strong>Eosin\u00f3filos<\/strong><\/td>\n<td width=\"144\">\/uL<\/td>\n<td width=\"144\">1073,33<\/td>\n<td width=\"144\">\u00b11226,98<\/td>\n<\/tr>\n<tr>\n<td width=\"144\"><strong>Bas\u00f3filos<\/strong><\/td>\n<td width=\"144\">\/uL<\/td>\n<td width=\"144\">332,50<\/td>\n<td width=\"144\">\u00b1230,23<\/td>\n<\/tr>\n<tr>\n<td width=\"144\"><strong>H:L<\/strong><\/td>\n<td width=\"144\">&#8211;<\/td>\n<td width=\"144\">1,81<\/td>\n<td width=\"144\">\u00b11,34<\/td>\n<\/tr>\n<tr>\n<td width=\"144\"><strong>Tromb\u00f3citos<\/strong><\/td>\n<td width=\"144\">\/uL<\/td>\n<td width=\"144\">26926,92<\/td>\n<td width=\"144\">\u00b17356,60<\/td>\n<\/tr>\n<tr>\n<td width=\"144\"><strong>PPT<\/strong><\/td>\n<td width=\"144\">g\/dL<\/td>\n<td width=\"144\">4,00<\/td>\n<td width=\"144\">\u00b10,50<\/td>\n<\/tr>\n<\/tbody>\n<\/table>\n<p>&nbsp;<\/p>\n<p>&nbsp;<\/p>\n<ol start=\"2\">\n<li>Par\u00e2metros bioqu\u00edmicos s\u00e9ricos e fibrinog\u00eanio de adultos saud\u00e1veis de corujinhas (<em>Megascops sp.<\/em>)<\/li>\n<\/ol>\n<table width=\"576\">\n<tbody>\n<tr>\n<td width=\"144\"><strong>Par\u00e2metros<\/strong><\/td>\n<td width=\"144\"><strong>Unidades<\/strong><\/td>\n<td width=\"144\"><strong>M\u00e9dia<\/strong><\/td>\n<td width=\"144\"><strong>DP<\/strong><\/td>\n<\/tr>\n<tr>\n<td width=\"144\"><strong>Prote\u00ednas Totais<\/strong><\/td>\n<td width=\"144\">g\/dL<\/td>\n<td width=\"144\">3,37<\/td>\n<td width=\"144\">\u00b10,49<\/td>\n<\/tr>\n<tr>\n<td width=\"144\"><strong>Albumina<\/strong><\/td>\n<td width=\"144\">g\/dL<\/td>\n<td width=\"144\">0,87<\/td>\n<td width=\"144\">\u00b10,38<\/td>\n<\/tr>\n<tr>\n<td width=\"144\"><strong>Globulinas<\/strong><\/td>\n<td width=\"144\">g\/dL<\/td>\n<td width=\"144\">2,50<\/td>\n<td width=\"144\">\u00b10,32<\/td>\n<\/tr>\n<tr>\n<td width=\"144\"><strong>A:G<\/strong><\/td>\n<td width=\"144\">&nbsp;<\/td>\n<td width=\"144\">0,35<\/td>\n<td width=\"144\">\u00b10,15<\/td>\n<\/tr>\n<tr>\n<td width=\"144\"><strong>AST<\/strong><\/td>\n<td width=\"144\">U\/L<\/td>\n<td width=\"144\">157,97<\/td>\n<td width=\"144\">\u00b170,96<\/td>\n<\/tr>\n<tr>\n<td width=\"144\"><strong>GGT<\/strong><\/td>\n<td width=\"144\">U\/L<\/td>\n<td width=\"144\">3,29<\/td>\n<td width=\"144\">\u00b11,47<\/td>\n<\/tr>\n<tr>\n<td width=\"144\"><strong>\u00c1cido \u00darico<\/strong><\/td>\n<td width=\"144\">mg\/dL<\/td>\n<td width=\"144\">9,57<\/td>\n<td width=\"144\">\u00b13,63<\/td>\n<\/tr>\n<tr>\n<td width=\"144\"><strong>Colesterol<\/strong><\/td>\n<td width=\"144\">mg\/dL<\/td>\n<td width=\"144\">199,68<\/td>\n<td width=\"144\">\u00b136,75<\/td>\n<\/tr>\n<tr>\n<td width=\"144\"><strong>Glicose<\/strong><\/td>\n<td width=\"144\">mg\/dL<\/td>\n<td width=\"144\">255,65<\/td>\n<td width=\"144\">\u00b134,78<\/td>\n<\/tr>\n<tr>\n<td width=\"144\"><strong>CK<\/strong><\/td>\n<td width=\"144\">U\/L<\/td>\n<td width=\"144\">538,99<\/td>\n<td width=\"144\">\u00b1337,72<\/td>\n<\/tr>\n<tr>\n<td width=\"144\"><strong>LDH<\/strong><\/td>\n<td width=\"144\">U\/L<\/td>\n<td width=\"144\">1002,74<\/td>\n<td width=\"144\">\u00b1421,79<\/td>\n<\/tr>\n<tr>\n<td width=\"144\"><strong>Ferro<\/strong><\/td>\n<td width=\"144\">ug\/dL<\/td>\n<td width=\"144\">104,21<\/td>\n<td width=\"144\">\u00b161,90<\/td>\n<\/tr>\n<tr>\n<td width=\"144\"><strong>C\u00e1lcio<\/strong><\/td>\n<td width=\"144\">mg\/dL<\/td>\n<td width=\"144\">9,18<\/td>\n<td width=\"144\">\u00b10,79<\/td>\n<\/tr>\n<tr>\n<td width=\"144\"><strong>F\u00f3sforo<\/strong><\/td>\n<td width=\"144\">mg\/dL<\/td>\n<td width=\"144\">7,78<\/td>\n<td width=\"144\">\u00b12,28<\/td>\n<\/tr>\n<tr>\n<td width=\"144\"><strong>Ca:P<\/strong><\/td>\n<td width=\"144\">&nbsp;<\/td>\n<td width=\"144\">1,15<\/td>\n<td width=\"144\">\u00b10,42<\/td>\n<\/tr>\n<tr>\n<td width=\"144\"><strong>Fosfatase Alcalina<\/strong><\/td>\n<td width=\"144\">U\/L<\/td>\n<td width=\"144\">51,22<\/td>\n<td width=\"144\">\u00b120,20<\/td>\n<\/tr>\n<tr>\n<td width=\"144\"><strong>Fibrinog\u00eanio<\/strong><\/td>\n<td width=\"144\">mg\/dL<\/td>\n<td width=\"144\">0,20<\/td>\n<td width=\"144\">&#8211;<\/td>\n<\/tr>\n<\/tbody>\n<\/table>\n<p>&nbsp;<\/p>\n","protected":false},"excerpt":{"rendered":"<p>Par\u00e2metros hematol\u00f3gicos e valores de prote\u00edna plasm\u00e1tica total (PPT) de adultos saud\u00e1veis de Corujinha (Megascops sp.) Par\u00e2metro Unidades M\u00e9dia DP Hemat\u00f3crito % 37,13 \u00b13,53 Eritr\u00f3citos X 106\/uL 1,54 \u00b10,35 Hemoglobina g\/dL 9,39 \u00b11,43 VGM fL 252,99 \u00b157,50 CHGM % 25,54 \u00b14,89 HGM pg 65,21 \u00b121,36 Leuc\u00f3citos totais \/uL 11875,00 \u00b15294,06 Heter\u00f3filos \/uL 5677,08 \u00b1 \u00b12185,58 [&hellip;]<\/p>\n","protected":false},"author":3,"featured_media":0,"parent":0,"menu_order":0,"comment_status":"open","ping_status":"open","template":"","meta":{"footnotes":""},"class_list":["post-294","page","type-page","status-publish","hentry"],"_links":{"self":[{"href":"https:\/\/agrarias.ufpr.br\/sacas\/wp-json\/wp\/v2\/pages\/294","targetHints":{"allow":["GET"]}}],"collection":[{"href":"https:\/\/agrarias.ufpr.br\/sacas\/wp-json\/wp\/v2\/pages"}],"about":[{"href":"https:\/\/agrarias.ufpr.br\/sacas\/wp-json\/wp\/v2\/types\/page"}],"author":[{"embeddable":true,"href":"https:\/\/agrarias.ufpr.br\/sacas\/wp-json\/wp\/v2\/users\/3"}],"replies":[{"embeddable":true,"href":"https:\/\/agrarias.ufpr.br\/sacas\/wp-json\/wp\/v2\/comments?post=294"}],"version-history":[{"count":1,"href":"https:\/\/agrarias.ufpr.br\/sacas\/wp-json\/wp\/v2\/pages\/294\/revisions"}],"predecessor-version":[{"id":296,"href":"https:\/\/agrarias.ufpr.br\/sacas\/wp-json\/wp\/v2\/pages\/294\/revisions\/296"}],"wp:attachment":[{"href":"https:\/\/agrarias.ufpr.br\/sacas\/wp-json\/wp\/v2\/media?parent=294"}],"curies":[{"name":"wp","href":"https:\/\/api.w.org\/{rel}","templated":true}]}}