{"id":289,"date":"2019-01-24T14:01:00","date_gmt":"2019-01-24T14:01:00","guid":{"rendered":"https:\/\/agrarias.ufpr.br\/sacas\/?p=289"},"modified":"2026-03-31T13:07:14","modified_gmt":"2026-03-31T13:07:14","slug":"codorna-2","status":"publish","type":"page","link":"https:\/\/agrarias.ufpr.br\/sacas\/codorna-2\/","title":{"rendered":"Codorna"},"content":{"rendered":"<ol>\n<li>Valores hematol\u00f3gicos e de prote\u00edna plasm\u00e1tica total (PPT) (m\u00e9dia \u00b1 padr\u00e3o) para Codornas durante quatro ciclos de produ\u00e7\u00e3o<\/li>\n<\/ol>\n<table width=\"683\">\n<tbody>\n<tr>\n<td width=\"154\"><strong>Par\u00e2metros <\/strong><\/td>\n<td width=\"142\"><strong>&nbsp;&nbsp;&nbsp;&nbsp;&nbsp;&nbsp;&nbsp; C1 (a)<\/strong><\/td>\n<td width=\"142\"><strong>C2 (b)<\/strong><\/td>\n<td width=\"109\"><strong>C3 (c)<\/strong><\/td>\n<td width=\"137\"><strong>C4 (d)<\/strong><\/td>\n<\/tr>\n<tr>\n<td width=\"154\"><strong>Hemat\u00f3crito (%)<\/strong><\/td>\n<td width=\"142\">&nbsp;39,5\u00b10,46<\/td>\n<td width=\"142\">&nbsp;39,1\u00b10,37<\/td>\n<td width=\"109\">39,0\u00b10,34<\/td>\n<td width=\"137\">40,4\u00b10,35<\/td>\n<\/tr>\n<tr>\n<td width=\"154\"><strong>Eritr\u00f3citos (x 106 \u03bcL-1)<\/strong><\/td>\n<td width=\"142\">&nbsp;2,6\u00b10,049<\/td>\n<td width=\"142\">2,9\u00b10,054<\/td>\n<td width=\"109\">2,9\u00b10,045<\/td>\n<td width=\"137\">3,0\u00b10,05<\/td>\n<\/tr>\n<tr>\n<td width=\"154\"><strong>Leuc\u00f3citos totais (\u03bcL-1)<\/strong><\/td>\n<td width=\"142\">9.762,5\u00b1483,7<\/td>\n<td width=\"142\">12.343,9\u00b1582,7<\/td>\n<td width=\"109\">12.930,1\u00b1675,5<\/td>\n<td width=\"137\">12.062,5\u00b1515,7<\/td>\n<\/tr>\n<tr>\n<td width=\"154\"><strong>Heter\u00f3filos (%)<\/strong><\/td>\n<td width=\"142\">55,3\u00b11,1<\/td>\n<td width=\"142\">64,7\u00b11,1<\/td>\n<td width=\"109\">57,6\u00b11,2<\/td>\n<td width=\"137\">51,2\u00b10,9<\/td>\n<\/tr>\n<tr>\n<td width=\"154\"><strong>Linf\u00f3citos (%)<\/strong><\/td>\n<td width=\"142\">35,7\u00b10,9<\/td>\n<td width=\"142\">28,9\u00b10,9<\/td>\n<td width=\"109\">35,7\u00b11,0<\/td>\n<td width=\"137\">42,4\u00b10,9<\/td>\n<\/tr>\n<tr>\n<td width=\"154\"><strong>Eosin\u00f3filos (%)<\/strong><\/td>\n<td width=\"142\">1,4\u00b10,1<\/td>\n<td width=\"142\">1,3\u00b10,1<\/td>\n<td width=\"109\">&nbsp;1,4\u00b10,1<\/td>\n<td width=\"137\">1,7\u00b10,2<\/td>\n<\/tr>\n<tr>\n<td width=\"154\"><strong>Mon\u00f3citos (%)<\/strong><\/td>\n<td width=\"142\">&nbsp;3,5\u00b10,3<\/td>\n<td width=\"142\">2,3\u00b10,2<\/td>\n<td width=\"109\">2,9\u00b10,3<\/td>\n<td width=\"137\">2,5\u00b10,2<\/td>\n<\/tr>\n<tr>\n<td width=\"154\"><strong>Bas\u00f3filos (%)<\/strong><\/td>\n<td width=\"142\">4,0\u00b10,3<\/td>\n<td width=\"142\">2,9\u00b10,2<\/td>\n<td width=\"109\">2,3\u00b12,1<\/td>\n<td width=\"137\">2,2\u00b10,2<\/td>\n<\/tr>\n<tr>\n<td width=\"154\"><strong>&nbsp;Heter\u00f3filo:Linf\u00f3cito (%)<\/strong><\/td>\n<td width=\"142\">&nbsp;1,7\u00b10,1<\/td>\n<td width=\"142\">2,4\u00b10,1<\/td>\n<td width=\"109\">1,8\u00b10,9<\/td>\n<td width=\"137\">1,3\u00b10,1<\/td>\n<\/tr>\n<tr>\n<td width=\"154\"><strong>PPT (g.dL -1)<\/strong><\/td>\n<td width=\"142\">6,1\u00b10,2<\/td>\n<td width=\"142\">6,0\u00b10,2<\/td>\n<td width=\"109\">6,5\u00b10,1<\/td>\n<td width=\"137\">&nbsp;6,7\u00b10,2<\/td>\n<\/tr>\n<\/tbody>\n<\/table>\n<p>Temperaturas m\u00e9dias:&nbsp; 22,4\u00baC (C1); 25,5\u00baC (C2); 23,3\u00baC (C3) e 21,5\u00baC (C4).<\/p>\n<p>&nbsp;<\/p>\n","protected":false},"excerpt":{"rendered":"<p>Valores hematol\u00f3gicos e de prote\u00edna plasm\u00e1tica total (PPT) (m\u00e9dia \u00b1 padr\u00e3o) para Codornas durante quatro ciclos de produ\u00e7\u00e3o Par\u00e2metros &nbsp;&nbsp;&nbsp;&nbsp;&nbsp;&nbsp;&nbsp; C1 (a) C2 (b) C3 (c) C4 (d) Hemat\u00f3crito (%) &nbsp;39,5\u00b10,46 &nbsp;39,1\u00b10,37 39,0\u00b10,34 40,4\u00b10,35 Eritr\u00f3citos (x 106 \u03bcL-1) &nbsp;2,6\u00b10,049 2,9\u00b10,054 2,9\u00b10,045 3,0\u00b10,05 Leuc\u00f3citos totais (\u03bcL-1) 9.762,5\u00b1483,7 12.343,9\u00b1582,7 12.930,1\u00b1675,5 12.062,5\u00b1515,7 Heter\u00f3filos (%) 55,3\u00b11,1 64,7\u00b11,1 57,6\u00b11,2 51,2\u00b10,9 [&hellip;]<\/p>\n","protected":false},"author":3,"featured_media":0,"parent":0,"menu_order":0,"comment_status":"open","ping_status":"open","template":"","meta":{"footnotes":""},"class_list":["post-289","page","type-page","status-publish","hentry"],"_links":{"self":[{"href":"https:\/\/agrarias.ufpr.br\/sacas\/wp-json\/wp\/v2\/pages\/289","targetHints":{"allow":["GET"]}}],"collection":[{"href":"https:\/\/agrarias.ufpr.br\/sacas\/wp-json\/wp\/v2\/pages"}],"about":[{"href":"https:\/\/agrarias.ufpr.br\/sacas\/wp-json\/wp\/v2\/types\/page"}],"author":[{"embeddable":true,"href":"https:\/\/agrarias.ufpr.br\/sacas\/wp-json\/wp\/v2\/users\/3"}],"replies":[{"embeddable":true,"href":"https:\/\/agrarias.ufpr.br\/sacas\/wp-json\/wp\/v2\/comments?post=289"}],"version-history":[{"count":1,"href":"https:\/\/agrarias.ufpr.br\/sacas\/wp-json\/wp\/v2\/pages\/289\/revisions"}],"predecessor-version":[{"id":290,"href":"https:\/\/agrarias.ufpr.br\/sacas\/wp-json\/wp\/v2\/pages\/289\/revisions\/290"}],"wp:attachment":[{"href":"https:\/\/agrarias.ufpr.br\/sacas\/wp-json\/wp\/v2\/media?parent=289"}],"curies":[{"name":"wp","href":"https:\/\/api.w.org\/{rel}","templated":true}]}}