{"id":283,"date":"2019-01-24T13:58:56","date_gmt":"2019-01-24T13:58:56","guid":{"rendered":"https:\/\/agrarias.ufpr.br\/sacas\/?p=283"},"modified":"2026-03-31T13:07:14","modified_gmt":"2026-03-31T13:07:14","slug":"coruja-buraqueira","status":"publish","type":"page","link":"https:\/\/agrarias.ufpr.br\/sacas\/coruja-buraqueira\/","title":{"rendered":"Coruja buraqueira"},"content":{"rendered":"<ol>\n<li>Par\u00e2metros hematol\u00f3gicos e valores de prote\u00edna plasm\u00e1tica total (PPT) de adultos saud\u00e1veis de Coruja-Buraqueira (<em>Burrowing owl<\/em>)<\/li>\n<\/ol>\n<table width=\"567\">\n<tbody>\n<tr>\n<td width=\"142\"><strong>Par\u00e2metro<\/strong><\/td>\n<td width=\"142\"><strong>Unidade<\/strong><\/td>\n<td width=\"142\"><strong>M\u00e9dia<\/strong><\/td>\n<td width=\"142\"><strong>DP<\/strong><\/td>\n<\/tr>\n<tr>\n<td width=\"142\"><strong>Hemat\u00f3crito<\/strong><\/td>\n<td width=\"142\">%<\/td>\n<td width=\"142\">40,86<\/td>\n<td width=\"142\">\u00b12,54<\/td>\n<\/tr>\n<tr>\n<td width=\"142\"><strong>Eritr\u00f3citos<\/strong><\/td>\n<td width=\"142\">x 10<sup>6<\/sup> \/\u00b5L<\/td>\n<td width=\"142\">1,89<\/td>\n<td width=\"142\">\u00b10,75<\/td>\n<\/tr>\n<tr>\n<td width=\"142\"><strong>Hemoglobina<\/strong><\/td>\n<td width=\"142\">g\/dL<\/td>\n<td width=\"142\">9,93<\/td>\n<td width=\"142\">\u00b12,43<\/td>\n<\/tr>\n<tr>\n<td width=\"142\"><strong>VGM<\/strong><\/td>\n<td width=\"142\">fL<\/td>\n<td width=\"142\">234,84<\/td>\n<td width=\"142\">\u00b157,51<\/td>\n<\/tr>\n<tr>\n<td width=\"142\"><strong>CHGM<\/strong><\/td>\n<td width=\"142\">%<\/td>\n<td width=\"142\">24,17<\/td>\n<td width=\"142\">\u00b15,08<\/td>\n<\/tr>\n<tr>\n<td width=\"142\"><strong>HGM<\/strong><\/td>\n<td width=\"142\">pg<\/td>\n<td width=\"142\">55,10<\/td>\n<td width=\"142\">\u00b112,59<\/td>\n<\/tr>\n<tr>\n<td width=\"142\"><strong>Leuc\u00f3citos totais<\/strong><\/td>\n<td width=\"142\">\/\u00b5L<\/td>\n<td width=\"142\">12000,00<\/td>\n<td width=\"142\">\u00b16855,65<\/td>\n<\/tr>\n<tr>\n<td width=\"142\"><strong>Heter\u00f3filos<\/strong><\/td>\n<td width=\"142\">\/\u00b5L<\/td>\n<td width=\"142\">5272,86<\/td>\n<td width=\"142\">\u00b13512,90<\/td>\n<\/tr>\n<tr>\n<td width=\"142\"><strong>Linf\u00f3citos<\/strong><\/td>\n<td width=\"142\">\/\u00b5L<\/td>\n<td width=\"142\">5887,14<\/td>\n<td width=\"142\">\u00b13643,16<\/td>\n<\/tr>\n<tr>\n<td width=\"142\"><strong>Mon\u00f3citos<\/strong><\/td>\n<td width=\"142\">\/\u00b5L<\/td>\n<td width=\"142\">395,00<\/td>\n<td width=\"142\">\u00b1350,76<\/td>\n<\/tr>\n<tr>\n<td width=\"142\"><strong>Eosin\u00f3filos<\/strong><\/td>\n<td width=\"142\">\/\u00b5L<\/td>\n<td width=\"142\">556,00<\/td>\n<td width=\"142\">\u00b1779,92<\/td>\n<\/tr>\n<tr>\n<td width=\"142\"><strong>Bas\u00f3filos<\/strong><\/td>\n<td width=\"142\">\/\u00b5L<\/td>\n<td width=\"142\">304,00<\/td>\n<td width=\"142\">\u00b1290,99<\/td>\n<\/tr>\n<tr>\n<td width=\"142\"><strong>H:L<\/strong><\/td>\n<td width=\"142\">&nbsp;<\/td>\n<td width=\"142\">1,36<\/td>\n<td width=\"142\">\u00b11,20<\/td>\n<\/tr>\n<tr>\n<td width=\"142\"><strong>Tromb\u00f3citos<\/strong><\/td>\n<td width=\"142\">\/\u00b5L<\/td>\n<td width=\"142\">20091,00<\/td>\n<td width=\"142\">\u00b113703,64<\/td>\n<\/tr>\n<tr>\n<td width=\"142\"><strong>PPT<\/strong><\/td>\n<td width=\"142\">g\/dL<\/td>\n<td width=\"142\">3,69<\/td>\n<td width=\"142\">\u00b10,58<\/td>\n<\/tr>\n<\/tbody>\n<\/table>\n<p>&nbsp;<\/p>\n<p>&nbsp;<\/p>\n<ol start=\"2\">\n<li>Par\u00e2metros bioqu\u00edmicos s\u00e9ricos de adultos saud\u00e1veis de Coruja-Buraqueira (<em>Burrowing owl<\/em>)<\/li>\n<\/ol>\n<table width=\"567\">\n<tbody>\n<tr>\n<td width=\"142\"><strong>Par\u00e2metro <\/strong><\/td>\n<td width=\"142\"><strong>Unidade<\/strong><\/td>\n<td width=\"142\"><strong>M\u00e9dia<\/strong><\/td>\n<td width=\"142\"><strong>DP<\/strong><\/td>\n<\/tr>\n<tr>\n<td width=\"142\"><strong>Prote\u00ednas totais<\/strong><\/td>\n<td width=\"142\">g\/dL<\/td>\n<td width=\"142\">3,34<\/td>\n<td width=\"142\">\u00b10,47<\/td>\n<\/tr>\n<tr>\n<td width=\"142\"><strong>Albumina<\/strong><\/td>\n<td width=\"142\">g\/dL<\/td>\n<td width=\"142\">0,78<\/td>\n<td width=\"142\">\u00b10,38<\/td>\n<\/tr>\n<tr>\n<td width=\"142\"><strong>Globulinas<\/strong><\/td>\n<td width=\"142\">g\/dL<\/td>\n<td width=\"142\">2,56<\/td>\n<td width=\"142\">\u00b10,20<\/td>\n<\/tr>\n<tr>\n<td width=\"142\"><strong>A:G<\/strong><\/td>\n<td width=\"142\">&nbsp;<\/td>\n<td width=\"142\">0,30<\/td>\n<td width=\"142\">\u00b10,14<\/td>\n<\/tr>\n<tr>\n<td width=\"142\"><strong>AST<\/strong><\/td>\n<td width=\"142\">U\/L<\/td>\n<td width=\"142\">162,98<\/td>\n<td width=\"142\">\u00b135,54<\/td>\n<\/tr>\n<tr>\n<td width=\"142\"><strong>GGT<\/strong><\/td>\n<td width=\"142\">U\/L<\/td>\n<td width=\"142\">&nbsp;<\/td>\n<td width=\"142\">&nbsp;<\/td>\n<\/tr>\n<tr>\n<td width=\"142\"><strong>\u00c1cido \u00darico<\/strong><\/td>\n<td width=\"142\">mg\/dL<\/td>\n<td width=\"142\">13,78<\/td>\n<td width=\"142\">\u00b14,63<\/td>\n<\/tr>\n<tr>\n<td width=\"142\"><strong>Colesterol<\/strong><\/td>\n<td width=\"142\">mg\/dL<\/td>\n<td width=\"142\">&nbsp;<\/td>\n<td width=\"142\">&nbsp;<\/td>\n<\/tr>\n<tr>\n<td width=\"142\"><strong>Glicose<\/strong><\/td>\n<td width=\"142\">mg\/dL<\/td>\n<td width=\"142\">&nbsp;<\/td>\n<td width=\"142\">&nbsp;<\/td>\n<\/tr>\n<tr>\n<td width=\"142\"><strong>CK<\/strong><\/td>\n<td width=\"142\">U\/L<\/td>\n<td width=\"142\">284,10<\/td>\n<td width=\"142\">\u00b1150,19<\/td>\n<\/tr>\n<tr>\n<td width=\"142\"><strong>LDH<\/strong><\/td>\n<td width=\"142\">U\/L<\/td>\n<td width=\"142\">&nbsp;<\/td>\n<td width=\"142\">&nbsp;<\/td>\n<\/tr>\n<tr>\n<td width=\"142\"><strong>Ferro<\/strong><\/td>\n<td width=\"142\">\u00b5g\/dL<\/td>\n<td width=\"142\">&nbsp;<\/td>\n<td width=\"142\">&nbsp;<\/td>\n<\/tr>\n<tr>\n<td width=\"142\"><strong>C\u00e1lcio<\/strong><\/td>\n<td width=\"142\">mg\/dL<\/td>\n<td width=\"142\">8,63<\/td>\n<td width=\"142\">\u00b10,55<\/td>\n<\/tr>\n<tr>\n<td width=\"142\"><strong>F\u00f3sforo<\/strong><\/td>\n<td width=\"142\">mg\/dL<\/td>\n<td width=\"142\">7,15<\/td>\n<td width=\"142\">\u00b12,10<\/td>\n<\/tr>\n<tr>\n<td width=\"142\"><strong>Ca:P<\/strong><\/td>\n<td width=\"142\">&nbsp;<\/td>\n<td width=\"142\">1,29<\/td>\n<td width=\"142\">\u00b10,38<\/td>\n<\/tr>\n<tr>\n<td width=\"142\"><strong>Fosfatase Alcalina<\/strong><\/td>\n<td width=\"142\">U\/L<\/td>\n<td width=\"142\">134,46<\/td>\n<td width=\"142\">\u00b1120,36<\/td>\n<\/tr>\n<\/tbody>\n<\/table>\n<p>&nbsp;<\/p>\n<p>&nbsp;<\/p>\n<p>&nbsp;<\/p>\n<p>&nbsp;<\/p>\n<p>&nbsp;<\/p>\n<p>&nbsp;<\/p>\n<p>&nbsp;<\/p>\n<ol start=\"3\">\n<li>Par\u00e2metros hematol\u00f3gicos e valores de prote\u00edna plasm\u00e1tica total (PPT) de jovens saud\u00e1veis de Coruja-Buraqueira (<em>Burrowing owl<\/em>)<\/li>\n<\/ol>\n<table>\n<tbody>\n<tr>\n<td width=\"167\"><strong>Par\u00e2metro<\/strong><\/td>\n<td width=\"167\"><strong>Unidade<\/strong><\/td>\n<td width=\"167\"><strong>M\u00e9dia<\/strong><\/td>\n<\/tr>\n<tr>\n<td width=\"167\"><strong>Hemat\u00f3crito<\/strong><\/td>\n<td width=\"167\">%<\/td>\n<td width=\"167\">39,00<\/td>\n<\/tr>\n<tr>\n<td width=\"167\"><strong>Eritr\u00f3citos<\/strong><\/td>\n<td width=\"167\">x 10<sup>6<\/sup> \/\u00b5L<\/td>\n<td width=\"167\">1,39<\/td>\n<\/tr>\n<tr>\n<td width=\"167\"><strong>Hemoglobina<\/strong><\/td>\n<td width=\"167\">g\/dL<\/td>\n<td width=\"167\">8,00<\/td>\n<\/tr>\n<tr>\n<td width=\"167\"><strong>VGM<\/strong><\/td>\n<td width=\"167\">fL<\/td>\n<td width=\"167\">281,59<\/td>\n<\/tr>\n<tr>\n<td width=\"167\"><strong>CHGM<\/strong><\/td>\n<td width=\"167\">%<\/td>\n<td width=\"167\">20,51<\/td>\n<\/tr>\n<tr>\n<td width=\"167\"><strong>HGM<\/strong><\/td>\n<td width=\"167\">pg<\/td>\n<td width=\"167\">57,76<\/td>\n<\/tr>\n<tr>\n<td width=\"167\"><strong>Leuc\u00f3citos totais<\/strong><\/td>\n<td width=\"167\">\/\u00b5L<\/td>\n<td width=\"167\">6000,00<\/td>\n<\/tr>\n<tr>\n<td width=\"167\"><strong>Heter\u00f3filos<\/strong><\/td>\n<td width=\"167\">\/\u00b5L<\/td>\n<td width=\"167\">4800,00<\/td>\n<\/tr>\n<tr>\n<td width=\"167\"><strong>Linf\u00f3citos<\/strong><\/td>\n<td width=\"167\">\/\u00b5L<\/td>\n<td width=\"167\">1080,00<\/td>\n<\/tr>\n<tr>\n<td width=\"167\"><strong>Mon\u00f3citos<\/strong><\/td>\n<td width=\"167\">\/\u00b5L<\/td>\n<td width=\"167\">0,00<\/td>\n<\/tr>\n<tr>\n<td width=\"167\"><strong>Eosin\u00f3filos<\/strong><\/td>\n<td width=\"167\">\/\u00b5L<\/td>\n<td width=\"167\">0,00<\/td>\n<\/tr>\n<tr>\n<td width=\"167\"><strong>Bas\u00f3filos<\/strong><\/td>\n<td width=\"167\">\/\u00b5L<\/td>\n<td width=\"167\">120,00<\/td>\n<\/tr>\n<tr>\n<td width=\"167\"><strong>H:L<\/strong><\/td>\n<td width=\"167\">&nbsp;<\/td>\n<td width=\"167\">4,44<\/td>\n<\/tr>\n<tr>\n<td width=\"167\"><strong>Tromb\u00f3citos<\/strong><\/td>\n<td width=\"167\">\/\u00b5L<\/td>\n<td width=\"167\">24.930,00<\/td>\n<\/tr>\n<tr>\n<td width=\"167\"><strong>PPT<\/strong><\/td>\n<td width=\"167\">g\/dL<\/td>\n<td width=\"167\">3,40<\/td>\n<\/tr>\n<\/tbody>\n<\/table>\n<p>&nbsp;<\/p>\n","protected":false},"excerpt":{"rendered":"<p>Par\u00e2metros hematol\u00f3gicos e valores de prote\u00edna plasm\u00e1tica total (PPT) de adultos saud\u00e1veis de Coruja-Buraqueira (Burrowing owl) Par\u00e2metro Unidade M\u00e9dia DP Hemat\u00f3crito % 40,86 \u00b12,54 Eritr\u00f3citos x 106 \/\u00b5L 1,89 \u00b10,75 Hemoglobina g\/dL 9,93 \u00b12,43 VGM fL 234,84 \u00b157,51 CHGM % 24,17 \u00b15,08 HGM pg 55,10 \u00b112,59 Leuc\u00f3citos totais \/\u00b5L 12000,00 \u00b16855,65 Heter\u00f3filos \/\u00b5L 5272,86 \u00b13512,90 [&hellip;]<\/p>\n","protected":false},"author":3,"featured_media":0,"parent":0,"menu_order":0,"comment_status":"open","ping_status":"open","template":"","meta":{"footnotes":""},"class_list":["post-283","page","type-page","status-publish","hentry"],"_links":{"self":[{"href":"https:\/\/agrarias.ufpr.br\/sacas\/wp-json\/wp\/v2\/pages\/283","targetHints":{"allow":["GET"]}}],"collection":[{"href":"https:\/\/agrarias.ufpr.br\/sacas\/wp-json\/wp\/v2\/pages"}],"about":[{"href":"https:\/\/agrarias.ufpr.br\/sacas\/wp-json\/wp\/v2\/types\/page"}],"author":[{"embeddable":true,"href":"https:\/\/agrarias.ufpr.br\/sacas\/wp-json\/wp\/v2\/users\/3"}],"replies":[{"embeddable":true,"href":"https:\/\/agrarias.ufpr.br\/sacas\/wp-json\/wp\/v2\/comments?post=283"}],"version-history":[{"count":1,"href":"https:\/\/agrarias.ufpr.br\/sacas\/wp-json\/wp\/v2\/pages\/283\/revisions"}],"predecessor-version":[{"id":284,"href":"https:\/\/agrarias.ufpr.br\/sacas\/wp-json\/wp\/v2\/pages\/283\/revisions\/284"}],"wp:attachment":[{"href":"https:\/\/agrarias.ufpr.br\/sacas\/wp-json\/wp\/v2\/media?parent=283"}],"curies":[{"name":"wp","href":"https:\/\/api.w.org\/{rel}","templated":true}]}}