{"id":278,"date":"2019-01-24T13:57:19","date_gmt":"2019-01-24T13:57:19","guid":{"rendered":"https:\/\/agrarias.ufpr.br\/sacas\/?p=278"},"modified":"2026-03-31T13:07:14","modified_gmt":"2026-03-31T13:07:14","slug":"chimango","status":"publish","type":"page","link":"https:\/\/agrarias.ufpr.br\/sacas\/chimango\/","title":{"rendered":"Chimango"},"content":{"rendered":"<ol>\n<li>Par\u00e2metros hematol\u00f3gicos e valores de prote\u00edna plasm\u00e1tica total (PPT) de adultos saud\u00e1veis de Chimango (<em>Mivalgo chimango<\/em>)<\/li>\n<\/ol>\n<table>\n<tbody>\n<tr>\n<td width=\"142\"><strong>Par\u00e2metro<\/strong><\/td>\n<td width=\"142\"><strong>Unidades<\/strong><\/td>\n<td width=\"142\"><strong>M\u00e9dia<\/strong><\/td>\n<td width=\"142\"><strong>DP<\/strong><\/td>\n<\/tr>\n<tr>\n<td width=\"142\"><strong>Hemat\u00f3crito<\/strong><\/td>\n<td width=\"142\">%<\/td>\n<td width=\"142\">38,00<\/td>\n<td width=\"142\">\u00b11,41<\/td>\n<\/tr>\n<tr>\n<td width=\"142\"><strong>Eritr\u00f3citos<\/strong><\/td>\n<td width=\"142\">X 106\/uL<\/td>\n<td width=\"142\">1,32<\/td>\n<td width=\"142\">\u00b10,29<\/td>\n<\/tr>\n<tr>\n<td width=\"142\"><strong>Hemoglobina<\/strong><\/td>\n<td width=\"142\">g\/dL<\/td>\n<td width=\"142\">13,95<\/td>\n<td width=\"142\">\u00b110,11<\/td>\n<\/tr>\n<tr>\n<td width=\"142\"><strong>VGM<\/strong><\/td>\n<td width=\"142\">fL<\/td>\n<td width=\"142\">294,12<\/td>\n<td width=\"142\">\u00b155,45<\/td>\n<\/tr>\n<tr>\n<td width=\"142\"><strong>CHGM<\/strong><\/td>\n<td width=\"142\">%<\/td>\n<td width=\"142\">36,24<\/td>\n<td width=\"142\">\u00b125,26<\/td>\n<\/tr>\n<tr>\n<td width=\"142\"><strong>HGM<\/strong><\/td>\n<td width=\"142\">pg<\/td>\n<td width=\"142\">99,58<\/td>\n<td width=\"142\">\u00b154,19<\/td>\n<\/tr>\n<tr>\n<td width=\"142\"><strong>Leuc\u00f3citos totais<\/strong><\/td>\n<td width=\"142\">\/uL<\/td>\n<td width=\"142\">7500,00<\/td>\n<td width=\"142\">&nbsp;\u00b12121,32<\/td>\n<\/tr>\n<tr>\n<td width=\"142\"><strong>Heter\u00f3filos<\/strong><\/td>\n<td width=\"142\">\/uL<\/td>\n<td width=\"142\">5835,00<\/td>\n<td width=\"142\">\u00b11803,12<\/td>\n<\/tr>\n<tr>\n<td width=\"142\"><strong>Linf\u00f3citos<\/strong><\/td>\n<td width=\"142\">\/uL<\/td>\n<td width=\"142\">1515,00<\/td>\n<td width=\"142\">\u00b1275,77<\/td>\n<\/tr>\n<tr>\n<td width=\"142\"><strong>Mon\u00f3citos<\/strong><\/td>\n<td width=\"142\">\/uL<\/td>\n<td width=\"142\">&#8211;<\/td>\n<td width=\"142\">&#8211;<\/td>\n<\/tr>\n<tr>\n<td width=\"142\"><strong>Eosin\u00f3filos<\/strong><\/td>\n<td width=\"142\">\/uL<\/td>\n<td width=\"142\">&#8211;<\/td>\n<td width=\"142\">&#8211;<\/td>\n<\/tr>\n<tr>\n<td width=\"142\"><strong>Bas\u00f3filos<\/strong><\/td>\n<td width=\"142\">\/uL<\/td>\n<td width=\"142\">150,00<\/td>\n<td width=\"142\">\u00b142,42<\/td>\n<\/tr>\n<tr>\n<td width=\"142\"><strong>H:L<\/strong><\/td>\n<td width=\"142\">&#8211;<\/td>\n<td width=\"142\">3,48<\/td>\n<td width=\"142\">\u00b10,03<\/td>\n<\/tr>\n<tr>\n<td width=\"142\"><strong>Tromb\u00f3citos<\/strong><\/td>\n<td width=\"142\">\/uL<\/td>\n<td width=\"142\">&#8211;<\/td>\n<td width=\"142\">&#8211;<\/td>\n<\/tr>\n<tr>\n<td width=\"142\"><strong>PPT<\/strong><\/td>\n<td width=\"142\">g\/dL<\/td>\n<td width=\"142\">3,13<\/td>\n<td width=\"142\">\u00b10,38<\/td>\n<\/tr>\n<\/tbody>\n<\/table>\n<p>&nbsp;<\/p>\n<p>&nbsp;<\/p>\n<ol start=\"2\">\n<li>Par\u00e2metros bioqu\u00edmicos s\u00e9ricos de adultos de Chimango (<em>Mivalgo chimango<\/em>)<\/li>\n<\/ol>\n<table>\n<tbody>\n<tr>\n<td width=\"146\"><strong>Par\u00e2metros<\/strong><\/td>\n<td width=\"147\"><strong>Unidades<\/strong><\/td>\n<td width=\"147\"><strong>M\u00e9dia<\/strong><\/td>\n<\/tr>\n<tr>\n<td width=\"146\"><strong>Prote\u00ednas Totais<\/strong><\/td>\n<td width=\"147\">g\/dL<\/td>\n<td width=\"147\">2,70<\/td>\n<\/tr>\n<tr>\n<td width=\"146\"><strong>Albumina<\/strong><\/td>\n<td width=\"147\">g\/dL<\/td>\n<td width=\"147\">0,50<\/td>\n<\/tr>\n<tr>\n<td width=\"146\"><strong>Globulinas<\/strong><\/td>\n<td width=\"147\">g\/dL<\/td>\n<td width=\"147\">2,20<\/td>\n<\/tr>\n<tr>\n<td width=\"146\"><strong>A:G<\/strong><\/td>\n<td width=\"147\">&#8211;<\/td>\n<td width=\"147\">0,23<\/td>\n<\/tr>\n<tr>\n<td width=\"146\"><strong>AST<\/strong><\/td>\n<td width=\"147\">U\/L<\/td>\n<td width=\"147\">37,00<\/td>\n<\/tr>\n<tr>\n<td width=\"146\"><strong>GGT<\/strong><\/td>\n<td width=\"147\">U\/L<\/td>\n<td width=\"147\">3,50<\/td>\n<\/tr>\n<tr>\n<td width=\"146\"><strong>\u00c1cido \u00darico<\/strong><\/td>\n<td width=\"147\">mg\/dL<\/td>\n<td width=\"147\">4,30<\/td>\n<\/tr>\n<tr>\n<td width=\"146\"><strong>Colesterol<\/strong><\/td>\n<td width=\"147\">mg\/dL<\/td>\n<td width=\"147\">202,60<\/td>\n<\/tr>\n<tr>\n<td width=\"146\"><strong>Glicose<\/strong><\/td>\n<td width=\"147\">mg\/dL<\/td>\n<td width=\"147\">362,10<\/td>\n<\/tr>\n<tr>\n<td width=\"146\"><strong>CK<\/strong><\/td>\n<td width=\"147\">U\/L<\/td>\n<td width=\"147\">1137,30<\/td>\n<\/tr>\n<tr>\n<td width=\"146\"><strong>LDH<\/strong><\/td>\n<td width=\"147\">U\/L<\/td>\n<td width=\"147\">919,10<\/td>\n<\/tr>\n<tr>\n<td width=\"146\"><strong>Ferro<\/strong><\/td>\n<td width=\"147\">ug\/dL<\/td>\n<td width=\"147\">25,90<\/td>\n<\/tr>\n<tr>\n<td width=\"146\"><strong>C\u00e1lcio<\/strong><\/td>\n<td width=\"147\">mg\/dL<\/td>\n<td width=\"147\">5,10<\/td>\n<\/tr>\n<tr>\n<td width=\"146\"><strong>F\u00f3sforo<\/strong><\/td>\n<td width=\"147\">mg\/dL<\/td>\n<td width=\"147\">1,60<\/td>\n<\/tr>\n<tr>\n<td width=\"146\"><strong>Ca:P<\/strong><\/td>\n<td width=\"147\">&#8211;<\/td>\n<td width=\"147\">3,19<\/td>\n<\/tr>\n<tr>\n<td width=\"146\"><strong>Fosfatase Alcalina<\/strong><\/td>\n<td width=\"147\">U\/L<\/td>\n<td width=\"147\">86,90<\/td>\n<\/tr>\n<\/tbody>\n<\/table>\n<p>&nbsp;<\/p>\n","protected":false},"excerpt":{"rendered":"<p>Par\u00e2metros hematol\u00f3gicos e valores de prote\u00edna plasm\u00e1tica total (PPT) de adultos saud\u00e1veis de Chimango (Mivalgo chimango) Par\u00e2metro Unidades M\u00e9dia DP Hemat\u00f3crito % 38,00 \u00b11,41 Eritr\u00f3citos X 106\/uL 1,32 \u00b10,29 Hemoglobina g\/dL 13,95 \u00b110,11 VGM fL 294,12 \u00b155,45 CHGM % 36,24 \u00b125,26 HGM pg 99,58 \u00b154,19 Leuc\u00f3citos totais \/uL 7500,00 &nbsp;\u00b12121,32 Heter\u00f3filos \/uL 5835,00 \u00b11803,12 Linf\u00f3citos [&hellip;]<\/p>\n","protected":false},"author":3,"featured_media":0,"parent":0,"menu_order":0,"comment_status":"open","ping_status":"open","template":"","meta":{"footnotes":""},"class_list":["post-278","page","type-page","status-publish","hentry"],"_links":{"self":[{"href":"https:\/\/agrarias.ufpr.br\/sacas\/wp-json\/wp\/v2\/pages\/278","targetHints":{"allow":["GET"]}}],"collection":[{"href":"https:\/\/agrarias.ufpr.br\/sacas\/wp-json\/wp\/v2\/pages"}],"about":[{"href":"https:\/\/agrarias.ufpr.br\/sacas\/wp-json\/wp\/v2\/types\/page"}],"author":[{"embeddable":true,"href":"https:\/\/agrarias.ufpr.br\/sacas\/wp-json\/wp\/v2\/users\/3"}],"replies":[{"embeddable":true,"href":"https:\/\/agrarias.ufpr.br\/sacas\/wp-json\/wp\/v2\/comments?post=278"}],"version-history":[{"count":1,"href":"https:\/\/agrarias.ufpr.br\/sacas\/wp-json\/wp\/v2\/pages\/278\/revisions"}],"predecessor-version":[{"id":279,"href":"https:\/\/agrarias.ufpr.br\/sacas\/wp-json\/wp\/v2\/pages\/278\/revisions\/279"}],"wp:attachment":[{"href":"https:\/\/agrarias.ufpr.br\/sacas\/wp-json\/wp\/v2\/media?parent=278"}],"curies":[{"name":"wp","href":"https:\/\/api.w.org\/{rel}","templated":true}]}}