{"id":272,"date":"2019-01-24T13:54:47","date_gmt":"2019-01-24T13:54:47","guid":{"rendered":"https:\/\/agrarias.ufpr.br\/sacas\/?page_id=272"},"modified":"2019-01-24T13:54:47","modified_gmt":"2019-01-24T13:54:47","slug":"carcara","status":"publish","type":"page","link":"https:\/\/agrarias.ufpr.br\/sacas\/carcara\/","title":{"rendered":"Carcara"},"content":{"rendered":"<p>&nbsp;<\/p>\n<ol>\n<li>Par\u00e2metros hematol\u00f3gicos e valores de prote\u00edna plasm\u00e1tica total (PPT) de adultos saud\u00e1veis de Carcar\u00e1 (<em>Caracara plancus<\/em>)<\/li>\n<\/ol>\n<table>\n<tbody>\n<tr>\n<td width=\"141\"><strong>Par\u00e2metro<\/strong><\/td>\n<td width=\"141\"><strong>Unidade<\/strong><\/td>\n<td width=\"141\"><strong>M\u00e9dia<\/strong><\/td>\n<td width=\"141\"><strong>DP<\/strong><\/td>\n<\/tr>\n<tr>\n<td width=\"141\"><strong>Hemat\u00f3crito<\/strong><\/td>\n<td width=\"141\">%<\/td>\n<td width=\"141\">44,60<\/td>\n<td width=\"141\">\u00b14,48<\/td>\n<\/tr>\n<tr>\n<td width=\"141\"><strong>Eritr\u00f3citos<\/strong><\/td>\n<td width=\"141\">x 10<sup>6<\/sup> \/\u00b5L<\/td>\n<td width=\"141\">2,19<\/td>\n<td width=\"141\">\u00b10,77<\/td>\n<\/tr>\n<tr>\n<td width=\"141\"><strong>Hemoglobina<\/strong><\/td>\n<td width=\"141\">g\/dL<\/td>\n<td width=\"141\">10,07<\/td>\n<td width=\"141\">\u00b12,97<\/td>\n<\/tr>\n<tr>\n<td width=\"141\"><strong>VGM<\/strong><\/td>\n<td width=\"141\">fL<\/td>\n<td width=\"141\">220,96<\/td>\n<td width=\"141\">\u00b159,22<\/td>\n<\/tr>\n<tr>\n<td width=\"141\"><strong>CHGM<\/strong><\/td>\n<td width=\"141\">%<\/td>\n<td width=\"141\">22,67<\/td>\n<td width=\"141\">\u00b16,68<\/td>\n<\/tr>\n<tr>\n<td width=\"141\"><strong>HGM<\/strong><\/td>\n<td width=\"141\">pg<\/td>\n<td width=\"141\">48,63<\/td>\n<td width=\"141\">\u00b116,32<\/td>\n<\/tr>\n<tr>\n<td width=\"141\"><strong>Leuc\u00f3citos totais<\/strong><\/td>\n<td width=\"141\">\/\u00b5L<\/td>\n<td width=\"141\">14600,00<\/td>\n<td width=\"141\">\u00b16459,59<\/td>\n<\/tr>\n<tr>\n<td width=\"141\"><strong>Heter\u00f3filos<\/strong><\/td>\n<td width=\"141\">\/\u00b5L<\/td>\n<td width=\"141\">8462,50<\/td>\n<td width=\"141\">\u00b13729,70<\/td>\n<\/tr>\n<tr>\n<td width=\"141\"><strong>Linf\u00f3citos<\/strong><\/td>\n<td width=\"141\">\/\u00b5L<\/td>\n<td width=\"141\">5370,00<\/td>\n<td width=\"141\">\u00b13762,27<\/td>\n<\/tr>\n<tr>\n<td width=\"141\"><strong>Mon\u00f3citos<\/strong><\/td>\n<td width=\"141\">\/\u00b5L<\/td>\n<td width=\"141\">332,00<\/td>\n<td width=\"141\">\u00b1320,92<\/td>\n<\/tr>\n<tr>\n<td width=\"141\"><strong>Eosin\u00f3filos<\/strong><\/td>\n<td width=\"141\">\/\u00b5L<\/td>\n<td width=\"141\">206,00<\/td>\n<td width=\"141\">\u00b1187,96<\/td>\n<\/tr>\n<tr>\n<td width=\"141\"><strong>Bas\u00f3filos<\/strong><\/td>\n<td width=\"141\">\/\u00b5L<\/td>\n<td width=\"141\">647,06<\/td>\n<td width=\"141\">\u00b1516,25<\/td>\n<\/tr>\n<tr>\n<td width=\"141\"><strong>H:L<\/strong><\/td>\n<td width=\"141\">&nbsp;<\/td>\n<td width=\"141\">2,07<\/td>\n<td width=\"141\">\u00b11,33<\/td>\n<\/tr>\n<tr>\n<td width=\"141\"><strong>Tromb\u00f3citos<\/strong><\/td>\n<td width=\"141\">\/\u00b5L<\/td>\n<td width=\"141\">35412,86<\/td>\n<td width=\"141\">\u00b117430,18<\/td>\n<\/tr>\n<tr>\n<td width=\"141\"><strong>PPT<\/strong><\/td>\n<td width=\"141\">g\/dL<\/td>\n<td width=\"141\">3,70<\/td>\n<td width=\"141\">\u00b10,49<\/td>\n<\/tr>\n<\/tbody>\n<\/table>\n<p>&nbsp;<\/p>\n<p>&nbsp;<\/p>\n<ol start=\"2\">\n<li>Par\u00e2metros bioqu\u00edmicos s\u00e9ricos e fibrinog\u00eanio de adultos saud\u00e1veis de Carcar\u00e1 (<em>Caracara plancus<\/em>)<\/li>\n<\/ol>\n<table width=\"567\">\n<tbody>\n<tr>\n<td width=\"142\"><strong>Par\u00e2metro <\/strong><\/td>\n<td width=\"142\"><strong>Unidade<\/strong><\/td>\n<td width=\"142\"><strong>M\u00e9dia<\/strong><\/td>\n<td width=\"142\"><strong>DP<\/strong><\/td>\n<\/tr>\n<tr>\n<td width=\"142\"><strong>Prote\u00ednas totais<\/strong><\/td>\n<td width=\"142\">g\/dL<\/td>\n<td width=\"142\">3,19<\/td>\n<td width=\"142\">\u00b10,50<\/td>\n<\/tr>\n<tr>\n<td width=\"142\"><strong>Albumina<\/strong><\/td>\n<td width=\"142\">g\/dL<\/td>\n<td width=\"142\">0,90<\/td>\n<td width=\"142\">\u00b10,40<\/td>\n<\/tr>\n<tr>\n<td width=\"142\"><strong>Globulinas<\/strong><\/td>\n<td width=\"142\">g\/dL<\/td>\n<td width=\"142\">2,29<\/td>\n<td width=\"142\">\u00b10,34<\/td>\n<\/tr>\n<tr>\n<td width=\"142\"><strong>A:G<\/strong><\/td>\n<td width=\"142\">&nbsp;<\/td>\n<td width=\"142\">0,40<\/td>\n<td width=\"142\">\u00b10,19<\/td>\n<\/tr>\n<tr>\n<td width=\"142\"><strong>AST<\/strong><\/td>\n<td width=\"142\">U\/L<\/td>\n<td width=\"142\">47,31<\/td>\n<td width=\"142\">\u00b153,97<\/td>\n<\/tr>\n<tr>\n<td width=\"142\"><strong>GGT<\/strong><\/td>\n<td width=\"142\">U\/L<\/td>\n<td width=\"142\">4,68<\/td>\n<td width=\"142\">\u00b13,23<\/td>\n<\/tr>\n<tr>\n<td width=\"142\"><strong>\u00c1cido \u00darico<\/strong><\/td>\n<td width=\"142\">mg\/dL<\/td>\n<td width=\"142\">7,22<\/td>\n<td width=\"142\">\u00b12,93<\/td>\n<\/tr>\n<tr>\n<td width=\"142\"><strong>Colesterol<\/strong><\/td>\n<td width=\"142\">mg\/dL<\/td>\n<td width=\"142\">179,14<\/td>\n<td width=\"142\">\u00b130,55<\/td>\n<\/tr>\n<tr>\n<td width=\"142\"><strong>Glicose<\/strong><\/td>\n<td width=\"142\">mg\/dL<\/td>\n<td width=\"142\">278,07<\/td>\n<td width=\"142\">\u00b153,51<\/td>\n<\/tr>\n<tr>\n<td width=\"142\"><strong>CK<\/strong><\/td>\n<td width=\"142\">U\/L<\/td>\n<td width=\"142\">863,19<\/td>\n<td width=\"142\">\u00b1754,68<\/td>\n<\/tr>\n<tr>\n<td width=\"142\"><strong>LDH<\/strong><\/td>\n<td width=\"142\">U\/L<\/td>\n<td width=\"142\">867,69<\/td>\n<td width=\"142\">\u00b1435,71<\/td>\n<\/tr>\n<tr>\n<td width=\"142\"><strong>Ferro<\/strong><\/td>\n<td width=\"142\">\u00b5g\/dL<\/td>\n<td width=\"142\">458,02<\/td>\n<td width=\"142\">\u00b1291,46<\/td>\n<\/tr>\n<tr>\n<td width=\"142\"><strong>C\u00e1lcio<\/strong><\/td>\n<td width=\"142\">mg\/dL<\/td>\n<td width=\"142\">7,98<\/td>\n<td width=\"142\">\u00b10,72<\/td>\n<\/tr>\n<tr>\n<td width=\"142\"><strong>F\u00f3sforo<\/strong><\/td>\n<td width=\"142\">mg\/dL<\/td>\n<td width=\"142\">5,71<\/td>\n<td width=\"142\">\u00b16,38<\/td>\n<\/tr>\n<tr>\n<td width=\"142\"><strong>Ca:P<\/strong><\/td>\n<td width=\"142\">&nbsp;<\/td>\n<td width=\"142\">3,19<\/td>\n<td width=\"142\">\u00b12,49<\/td>\n<\/tr>\n<tr>\n<td width=\"142\"><strong>Fosfatase Alcalina<\/strong><\/td>\n<td width=\"142\">U\/L<\/td>\n<td width=\"142\">124,88<\/td>\n<td width=\"142\">\u00b155,32<\/td>\n<\/tr>\n<tr>\n<td width=\"142\"><strong>Fibrinog\u00eanio<\/strong><\/td>\n<td width=\"142\">mg\/dL<\/td>\n<td width=\"142\">0,33<\/td>\n<td width=\"142\">\u00b10,11<\/td>\n<\/tr>\n<\/tbody>\n<\/table>\n<p>&nbsp;<\/p>\n<p>&nbsp;<\/p>\n<p>&nbsp;<\/p>\n<p>&nbsp;<\/p>\n<p>&nbsp;<\/p>\n<ol start=\"3\">\n<li>Par\u00e2metros hematol\u00f3gicos e valores de prote\u00edna plasm\u00e1tica total (PPT) de jovens saud\u00e1veis de Carcar\u00e1 (<em>Caracara plancus<\/em>)<\/li>\n<\/ol>\n<table width=\"567\">\n<tbody>\n<tr>\n<td width=\"142\"><strong>Par\u00e2metro<\/strong><\/td>\n<td width=\"142\"><strong>Unidade<\/strong><\/td>\n<td width=\"142\"><strong>M\u00e9dia<\/strong><\/td>\n<td width=\"142\"><strong>DP<\/strong><\/td>\n<\/tr>\n<tr>\n<td width=\"142\"><strong>Hemat\u00f3crito<\/strong><\/td>\n<td width=\"142\">%<\/td>\n<td width=\"142\">41,00<\/td>\n<td width=\"142\">\u00b12,82<\/td>\n<\/tr>\n<tr>\n<td width=\"142\"><strong>Eritr\u00f3citos<\/strong><\/td>\n<td width=\"142\">x 10<sup>6<\/sup> \/\u00b5L<\/td>\n<td width=\"142\">1,78<\/td>\n<td width=\"142\">\u00b10,25<\/td>\n<\/tr>\n<tr>\n<td width=\"142\"><strong>Hemoglobina<\/strong><\/td>\n<td width=\"142\">g\/dL<\/td>\n<td width=\"142\">8,60<\/td>\n<td width=\"142\">\u00b12,12<\/td>\n<\/tr>\n<tr>\n<td width=\"142\"><strong>VGM<\/strong><\/td>\n<td width=\"142\">fL<\/td>\n<td width=\"142\">231,85<\/td>\n<td width=\"142\">\u00b116,82<\/td>\n<\/tr>\n<tr>\n<td width=\"142\"><strong>CHGM<\/strong><\/td>\n<td width=\"142\">%<\/td>\n<td width=\"142\">20,85<\/td>\n<td width=\"142\">\u00b13,73<\/td>\n<\/tr>\n<tr>\n<td width=\"142\"><strong>HGM<\/strong><\/td>\n<td width=\"142\">pg<\/td>\n<td width=\"142\">48,02<\/td>\n<td width=\"142\">\u00b15,15<\/td>\n<\/tr>\n<tr>\n<td width=\"142\"><strong>Leuc\u00f3citos totais<\/strong><\/td>\n<td width=\"142\">\/\u00b5L<\/td>\n<td width=\"142\">14000,00<\/td>\n<td width=\"142\">\u00b18485,28<\/td>\n<\/tr>\n<tr>\n<td width=\"142\"><strong>Heter\u00f3filos<\/strong><\/td>\n<td width=\"142\">\/\u00b5L<\/td>\n<td width=\"142\">7760,00<\/td>\n<td width=\"142\">\u00b14864,89<\/td>\n<\/tr>\n<tr>\n<td width=\"142\"><strong>Linf\u00f3citos<\/strong><\/td>\n<td width=\"142\">\/\u00b5L<\/td>\n<td width=\"142\">5800,00<\/td>\n<td width=\"142\">\u00b13676,95<\/td>\n<\/tr>\n<tr>\n<td width=\"142\"><strong>Mon\u00f3citos<\/strong><\/td>\n<td width=\"142\">\/\u00b5L<\/td>\n<td width=\"142\"><strong>&nbsp;<\/strong><\/td>\n<td width=\"142\"><strong>&nbsp;<\/strong><\/td>\n<\/tr>\n<tr>\n<td width=\"142\"><strong>Eosin\u00f3filos<\/strong><\/td>\n<td width=\"142\">\/\u00b5L<\/td>\n<td width=\"142\">180,00<\/td>\n<td width=\"142\">\u00b128,28<\/td>\n<\/tr>\n<tr>\n<td width=\"142\"><strong>Bas\u00f3filos<\/strong><\/td>\n<td width=\"142\">\/\u00b5L<\/td>\n<td width=\"142\">260,00<\/td>\n<td width=\"142\">\u00b184,85<\/td>\n<\/tr>\n<tr>\n<td width=\"142\"><strong>H:L<\/strong><\/td>\n<td width=\"142\">&nbsp;<\/td>\n<td width=\"142\">5,28<\/td>\n<td width=\"142\">\u00b15,57<\/td>\n<\/tr>\n<tr>\n<td width=\"142\"><strong>Tromb\u00f3citos<\/strong><\/td>\n<td width=\"142\">\/\u00b5L<\/td>\n<td width=\"142\">23995,00<\/td>\n<td width=\"142\">\u00b115832,12<\/td>\n<\/tr>\n<tr>\n<td width=\"142\"><strong>PPT<\/strong><\/td>\n<td width=\"142\">g\/dL<\/td>\n<td width=\"142\">3,80<\/td>\n<td width=\"142\">\u00b10,56<\/td>\n<\/tr>\n<\/tbody>\n<\/table>\n<p>&nbsp;<\/p>\n<p>&nbsp;<\/p>\n<ol start=\"4\">\n<li>Par\u00e2metros bioqu\u00edmicos s\u00e9ricos e fibrinog\u00eanio de jovens saud\u00e1veis de Carcar\u00e1 (<em>Caracara plancus<\/em>)<\/li>\n<\/ol>\n<table width=\"567\">\n<tbody>\n<tr>\n<td width=\"189\"><strong>Par\u00e2metro <\/strong><\/td>\n<td width=\"189\"><strong>Unidade<\/strong><\/td>\n<td width=\"189\"><strong>M\u00e9dia<\/strong><\/td>\n<\/tr>\n<tr>\n<td width=\"189\"><strong>Prote\u00ednas totais<\/strong><\/td>\n<td width=\"189\">g\/dL<\/td>\n<td width=\"189\">3,60<\/td>\n<\/tr>\n<tr>\n<td width=\"189\"><strong>Albumina<\/strong><\/td>\n<td width=\"189\">g\/dL<\/td>\n<td width=\"189\">1,00<\/td>\n<\/tr>\n<tr>\n<td width=\"189\"><strong>Globulinas<\/strong><\/td>\n<td width=\"189\">g\/dL<\/td>\n<td width=\"189\">2,60<\/td>\n<\/tr>\n<tr>\n<td width=\"189\"><strong>A:G<\/strong><\/td>\n<td width=\"189\">&nbsp;<\/td>\n<td width=\"189\">0,38<\/td>\n<\/tr>\n<tr>\n<td width=\"189\"><strong>AST<\/strong><\/td>\n<td width=\"189\">U\/L<\/td>\n<td width=\"189\">260,60<\/td>\n<\/tr>\n<tr>\n<td width=\"189\"><strong>GGT<\/strong><\/td>\n<td width=\"189\">U\/L<\/td>\n<td width=\"189\">9,70<\/td>\n<\/tr>\n<tr>\n<td width=\"189\"><strong>\u00c1cido \u00darico<\/strong><\/td>\n<td width=\"189\">mg\/dL<\/td>\n<td width=\"189\">8,30<\/td>\n<\/tr>\n<tr>\n<td width=\"189\"><strong>Colesterol<\/strong><\/td>\n<td width=\"189\">mg\/dL<\/td>\n<td width=\"189\">226,50<\/td>\n<\/tr>\n<tr>\n<td width=\"189\"><strong>Glicose<\/strong><\/td>\n<td width=\"189\">mg\/dL<\/td>\n<td width=\"189\">322,60<\/td>\n<\/tr>\n<tr>\n<td width=\"189\"><strong>CK<\/strong><\/td>\n<td width=\"189\">U\/L<\/td>\n<td width=\"189\">3702,50<\/td>\n<\/tr>\n<tr>\n<td width=\"189\"><strong>LDH<\/strong><\/td>\n<td width=\"189\">U\/L<\/td>\n<td width=\"189\">2129,60<\/td>\n<\/tr>\n<tr>\n<td width=\"189\"><strong>Ferro<\/strong><\/td>\n<td width=\"189\">\u00b5g\/dL<\/td>\n<td width=\"189\">433,40<\/td>\n<\/tr>\n<tr>\n<td width=\"189\"><strong>C\u00e1lcio<\/strong><\/td>\n<td width=\"189\">mg\/dL<\/td>\n<td width=\"189\">7,90<\/td>\n<\/tr>\n<tr>\n<td width=\"189\"><strong>F\u00f3sforo<\/strong><\/td>\n<td width=\"189\">mg\/dL<\/td>\n<td width=\"189\">19,40<\/td>\n<\/tr>\n<tr>\n<td width=\"189\"><strong>Ca:P<\/strong><\/td>\n<td width=\"189\">&nbsp;<\/td>\n<td width=\"189\">0,41<\/td>\n<\/tr>\n<tr>\n<td width=\"189\"><strong>Fosfatase Alcalina<\/strong><\/td>\n<td width=\"189\">U\/L<\/td>\n<td width=\"189\">126,30<\/td>\n<\/tr>\n<tr>\n<td width=\"189\"><strong>Fibrinog\u00eanio<\/strong><\/td>\n<td width=\"189\">mg\/dL<\/td>\n<td width=\"189\">126,30<\/td>\n<\/tr>\n<\/tbody>\n<\/table>\n<p>&nbsp;<\/p>\n","protected":false},"excerpt":{"rendered":"<p>&nbsp; Par\u00e2metros hematol\u00f3gicos e valores de prote\u00edna plasm\u00e1tica total (PPT) de adultos saud\u00e1veis de Carcar\u00e1 (Caracara plancus) Par\u00e2metro Unidade M\u00e9dia DP Hemat\u00f3crito % 44,60 \u00b14,48 Eritr\u00f3citos x 106 \/\u00b5L 2,19 \u00b10,77 Hemoglobina g\/dL 10,07 \u00b12,97 VGM fL 220,96 \u00b159,22 CHGM % 22,67 \u00b16,68 HGM pg 48,63 \u00b116,32 Leuc\u00f3citos totais \/\u00b5L 14600,00 \u00b16459,59 Heter\u00f3filos \/\u00b5L 8462,50 [&hellip;]<\/p>\n","protected":false},"author":3,"featured_media":0,"parent":0,"menu_order":0,"comment_status":"closed","ping_status":"closed","template":"","meta":{"footnotes":""},"class_list":["post-272","page","type-page","status-publish","hentry"],"_links":{"self":[{"href":"https:\/\/agrarias.ufpr.br\/sacas\/wp-json\/wp\/v2\/pages\/272","targetHints":{"allow":["GET"]}}],"collection":[{"href":"https:\/\/agrarias.ufpr.br\/sacas\/wp-json\/wp\/v2\/pages"}],"about":[{"href":"https:\/\/agrarias.ufpr.br\/sacas\/wp-json\/wp\/v2\/types\/page"}],"author":[{"embeddable":true,"href":"https:\/\/agrarias.ufpr.br\/sacas\/wp-json\/wp\/v2\/users\/3"}],"replies":[{"embeddable":true,"href":"https:\/\/agrarias.ufpr.br\/sacas\/wp-json\/wp\/v2\/comments?post=272"}],"version-history":[{"count":1,"href":"https:\/\/agrarias.ufpr.br\/sacas\/wp-json\/wp\/v2\/pages\/272\/revisions"}],"predecessor-version":[{"id":273,"href":"https:\/\/agrarias.ufpr.br\/sacas\/wp-json\/wp\/v2\/pages\/272\/revisions\/273"}],"wp:attachment":[{"href":"https:\/\/agrarias.ufpr.br\/sacas\/wp-json\/wp\/v2\/media?parent=272"}],"curies":[{"name":"wp","href":"https:\/\/api.w.org\/{rel}","templated":true}]}}