{"id":266,"date":"2019-01-24T13:51:35","date_gmt":"2019-01-24T13:51:35","guid":{"rendered":"https:\/\/agrarias.ufpr.br\/sacas\/?page_id=266"},"modified":"2019-01-24T13:51:35","modified_gmt":"2019-01-24T13:51:35","slug":"aguia-chilena","status":"publish","type":"page","link":"https:\/\/agrarias.ufpr.br\/sacas\/aguia-chilena\/","title":{"rendered":"\u00c1guia chilena"},"content":{"rendered":"<p>Par\u00e2metros hematol\u00f3gicos e valores de prote\u00edna plasm\u00e1tica total de jovens saud\u00e1veis de \u00c1guia-Chilena (<em>Geranoaetus melanoleucus<\/em>)<\/p>\n<p>&nbsp;<\/p>\n<table width=\"491\">\n<tbody>\n<tr>\n<td width=\"164\"><strong>Par\u00e2metro<\/strong><\/td>\n<td width=\"164\"><strong>Unidade<\/strong><\/td>\n<td width=\"164\"><strong>M\u00e9dia<\/strong><\/td>\n<\/tr>\n<tr>\n<td width=\"164\"><strong>Hemat\u00f3crito<\/strong><\/td>\n<td width=\"164\"><strong>%<\/strong><\/td>\n<td width=\"164\">40,00<\/td>\n<\/tr>\n<tr>\n<td width=\"164\"><strong>Eritr\u00f3citos<\/strong><\/td>\n<td width=\"164\"><strong>x 10<sup>6<\/sup> \/\u00b5L<\/strong><\/td>\n<td width=\"164\">1,32<\/td>\n<\/tr>\n<tr>\n<td width=\"164\"><strong>Hemoglobina<\/strong><\/td>\n<td width=\"164\"><strong>g\/dL<\/strong><\/td>\n<td width=\"164\">11,40<\/td>\n<\/tr>\n<tr>\n<td width=\"164\"><strong>VGM<\/strong><\/td>\n<td width=\"164\"><strong>fL<\/strong><\/td>\n<td width=\"164\">303,03<\/td>\n<\/tr>\n<tr>\n<td width=\"164\"><strong>CHGM<\/strong><\/td>\n<td width=\"164\"><strong>%<\/strong><\/td>\n<td width=\"164\">28,50<\/td>\n<\/tr>\n<tr>\n<td width=\"164\"><strong>HGM<\/strong><\/td>\n<td width=\"164\"><strong>pg<\/strong><\/td>\n<td width=\"164\">86,36<\/td>\n<\/tr>\n<tr>\n<td width=\"164\"><strong>Leuc\u00f3citos totais<\/strong><\/td>\n<td width=\"164\"><strong>\/\u00b5L<\/strong><\/td>\n<td width=\"164\">7.500<\/td>\n<\/tr>\n<tr>\n<td width=\"164\"><strong>Heter\u00f3filos<\/strong><\/td>\n<td width=\"164\"><strong>\/\u00b5L<\/strong><\/td>\n<td width=\"164\">4.500<\/td>\n<\/tr>\n<tr>\n<td width=\"164\"><strong>Linf\u00f3citos<\/strong><\/td>\n<td width=\"164\"><strong>\/\u00b5L<\/strong><\/td>\n<td width=\"164\">1.875<\/td>\n<\/tr>\n<tr>\n<td width=\"164\"><strong>Mon\u00f3citos<\/strong><\/td>\n<td width=\"164\"><strong>\/\u00b5L<\/strong><\/td>\n<td width=\"164\">0,00<\/td>\n<\/tr>\n<tr>\n<td width=\"164\"><strong>Eosin\u00f3filos<\/strong><\/td>\n<td width=\"164\"><strong>\/\u00b5L<\/strong><\/td>\n<td width=\"164\">1.125<\/td>\n<\/tr>\n<tr>\n<td width=\"164\"><strong>Bas\u00f3filos<\/strong><\/td>\n<td width=\"164\"><strong>\/\u00b5L<\/strong><\/td>\n<td width=\"164\">0,00<\/td>\n<\/tr>\n<tr>\n<td width=\"164\"><strong>H:L<\/strong><\/td>\n<td width=\"164\"><strong>&nbsp;<\/strong><\/td>\n<td width=\"164\">2,40<\/td>\n<\/tr>\n<tr>\n<td width=\"164\"><strong>Tromb\u00f3citos<\/strong><\/td>\n<td width=\"164\"><strong>\/\u00b5L<\/strong><\/td>\n<td width=\"164\">10.560<\/td>\n<\/tr>\n<tr>\n<td width=\"164\"><strong>PPT<\/strong><\/td>\n<td width=\"164\"><strong>g\/dL<\/strong><\/td>\n<td width=\"164\">4,20<\/td>\n<\/tr>\n<\/tbody>\n<\/table>\n<p>&nbsp;<\/p>\n","protected":false},"excerpt":{"rendered":"<p>Par\u00e2metros hematol\u00f3gicos e valores de prote\u00edna plasm\u00e1tica total de jovens saud\u00e1veis de \u00c1guia-Chilena (Geranoaetus melanoleucus) &nbsp; Par\u00e2metro Unidade M\u00e9dia Hemat\u00f3crito % 40,00 Eritr\u00f3citos x 106 \/\u00b5L 1,32 Hemoglobina g\/dL 11,40 VGM fL 303,03 CHGM % 28,50 HGM pg 86,36 Leuc\u00f3citos totais \/\u00b5L 7.500 Heter\u00f3filos \/\u00b5L 4.500 Linf\u00f3citos \/\u00b5L 1.875 Mon\u00f3citos \/\u00b5L 0,00 Eosin\u00f3filos \/\u00b5L 1.125 [&hellip;]<\/p>\n","protected":false},"author":3,"featured_media":0,"parent":0,"menu_order":0,"comment_status":"closed","ping_status":"closed","template":"","meta":{"footnotes":""},"class_list":["post-266","page","type-page","status-publish","hentry"],"_links":{"self":[{"href":"https:\/\/agrarias.ufpr.br\/sacas\/wp-json\/wp\/v2\/pages\/266","targetHints":{"allow":["GET"]}}],"collection":[{"href":"https:\/\/agrarias.ufpr.br\/sacas\/wp-json\/wp\/v2\/pages"}],"about":[{"href":"https:\/\/agrarias.ufpr.br\/sacas\/wp-json\/wp\/v2\/types\/page"}],"author":[{"embeddable":true,"href":"https:\/\/agrarias.ufpr.br\/sacas\/wp-json\/wp\/v2\/users\/3"}],"replies":[{"embeddable":true,"href":"https:\/\/agrarias.ufpr.br\/sacas\/wp-json\/wp\/v2\/comments?post=266"}],"version-history":[{"count":1,"href":"https:\/\/agrarias.ufpr.br\/sacas\/wp-json\/wp\/v2\/pages\/266\/revisions"}],"predecessor-version":[{"id":267,"href":"https:\/\/agrarias.ufpr.br\/sacas\/wp-json\/wp\/v2\/pages\/266\/revisions\/267"}],"wp:attachment":[{"href":"https:\/\/agrarias.ufpr.br\/sacas\/wp-json\/wp\/v2\/media?parent=266"}],"curies":[{"name":"wp","href":"https:\/\/api.w.org\/{rel}","templated":true}]}}