{"id":246,"date":"2019-01-16T18:07:18","date_gmt":"2019-01-16T18:07:18","guid":{"rendered":"https:\/\/agrarias.ufpr.br\/sacas\/?page_id=246"},"modified":"2019-01-16T18:07:18","modified_gmt":"2019-01-16T18:07:18","slug":"trombocitos-hemoparasitas","status":"publish","type":"page","link":"https:\/\/agrarias.ufpr.br\/sacas\/trombocitos-hemoparasitas\/","title":{"rendered":"TROMB\u00d3CITOS\/HEMOPARASITAS\u00a0"},"content":{"rendered":"<p><strong><a href=\"https:\/\/agrarias.ufpr.br\/sacas\/wp-content\/uploads\/sites\/42\/2019\/01\/62-trombocitos-pinguim.png\"><img loading=\"lazy\" decoding=\"async\" class=\"alignnone wp-image-247\" src=\"https:\/\/agrarias.ufpr.br\/sacas\/wp-content\/uploads\/sites\/42\/2019\/01\/62-trombocitos-pinguim.png\" alt=\"\" width=\"516\" height=\"290\" srcset=\"https:\/\/agrarias.ufpr.br\/sacas\/wp-content\/uploads\/sites\/42\/2019\/01\/62-trombocitos-pinguim.png 1304w, https:\/\/agrarias.ufpr.br\/sacas\/wp-content\/uploads\/sites\/42\/2019\/01\/62-trombocitos-pinguim-300x169.png 300w, https:\/\/agrarias.ufpr.br\/sacas\/wp-content\/uploads\/sites\/42\/2019\/01\/62-trombocitos-pinguim-768x432.png 768w, https:\/\/agrarias.ufpr.br\/sacas\/wp-content\/uploads\/sites\/42\/2019\/01\/62-trombocitos-pinguim-1024x576.png 1024w, https:\/\/agrarias.ufpr.br\/sacas\/wp-content\/uploads\/sites\/42\/2019\/01\/62-trombocitos-pinguim-250x141.png 250w, https:\/\/agrarias.ufpr.br\/sacas\/wp-content\/uploads\/sites\/42\/2019\/01\/62-trombocitos-pinguim-160x90.png 160w\" sizes=\"auto, (max-width: 516px) 100vw, 516px\" \/><\/a><\/strong><\/p>\n<p><strong>62) Sangue perif\u00e9rico de pinguim (<em>Spheniscus magellanicus<\/em>). Eritr\u00f3citos maduros e oito tromb\u00f3citos. Colora\u00e7\u00e3o de Wright (100x).<\/strong><\/p>\n<p>&nbsp;<\/p>\n<p>&nbsp;<\/p>\n<p><strong><a href=\"https:\/\/agrarias.ufpr.br\/sacas\/wp-content\/uploads\/sites\/42\/2019\/01\/63-trombocitos-cardeal-amarelo.png\"><img loading=\"lazy\" decoding=\"async\" class=\"alignnone wp-image-248\" src=\"https:\/\/agrarias.ufpr.br\/sacas\/wp-content\/uploads\/sites\/42\/2019\/01\/63-trombocitos-cardeal-amarelo.png\" alt=\"\" width=\"516\" height=\"290\" srcset=\"https:\/\/agrarias.ufpr.br\/sacas\/wp-content\/uploads\/sites\/42\/2019\/01\/63-trombocitos-cardeal-amarelo.png 1366w, https:\/\/agrarias.ufpr.br\/sacas\/wp-content\/uploads\/sites\/42\/2019\/01\/63-trombocitos-cardeal-amarelo-300x169.png 300w, https:\/\/agrarias.ufpr.br\/sacas\/wp-content\/uploads\/sites\/42\/2019\/01\/63-trombocitos-cardeal-amarelo-768x432.png 768w, https:\/\/agrarias.ufpr.br\/sacas\/wp-content\/uploads\/sites\/42\/2019\/01\/63-trombocitos-cardeal-amarelo-1024x576.png 1024w, https:\/\/agrarias.ufpr.br\/sacas\/wp-content\/uploads\/sites\/42\/2019\/01\/63-trombocitos-cardeal-amarelo-250x141.png 250w, https:\/\/agrarias.ufpr.br\/sacas\/wp-content\/uploads\/sites\/42\/2019\/01\/63-trombocitos-cardeal-amarelo-160x90.png 160w\" sizes=\"auto, (max-width: 516px) 100vw, 516px\" \/><\/a><\/strong><\/p>\n<p><strong>63) Sangue perif\u00e9rico de cardeal amarelo (<em>Gubernatrix cristata<\/em>). Eritr\u00f3citos maduros e seis tromb\u00f3citos. Colora\u00e7\u00e3o de Wright (100x).<\/strong><\/p>\n<p>&nbsp;<\/p>\n<p>&nbsp;<\/p>\n<p><strong><a href=\"https:\/\/agrarias.ufpr.br\/sacas\/wp-content\/uploads\/sites\/42\/2019\/01\/64-cinco-trombocitos-eritro-poli-jacutinga.png\"><img loading=\"lazy\" decoding=\"async\" class=\"alignnone wp-image-249\" src=\"https:\/\/agrarias.ufpr.br\/sacas\/wp-content\/uploads\/sites\/42\/2019\/01\/64-cinco-trombocitos-eritro-poli-jacutinga.png\" alt=\"\" width=\"516\" height=\"290\" srcset=\"https:\/\/agrarias.ufpr.br\/sacas\/wp-content\/uploads\/sites\/42\/2019\/01\/64-cinco-trombocitos-eritro-poli-jacutinga.png 1366w, https:\/\/agrarias.ufpr.br\/sacas\/wp-content\/uploads\/sites\/42\/2019\/01\/64-cinco-trombocitos-eritro-poli-jacutinga-300x169.png 300w, https:\/\/agrarias.ufpr.br\/sacas\/wp-content\/uploads\/sites\/42\/2019\/01\/64-cinco-trombocitos-eritro-poli-jacutinga-768x432.png 768w, https:\/\/agrarias.ufpr.br\/sacas\/wp-content\/uploads\/sites\/42\/2019\/01\/64-cinco-trombocitos-eritro-poli-jacutinga-1024x576.png 1024w, https:\/\/agrarias.ufpr.br\/sacas\/wp-content\/uploads\/sites\/42\/2019\/01\/64-cinco-trombocitos-eritro-poli-jacutinga-250x141.png 250w, https:\/\/agrarias.ufpr.br\/sacas\/wp-content\/uploads\/sites\/42\/2019\/01\/64-cinco-trombocitos-eritro-poli-jacutinga-160x90.png 160w\" sizes=\"auto, (max-width: 516px) 100vw, 516px\" \/><\/a><\/strong><\/p>\n<p><strong>64) Sangue perif\u00e9rico de jacutinga (<em>Aburria jacutinga<\/em>). Eritr\u00f3citos maduros, eritr\u00f3cito policromat\u00f3filo e tromb\u00f3citos. Colora\u00e7\u00e3o de Wright (100 X).<\/strong><\/p>\n<p>&nbsp;<\/p>\n<p>&nbsp;<\/p>\n<p><strong><a href=\"https:\/\/agrarias.ufpr.br\/sacas\/wp-content\/uploads\/sites\/42\/2019\/01\/65-trombocitos-jacutinga.png\"><img loading=\"lazy\" decoding=\"async\" class=\"alignnone wp-image-250\" src=\"https:\/\/agrarias.ufpr.br\/sacas\/wp-content\/uploads\/sites\/42\/2019\/01\/65-trombocitos-jacutinga.png\" alt=\"\" width=\"516\" height=\"290\" srcset=\"https:\/\/agrarias.ufpr.br\/sacas\/wp-content\/uploads\/sites\/42\/2019\/01\/65-trombocitos-jacutinga.png 1366w, https:\/\/agrarias.ufpr.br\/sacas\/wp-content\/uploads\/sites\/42\/2019\/01\/65-trombocitos-jacutinga-300x169.png 300w, https:\/\/agrarias.ufpr.br\/sacas\/wp-content\/uploads\/sites\/42\/2019\/01\/65-trombocitos-jacutinga-768x432.png 768w, https:\/\/agrarias.ufpr.br\/sacas\/wp-content\/uploads\/sites\/42\/2019\/01\/65-trombocitos-jacutinga-1024x576.png 1024w, https:\/\/agrarias.ufpr.br\/sacas\/wp-content\/uploads\/sites\/42\/2019\/01\/65-trombocitos-jacutinga-250x141.png 250w, https:\/\/agrarias.ufpr.br\/sacas\/wp-content\/uploads\/sites\/42\/2019\/01\/65-trombocitos-jacutinga-160x90.png 160w\" sizes=\"auto, (max-width: 516px) 100vw, 516px\" \/><\/a><\/strong><\/p>\n<p><strong>65) Sangue perif\u00e9rico de jacutinga (<em>Aburria jacutinga<\/em>). Tromb\u00f3citos e eritr\u00f3citos maduros. Colora\u00e7\u00e3o de Wright (100 X).<\/strong><\/p>\n<p>&nbsp;<\/p>\n<p>&nbsp;<\/p>\n<p><strong><a href=\"https:\/\/agrarias.ufpr.br\/sacas\/wp-content\/uploads\/sites\/42\/2019\/01\/66-trombocitos-monocito-avestruz.png\"><img loading=\"lazy\" decoding=\"async\" class=\"alignnone wp-image-251\" src=\"https:\/\/agrarias.ufpr.br\/sacas\/wp-content\/uploads\/sites\/42\/2019\/01\/66-trombocitos-monocito-avestruz.png\" alt=\"\" width=\"516\" height=\"651\" srcset=\"https:\/\/agrarias.ufpr.br\/sacas\/wp-content\/uploads\/sites\/42\/2019\/01\/66-trombocitos-monocito-avestruz.png 590w, https:\/\/agrarias.ufpr.br\/sacas\/wp-content\/uploads\/sites\/42\/2019\/01\/66-trombocitos-monocito-avestruz-238x300.png 238w, https:\/\/agrarias.ufpr.br\/sacas\/wp-content\/uploads\/sites\/42\/2019\/01\/66-trombocitos-monocito-avestruz-250x315.png 250w, https:\/\/agrarias.ufpr.br\/sacas\/wp-content\/uploads\/sites\/42\/2019\/01\/66-trombocitos-monocito-avestruz-95x120.png 95w\" sizes=\"auto, (max-width: 516px) 100vw, 516px\" \/><\/a><\/strong><\/p>\n<p><strong>66) Sangue perif\u00e9rico de avestruz (<em>Struthio camelus<\/em>). Eritr\u00f3citos maduros, cinco tromb\u00f3citos (citoplasma incolor) e um mon\u00f3cito. Colora\u00e7\u00e3o de Wright (100x).<\/strong><\/p>\n<p>&nbsp;<\/p>\n<p>&nbsp;<\/p>\n<p><strong><a href=\"https:\/\/agrarias.ufpr.br\/sacas\/wp-content\/uploads\/sites\/42\/2019\/01\/67-trombocitos-pinguim.png\"><img loading=\"lazy\" decoding=\"async\" class=\"alignnone wp-image-252\" src=\"https:\/\/agrarias.ufpr.br\/sacas\/wp-content\/uploads\/sites\/42\/2019\/01\/67-trombocitos-pinguim.png\" alt=\"\" width=\"516\" height=\"290\" srcset=\"https:\/\/agrarias.ufpr.br\/sacas\/wp-content\/uploads\/sites\/42\/2019\/01\/67-trombocitos-pinguim.png 1366w, https:\/\/agrarias.ufpr.br\/sacas\/wp-content\/uploads\/sites\/42\/2019\/01\/67-trombocitos-pinguim-300x169.png 300w, https:\/\/agrarias.ufpr.br\/sacas\/wp-content\/uploads\/sites\/42\/2019\/01\/67-trombocitos-pinguim-768x432.png 768w, https:\/\/agrarias.ufpr.br\/sacas\/wp-content\/uploads\/sites\/42\/2019\/01\/67-trombocitos-pinguim-1024x576.png 1024w, https:\/\/agrarias.ufpr.br\/sacas\/wp-content\/uploads\/sites\/42\/2019\/01\/67-trombocitos-pinguim-250x141.png 250w, https:\/\/agrarias.ufpr.br\/sacas\/wp-content\/uploads\/sites\/42\/2019\/01\/67-trombocitos-pinguim-160x90.png 160w\" sizes=\"auto, (max-width: 516px) 100vw, 516px\" \/><\/a><\/strong><\/p>\n<p><strong>67) Sangue perif\u00e9rico de pinguim (<em>Spheniscus magellanicus<\/em>). Eritr\u00f3citos maduros, tromb\u00f3citos, eosin\u00f3filo e heter\u00f3filo. Colora\u00e7\u00e3o de Wright (100x).<\/strong><\/p>\n<p>&nbsp;<\/p>\n<p><strong>HEMOPARASITAS<\/strong><\/p>\n<p>&nbsp;<\/p>\n<p><strong><a href=\"https:\/\/agrarias.ufpr.br\/sacas\/wp-content\/uploads\/sites\/42\/2019\/01\/68-Haemoproteus-eritrocito-papagaio-cara-roxa-vida-livre.png\"><img loading=\"lazy\" decoding=\"async\" class=\"alignnone wp-image-253\" src=\"https:\/\/agrarias.ufpr.br\/sacas\/wp-content\/uploads\/sites\/42\/2019\/01\/68-Haemoproteus-eritrocito-papagaio-cara-roxa-vida-livre.png\" alt=\"\" width=\"516\" height=\"290\" srcset=\"https:\/\/agrarias.ufpr.br\/sacas\/wp-content\/uploads\/sites\/42\/2019\/01\/68-Haemoproteus-eritrocito-papagaio-cara-roxa-vida-livre.png 1366w, https:\/\/agrarias.ufpr.br\/sacas\/wp-content\/uploads\/sites\/42\/2019\/01\/68-Haemoproteus-eritrocito-papagaio-cara-roxa-vida-livre-300x169.png 300w, https:\/\/agrarias.ufpr.br\/sacas\/wp-content\/uploads\/sites\/42\/2019\/01\/68-Haemoproteus-eritrocito-papagaio-cara-roxa-vida-livre-768x432.png 768w, https:\/\/agrarias.ufpr.br\/sacas\/wp-content\/uploads\/sites\/42\/2019\/01\/68-Haemoproteus-eritrocito-papagaio-cara-roxa-vida-livre-1024x576.png 1024w, https:\/\/agrarias.ufpr.br\/sacas\/wp-content\/uploads\/sites\/42\/2019\/01\/68-Haemoproteus-eritrocito-papagaio-cara-roxa-vida-livre-250x141.png 250w, https:\/\/agrarias.ufpr.br\/sacas\/wp-content\/uploads\/sites\/42\/2019\/01\/68-Haemoproteus-eritrocito-papagaio-cara-roxa-vida-livre-160x90.png 160w\" sizes=\"auto, (max-width: 516px) 100vw, 516px\" \/><\/a><\/strong><\/p>\n<p><strong>68) Sangue perif\u00e9rico de papagaio de cara roxa (<em>Amazona brasiliensis<\/em>) de vida livre. Eritr\u00f3citos maduros e eritr\u00f3cito com <em>Haemoproteus <\/em>sp. no citoplasma. Colora\u00e7\u00e3o de Wright (100x).<\/strong><\/p>\n<p>&nbsp;<\/p>\n<p>&nbsp;<\/p>\n<p><strong><a href=\"https:\/\/agrarias.ufpr.br\/sacas\/wp-content\/uploads\/sites\/42\/2019\/01\/69-microfilaria-cardeal-amarelo.png\"><img loading=\"lazy\" decoding=\"async\" class=\"alignnone wp-image-254\" src=\"https:\/\/agrarias.ufpr.br\/sacas\/wp-content\/uploads\/sites\/42\/2019\/01\/69-microfilaria-cardeal-amarelo.png\" alt=\"\" width=\"516\" height=\"390\" srcset=\"https:\/\/agrarias.ufpr.br\/sacas\/wp-content\/uploads\/sites\/42\/2019\/01\/69-microfilaria-cardeal-amarelo.png 1016w, https:\/\/agrarias.ufpr.br\/sacas\/wp-content\/uploads\/sites\/42\/2019\/01\/69-microfilaria-cardeal-amarelo-300x227.png 300w, https:\/\/agrarias.ufpr.br\/sacas\/wp-content\/uploads\/sites\/42\/2019\/01\/69-microfilaria-cardeal-amarelo-768x581.png 768w, https:\/\/agrarias.ufpr.br\/sacas\/wp-content\/uploads\/sites\/42\/2019\/01\/69-microfilaria-cardeal-amarelo-250x189.png 250w, https:\/\/agrarias.ufpr.br\/sacas\/wp-content\/uploads\/sites\/42\/2019\/01\/69-microfilaria-cardeal-amarelo-160x120.png 160w\" sizes=\"auto, (max-width: 516px) 100vw, 516px\" \/><\/a><\/strong><\/p>\n<p><strong>69) Microfil\u00e1ria em sangue perif\u00e9rico de cardeal amarelo (<em>Gubernatrix cristata<\/em>). Colora\u00e7\u00e3o de Wright (100x).<\/strong><\/p>\n<p>&nbsp;<\/p>\n<p>&nbsp;<\/p>\n<p><strong><a href=\"https:\/\/agrarias.ufpr.br\/sacas\/wp-content\/uploads\/sites\/42\/2019\/01\/70-Trypanosoma-rouxinol.png\"><img loading=\"lazy\" decoding=\"async\" class=\"alignnone wp-image-255\" src=\"https:\/\/agrarias.ufpr.br\/sacas\/wp-content\/uploads\/sites\/42\/2019\/01\/70-Trypanosoma-rouxinol.png\" alt=\"\" width=\"516\" height=\"390\" srcset=\"https:\/\/agrarias.ufpr.br\/sacas\/wp-content\/uploads\/sites\/42\/2019\/01\/70-Trypanosoma-rouxinol.png 1016w, https:\/\/agrarias.ufpr.br\/sacas\/wp-content\/uploads\/sites\/42\/2019\/01\/70-Trypanosoma-rouxinol-300x227.png 300w, https:\/\/agrarias.ufpr.br\/sacas\/wp-content\/uploads\/sites\/42\/2019\/01\/70-Trypanosoma-rouxinol-768x581.png 768w, https:\/\/agrarias.ufpr.br\/sacas\/wp-content\/uploads\/sites\/42\/2019\/01\/70-Trypanosoma-rouxinol-250x189.png 250w, https:\/\/agrarias.ufpr.br\/sacas\/wp-content\/uploads\/sites\/42\/2019\/01\/70-Trypanosoma-rouxinol-160x120.png 160w\" sizes=\"auto, (max-width: 516px) 100vw, 516px\" \/><\/a><\/strong><\/p>\n<p><strong>70) Sangue perif\u00e9rico de rouxinol. Eritr\u00f3citos maduros e <em>Trypanosoma <\/em>sp. Colora\u00e7\u00e3o de Wright (100x).<\/strong><\/p>\n<p>&nbsp;<\/p>\n<p>&nbsp;<\/p>\n","protected":false},"excerpt":{"rendered":"<p>62) Sangue perif\u00e9rico de pinguim (Spheniscus magellanicus). Eritr\u00f3citos maduros e oito tromb\u00f3citos. Colora\u00e7\u00e3o de Wright (100x). &nbsp; &nbsp; 63) Sangue perif\u00e9rico de cardeal amarelo (Gubernatrix cristata). Eritr\u00f3citos maduros e seis tromb\u00f3citos. Colora\u00e7\u00e3o de Wright (100x). &nbsp; &nbsp; 64) Sangue perif\u00e9rico de jacutinga (Aburria jacutinga). Eritr\u00f3citos maduros, eritr\u00f3cito policromat\u00f3filo e tromb\u00f3citos. Colora\u00e7\u00e3o de Wright (100 X). [&hellip;]<\/p>\n","protected":false},"author":3,"featured_media":0,"parent":0,"menu_order":0,"comment_status":"closed","ping_status":"closed","template":"","meta":{"footnotes":""},"class_list":["post-246","page","type-page","status-publish","hentry"],"_links":{"self":[{"href":"https:\/\/agrarias.ufpr.br\/sacas\/wp-json\/wp\/v2\/pages\/246","targetHints":{"allow":["GET"]}}],"collection":[{"href":"https:\/\/agrarias.ufpr.br\/sacas\/wp-json\/wp\/v2\/pages"}],"about":[{"href":"https:\/\/agrarias.ufpr.br\/sacas\/wp-json\/wp\/v2\/types\/page"}],"author":[{"embeddable":true,"href":"https:\/\/agrarias.ufpr.br\/sacas\/wp-json\/wp\/v2\/users\/3"}],"replies":[{"embeddable":true,"href":"https:\/\/agrarias.ufpr.br\/sacas\/wp-json\/wp\/v2\/comments?post=246"}],"version-history":[{"count":1,"href":"https:\/\/agrarias.ufpr.br\/sacas\/wp-json\/wp\/v2\/pages\/246\/revisions"}],"predecessor-version":[{"id":256,"href":"https:\/\/agrarias.ufpr.br\/sacas\/wp-json\/wp\/v2\/pages\/246\/revisions\/256"}],"wp:attachment":[{"href":"https:\/\/agrarias.ufpr.br\/sacas\/wp-json\/wp\/v2\/media?parent=246"}],"curies":[{"name":"wp","href":"https:\/\/api.w.org\/{rel}","templated":true}]}}