{"id":226,"date":"2019-01-16T17:49:06","date_gmt":"2019-01-16T17:49:06","guid":{"rendered":"https:\/\/agrarias.ufpr.br\/sacas\/?page_id=226"},"modified":"2026-03-31T13:01:28","modified_gmt":"2026-03-31T13:01:28","slug":"linfocitos-e-monocitos","status":"publish","type":"page","link":"https:\/\/agrarias.ufpr.br\/sacas\/linfocitos-e-monocitos\/","title":{"rendered":"LINF\u00d3CITOS E MON\u00d3CITOS"},"content":{"rendered":"<p><a href=\"https:\/\/agrarias.ufpr.br\/sacas\/wp-content\/uploads\/sites\/42\/2019\/01\/47-linfocito-pinguim.png\"><img loading=\"lazy\" decoding=\"async\" class=\"alignnone wp-image-228\" src=\"https:\/\/agrarias.ufpr.br\/sacas\/wp-content\/uploads\/sites\/42\/2019\/01\/47-linfocito-pinguim.png\" alt=\"\" width=\"516\" height=\"290\" srcset=\"https:\/\/agrarias.ufpr.br\/sacas\/wp-content\/uploads\/sites\/42\/2019\/01\/47-linfocito-pinguim.png 1366w, https:\/\/agrarias.ufpr.br\/sacas\/wp-content\/uploads\/sites\/42\/2019\/01\/47-linfocito-pinguim-300x169.png 300w, https:\/\/agrarias.ufpr.br\/sacas\/wp-content\/uploads\/sites\/42\/2019\/01\/47-linfocito-pinguim-768x432.png 768w, https:\/\/agrarias.ufpr.br\/sacas\/wp-content\/uploads\/sites\/42\/2019\/01\/47-linfocito-pinguim-1024x576.png 1024w, https:\/\/agrarias.ufpr.br\/sacas\/wp-content\/uploads\/sites\/42\/2019\/01\/47-linfocito-pinguim-250x141.png 250w, https:\/\/agrarias.ufpr.br\/sacas\/wp-content\/uploads\/sites\/42\/2019\/01\/47-linfocito-pinguim-160x90.png 160w\" sizes=\"auto, (max-width: 516px) 100vw, 516px\" \/><\/a><\/p>\n<p>47) Sangue perif\u00e9rico de pinguim (<em>Spheniscus magellanicus<\/em>). Eritr\u00f3citos maduros e um linf\u00f3cito no centro. Colora\u00e7\u00e3o de Wright (100x).<\/p>\n<p>&nbsp;<\/p>\n<p>&nbsp;<\/p>\n<p><a href=\"https:\/\/agrarias.ufpr.br\/sacas\/wp-content\/uploads\/sites\/42\/2019\/01\/48-linfocito-cardeal-amarelo.png\"><img loading=\"lazy\" decoding=\"async\" class=\"alignnone wp-image-230\" src=\"https:\/\/agrarias.ufpr.br\/sacas\/wp-content\/uploads\/sites\/42\/2019\/01\/48-linfocito-cardeal-amarelo.png\" alt=\"\" width=\"516\" height=\"290\" srcset=\"https:\/\/agrarias.ufpr.br\/sacas\/wp-content\/uploads\/sites\/42\/2019\/01\/48-linfocito-cardeal-amarelo.png 1366w, https:\/\/agrarias.ufpr.br\/sacas\/wp-content\/uploads\/sites\/42\/2019\/01\/48-linfocito-cardeal-amarelo-300x169.png 300w, https:\/\/agrarias.ufpr.br\/sacas\/wp-content\/uploads\/sites\/42\/2019\/01\/48-linfocito-cardeal-amarelo-768x432.png 768w, https:\/\/agrarias.ufpr.br\/sacas\/wp-content\/uploads\/sites\/42\/2019\/01\/48-linfocito-cardeal-amarelo-1024x576.png 1024w, https:\/\/agrarias.ufpr.br\/sacas\/wp-content\/uploads\/sites\/42\/2019\/01\/48-linfocito-cardeal-amarelo-250x141.png 250w, https:\/\/agrarias.ufpr.br\/sacas\/wp-content\/uploads\/sites\/42\/2019\/01\/48-linfocito-cardeal-amarelo-160x90.png 160w\" sizes=\"auto, (max-width: 516px) 100vw, 516px\" \/><\/a><\/p>\n<p>48) Sangue perif\u00e9rico de cardeal amarelo (<em>Gubernatrix cristata<\/em>). Eritr\u00f3citos maduros e um linf\u00f3cito. Colora\u00e7\u00e3o de Wright (100x).<\/p>\n<p>&nbsp;<\/p>\n<p>&nbsp;<\/p>\n<p><a href=\"https:\/\/agrarias.ufpr.br\/sacas\/wp-content\/uploads\/sites\/42\/2019\/01\/49-linfocito-trombocitos-pinguim.png\"><img loading=\"lazy\" decoding=\"async\" class=\"alignnone wp-image-231\" src=\"https:\/\/agrarias.ufpr.br\/sacas\/wp-content\/uploads\/sites\/42\/2019\/01\/49-linfocito-trombocitos-pinguim.png\" alt=\"\" width=\"516\" height=\"290\" srcset=\"https:\/\/agrarias.ufpr.br\/sacas\/wp-content\/uploads\/sites\/42\/2019\/01\/49-linfocito-trombocitos-pinguim.png 1366w, https:\/\/agrarias.ufpr.br\/sacas\/wp-content\/uploads\/sites\/42\/2019\/01\/49-linfocito-trombocitos-pinguim-300x169.png 300w, https:\/\/agrarias.ufpr.br\/sacas\/wp-content\/uploads\/sites\/42\/2019\/01\/49-linfocito-trombocitos-pinguim-768x432.png 768w, https:\/\/agrarias.ufpr.br\/sacas\/wp-content\/uploads\/sites\/42\/2019\/01\/49-linfocito-trombocitos-pinguim-1024x576.png 1024w, https:\/\/agrarias.ufpr.br\/sacas\/wp-content\/uploads\/sites\/42\/2019\/01\/49-linfocito-trombocitos-pinguim-250x141.png 250w, https:\/\/agrarias.ufpr.br\/sacas\/wp-content\/uploads\/sites\/42\/2019\/01\/49-linfocito-trombocitos-pinguim-160x90.png 160w\" sizes=\"auto, (max-width: 516px) 100vw, 516px\" \/><\/a><\/p>\n<p>49) Sangue perif\u00e9rico de pinguim (<em>Spheniscus magellanicus<\/em>). Eritr\u00f3citos maduros; um linf\u00f3cito e cinco tromb\u00f3citos. Colora\u00e7\u00e3o de Wright (100x).<\/p>\n<p>&nbsp;<\/p>\n<p><a href=\"https:\/\/agrarias.ufpr.br\/sacas\/wp-content\/uploads\/sites\/42\/2019\/01\/50-linfocito-granulos-tromb-er-pol-pinguim.png\"><img loading=\"lazy\" decoding=\"async\" class=\"alignnone wp-image-232\" src=\"https:\/\/agrarias.ufpr.br\/sacas\/wp-content\/uploads\/sites\/42\/2019\/01\/50-linfocito-granulos-tromb-er-pol-pinguim.png\" alt=\"\" width=\"516\" height=\"290\" srcset=\"https:\/\/agrarias.ufpr.br\/sacas\/wp-content\/uploads\/sites\/42\/2019\/01\/50-linfocito-granulos-tromb-er-pol-pinguim.png 1366w, https:\/\/agrarias.ufpr.br\/sacas\/wp-content\/uploads\/sites\/42\/2019\/01\/50-linfocito-granulos-tromb-er-pol-pinguim-300x169.png 300w, https:\/\/agrarias.ufpr.br\/sacas\/wp-content\/uploads\/sites\/42\/2019\/01\/50-linfocito-granulos-tromb-er-pol-pinguim-768x432.png 768w, https:\/\/agrarias.ufpr.br\/sacas\/wp-content\/uploads\/sites\/42\/2019\/01\/50-linfocito-granulos-tromb-er-pol-pinguim-1024x576.png 1024w, https:\/\/agrarias.ufpr.br\/sacas\/wp-content\/uploads\/sites\/42\/2019\/01\/50-linfocito-granulos-tromb-er-pol-pinguim-250x141.png 250w, https:\/\/agrarias.ufpr.br\/sacas\/wp-content\/uploads\/sites\/42\/2019\/01\/50-linfocito-granulos-tromb-er-pol-pinguim-160x90.png 160w\" sizes=\"auto, (max-width: 516px) 100vw, 516px\" \/><\/a><\/p>\n<p>50) Sangue perif\u00e9rico de pinguim (<em>Spheniscus magellanicus<\/em>). tromb\u00f3citos e um eritr\u00f3cito policromat\u00f3filo. Colora\u00e7\u00e3o de Wright (100x).Eritr\u00f3citos maduros; um linf\u00f3cito com gr\u00e2nulos no citoplasma, dois<\/p>\n<p>&nbsp;<\/p>\n<p>&nbsp;<\/p>\n<p><a href=\"https:\/\/agrarias.ufpr.br\/sacas\/wp-content\/uploads\/sites\/42\/2019\/01\/51-dois-linfocitos-er-pol-papagaio-cara-roxa-ok.png\"><img loading=\"lazy\" decoding=\"async\" class=\"alignnone  wp-image-233\" src=\"https:\/\/agrarias.ufpr.br\/sacas\/wp-content\/uploads\/sites\/42\/2019\/01\/51-dois-linfocitos-er-pol-papagaio-cara-roxa-ok.png\" alt=\"\" width=\"516\" height=\"290\" srcset=\"https:\/\/agrarias.ufpr.br\/sacas\/wp-content\/uploads\/sites\/42\/2019\/01\/51-dois-linfocitos-er-pol-papagaio-cara-roxa-ok.png 1366w, https:\/\/agrarias.ufpr.br\/sacas\/wp-content\/uploads\/sites\/42\/2019\/01\/51-dois-linfocitos-er-pol-papagaio-cara-roxa-ok-300x169.png 300w, https:\/\/agrarias.ufpr.br\/sacas\/wp-content\/uploads\/sites\/42\/2019\/01\/51-dois-linfocitos-er-pol-papagaio-cara-roxa-ok-768x432.png 768w, https:\/\/agrarias.ufpr.br\/sacas\/wp-content\/uploads\/sites\/42\/2019\/01\/51-dois-linfocitos-er-pol-papagaio-cara-roxa-ok-1024x576.png 1024w, https:\/\/agrarias.ufpr.br\/sacas\/wp-content\/uploads\/sites\/42\/2019\/01\/51-dois-linfocitos-er-pol-papagaio-cara-roxa-ok-250x141.png 250w, https:\/\/agrarias.ufpr.br\/sacas\/wp-content\/uploads\/sites\/42\/2019\/01\/51-dois-linfocitos-er-pol-papagaio-cara-roxa-ok-160x90.png 160w\" sizes=\"auto, (max-width: 516px) 100vw, 516px\" \/><\/a><\/p>\n<p>51) Sangue perif\u00e9rico de papagaio de cara roxa (<em>Amazona brasiliensis<\/em>) de vida livre. Eritr\u00f3citos normais, dois linf\u00f3citos e um eritr\u00f3cito policromat\u00f3filo. Colora\u00e7\u00e3o de Wright (100x).<\/p>\n<p>&nbsp;<\/p>\n<p>&nbsp;<\/p>\n<p><a href=\"https:\/\/agrarias.ufpr.br\/sacas\/wp-content\/uploads\/sites\/42\/2019\/01\/52-linfocito-trombocitos-jacutinga.png\"><img loading=\"lazy\" decoding=\"async\" class=\"alignnone  wp-image-234\" src=\"https:\/\/agrarias.ufpr.br\/sacas\/wp-content\/uploads\/sites\/42\/2019\/01\/52-linfocito-trombocitos-jacutinga.png\" alt=\"\" width=\"516\" height=\"290\" srcset=\"https:\/\/agrarias.ufpr.br\/sacas\/wp-content\/uploads\/sites\/42\/2019\/01\/52-linfocito-trombocitos-jacutinga.png 1366w, https:\/\/agrarias.ufpr.br\/sacas\/wp-content\/uploads\/sites\/42\/2019\/01\/52-linfocito-trombocitos-jacutinga-300x169.png 300w, https:\/\/agrarias.ufpr.br\/sacas\/wp-content\/uploads\/sites\/42\/2019\/01\/52-linfocito-trombocitos-jacutinga-768x432.png 768w, https:\/\/agrarias.ufpr.br\/sacas\/wp-content\/uploads\/sites\/42\/2019\/01\/52-linfocito-trombocitos-jacutinga-1024x576.png 1024w, https:\/\/agrarias.ufpr.br\/sacas\/wp-content\/uploads\/sites\/42\/2019\/01\/52-linfocito-trombocitos-jacutinga-250x141.png 250w, https:\/\/agrarias.ufpr.br\/sacas\/wp-content\/uploads\/sites\/42\/2019\/01\/52-linfocito-trombocitos-jacutinga-160x90.png 160w\" sizes=\"auto, (max-width: 516px) 100vw, 516px\" \/><\/a><\/p>\n<p>52) Sangue perif\u00e9rico de jacutinga (<em>Aburria jacutinga<\/em>). Eritr\u00f3citos maduros, um linf\u00f3cito e tromb\u00f3citos. Colora\u00e7\u00e3o de Wright (100x).<\/p>\n<p>&nbsp;<\/p>\n<p>&nbsp;<\/p>\n<p><a href=\"https:\/\/agrarias.ufpr.br\/sacas\/wp-content\/uploads\/sites\/42\/2019\/01\/53-linfocitos-eosino-trombocitos-jacutinga.png\"><img loading=\"lazy\" decoding=\"async\" class=\"alignnone wp-image-235\" src=\"https:\/\/agrarias.ufpr.br\/sacas\/wp-content\/uploads\/sites\/42\/2019\/01\/53-linfocitos-eosino-trombocitos-jacutinga.png\" alt=\"\" width=\"516\" height=\"290\" srcset=\"https:\/\/agrarias.ufpr.br\/sacas\/wp-content\/uploads\/sites\/42\/2019\/01\/53-linfocitos-eosino-trombocitos-jacutinga.png 1366w, https:\/\/agrarias.ufpr.br\/sacas\/wp-content\/uploads\/sites\/42\/2019\/01\/53-linfocitos-eosino-trombocitos-jacutinga-300x169.png 300w, https:\/\/agrarias.ufpr.br\/sacas\/wp-content\/uploads\/sites\/42\/2019\/01\/53-linfocitos-eosino-trombocitos-jacutinga-768x432.png 768w, https:\/\/agrarias.ufpr.br\/sacas\/wp-content\/uploads\/sites\/42\/2019\/01\/53-linfocitos-eosino-trombocitos-jacutinga-1024x576.png 1024w, https:\/\/agrarias.ufpr.br\/sacas\/wp-content\/uploads\/sites\/42\/2019\/01\/53-linfocitos-eosino-trombocitos-jacutinga-250x141.png 250w, https:\/\/agrarias.ufpr.br\/sacas\/wp-content\/uploads\/sites\/42\/2019\/01\/53-linfocitos-eosino-trombocitos-jacutinga-160x90.png 160w\" sizes=\"auto, (max-width: 516px) 100vw, 516px\" \/><\/a><\/p>\n<p>53) Sangue perif\u00e9rico de jacutinga (<em>Aburria jacutinga<\/em>). Eritr\u00f3citos maduros, dois linf\u00f3citos, um eosin\u00f3filo e dois tromb\u00f3citos. Colora\u00e7\u00e3o de Wright (100x).<\/p>\n<p>&nbsp;<\/p>\n<p>&nbsp;<\/p>\n<p><a href=\"https:\/\/agrarias.ufpr.br\/sacas\/wp-content\/uploads\/sites\/42\/2019\/01\/54-dois-linfocitos-mon\u00f3cito-jacutinga.png\"><img loading=\"lazy\" decoding=\"async\" class=\"alignnone wp-image-236\" src=\"https:\/\/agrarias.ufpr.br\/sacas\/wp-content\/uploads\/sites\/42\/2019\/01\/54-dois-linfocitos-mon\u00f3cito-jacutinga.png\" alt=\"\" width=\"516\" height=\"290\" srcset=\"https:\/\/agrarias.ufpr.br\/sacas\/wp-content\/uploads\/sites\/42\/2019\/01\/54-dois-linfocitos-mon\u00f3cito-jacutinga.png 1366w, https:\/\/agrarias.ufpr.br\/sacas\/wp-content\/uploads\/sites\/42\/2019\/01\/54-dois-linfocitos-mon\u00f3cito-jacutinga-300x169.png 300w, https:\/\/agrarias.ufpr.br\/sacas\/wp-content\/uploads\/sites\/42\/2019\/01\/54-dois-linfocitos-mon\u00f3cito-jacutinga-768x432.png 768w, https:\/\/agrarias.ufpr.br\/sacas\/wp-content\/uploads\/sites\/42\/2019\/01\/54-dois-linfocitos-mon\u00f3cito-jacutinga-1024x576.png 1024w, https:\/\/agrarias.ufpr.br\/sacas\/wp-content\/uploads\/sites\/42\/2019\/01\/54-dois-linfocitos-mon\u00f3cito-jacutinga-250x141.png 250w, https:\/\/agrarias.ufpr.br\/sacas\/wp-content\/uploads\/sites\/42\/2019\/01\/54-dois-linfocitos-mon\u00f3cito-jacutinga-160x90.png 160w\" sizes=\"auto, (max-width: 516px) 100vw, 516px\" \/><\/a><\/p>\n<p>54) Sangue perif\u00e9rico de jacutinga (<em>Aburria jacutinga<\/em>). Eritr\u00f3citos maduros, dois linf\u00f3citos e um mon\u00f3cito. Colora\u00e7\u00e3o de Wright (100x).<\/p>\n<p>&nbsp;<\/p>\n<p>&nbsp;<\/p>\n<p><a href=\"https:\/\/agrarias.ufpr.br\/sacas\/wp-content\/uploads\/sites\/42\/2019\/01\/55-dois-monocitos-er-pol-coruja-do-mato.png\"><img loading=\"lazy\" decoding=\"async\" class=\"alignnone wp-image-237\" src=\"https:\/\/agrarias.ufpr.br\/sacas\/wp-content\/uploads\/sites\/42\/2019\/01\/55-dois-monocitos-er-pol-coruja-do-mato.png\" alt=\"\" width=\"516\" height=\"290\" srcset=\"https:\/\/agrarias.ufpr.br\/sacas\/wp-content\/uploads\/sites\/42\/2019\/01\/55-dois-monocitos-er-pol-coruja-do-mato.png 1366w, https:\/\/agrarias.ufpr.br\/sacas\/wp-content\/uploads\/sites\/42\/2019\/01\/55-dois-monocitos-er-pol-coruja-do-mato-300x169.png 300w, https:\/\/agrarias.ufpr.br\/sacas\/wp-content\/uploads\/sites\/42\/2019\/01\/55-dois-monocitos-er-pol-coruja-do-mato-768x432.png 768w, https:\/\/agrarias.ufpr.br\/sacas\/wp-content\/uploads\/sites\/42\/2019\/01\/55-dois-monocitos-er-pol-coruja-do-mato-1024x576.png 1024w, https:\/\/agrarias.ufpr.br\/sacas\/wp-content\/uploads\/sites\/42\/2019\/01\/55-dois-monocitos-er-pol-coruja-do-mato-250x141.png 250w, https:\/\/agrarias.ufpr.br\/sacas\/wp-content\/uploads\/sites\/42\/2019\/01\/55-dois-monocitos-er-pol-coruja-do-mato-160x90.png 160w\" sizes=\"auto, (max-width: 516px) 100vw, 516px\" \/><\/a><\/p>\n<p>55) Sangue perif\u00e9rico de coruja do mato (<em>Strix virgata<\/em>). Eritr\u00f3citos maduros, dois mon\u00f3citos e um eritr\u00f3cito policromat\u00f3filo. Colora\u00e7\u00e3o de Wright (100x).<\/p>\n<p>&nbsp;<\/p>\n<p>&nbsp;<\/p>\n<p><a href=\"https:\/\/agrarias.ufpr.br\/sacas\/wp-content\/uploads\/sites\/42\/2019\/01\/56-monocito-avestruz.png\"><img loading=\"lazy\" decoding=\"async\" class=\"alignnone  wp-image-238\" src=\"https:\/\/agrarias.ufpr.br\/sacas\/wp-content\/uploads\/sites\/42\/2019\/01\/56-monocito-avestruz.png\" alt=\"\" width=\"516\" height=\"387\" srcset=\"https:\/\/agrarias.ufpr.br\/sacas\/wp-content\/uploads\/sites\/42\/2019\/01\/56-monocito-avestruz.png 1024w, https:\/\/agrarias.ufpr.br\/sacas\/wp-content\/uploads\/sites\/42\/2019\/01\/56-monocito-avestruz-300x225.png 300w, https:\/\/agrarias.ufpr.br\/sacas\/wp-content\/uploads\/sites\/42\/2019\/01\/56-monocito-avestruz-768x576.png 768w, https:\/\/agrarias.ufpr.br\/sacas\/wp-content\/uploads\/sites\/42\/2019\/01\/56-monocito-avestruz-250x188.png 250w, https:\/\/agrarias.ufpr.br\/sacas\/wp-content\/uploads\/sites\/42\/2019\/01\/56-monocito-avestruz-160x120.png 160w\" sizes=\"auto, (max-width: 516px) 100vw, 516px\" \/><\/a><\/p>\n<p>56) Sangue perif\u00e9rico de avestruz (<em>Struthio camelus<\/em>). Eritr\u00f3citos maduros e um mon\u00f3cito. Colora\u00e7\u00e3o de Wright (100x).<\/p>\n<p>&nbsp;<\/p>\n<p>&nbsp;<\/p>\n<p><a href=\"https:\/\/agrarias.ufpr.br\/sacas\/wp-content\/uploads\/sites\/42\/2019\/01\/57-monocito-jacutinga.png\"><img loading=\"lazy\" decoding=\"async\" class=\"alignnone wp-image-239\" src=\"https:\/\/agrarias.ufpr.br\/sacas\/wp-content\/uploads\/sites\/42\/2019\/01\/57-monocito-jacutinga.png\" alt=\"\" width=\"516\" height=\"290\" srcset=\"https:\/\/agrarias.ufpr.br\/sacas\/wp-content\/uploads\/sites\/42\/2019\/01\/57-monocito-jacutinga.png 1366w, https:\/\/agrarias.ufpr.br\/sacas\/wp-content\/uploads\/sites\/42\/2019\/01\/57-monocito-jacutinga-300x169.png 300w, https:\/\/agrarias.ufpr.br\/sacas\/wp-content\/uploads\/sites\/42\/2019\/01\/57-monocito-jacutinga-768x432.png 768w, https:\/\/agrarias.ufpr.br\/sacas\/wp-content\/uploads\/sites\/42\/2019\/01\/57-monocito-jacutinga-1024x576.png 1024w, https:\/\/agrarias.ufpr.br\/sacas\/wp-content\/uploads\/sites\/42\/2019\/01\/57-monocito-jacutinga-250x141.png 250w, https:\/\/agrarias.ufpr.br\/sacas\/wp-content\/uploads\/sites\/42\/2019\/01\/57-monocito-jacutinga-160x90.png 160w\" sizes=\"auto, (max-width: 516px) 100vw, 516px\" \/><\/a><\/p>\n<p>57) Sangue perif\u00e9rico de jacutinga (<em>Aburria jacutinga<\/em>). Eritr\u00f3citos maduros e um mon\u00f3cito. Colora\u00e7\u00e3o de Wright (100x).<\/p>\n<p>&nbsp;<\/p>\n<p><a href=\"https:\/\/agrarias.ufpr.br\/sacas\/wp-content\/uploads\/sites\/42\/2019\/01\/58-monocito-trombocito-pinguim.png\"><img loading=\"lazy\" decoding=\"async\" class=\"alignnone wp-image-240\" src=\"https:\/\/agrarias.ufpr.br\/sacas\/wp-content\/uploads\/sites\/42\/2019\/01\/58-monocito-trombocito-pinguim.png\" alt=\"\" width=\"516\" height=\"290\" srcset=\"https:\/\/agrarias.ufpr.br\/sacas\/wp-content\/uploads\/sites\/42\/2019\/01\/58-monocito-trombocito-pinguim.png 1366w, https:\/\/agrarias.ufpr.br\/sacas\/wp-content\/uploads\/sites\/42\/2019\/01\/58-monocito-trombocito-pinguim-300x169.png 300w, https:\/\/agrarias.ufpr.br\/sacas\/wp-content\/uploads\/sites\/42\/2019\/01\/58-monocito-trombocito-pinguim-768x432.png 768w, https:\/\/agrarias.ufpr.br\/sacas\/wp-content\/uploads\/sites\/42\/2019\/01\/58-monocito-trombocito-pinguim-1024x576.png 1024w, https:\/\/agrarias.ufpr.br\/sacas\/wp-content\/uploads\/sites\/42\/2019\/01\/58-monocito-trombocito-pinguim-250x141.png 250w, https:\/\/agrarias.ufpr.br\/sacas\/wp-content\/uploads\/sites\/42\/2019\/01\/58-monocito-trombocito-pinguim-160x90.png 160w\" sizes=\"auto, (max-width: 516px) 100vw, 516px\" \/><\/a><\/p>\n<p>58) Sangue perif\u00e9rico de pinguim (<em>Spheniscus magellanicus<\/em>). Eritr\u00f3citos maduros, um mon\u00f3cito e um tromb\u00f3cito. Colora\u00e7\u00e3o de Wright (100x).<\/p>\n<p>&nbsp;<\/p>\n<p>&nbsp;<\/p>\n<p><a href=\"https:\/\/agrarias.ufpr.br\/sacas\/wp-content\/uploads\/sites\/42\/2019\/01\/59-monocito-heterofilo-nucleos-eritor-avestruz.png\"><img loading=\"lazy\" decoding=\"async\" class=\"alignnone wp-image-241\" src=\"https:\/\/agrarias.ufpr.br\/sacas\/wp-content\/uploads\/sites\/42\/2019\/01\/59-monocito-heterofilo-nucleos-eritor-avestruz.png\" alt=\"\" width=\"516\" height=\"396\" srcset=\"https:\/\/agrarias.ufpr.br\/sacas\/wp-content\/uploads\/sites\/42\/2019\/01\/59-monocito-heterofilo-nucleos-eritor-avestruz.png 1000w, https:\/\/agrarias.ufpr.br\/sacas\/wp-content\/uploads\/sites\/42\/2019\/01\/59-monocito-heterofilo-nucleos-eritor-avestruz-300x230.png 300w, https:\/\/agrarias.ufpr.br\/sacas\/wp-content\/uploads\/sites\/42\/2019\/01\/59-monocito-heterofilo-nucleos-eritor-avestruz-768x590.png 768w, https:\/\/agrarias.ufpr.br\/sacas\/wp-content\/uploads\/sites\/42\/2019\/01\/59-monocito-heterofilo-nucleos-eritor-avestruz-250x192.png 250w, https:\/\/agrarias.ufpr.br\/sacas\/wp-content\/uploads\/sites\/42\/2019\/01\/59-monocito-heterofilo-nucleos-eritor-avestruz-156x120.png 156w\" sizes=\"auto, (max-width: 516px) 100vw, 516px\" \/><\/a><\/p>\n<p>59) Sangue perif\u00e9rico de avestruz (<em>Struthio camelus<\/em>). Eritr\u00f3citos maduros, um mon\u00f3cito, um heter\u00f3filo e n\u00facleos de eritr\u00f3citos rompidos. Colora\u00e7\u00e3o de Wright (100x).<\/p>\n<p>&nbsp;<\/p>\n<p>&nbsp;<\/p>\n<p><a href=\"https:\/\/agrarias.ufpr.br\/sacas\/wp-content\/uploads\/sites\/42\/2019\/01\/60-monocito-er-policr-cardeal-amarelo.png\"><img loading=\"lazy\" decoding=\"async\" class=\"alignnone wp-image-242\" src=\"https:\/\/agrarias.ufpr.br\/sacas\/wp-content\/uploads\/sites\/42\/2019\/01\/60-monocito-er-policr-cardeal-amarelo.png\" alt=\"\" width=\"516\" height=\"290\" srcset=\"https:\/\/agrarias.ufpr.br\/sacas\/wp-content\/uploads\/sites\/42\/2019\/01\/60-monocito-er-policr-cardeal-amarelo.png 1366w, https:\/\/agrarias.ufpr.br\/sacas\/wp-content\/uploads\/sites\/42\/2019\/01\/60-monocito-er-policr-cardeal-amarelo-300x169.png 300w, https:\/\/agrarias.ufpr.br\/sacas\/wp-content\/uploads\/sites\/42\/2019\/01\/60-monocito-er-policr-cardeal-amarelo-768x432.png 768w, https:\/\/agrarias.ufpr.br\/sacas\/wp-content\/uploads\/sites\/42\/2019\/01\/60-monocito-er-policr-cardeal-amarelo-1024x576.png 1024w, https:\/\/agrarias.ufpr.br\/sacas\/wp-content\/uploads\/sites\/42\/2019\/01\/60-monocito-er-policr-cardeal-amarelo-250x141.png 250w, https:\/\/agrarias.ufpr.br\/sacas\/wp-content\/uploads\/sites\/42\/2019\/01\/60-monocito-er-policr-cardeal-amarelo-160x90.png 160w\" sizes=\"auto, (max-width: 516px) 100vw, 516px\" \/><\/a><\/p>\n<p>60) Sangue perif\u00e9rico de cardeal amarelo (<em>Gubernatrix cristata<\/em>). Eritr\u00f3citos maduros, um mon\u00f3cito e eritr\u00f3citos policromat\u00f3filos. Colora\u00e7\u00e3o de Wright (100x).<\/p>\n<p>&nbsp;<\/p>\n<p>&nbsp;<\/p>\n<p>&nbsp;<\/p>\n<p><a href=\"https:\/\/agrarias.ufpr.br\/sacas\/wp-content\/uploads\/sites\/42\/2019\/01\/61-monocito-er-pol-nucleos-eritro-cardeal-amarelo.png\"><img loading=\"lazy\" decoding=\"async\" class=\"alignnone wp-image-243\" src=\"https:\/\/agrarias.ufpr.br\/sacas\/wp-content\/uploads\/sites\/42\/2019\/01\/61-monocito-er-pol-nucleos-eritro-cardeal-amarelo.png\" alt=\"\" width=\"516\" height=\"290\" srcset=\"https:\/\/agrarias.ufpr.br\/sacas\/wp-content\/uploads\/sites\/42\/2019\/01\/61-monocito-er-pol-nucleos-eritro-cardeal-amarelo.png 1366w, https:\/\/agrarias.ufpr.br\/sacas\/wp-content\/uploads\/sites\/42\/2019\/01\/61-monocito-er-pol-nucleos-eritro-cardeal-amarelo-300x169.png 300w, https:\/\/agrarias.ufpr.br\/sacas\/wp-content\/uploads\/sites\/42\/2019\/01\/61-monocito-er-pol-nucleos-eritro-cardeal-amarelo-768x432.png 768w, https:\/\/agrarias.ufpr.br\/sacas\/wp-content\/uploads\/sites\/42\/2019\/01\/61-monocito-er-pol-nucleos-eritro-cardeal-amarelo-1024x576.png 1024w, https:\/\/agrarias.ufpr.br\/sacas\/wp-content\/uploads\/sites\/42\/2019\/01\/61-monocito-er-pol-nucleos-eritro-cardeal-amarelo-250x141.png 250w, https:\/\/agrarias.ufpr.br\/sacas\/wp-content\/uploads\/sites\/42\/2019\/01\/61-monocito-er-pol-nucleos-eritro-cardeal-amarelo-160x90.png 160w\" sizes=\"auto, (max-width: 516px) 100vw, 516px\" \/><\/a><\/p>\n<p>61) Sangue perif\u00e9rico de cardeal amarelo (<em>Gubernatrix cristata<\/em>). Eritr\u00f3citos maduros, um mon\u00f3cito, eritr\u00f3cito policromat\u00f3filo e n\u00facleos de eritr\u00f3citos rompidos. Colora\u00e7\u00e3o de Wright (100x).<\/p>\n<p>&nbsp;<\/p>\n<p>&nbsp;<\/p>\n<p>&nbsp;<\/p>\n<p>&nbsp;<\/p>\n<p>&nbsp;<\/p>\n<p>&nbsp;<\/p>\n<p>&nbsp;<\/p>\n","protected":false},"excerpt":{"rendered":"<p>47) Sangue perif\u00e9rico de pinguim (Spheniscus magellanicus). Eritr\u00f3citos maduros e um linf\u00f3cito no centro. Colora\u00e7\u00e3o de Wright (100x). &nbsp; &nbsp; 48) Sangue perif\u00e9rico de cardeal amarelo (Gubernatrix cristata). Eritr\u00f3citos maduros e um linf\u00f3cito. Colora\u00e7\u00e3o de Wright (100x). &nbsp; &nbsp; 49) Sangue perif\u00e9rico de pinguim (Spheniscus magellanicus). Eritr\u00f3citos maduros; um linf\u00f3cito e cinco tromb\u00f3citos. Colora\u00e7\u00e3o de [&hellip;]<\/p>\n","protected":false},"author":3,"featured_media":0,"parent":0,"menu_order":0,"comment_status":"closed","ping_status":"closed","template":"","meta":{"footnotes":""},"class_list":["post-226","page","type-page","status-publish","hentry"],"_links":{"self":[{"href":"https:\/\/agrarias.ufpr.br\/sacas\/wp-json\/wp\/v2\/pages\/226","targetHints":{"allow":["GET"]}}],"collection":[{"href":"https:\/\/agrarias.ufpr.br\/sacas\/wp-json\/wp\/v2\/pages"}],"about":[{"href":"https:\/\/agrarias.ufpr.br\/sacas\/wp-json\/wp\/v2\/types\/page"}],"author":[{"embeddable":true,"href":"https:\/\/agrarias.ufpr.br\/sacas\/wp-json\/wp\/v2\/users\/3"}],"replies":[{"embeddable":true,"href":"https:\/\/agrarias.ufpr.br\/sacas\/wp-json\/wp\/v2\/comments?post=226"}],"version-history":[{"count":2,"href":"https:\/\/agrarias.ufpr.br\/sacas\/wp-json\/wp\/v2\/pages\/226\/revisions"}],"predecessor-version":[{"id":244,"href":"https:\/\/agrarias.ufpr.br\/sacas\/wp-json\/wp\/v2\/pages\/226\/revisions\/244"}],"wp:attachment":[{"href":"https:\/\/agrarias.ufpr.br\/sacas\/wp-json\/wp\/v2\/media?parent=226"}],"curies":[{"name":"wp","href":"https:\/\/api.w.org\/{rel}","templated":true}]}}