{"id":207,"date":"2019-01-10T11:01:05","date_gmt":"2019-01-10T11:01:05","guid":{"rendered":"https:\/\/agrarias.ufpr.br\/sacas\/?page_id=207"},"modified":"2019-01-10T11:11:02","modified_gmt":"2019-01-10T11:11:02","slug":"basofilos-e-eosinofilos","status":"publish","type":"page","link":"https:\/\/agrarias.ufpr.br\/sacas\/basofilos-e-eosinofilos\/","title":{"rendered":"BAS\u00d3FILOS e EOSIN\u00d3FILOS"},"content":{"rendered":"<p><strong><a href=\"https:\/\/agrarias.ufpr.br\/sacas\/wp-content\/uploads\/sites\/42\/2019\/01\/36-basofilo-avestruz.png\"><img loading=\"lazy\" decoding=\"async\" class=\"alignnone wp-image-208\" src=\"https:\/\/agrarias.ufpr.br\/sacas\/wp-content\/uploads\/sites\/42\/2019\/01\/36-basofilo-avestruz.png\" alt=\"\" width=\"514\" height=\"386\" srcset=\"https:\/\/agrarias.ufpr.br\/sacas\/wp-content\/uploads\/sites\/42\/2019\/01\/36-basofilo-avestruz.png 1022w, https:\/\/agrarias.ufpr.br\/sacas\/wp-content\/uploads\/sites\/42\/2019\/01\/36-basofilo-avestruz-300x225.png 300w, https:\/\/agrarias.ufpr.br\/sacas\/wp-content\/uploads\/sites\/42\/2019\/01\/36-basofilo-avestruz-768x577.png 768w, https:\/\/agrarias.ufpr.br\/sacas\/wp-content\/uploads\/sites\/42\/2019\/01\/36-basofilo-avestruz-250x188.png 250w, https:\/\/agrarias.ufpr.br\/sacas\/wp-content\/uploads\/sites\/42\/2019\/01\/36-basofilo-avestruz-160x120.png 160w\" sizes=\"auto, (max-width: 514px) 100vw, 514px\" \/><\/a><\/strong><\/p>\n<p><strong>36) Sangue perif\u00e9rico de avestruz (<em>Struthio camelus<\/em>). Eritr\u00f3citos normais e um bas\u00f3filo. Colora\u00e7\u00e3o de Wright (100x).<\/strong><\/p>\n<p>&nbsp;<\/p>\n<p>&nbsp;<\/p>\n<p><strong><a href=\"https:\/\/agrarias.ufpr.br\/sacas\/wp-content\/uploads\/sites\/42\/2019\/01\/37-basofilo-linfocito-grande-jacutinga.png\"><img loading=\"lazy\" decoding=\"async\" class=\"alignnone wp-image-209\" src=\"https:\/\/agrarias.ufpr.br\/sacas\/wp-content\/uploads\/sites\/42\/2019\/01\/37-basofilo-linfocito-grande-jacutinga.png\" alt=\"\" width=\"514\" height=\"289\" srcset=\"https:\/\/agrarias.ufpr.br\/sacas\/wp-content\/uploads\/sites\/42\/2019\/01\/37-basofilo-linfocito-grande-jacutinga.png 1366w, https:\/\/agrarias.ufpr.br\/sacas\/wp-content\/uploads\/sites\/42\/2019\/01\/37-basofilo-linfocito-grande-jacutinga-300x169.png 300w, https:\/\/agrarias.ufpr.br\/sacas\/wp-content\/uploads\/sites\/42\/2019\/01\/37-basofilo-linfocito-grande-jacutinga-768x432.png 768w, https:\/\/agrarias.ufpr.br\/sacas\/wp-content\/uploads\/sites\/42\/2019\/01\/37-basofilo-linfocito-grande-jacutinga-1024x576.png 1024w, https:\/\/agrarias.ufpr.br\/sacas\/wp-content\/uploads\/sites\/42\/2019\/01\/37-basofilo-linfocito-grande-jacutinga-250x141.png 250w, https:\/\/agrarias.ufpr.br\/sacas\/wp-content\/uploads\/sites\/42\/2019\/01\/37-basofilo-linfocito-grande-jacutinga-160x90.png 160w\" sizes=\"auto, (max-width: 514px) 100vw, 514px\" \/><\/a><\/strong><\/p>\n<p><strong>37) Sangue perif\u00e9rico de jacutinga (<em>Aburria jacutinga<\/em>). Eritr\u00f3citos normais, um bas\u00f3filo, um linf\u00f3cito, um heterofilo e tromb\u00f3citos. Colora\u00e7\u00e3o de Wright (100x).<\/strong><\/p>\n<p>&nbsp;<\/p>\n<p>&nbsp;<\/p>\n<p><strong><a href=\"https:\/\/agrarias.ufpr.br\/sacas\/wp-content\/uploads\/sites\/42\/2019\/01\/38-basofilo-linfocitos-pinguim.png\"><img loading=\"lazy\" decoding=\"async\" class=\"alignnone wp-image-210\" src=\"https:\/\/agrarias.ufpr.br\/sacas\/wp-content\/uploads\/sites\/42\/2019\/01\/38-basofilo-linfocitos-pinguim.png\" alt=\"\" width=\"514\" height=\"289\" srcset=\"https:\/\/agrarias.ufpr.br\/sacas\/wp-content\/uploads\/sites\/42\/2019\/01\/38-basofilo-linfocitos-pinguim.png 1366w, https:\/\/agrarias.ufpr.br\/sacas\/wp-content\/uploads\/sites\/42\/2019\/01\/38-basofilo-linfocitos-pinguim-300x169.png 300w, https:\/\/agrarias.ufpr.br\/sacas\/wp-content\/uploads\/sites\/42\/2019\/01\/38-basofilo-linfocitos-pinguim-768x432.png 768w, https:\/\/agrarias.ufpr.br\/sacas\/wp-content\/uploads\/sites\/42\/2019\/01\/38-basofilo-linfocitos-pinguim-1024x576.png 1024w, https:\/\/agrarias.ufpr.br\/sacas\/wp-content\/uploads\/sites\/42\/2019\/01\/38-basofilo-linfocitos-pinguim-250x141.png 250w, https:\/\/agrarias.ufpr.br\/sacas\/wp-content\/uploads\/sites\/42\/2019\/01\/38-basofilo-linfocitos-pinguim-160x90.png 160w\" sizes=\"auto, (max-width: 514px) 100vw, 514px\" \/><\/a><\/strong><\/p>\n<p><strong>38) Sangue perif\u00e9rico de pinguim (<em>Spheniscus magellanicus<\/em>). Eritr\u00f3citos normais, um bas\u00f3filo e dois linf\u00f3citos. Colora\u00e7\u00e3o de Wright (100x).<\/strong><\/p>\n<p>&nbsp;<\/p>\n<p>&nbsp;<\/p>\n<p><strong><a href=\"https:\/\/agrarias.ufpr.br\/sacas\/wp-content\/uploads\/sites\/42\/2019\/01\/39-basofilo-mono-papagaio-cara-roxa.png\"><img loading=\"lazy\" decoding=\"async\" class=\"alignnone wp-image-211\" src=\"https:\/\/agrarias.ufpr.br\/sacas\/wp-content\/uploads\/sites\/42\/2019\/01\/39-basofilo-mono-papagaio-cara-roxa.png\" alt=\"\" width=\"514\" height=\"289\" srcset=\"https:\/\/agrarias.ufpr.br\/sacas\/wp-content\/uploads\/sites\/42\/2019\/01\/39-basofilo-mono-papagaio-cara-roxa.png 1366w, https:\/\/agrarias.ufpr.br\/sacas\/wp-content\/uploads\/sites\/42\/2019\/01\/39-basofilo-mono-papagaio-cara-roxa-300x169.png 300w, https:\/\/agrarias.ufpr.br\/sacas\/wp-content\/uploads\/sites\/42\/2019\/01\/39-basofilo-mono-papagaio-cara-roxa-768x432.png 768w, https:\/\/agrarias.ufpr.br\/sacas\/wp-content\/uploads\/sites\/42\/2019\/01\/39-basofilo-mono-papagaio-cara-roxa-1024x576.png 1024w, https:\/\/agrarias.ufpr.br\/sacas\/wp-content\/uploads\/sites\/42\/2019\/01\/39-basofilo-mono-papagaio-cara-roxa-250x141.png 250w, https:\/\/agrarias.ufpr.br\/sacas\/wp-content\/uploads\/sites\/42\/2019\/01\/39-basofilo-mono-papagaio-cara-roxa-160x90.png 160w\" sizes=\"auto, (max-width: 514px) 100vw, 514px\" \/><\/a><\/strong><\/p>\n<p><strong>39) Sangue perif\u00e9rico de papagaio de cara roxa (<em>Amazona brasiliensis<\/em>) de vida livre. Eritr\u00f3citos normais, um bas\u00f3filo (observar n\u00facleo esf\u00e9rico), um mon\u00f3cito e tromb\u00f3citos. Colora\u00e7\u00e3o de Wright (100x).<\/strong><\/p>\n<p>&nbsp;<\/p>\n<p>&nbsp;<\/p>\n<p><strong><a href=\"https:\/\/agrarias.ufpr.br\/sacas\/wp-content\/uploads\/sites\/42\/2019\/01\/40-basofilo-eosino-het-avestruz.png\"><img loading=\"lazy\" decoding=\"async\" class=\"alignnone wp-image-213\" src=\"https:\/\/agrarias.ufpr.br\/sacas\/wp-content\/uploads\/sites\/42\/2019\/01\/40-basofilo-eosino-het-avestruz.png\" alt=\"\" width=\"514\" height=\"289\" srcset=\"https:\/\/agrarias.ufpr.br\/sacas\/wp-content\/uploads\/sites\/42\/2019\/01\/40-basofilo-eosino-het-avestruz.png 1366w, https:\/\/agrarias.ufpr.br\/sacas\/wp-content\/uploads\/sites\/42\/2019\/01\/40-basofilo-eosino-het-avestruz-300x169.png 300w, https:\/\/agrarias.ufpr.br\/sacas\/wp-content\/uploads\/sites\/42\/2019\/01\/40-basofilo-eosino-het-avestruz-768x432.png 768w, https:\/\/agrarias.ufpr.br\/sacas\/wp-content\/uploads\/sites\/42\/2019\/01\/40-basofilo-eosino-het-avestruz-1024x576.png 1024w, https:\/\/agrarias.ufpr.br\/sacas\/wp-content\/uploads\/sites\/42\/2019\/01\/40-basofilo-eosino-het-avestruz-250x141.png 250w, https:\/\/agrarias.ufpr.br\/sacas\/wp-content\/uploads\/sites\/42\/2019\/01\/40-basofilo-eosino-het-avestruz-160x90.png 160w\" sizes=\"auto, (max-width: 514px) 100vw, 514px\" \/><\/a><\/strong><\/p>\n<p><strong>40) Sangue perif\u00e9rico de avestruz (<em>Struthio camelus<\/em>). Eritr\u00f3citos normais, um bas\u00f3filo, um eosin\u00f3filo, um heterofilo, um metarubr\u00f3cito e eritr\u00f3citos rompidos. Colora\u00e7\u00e3o de Wright (100x).<\/strong><\/p>\n<p>&nbsp;<\/p>\n<p>&nbsp;<\/p>\n<p><strong><a href=\"https:\/\/agrarias.ufpr.br\/sacas\/wp-content\/uploads\/sites\/42\/2019\/01\/41-eosinofilo-coruja-mato.png\"><img loading=\"lazy\" decoding=\"async\" class=\"alignnone wp-image-215\" src=\"https:\/\/agrarias.ufpr.br\/sacas\/wp-content\/uploads\/sites\/42\/2019\/01\/41-eosinofilo-coruja-mato.png\" alt=\"\" width=\"514\" height=\"289\" srcset=\"https:\/\/agrarias.ufpr.br\/sacas\/wp-content\/uploads\/sites\/42\/2019\/01\/41-eosinofilo-coruja-mato.png 1366w, https:\/\/agrarias.ufpr.br\/sacas\/wp-content\/uploads\/sites\/42\/2019\/01\/41-eosinofilo-coruja-mato-300x169.png 300w, https:\/\/agrarias.ufpr.br\/sacas\/wp-content\/uploads\/sites\/42\/2019\/01\/41-eosinofilo-coruja-mato-768x432.png 768w, https:\/\/agrarias.ufpr.br\/sacas\/wp-content\/uploads\/sites\/42\/2019\/01\/41-eosinofilo-coruja-mato-1024x576.png 1024w, https:\/\/agrarias.ufpr.br\/sacas\/wp-content\/uploads\/sites\/42\/2019\/01\/41-eosinofilo-coruja-mato-250x141.png 250w, https:\/\/agrarias.ufpr.br\/sacas\/wp-content\/uploads\/sites\/42\/2019\/01\/41-eosinofilo-coruja-mato-160x90.png 160w\" sizes=\"auto, (max-width: 514px) 100vw, 514px\" \/><\/a><\/strong><\/p>\n<p><strong>41) Sangue perif\u00e9rico de coruja do mato (<em>Strix virgata<\/em>). Eritr\u00f3citos normais, um eosin\u00f3filo e eritr\u00f3citos policromat\u00f3filos (Er pol). Colora\u00e7\u00e3o de Wright (100x).<\/strong><\/p>\n<p>&nbsp;<\/p>\n<p>&nbsp;<\/p>\n<p><strong><a href=\"https:\/\/agrarias.ufpr.br\/sacas\/wp-content\/uploads\/sites\/42\/2019\/01\/42-eosinofilo-het-avestruz-1.png\"><img loading=\"lazy\" decoding=\"async\" class=\"alignnone wp-image-217\" src=\"https:\/\/agrarias.ufpr.br\/sacas\/wp-content\/uploads\/sites\/42\/2019\/01\/42-eosinofilo-het-avestruz-1.png\" alt=\"\" width=\"514\" height=\"386\" srcset=\"https:\/\/agrarias.ufpr.br\/sacas\/wp-content\/uploads\/sites\/42\/2019\/01\/42-eosinofilo-het-avestruz-1.png 1022w, https:\/\/agrarias.ufpr.br\/sacas\/wp-content\/uploads\/sites\/42\/2019\/01\/42-eosinofilo-het-avestruz-1-300x225.png 300w, https:\/\/agrarias.ufpr.br\/sacas\/wp-content\/uploads\/sites\/42\/2019\/01\/42-eosinofilo-het-avestruz-1-768x577.png 768w, https:\/\/agrarias.ufpr.br\/sacas\/wp-content\/uploads\/sites\/42\/2019\/01\/42-eosinofilo-het-avestruz-1-250x188.png 250w, https:\/\/agrarias.ufpr.br\/sacas\/wp-content\/uploads\/sites\/42\/2019\/01\/42-eosinofilo-het-avestruz-1-160x120.png 160w\" sizes=\"auto, (max-width: 514px) 100vw, 514px\" \/><\/a><\/strong><\/p>\n<p><strong>42) Sangue perif\u00e9rico de avestruz (<em>Struthio camelus<\/em>). Eritr\u00f3citos normais, um eosin\u00f3filo e um heter\u00f3filo. Colora\u00e7\u00e3o de Wright (100x).<\/strong><\/p>\n<p>&nbsp;<\/p>\n<p>&nbsp;<\/p>\n<p><strong><a href=\"https:\/\/agrarias.ufpr.br\/sacas\/wp-content\/uploads\/sites\/42\/2019\/01\/43-eosino-monocito-coruja-mato.png\"><img loading=\"lazy\" decoding=\"async\" class=\"alignnone wp-image-218\" src=\"https:\/\/agrarias.ufpr.br\/sacas\/wp-content\/uploads\/sites\/42\/2019\/01\/43-eosino-monocito-coruja-mato.png\" alt=\"\" width=\"514\" height=\"383\" srcset=\"https:\/\/agrarias.ufpr.br\/sacas\/wp-content\/uploads\/sites\/42\/2019\/01\/43-eosino-monocito-coruja-mato.png 1030w, https:\/\/agrarias.ufpr.br\/sacas\/wp-content\/uploads\/sites\/42\/2019\/01\/43-eosino-monocito-coruja-mato-300x224.png 300w, https:\/\/agrarias.ufpr.br\/sacas\/wp-content\/uploads\/sites\/42\/2019\/01\/43-eosino-monocito-coruja-mato-768x573.png 768w, https:\/\/agrarias.ufpr.br\/sacas\/wp-content\/uploads\/sites\/42\/2019\/01\/43-eosino-monocito-coruja-mato-1024x764.png 1024w, https:\/\/agrarias.ufpr.br\/sacas\/wp-content\/uploads\/sites\/42\/2019\/01\/43-eosino-monocito-coruja-mato-250x186.png 250w, https:\/\/agrarias.ufpr.br\/sacas\/wp-content\/uploads\/sites\/42\/2019\/01\/43-eosino-monocito-coruja-mato-160x120.png 160w\" sizes=\"auto, (max-width: 514px) 100vw, 514px\" \/><\/a><\/strong><\/p>\n<p><strong>43) Sangue perif\u00e9rico de coruja do mato (<em>Strix virgataI<\/em>). Eritr\u00f3citos normais, um eosin\u00f3filo, um heter\u00f3filo e um mon\u00f3cito. Colora\u00e7\u00e3o de Wright (100x).<\/strong><\/p>\n<p>&nbsp;<\/p>\n<p>&nbsp;<\/p>\n<p>&nbsp;<\/p>\n<p><strong><a href=\"https:\/\/agrarias.ufpr.br\/sacas\/wp-content\/uploads\/sites\/42\/2019\/01\/44-eosinofilo-heterof-trombocitos-pinguim.png\"><img loading=\"lazy\" decoding=\"async\" class=\"alignnone wp-image-219\" src=\"https:\/\/agrarias.ufpr.br\/sacas\/wp-content\/uploads\/sites\/42\/2019\/01\/44-eosinofilo-heterof-trombocitos-pinguim.png\" alt=\"\" width=\"514\" height=\"289\" srcset=\"https:\/\/agrarias.ufpr.br\/sacas\/wp-content\/uploads\/sites\/42\/2019\/01\/44-eosinofilo-heterof-trombocitos-pinguim.png 1366w, https:\/\/agrarias.ufpr.br\/sacas\/wp-content\/uploads\/sites\/42\/2019\/01\/44-eosinofilo-heterof-trombocitos-pinguim-300x169.png 300w, https:\/\/agrarias.ufpr.br\/sacas\/wp-content\/uploads\/sites\/42\/2019\/01\/44-eosinofilo-heterof-trombocitos-pinguim-768x432.png 768w, https:\/\/agrarias.ufpr.br\/sacas\/wp-content\/uploads\/sites\/42\/2019\/01\/44-eosinofilo-heterof-trombocitos-pinguim-1024x576.png 1024w, https:\/\/agrarias.ufpr.br\/sacas\/wp-content\/uploads\/sites\/42\/2019\/01\/44-eosinofilo-heterof-trombocitos-pinguim-250x141.png 250w, https:\/\/agrarias.ufpr.br\/sacas\/wp-content\/uploads\/sites\/42\/2019\/01\/44-eosinofilo-heterof-trombocitos-pinguim-160x90.png 160w\" sizes=\"auto, (max-width: 514px) 100vw, 514px\" \/><\/a><\/strong><\/p>\n<p><strong>44) Sangue perif\u00e9rico de pinguim (<em>Spheniscus magellanicus<\/em>). Eritr\u00f3citos normais, um eosin\u00f3filo, um heter\u00f3filo e v\u00e1rios tromb\u00f3citos. Colora\u00e7\u00e3o de Wright (100x).<\/strong><\/p>\n<p>&nbsp;<\/p>\n<p>&nbsp;<\/p>\n<p>&nbsp;<\/p>\n<p><strong><a href=\"https:\/\/agrarias.ufpr.br\/sacas\/wp-content\/uploads\/sites\/42\/2019\/01\/45-eosinofilo-trombocito-pinguim.png\"><img loading=\"lazy\" decoding=\"async\" class=\"alignnone wp-image-220\" src=\"https:\/\/agrarias.ufpr.br\/sacas\/wp-content\/uploads\/sites\/42\/2019\/01\/45-eosinofilo-trombocito-pinguim.png\" alt=\"\" width=\"514\" height=\"289\" srcset=\"https:\/\/agrarias.ufpr.br\/sacas\/wp-content\/uploads\/sites\/42\/2019\/01\/45-eosinofilo-trombocito-pinguim.png 1366w, https:\/\/agrarias.ufpr.br\/sacas\/wp-content\/uploads\/sites\/42\/2019\/01\/45-eosinofilo-trombocito-pinguim-300x169.png 300w, https:\/\/agrarias.ufpr.br\/sacas\/wp-content\/uploads\/sites\/42\/2019\/01\/45-eosinofilo-trombocito-pinguim-768x432.png 768w, https:\/\/agrarias.ufpr.br\/sacas\/wp-content\/uploads\/sites\/42\/2019\/01\/45-eosinofilo-trombocito-pinguim-1024x576.png 1024w, https:\/\/agrarias.ufpr.br\/sacas\/wp-content\/uploads\/sites\/42\/2019\/01\/45-eosinofilo-trombocito-pinguim-250x141.png 250w, https:\/\/agrarias.ufpr.br\/sacas\/wp-content\/uploads\/sites\/42\/2019\/01\/45-eosinofilo-trombocito-pinguim-160x90.png 160w\" sizes=\"auto, (max-width: 514px) 100vw, 514px\" \/><\/a><\/strong><\/p>\n<p><strong>45) Sangue perif\u00e9rico de pinguim (<em>Spheniscus magellanicus<\/em>). Eritr\u00f3citos normais, um eosin\u00f3filo e um tromb\u00f3cito. Colora\u00e7\u00e3o de Wright (100x).<\/strong><\/p>\n<p>&nbsp;<\/p>\n<p>&nbsp;<\/p>\n<p>&nbsp;<\/p>\n<p><strong><a href=\"https:\/\/agrarias.ufpr.br\/sacas\/wp-content\/uploads\/sites\/42\/2019\/01\/46-eosinofilo-coruja-do-mato-cel-rompida.png\"><img loading=\"lazy\" decoding=\"async\" class=\"alignnone wp-image-221\" src=\"https:\/\/agrarias.ufpr.br\/sacas\/wp-content\/uploads\/sites\/42\/2019\/01\/46-eosinofilo-coruja-do-mato-cel-rompida.png\" alt=\"\" width=\"514\" height=\"289\" srcset=\"https:\/\/agrarias.ufpr.br\/sacas\/wp-content\/uploads\/sites\/42\/2019\/01\/46-eosinofilo-coruja-do-mato-cel-rompida.png 1366w, https:\/\/agrarias.ufpr.br\/sacas\/wp-content\/uploads\/sites\/42\/2019\/01\/46-eosinofilo-coruja-do-mato-cel-rompida-300x169.png 300w, https:\/\/agrarias.ufpr.br\/sacas\/wp-content\/uploads\/sites\/42\/2019\/01\/46-eosinofilo-coruja-do-mato-cel-rompida-768x432.png 768w, https:\/\/agrarias.ufpr.br\/sacas\/wp-content\/uploads\/sites\/42\/2019\/01\/46-eosinofilo-coruja-do-mato-cel-rompida-1024x576.png 1024w, https:\/\/agrarias.ufpr.br\/sacas\/wp-content\/uploads\/sites\/42\/2019\/01\/46-eosinofilo-coruja-do-mato-cel-rompida-250x141.png 250w, https:\/\/agrarias.ufpr.br\/sacas\/wp-content\/uploads\/sites\/42\/2019\/01\/46-eosinofilo-coruja-do-mato-cel-rompida-160x90.png 160w\" sizes=\"auto, (max-width: 514px) 100vw, 514px\" \/><\/a><\/strong><\/p>\n<p><strong>46) Sangue perif\u00e9rico de coruja do mato (<em>Strix virgata<\/em>). Eritr\u00f3citos normais, um eosin\u00f3filo, eritr\u00f3cito policromat\u00f3filo e c\u00e9lula rompida. Colora\u00e7\u00e3o de Wright (100x).<\/strong><\/p>\n<p>&nbsp;<\/p>\n<p>&nbsp;<\/p>\n<p>&nbsp;<\/p>\n<p>&nbsp;<\/p>\n","protected":false},"excerpt":{"rendered":"<p>36) Sangue perif\u00e9rico de avestruz (Struthio camelus). Eritr\u00f3citos normais e um bas\u00f3filo. Colora\u00e7\u00e3o de Wright (100x). &nbsp; &nbsp; 37) Sangue perif\u00e9rico de jacutinga (Aburria jacutinga). Eritr\u00f3citos normais, um bas\u00f3filo, um linf\u00f3cito, um heterofilo e tromb\u00f3citos. Colora\u00e7\u00e3o de Wright (100x). &nbsp; &nbsp; 38) Sangue perif\u00e9rico de pinguim (Spheniscus magellanicus). Eritr\u00f3citos normais, um bas\u00f3filo e dois linf\u00f3citos. [&hellip;]<\/p>\n","protected":false},"author":3,"featured_media":0,"parent":0,"menu_order":0,"comment_status":"closed","ping_status":"closed","template":"","meta":{"footnotes":""},"class_list":["post-207","page","type-page","status-publish","hentry"],"_links":{"self":[{"href":"https:\/\/agrarias.ufpr.br\/sacas\/wp-json\/wp\/v2\/pages\/207","targetHints":{"allow":["GET"]}}],"collection":[{"href":"https:\/\/agrarias.ufpr.br\/sacas\/wp-json\/wp\/v2\/pages"}],"about":[{"href":"https:\/\/agrarias.ufpr.br\/sacas\/wp-json\/wp\/v2\/types\/page"}],"author":[{"embeddable":true,"href":"https:\/\/agrarias.ufpr.br\/sacas\/wp-json\/wp\/v2\/users\/3"}],"replies":[{"embeddable":true,"href":"https:\/\/agrarias.ufpr.br\/sacas\/wp-json\/wp\/v2\/comments?post=207"}],"version-history":[{"count":3,"href":"https:\/\/agrarias.ufpr.br\/sacas\/wp-json\/wp\/v2\/pages\/207\/revisions"}],"predecessor-version":[{"id":222,"href":"https:\/\/agrarias.ufpr.br\/sacas\/wp-json\/wp\/v2\/pages\/207\/revisions\/222"}],"wp:attachment":[{"href":"https:\/\/agrarias.ufpr.br\/sacas\/wp-json\/wp\/v2\/media?parent=207"}],"curies":[{"name":"wp","href":"https:\/\/api.w.org\/{rel}","templated":true}]}}