{"id":147,"date":"2019-01-07T18:26:59","date_gmt":"2019-01-07T18:26:59","guid":{"rendered":"https:\/\/agrarias.ufpr.br\/sacas\/?page_id=147"},"modified":"2019-01-16T18:13:19","modified_gmt":"2019-01-16T18:13:19","slug":"eritrocitos","status":"publish","type":"page","link":"https:\/\/agrarias.ufpr.br\/sacas\/eritrocitos\/","title":{"rendered":"Eritr\u00f3citos"},"content":{"rendered":"<p>&nbsp;<\/p>\n<h1><a href=\"https:\/\/agrarias.ufpr.br\/sacas\/wp-content\/uploads\/sites\/42\/2019\/01\/1-eritrocitos-policromatofilos-carcara.png\"><img loading=\"lazy\" decoding=\"async\" class=\"wp-image-148\" src=\"https:\/\/agrarias.ufpr.br\/sacas\/wp-content\/uploads\/sites\/42\/2019\/01\/1-eritrocitos-policromatofilos-carcara.png\" alt=\"\" width=\"474\" height=\"266\" srcset=\"https:\/\/agrarias.ufpr.br\/sacas\/wp-content\/uploads\/sites\/42\/2019\/01\/1-eritrocitos-policromatofilos-carcara.png 1366w, https:\/\/agrarias.ufpr.br\/sacas\/wp-content\/uploads\/sites\/42\/2019\/01\/1-eritrocitos-policromatofilos-carcara-300x169.png 300w, https:\/\/agrarias.ufpr.br\/sacas\/wp-content\/uploads\/sites\/42\/2019\/01\/1-eritrocitos-policromatofilos-carcara-768x432.png 768w, https:\/\/agrarias.ufpr.br\/sacas\/wp-content\/uploads\/sites\/42\/2019\/01\/1-eritrocitos-policromatofilos-carcara-1024x576.png 1024w, https:\/\/agrarias.ufpr.br\/sacas\/wp-content\/uploads\/sites\/42\/2019\/01\/1-eritrocitos-policromatofilos-carcara-250x141.png 250w, https:\/\/agrarias.ufpr.br\/sacas\/wp-content\/uploads\/sites\/42\/2019\/01\/1-eritrocitos-policromatofilos-carcara-160x90.png 160w\" sizes=\"auto, (max-width: 474px) 100vw, 474px\" \/><\/a><\/h1>\n<p style=\"text-align: left;\"><span style=\"font-family: helvetica, arial, sans-serif;\"><strong>01) Sangue perif\u00e9rico de carcar\u00e1 (<em>Caracara plancus<\/em>). Eritr\u00f3citos maduros, normais e dois eritr\u00f3citos policromat\u00f3filos (setas). Colora\u00e7\u00e3o de Wright (100x).<\/strong><\/span><\/p>\n<p>&nbsp;<\/p>\n<p>&nbsp;<\/p>\n<p><a href=\"https:\/\/agrarias.ufpr.br\/sacas\/wp-content\/uploads\/sites\/42\/2019\/01\/2-eritrocitos-e-policromatofilo-avestruz.png\"><img loading=\"lazy\" decoding=\"async\" class=\"alignnone wp-image-151\" src=\"https:\/\/agrarias.ufpr.br\/sacas\/wp-content\/uploads\/sites\/42\/2019\/01\/2-eritrocitos-e-policromatofilo-avestruz.png\" alt=\"\" width=\"472\" height=\"354\" srcset=\"https:\/\/agrarias.ufpr.br\/sacas\/wp-content\/uploads\/sites\/42\/2019\/01\/2-eritrocitos-e-policromatofilo-avestruz.png 1024w, https:\/\/agrarias.ufpr.br\/sacas\/wp-content\/uploads\/sites\/42\/2019\/01\/2-eritrocitos-e-policromatofilo-avestruz-300x225.png 300w, https:\/\/agrarias.ufpr.br\/sacas\/wp-content\/uploads\/sites\/42\/2019\/01\/2-eritrocitos-e-policromatofilo-avestruz-768x576.png 768w, https:\/\/agrarias.ufpr.br\/sacas\/wp-content\/uploads\/sites\/42\/2019\/01\/2-eritrocitos-e-policromatofilo-avestruz-250x188.png 250w, https:\/\/agrarias.ufpr.br\/sacas\/wp-content\/uploads\/sites\/42\/2019\/01\/2-eritrocitos-e-policromatofilo-avestruz-160x120.png 160w\" sizes=\"auto, (max-width: 472px) 100vw, 472px\" \/><\/a><\/p>\n<p><span style=\"font-family: helvetica, arial, sans-serif;\"><strong>02) Sangue perif\u00e9rico de avestruz (<em>Struthio camelus<\/em>). Eritr\u00f3citos maduros e um eritr\u00f3cito policromat\u00f3filo (seta). Colora\u00e7\u00e3o de Wright (100x).<\/strong><\/span><\/p>\n<p>&nbsp;<\/p>\n<p>&nbsp;<\/p>\n<p><a href=\"https:\/\/agrarias.ufpr.br\/sacas\/wp-content\/uploads\/sites\/42\/2019\/01\/3-metarubrocito-avestruz.png\"><img loading=\"lazy\" decoding=\"async\" class=\"alignnone wp-image-153\" src=\"https:\/\/agrarias.ufpr.br\/sacas\/wp-content\/uploads\/sites\/42\/2019\/01\/3-metarubrocito-avestruz.png\" alt=\"\" width=\"471\" height=\"353\" srcset=\"https:\/\/agrarias.ufpr.br\/sacas\/wp-content\/uploads\/sites\/42\/2019\/01\/3-metarubrocito-avestruz.png 1024w, https:\/\/agrarias.ufpr.br\/sacas\/wp-content\/uploads\/sites\/42\/2019\/01\/3-metarubrocito-avestruz-300x225.png 300w, https:\/\/agrarias.ufpr.br\/sacas\/wp-content\/uploads\/sites\/42\/2019\/01\/3-metarubrocito-avestruz-768x576.png 768w, https:\/\/agrarias.ufpr.br\/sacas\/wp-content\/uploads\/sites\/42\/2019\/01\/3-metarubrocito-avestruz-250x188.png 250w, https:\/\/agrarias.ufpr.br\/sacas\/wp-content\/uploads\/sites\/42\/2019\/01\/3-metarubrocito-avestruz-160x120.png 160w\" sizes=\"auto, (max-width: 471px) 100vw, 471px\" \/><\/a><\/p>\n<p><span style=\"font-family: helvetica, arial, sans-serif;\"><strong>03) Sangue perif\u00e9rico de avestruz (<em>Struthio camelus<\/em>). Eritr\u00f3citos maduros e um metarubr\u00f3cito (seta). Colora\u00e7\u00e3o de Wright (100x).<\/strong><\/span><\/p>\n<p>&nbsp;<\/p>\n<p>&nbsp;<\/p>\n<p><a href=\"https:\/\/agrarias.ufpr.br\/sacas\/wp-content\/uploads\/sites\/42\/2019\/01\/4-eritrocitos-het-trombocito-cardeal.png\"><img loading=\"lazy\" decoding=\"async\" class=\"alignnone wp-image-154\" src=\"https:\/\/agrarias.ufpr.br\/sacas\/wp-content\/uploads\/sites\/42\/2019\/01\/4-eritrocitos-het-trombocito-cardeal.png\" alt=\"\" width=\"468\" height=\"263\" srcset=\"https:\/\/agrarias.ufpr.br\/sacas\/wp-content\/uploads\/sites\/42\/2019\/01\/4-eritrocitos-het-trombocito-cardeal.png 1366w, https:\/\/agrarias.ufpr.br\/sacas\/wp-content\/uploads\/sites\/42\/2019\/01\/4-eritrocitos-het-trombocito-cardeal-300x169.png 300w, https:\/\/agrarias.ufpr.br\/sacas\/wp-content\/uploads\/sites\/42\/2019\/01\/4-eritrocitos-het-trombocito-cardeal-768x432.png 768w, https:\/\/agrarias.ufpr.br\/sacas\/wp-content\/uploads\/sites\/42\/2019\/01\/4-eritrocitos-het-trombocito-cardeal-1024x576.png 1024w, https:\/\/agrarias.ufpr.br\/sacas\/wp-content\/uploads\/sites\/42\/2019\/01\/4-eritrocitos-het-trombocito-cardeal-250x141.png 250w, https:\/\/agrarias.ufpr.br\/sacas\/wp-content\/uploads\/sites\/42\/2019\/01\/4-eritrocitos-het-trombocito-cardeal-160x90.png 160w\" sizes=\"auto, (max-width: 468px) 100vw, 468px\" \/><\/a><\/p>\n<p><span style=\"font-family: helvetica, arial, sans-serif;\"><strong>04) Sangue perif\u00e9rico de cardeal amarelo (<em>Gubernatrix cristata<\/em>). Eritr\u00f3citos maduros, um heter\u00f3filo (seta) e tromb\u00f3cito (tromb). Colora\u00e7\u00e3o de Wright (100x).<\/strong><\/span><\/p>\n<p>&nbsp;<\/p>\n<p>&nbsp;<\/p>\n<p><a href=\"https:\/\/agrarias.ufpr.br\/sacas\/wp-content\/uploads\/sites\/42\/2019\/01\/5-policromatofilo-coruja.png\"><img loading=\"lazy\" decoding=\"async\" class=\"alignnone wp-image-155\" src=\"https:\/\/agrarias.ufpr.br\/sacas\/wp-content\/uploads\/sites\/42\/2019\/01\/5-policromatofilo-coruja.png\" alt=\"\" width=\"469\" height=\"264\" srcset=\"https:\/\/agrarias.ufpr.br\/sacas\/wp-content\/uploads\/sites\/42\/2019\/01\/5-policromatofilo-coruja.png 1366w, https:\/\/agrarias.ufpr.br\/sacas\/wp-content\/uploads\/sites\/42\/2019\/01\/5-policromatofilo-coruja-300x169.png 300w, https:\/\/agrarias.ufpr.br\/sacas\/wp-content\/uploads\/sites\/42\/2019\/01\/5-policromatofilo-coruja-768x432.png 768w, https:\/\/agrarias.ufpr.br\/sacas\/wp-content\/uploads\/sites\/42\/2019\/01\/5-policromatofilo-coruja-1024x576.png 1024w, https:\/\/agrarias.ufpr.br\/sacas\/wp-content\/uploads\/sites\/42\/2019\/01\/5-policromatofilo-coruja-250x141.png 250w, https:\/\/agrarias.ufpr.br\/sacas\/wp-content\/uploads\/sites\/42\/2019\/01\/5-policromatofilo-coruja-160x90.png 160w\" sizes=\"auto, (max-width: 469px) 100vw, 469px\" \/><\/a><\/p>\n<p><span style=\"font-family: helvetica, arial, sans-serif;\"><strong>05) Sangue perif\u00e9rico de coruja do mato (<em>Strix virgata<\/em>). Eritr\u00f3citos maduros, eritr\u00f3citos policromat\u00f3filos, com citoplasma azul (setas) e c\u00e9lula rompida. Colora\u00e7\u00e3o de Wright (100x).<\/strong><\/span><\/p>\n<p>&nbsp;<\/p>\n<p>&nbsp;<\/p>\n<p><a href=\"https:\/\/agrarias.ufpr.br\/sacas\/wp-content\/uploads\/sites\/42\/2019\/01\/6-eritro-policr-metarubrocito-cardeal-amarelo.png\"><img loading=\"lazy\" decoding=\"async\" class=\"alignnone wp-image-156\" src=\"https:\/\/agrarias.ufpr.br\/sacas\/wp-content\/uploads\/sites\/42\/2019\/01\/6-eritro-policr-metarubrocito-cardeal-amarelo.png\" alt=\"\" width=\"470\" height=\"264\" srcset=\"https:\/\/agrarias.ufpr.br\/sacas\/wp-content\/uploads\/sites\/42\/2019\/01\/6-eritro-policr-metarubrocito-cardeal-amarelo.png 1366w, https:\/\/agrarias.ufpr.br\/sacas\/wp-content\/uploads\/sites\/42\/2019\/01\/6-eritro-policr-metarubrocito-cardeal-amarelo-300x169.png 300w, https:\/\/agrarias.ufpr.br\/sacas\/wp-content\/uploads\/sites\/42\/2019\/01\/6-eritro-policr-metarubrocito-cardeal-amarelo-768x432.png 768w, https:\/\/agrarias.ufpr.br\/sacas\/wp-content\/uploads\/sites\/42\/2019\/01\/6-eritro-policr-metarubrocito-cardeal-amarelo-1024x576.png 1024w, https:\/\/agrarias.ufpr.br\/sacas\/wp-content\/uploads\/sites\/42\/2019\/01\/6-eritro-policr-metarubrocito-cardeal-amarelo-250x141.png 250w, https:\/\/agrarias.ufpr.br\/sacas\/wp-content\/uploads\/sites\/42\/2019\/01\/6-eritro-policr-metarubrocito-cardeal-amarelo-160x90.png 160w\" sizes=\"auto, (max-width: 470px) 100vw, 470px\" \/><\/a><\/p>\n<p><span style=\"font-family: helvetica, arial, sans-serif;\"><strong>06) Sangue perif\u00e9rico de cardeal amarelo (<em>Gubernatrix cristata<\/em>). Eritr\u00f3citos maduros, v\u00e1rios eritr\u00f3citos policromat\u00f3filos (forma el\u00edptica, com citoplasma azul) e um metarubr\u00f3cito (eritr\u00f3cito precursor, forma esf\u00e9rica e citoplasma azul). Colora\u00e7\u00e3o de Wright (100x).<\/strong><\/span><\/p>\n<p>&nbsp;<\/p>\n<p>&nbsp;<\/p>\n<p><a href=\"https:\/\/agrarias.ufpr.br\/sacas\/wp-content\/uploads\/sites\/42\/2019\/01\/7-eritr-policro-cel-em-mitose-cardeal-amarelo.png\"><img loading=\"lazy\" decoding=\"async\" class=\"alignnone wp-image-158\" src=\"https:\/\/agrarias.ufpr.br\/sacas\/wp-content\/uploads\/sites\/42\/2019\/01\/7-eritr-policro-cel-em-mitose-cardeal-amarelo.png\" alt=\"\" width=\"472\" height=\"265\" srcset=\"https:\/\/agrarias.ufpr.br\/sacas\/wp-content\/uploads\/sites\/42\/2019\/01\/7-eritr-policro-cel-em-mitose-cardeal-amarelo.png 1366w, https:\/\/agrarias.ufpr.br\/sacas\/wp-content\/uploads\/sites\/42\/2019\/01\/7-eritr-policro-cel-em-mitose-cardeal-amarelo-300x169.png 300w, https:\/\/agrarias.ufpr.br\/sacas\/wp-content\/uploads\/sites\/42\/2019\/01\/7-eritr-policro-cel-em-mitose-cardeal-amarelo-768x432.png 768w, https:\/\/agrarias.ufpr.br\/sacas\/wp-content\/uploads\/sites\/42\/2019\/01\/7-eritr-policro-cel-em-mitose-cardeal-amarelo-1024x576.png 1024w, https:\/\/agrarias.ufpr.br\/sacas\/wp-content\/uploads\/sites\/42\/2019\/01\/7-eritr-policro-cel-em-mitose-cardeal-amarelo-250x141.png 250w, https:\/\/agrarias.ufpr.br\/sacas\/wp-content\/uploads\/sites\/42\/2019\/01\/7-eritr-policro-cel-em-mitose-cardeal-amarelo-160x90.png 160w\" sizes=\"auto, (max-width: 472px) 100vw, 472px\" \/><\/a><\/p>\n<p><span style=\"font-family: helvetica, arial, sans-serif;\"><strong>07) Sangue perif\u00e9rico de cardeal amarelo (<em>Gubernatrix cristata<\/em>). Eritr\u00f3citos maduros, v\u00e1rios eritr\u00f3citos policromat\u00f3filos (Er Pol) e uma c\u00e9lula em mitose. Colora\u00e7\u00e3o de Wright (100x).<\/strong><\/span><\/p>\n<p>&nbsp;<\/p>\n<p>&nbsp;<\/p>\n<p><a href=\"https:\/\/agrarias.ufpr.br\/sacas\/wp-content\/uploads\/sites\/42\/2019\/01\/8-metarubrocito-coruja.png\"><img loading=\"lazy\" decoding=\"async\" class=\"alignnone wp-image-159\" src=\"https:\/\/agrarias.ufpr.br\/sacas\/wp-content\/uploads\/sites\/42\/2019\/01\/8-metarubrocito-coruja.png\" alt=\"\" width=\"471\" height=\"334\" srcset=\"https:\/\/agrarias.ufpr.br\/sacas\/wp-content\/uploads\/sites\/42\/2019\/01\/8-metarubrocito-coruja.png 1084w, https:\/\/agrarias.ufpr.br\/sacas\/wp-content\/uploads\/sites\/42\/2019\/01\/8-metarubrocito-coruja-300x213.png 300w, https:\/\/agrarias.ufpr.br\/sacas\/wp-content\/uploads\/sites\/42\/2019\/01\/8-metarubrocito-coruja-768x544.png 768w, https:\/\/agrarias.ufpr.br\/sacas\/wp-content\/uploads\/sites\/42\/2019\/01\/8-metarubrocito-coruja-1024x725.png 1024w, https:\/\/agrarias.ufpr.br\/sacas\/wp-content\/uploads\/sites\/42\/2019\/01\/8-metarubrocito-coruja-250x177.png 250w, https:\/\/agrarias.ufpr.br\/sacas\/wp-content\/uploads\/sites\/42\/2019\/01\/8-metarubrocito-coruja-160x113.png 160w\" sizes=\"auto, (max-width: 471px) 100vw, 471px\" \/><\/a><\/p>\n<p><span style=\"font-family: helvetica, arial, sans-serif;\"><strong>08) Sangue perif\u00e9rico de coruja do mato (<em>Strix virgata<\/em>). Eritr\u00f3citos maduros e um eritr\u00f3cito imaturo (metarubr\u00f3cito). Colora\u00e7\u00e3o de Wright (100x).<\/strong><\/span><\/p>\n<p>&nbsp;<\/p>\n<p>&nbsp;<\/p>\n<p><a href=\"https:\/\/agrarias.ufpr.br\/sacas\/wp-content\/uploads\/sites\/42\/2019\/01\/9-metarubrocito-papagaio-caso-HV.png\"><img loading=\"lazy\" decoding=\"async\" class=\"alignnone wp-image-160\" src=\"https:\/\/agrarias.ufpr.br\/sacas\/wp-content\/uploads\/sites\/42\/2019\/01\/9-metarubrocito-papagaio-caso-HV.png\" alt=\"\" width=\"472\" height=\"266\" srcset=\"https:\/\/agrarias.ufpr.br\/sacas\/wp-content\/uploads\/sites\/42\/2019\/01\/9-metarubrocito-papagaio-caso-HV.png 1366w, https:\/\/agrarias.ufpr.br\/sacas\/wp-content\/uploads\/sites\/42\/2019\/01\/9-metarubrocito-papagaio-caso-HV-300x169.png 300w, https:\/\/agrarias.ufpr.br\/sacas\/wp-content\/uploads\/sites\/42\/2019\/01\/9-metarubrocito-papagaio-caso-HV-768x432.png 768w, https:\/\/agrarias.ufpr.br\/sacas\/wp-content\/uploads\/sites\/42\/2019\/01\/9-metarubrocito-papagaio-caso-HV-1024x576.png 1024w, https:\/\/agrarias.ufpr.br\/sacas\/wp-content\/uploads\/sites\/42\/2019\/01\/9-metarubrocito-papagaio-caso-HV-250x141.png 250w, https:\/\/agrarias.ufpr.br\/sacas\/wp-content\/uploads\/sites\/42\/2019\/01\/9-metarubrocito-papagaio-caso-HV-160x90.png 160w\" sizes=\"auto, (max-width: 472px) 100vw, 472px\" \/><\/a><\/p>\n<p><span style=\"font-family: helvetica, arial, sans-serif;\"><strong>09) Sangue perif\u00e9rico de papagaio. Eritr\u00f3citos maduros e um eritr\u00f3cito imaturo (metarubr\u00f3cito). Colora\u00e7\u00e3o de Wright (100x).<\/strong><\/span><\/p>\n<p>&nbsp;<\/p>\n<p>&nbsp;<\/p>\n<p><a href=\"https:\/\/agrarias.ufpr.br\/sacas\/wp-content\/uploads\/sites\/42\/2019\/01\/10-eritrocitos-hipocromicos-trombocito-papagaio-cara-roxa.png\"><img loading=\"lazy\" decoding=\"async\" class=\"alignnone wp-image-162\" src=\"https:\/\/agrarias.ufpr.br\/sacas\/wp-content\/uploads\/sites\/42\/2019\/01\/10-eritrocitos-hipocromicos-trombocito-papagaio-cara-roxa.png\" alt=\"\" width=\"469\" height=\"348\" srcset=\"https:\/\/agrarias.ufpr.br\/sacas\/wp-content\/uploads\/sites\/42\/2019\/01\/10-eritrocitos-hipocromicos-trombocito-papagaio-cara-roxa.png 1034w, https:\/\/agrarias.ufpr.br\/sacas\/wp-content\/uploads\/sites\/42\/2019\/01\/10-eritrocitos-hipocromicos-trombocito-papagaio-cara-roxa-300x223.png 300w, https:\/\/agrarias.ufpr.br\/sacas\/wp-content\/uploads\/sites\/42\/2019\/01\/10-eritrocitos-hipocromicos-trombocito-papagaio-cara-roxa-768x570.png 768w, https:\/\/agrarias.ufpr.br\/sacas\/wp-content\/uploads\/sites\/42\/2019\/01\/10-eritrocitos-hipocromicos-trombocito-papagaio-cara-roxa-1024x761.png 1024w, https:\/\/agrarias.ufpr.br\/sacas\/wp-content\/uploads\/sites\/42\/2019\/01\/10-eritrocitos-hipocromicos-trombocito-papagaio-cara-roxa-250x186.png 250w, https:\/\/agrarias.ufpr.br\/sacas\/wp-content\/uploads\/sites\/42\/2019\/01\/10-eritrocitos-hipocromicos-trombocito-papagaio-cara-roxa-160x120.png 160w\" sizes=\"auto, (max-width: 469px) 100vw, 469px\" \/><\/a><\/p>\n<p><span style=\"font-family: helvetica, arial, sans-serif;\"><strong>10) Sangue perif\u00e9rico de papagaio de cara roxa de vida livre (<em>Amazona brasiliensis<\/em>). Eritr\u00f3citos normais, eritr\u00f3citos hipocromicos (citoplasma p\u00e1lido), um heter\u00f3filo, um linf\u00f3cito e tromb\u00f3cito. Colora\u00e7\u00e3o de Wright (100x).<\/strong><\/span><\/p>\n<p>&nbsp;<\/p>\n<p>&nbsp;<\/p>\n<p><a href=\"https:\/\/agrarias.ufpr.br\/sacas\/wp-content\/uploads\/sites\/42\/2019\/01\/11-reticulocitos-arara.png\"><img loading=\"lazy\" decoding=\"async\" class=\"alignnone wp-image-258\" src=\"https:\/\/agrarias.ufpr.br\/sacas\/wp-content\/uploads\/sites\/42\/2019\/01\/11-reticulocitos-arara.png\" alt=\"\" width=\"464\" height=\"348\" srcset=\"https:\/\/agrarias.ufpr.br\/sacas\/wp-content\/uploads\/sites\/42\/2019\/01\/11-reticulocitos-arara.png 1280w, https:\/\/agrarias.ufpr.br\/sacas\/wp-content\/uploads\/sites\/42\/2019\/01\/11-reticulocitos-arara-300x225.png 300w, https:\/\/agrarias.ufpr.br\/sacas\/wp-content\/uploads\/sites\/42\/2019\/01\/11-reticulocitos-arara-768x576.png 768w, https:\/\/agrarias.ufpr.br\/sacas\/wp-content\/uploads\/sites\/42\/2019\/01\/11-reticulocitos-arara-1024x768.png 1024w, https:\/\/agrarias.ufpr.br\/sacas\/wp-content\/uploads\/sites\/42\/2019\/01\/11-reticulocitos-arara-250x188.png 250w, https:\/\/agrarias.ufpr.br\/sacas\/wp-content\/uploads\/sites\/42\/2019\/01\/11-reticulocitos-arara-160x120.png 160w\" sizes=\"auto, (max-width: 464px) 100vw, 464px\" \/><\/a><\/p>\n<p><span style=\"font-family: helvetica, arial, sans-serif;\"><strong>11)&nbsp;&nbsp;<\/strong><\/span><strong>Quatro tipos de reticul\u00f3citos da arara canind\u00e9 (<em>Ara ararauna<\/em>). (A) reticul\u00f3cito pontilhado 1 (centro, seta): com &lt; 10 pontos de ret\u00edculo corado; \u00e0 direita um reticul\u00f3cito em anel (t); lado inferior esquerdo um reticul\u00f3cito agregado (k); acima um reticul\u00f3cito pontilhado 1 (z); (B) reticul\u00f3cito pontilhado 2 (no centro, seta): com \u2265 10 pontos de ret\u00edculo corado; abaixo dois reticul\u00f3citos pontilhados 1; (C) reticul\u00f3cito agregado (no centro, seta): com agregados de ret\u00edculo corado difuso no citoplasma; dois reticul\u00f3citos em anel (x); tr\u00eas reticul\u00f3citos pontilhado 1 (y); (D) reticul\u00f3cito em anel (no centro, seta): reticul\u00f3cito com agregado de ret\u00edculo corado em forma de anel, cont\u00ednuo ou n\u00e3o, em pelo menos metade do n\u00facleo; acima quatro reticul\u00f3citos do tipo pontilhado 1. Colora\u00e7\u00e3o: Azul de Cresil Brilhante, contra corado com Wright (100x)<\/strong><\/p>\n<p>&nbsp;<\/p>\n<p>&nbsp;<\/p>\n<p><a href=\"https:\/\/agrarias.ufpr.br\/sacas\/wp-content\/uploads\/sites\/42\/2019\/01\/12-metarubrocito-linfo-papagaio-cara-roxa.png\"><img loading=\"lazy\" decoding=\"async\" class=\"alignnone wp-image-164\" src=\"https:\/\/agrarias.ufpr.br\/sacas\/wp-content\/uploads\/sites\/42\/2019\/01\/12-metarubrocito-linfo-papagaio-cara-roxa.png\" alt=\"\" width=\"464\" height=\"261\" srcset=\"https:\/\/agrarias.ufpr.br\/sacas\/wp-content\/uploads\/sites\/42\/2019\/01\/12-metarubrocito-linfo-papagaio-cara-roxa.png 1366w, https:\/\/agrarias.ufpr.br\/sacas\/wp-content\/uploads\/sites\/42\/2019\/01\/12-metarubrocito-linfo-papagaio-cara-roxa-300x169.png 300w, https:\/\/agrarias.ufpr.br\/sacas\/wp-content\/uploads\/sites\/42\/2019\/01\/12-metarubrocito-linfo-papagaio-cara-roxa-768x432.png 768w, https:\/\/agrarias.ufpr.br\/sacas\/wp-content\/uploads\/sites\/42\/2019\/01\/12-metarubrocito-linfo-papagaio-cara-roxa-1024x576.png 1024w, https:\/\/agrarias.ufpr.br\/sacas\/wp-content\/uploads\/sites\/42\/2019\/01\/12-metarubrocito-linfo-papagaio-cara-roxa-250x141.png 250w, https:\/\/agrarias.ufpr.br\/sacas\/wp-content\/uploads\/sites\/42\/2019\/01\/12-metarubrocito-linfo-papagaio-cara-roxa-160x90.png 160w\" sizes=\"auto, (max-width: 464px) 100vw, 464px\" \/><\/a><\/p>\n<p><span style=\"font-family: helvetica, arial, sans-serif;\"><strong>&nbsp;12) Sangue perif\u00e9rico de papagaio de cara roxa de vida livre (<em>Amazona brasiliensis<\/em>). Eritr\u00f3citos normais, metarubr\u00f3citos, heter\u00f3filo, linf\u00f3cito e tromb\u00f3cito. Colora\u00e7\u00e3o de Wright (100x).<\/strong><\/span><\/p>\n<p>&nbsp;<\/p>\n<p>&nbsp;<\/p>\n<p><a href=\"https:\/\/agrarias.ufpr.br\/sacas\/wp-content\/uploads\/sites\/42\/2019\/01\/13-eritro-normal-policro-pinguim.png\"><img loading=\"lazy\" decoding=\"async\" class=\"alignnone wp-image-166\" src=\"https:\/\/agrarias.ufpr.br\/sacas\/wp-content\/uploads\/sites\/42\/2019\/01\/13-eritro-normal-policro-pinguim.png\" alt=\"\" width=\"464\" height=\"261\" srcset=\"https:\/\/agrarias.ufpr.br\/sacas\/wp-content\/uploads\/sites\/42\/2019\/01\/13-eritro-normal-policro-pinguim.png 1366w, https:\/\/agrarias.ufpr.br\/sacas\/wp-content\/uploads\/sites\/42\/2019\/01\/13-eritro-normal-policro-pinguim-300x169.png 300w, https:\/\/agrarias.ufpr.br\/sacas\/wp-content\/uploads\/sites\/42\/2019\/01\/13-eritro-normal-policro-pinguim-768x432.png 768w, https:\/\/agrarias.ufpr.br\/sacas\/wp-content\/uploads\/sites\/42\/2019\/01\/13-eritro-normal-policro-pinguim-1024x576.png 1024w, https:\/\/agrarias.ufpr.br\/sacas\/wp-content\/uploads\/sites\/42\/2019\/01\/13-eritro-normal-policro-pinguim-250x141.png 250w, https:\/\/agrarias.ufpr.br\/sacas\/wp-content\/uploads\/sites\/42\/2019\/01\/13-eritro-normal-policro-pinguim-160x90.png 160w\" sizes=\"auto, (max-width: 464px) 100vw, 464px\" \/><\/a><\/p>\n<p><span style=\"font-family: helvetica, arial, sans-serif;\"><strong>13) Sangue perif\u00e9rico de pinguim (<em>Spheniscus magellanicus<\/em>). Eritr\u00f3citos maduros, com citoplasma laranja e n\u00facleo central com cromatina condensada. Eritr\u00f3citos policromat\u00f3filos (Eritr Pol) com citoplasma basof\u00edlico (azul). Colora\u00e7\u00e3o de Wright (100x).<\/strong><\/span><\/p>\n<p>&nbsp;<\/p>\n<p>&nbsp;<\/p>\n<p>&nbsp;<\/p>\n<p>&nbsp;<\/p>\n<p>&nbsp;<\/p>\n","protected":false},"excerpt":{"rendered":"<p>&nbsp; 01) Sangue perif\u00e9rico de carcar\u00e1 (Caracara plancus). Eritr\u00f3citos maduros, normais e dois eritr\u00f3citos policromat\u00f3filos (setas). Colora\u00e7\u00e3o de Wright (100x). &nbsp; &nbsp; 02) Sangue perif\u00e9rico de avestruz (Struthio camelus). Eritr\u00f3citos maduros e um eritr\u00f3cito policromat\u00f3filo (seta). Colora\u00e7\u00e3o de Wright (100x). &nbsp; &nbsp; 03) Sangue perif\u00e9rico de avestruz (Struthio camelus). Eritr\u00f3citos maduros e um metarubr\u00f3cito (seta). [&hellip;]<\/p>\n","protected":false},"author":3,"featured_media":0,"parent":0,"menu_order":0,"comment_status":"closed","ping_status":"closed","template":"","meta":{"footnotes":""},"class_list":["post-147","page","type-page","status-publish","hentry"],"_links":{"self":[{"href":"https:\/\/agrarias.ufpr.br\/sacas\/wp-json\/wp\/v2\/pages\/147","targetHints":{"allow":["GET"]}}],"collection":[{"href":"https:\/\/agrarias.ufpr.br\/sacas\/wp-json\/wp\/v2\/pages"}],"about":[{"href":"https:\/\/agrarias.ufpr.br\/sacas\/wp-json\/wp\/v2\/types\/page"}],"author":[{"embeddable":true,"href":"https:\/\/agrarias.ufpr.br\/sacas\/wp-json\/wp\/v2\/users\/3"}],"replies":[{"embeddable":true,"href":"https:\/\/agrarias.ufpr.br\/sacas\/wp-json\/wp\/v2\/comments?post=147"}],"version-history":[{"count":15,"href":"https:\/\/agrarias.ufpr.br\/sacas\/wp-json\/wp\/v2\/pages\/147\/revisions"}],"predecessor-version":[{"id":259,"href":"https:\/\/agrarias.ufpr.br\/sacas\/wp-json\/wp\/v2\/pages\/147\/revisions\/259"}],"wp:attachment":[{"href":"https:\/\/agrarias.ufpr.br\/sacas\/wp-json\/wp\/v2\/media?parent=147"}],"curies":[{"name":"wp","href":"https:\/\/api.w.org\/{rel}","templated":true}]}}