{"id":9984,"date":"2024-03-21T17:48:08","date_gmt":"2024-03-21T17:48:08","guid":{"rendered":"https:\/\/agrarias.ufpr.br\/pglsf\/?page_id=9984"},"modified":"2025-10-08T18:00:11","modified_gmt":"2025-10-08T18:00:11","slug":"egressos-de-2022","status":"publish","type":"page","link":"https:\/\/agrarias.ufpr.br\/pglsf\/egressos-de-2022\/","title":{"rendered":"Egressos da turma de 2022"},"content":{"rendered":"\n<p><strong>Titulados: Especializa\u00e7\u00e3o <\/strong><\/p>\n\n\n\n<ol class=\"wp-block-list\">\n<li>Aliana da Silva Ribas<\/li>\n\n\n\n<li>Amaury Alves da Silva J\u00fanior<\/li>\n\n\n\n<li>Andreza Lara Rodrigues<\/li>\n\n\n\n<li>Angenita Mariano de Bomfim<\/li>\n\n\n\n<li>Ariane Lentice de Paula<\/li>\n\n\n\n<li>Artur Berbel L\u00edrio Rondina<\/li>\n\n\n\n<li>B\u00e1rbara Ara\u00fajo<\/li>\n\n\n\n<li>Bianca Souto Ferreira de Barros<\/li>\n\n\n\n<li>Bruna Beatriz Dias da Silva<\/li>\n\n\n\n<li>Bruna Luiza de Souza<\/li>\n\n\n\n<li>Carlos Jorge da Silva<\/li>\n\n\n\n<li>Carolina Lazari Ara\u00fajo<\/li>\n\n\n\n<li>Caroline Lima de Matos<\/li>\n\n\n\n<li>Caroline Zacchi Weilcker Martinez<\/li>\n\n\n\n<li>Catherine Penter Gaudeda Machulek Ribas<\/li>\n\n\n\n<li>Daniele Aparecida Nascimento<\/li>\n\n\n\n<li>Daphne Amaral Fraga<\/li>\n\n\n\n<li>Daumir Marcilio Zirondi Filho<\/li>\n\n\n\n<li>Diego Henrique Mendes Costa<\/li>\n\n\n\n<li>Ederson Lucas Medeiro<\/li>\n\n\n\n<li>Eduardo Kieras Gugelmin<\/li>\n\n\n\n<li>Eneida Maria Dolci<\/li>\n\n\n\n<li>Felipe Barril Tonon<\/li>\n\n\n\n<li>Felipe Ferri Michelon<\/li>\n\n\n\n<li>Felipe Kominkiewicz<\/li>\n\n\n\n<li>Felipe Vilmor Mantovani<\/li>\n\n\n\n<li>Fernando Jos\u00e9 Zucher Junior<\/li>\n\n\n\n<li>Francieli Biernaski<\/li>\n\n\n\n<li>Genovir Francisco da Silveira Pedro<\/li>\n\n\n\n<li>Gisele Terezinha Silveira<\/li>\n\n\n\n<li>Guilherme Alberto Grossi Andrade<\/li>\n\n\n\n<li>Izamara Schastai<\/li>\n\n\n\n<li>J\u00e9ssica Ellen Chueri Rezende<\/li>\n\n\n\n<li>Jhenifer Aparecida Wonsovicz Drebes<\/li>\n\n\n\n<li>Jhonathan Eduard Assump\u00e7\u00e3o Santos<\/li>\n\n\n\n<li>Jonas Fran\u00e7oso<\/li>\n\n\n\n<li>Jos\u00e9 Darley Lopes Rosset<\/li>\n\n\n\n<li>Jos\u00e9 Luiz da Silva<\/li>\n\n\n\n<li>Julio Cesar Meneguetti J\u00fanior<\/li>\n\n\n\n<li>Kelly Akemi Onaka<\/li>\n\n\n\n<li>Larissa Ferreira Gomes Chaves<\/li>\n\n\n\n<li>Larissa Gregoski<\/li>\n\n\n\n<li>Latoya Creslem Batista Ruschel<\/li>\n\n\n\n<li>Lav\u00ednia Melnik<\/li>\n\n\n\n<li>Leonardo Picolli Metzdorf<\/li>\n\n\n\n<li>Lu\u00eds Carlos de Souza Amorim<\/li>\n\n\n\n<li>Luiz Felipe Gubiani<\/li>\n\n\n\n<li>Luiz Fernando Zortea<\/li>\n\n\n\n<li>Manoela Aguiar Moreira Mir\u00f3 Medeiros<\/li>\n\n\n\n<li>Manuela Almeida Santos<\/li>\n\n\n\n<li>Marcelo da Silva Batista Junior<\/li>\n\n\n\n<li>Maria L\u00eddia Kerniski Costa<\/li>\n\n\n\n<li>Marlon Lucas<\/li>\n\n\n\n<li>Mateus Wilhelm<\/li>\n\n\n\n<li>Matheus Luiz Cerioli Testa<\/li>\n\n\n\n<li>Mayara Lhohayny Pereira Assun\u00e7\u00e3o<\/li>\n\n\n\n<li>Naihana Schaffer<\/li>\n\n\n\n<li>Nayja Franzoi de Melo<\/li>\n\n\n\n<li>Nei Hamilton Ferreira dos Santos Junior<\/li>\n\n\n\n<li>Patrycia Elen Costa Amorim<\/li>\n\n\n\n<li>Paulo Henrique Barbosa Soares Silva<\/li>\n\n\n\n<li>Paulo Roberto Castellem Junior<\/li>\n\n\n\n<li>Pedro Augusto Andrade Secco<\/li>\n\n\n\n<li>Pietra Ortunho Duarte Bazan<\/li>\n\n\n\n<li>Rodrigo de Paula Godoy<\/li>\n\n\n\n<li>Rog\u00e9rio Rodrigues de Lima<\/li>\n\n\n\n<li>Rosilainy da Silva Sousa<\/li>\n\n\n\n<li>Sandra Regina Schwartz Oliveira<\/li>\n\n\n\n<li>Sandro Gon\u00e7alves Pedrosa<\/li>\n\n\n\n<li>Tatiana de Oliveira Portes<\/li>\n\n\n\n<li>Tha\u00eds de Souza<\/li>\n\n\n\n<li>Thiago Angelo da Cruz<\/li>\n\n\n\n<li>Vanessa Fran\u00e7a da Silva<\/li>\n\n\n\n<li>Walter Jord\u00e3o Martins<\/li>\n\n\n\n<li>Welington Miguel Surek<\/li>\n\n\n\n<li>Weslei de Oliveira Silva<\/li>\n\n\n\n<li>W\u00edctor \u00c1llyson Dias Rodrigues<\/li>\n<\/ol>\n\n\n\n<p><strong>Titulados: Aperfei\u00e7oamento<\/strong><strong><\/strong><\/p>\n\n\n\n<ol class=\"wp-block-list\">\n<li>Cristian Jacob Tassi<\/li>\n\n\n\n<li>Danila Monte Concei\u00e7\u00e3o<\/li>\n\n\n\n<li>Eduardo Valmorbida<\/li>\n\n\n\n<li>Gabriela Betanin Marcon<\/li>\n\n\n\n<li>Isabela Cristina Druciak<\/li>\n\n\n\n<li>Layzza Roberta Alves Medeiros<\/li>\n\n\n\n<li>Leticia Krupa Mocelin<\/li>\n\n\n\n<li>Marianne Antunes<\/li>\n\n\n\n<li>Mauricio Luis Bedin<\/li>\n\n\n\n<li>Ricardo Jos\u00e9 Soares de Oliveira<\/li>\n\n\n\n<li>Tallyrand Moreira Jorcelino<\/li>\n\n\n\n<li>Tardelli Rocha Ferreira<\/li>\n<\/ol>\n","protected":false},"excerpt":{"rendered":"<p>Titulados: Especializa\u00e7\u00e3o Titulados: Aperfei\u00e7oamento<\/p>\n","protected":false},"author":3,"featured_media":0,"parent":0,"menu_order":0,"comment_status":"closed","ping_status":"closed","template":"","meta":{"footnotes":""},"class_list":["post-9984","page","type-page","status-publish","hentry"],"_links":{"self":[{"href":"https:\/\/agrarias.ufpr.br\/pglsf\/wp-json\/wp\/v2\/pages\/9984","targetHints":{"allow":["GET"]}}],"collection":[{"href":"https:\/\/agrarias.ufpr.br\/pglsf\/wp-json\/wp\/v2\/pages"}],"about":[{"href":"https:\/\/agrarias.ufpr.br\/pglsf\/wp-json\/wp\/v2\/types\/page"}],"author":[{"embeddable":true,"href":"https:\/\/agrarias.ufpr.br\/pglsf\/wp-json\/wp\/v2\/users\/3"}],"replies":[{"embeddable":true,"href":"https:\/\/agrarias.ufpr.br\/pglsf\/wp-json\/wp\/v2\/comments?post=9984"}],"version-history":[{"count":4,"href":"https:\/\/agrarias.ufpr.br\/pglsf\/wp-json\/wp\/v2\/pages\/9984\/revisions"}],"predecessor-version":[{"id":10304,"href":"https:\/\/agrarias.ufpr.br\/pglsf\/wp-json\/wp\/v2\/pages\/9984\/revisions\/10304"}],"wp:attachment":[{"href":"https:\/\/agrarias.ufpr.br\/pglsf\/wp-json\/wp\/v2\/media?parent=9984"}],"curies":[{"name":"wp","href":"https:\/\/api.w.org\/{rel}","templated":true}]}}