{"id":9938,"date":"2023-10-18T13:42:32","date_gmt":"2023-10-18T13:42:32","guid":{"rendered":"https:\/\/agrarias.ufpr.br\/pglsf\/?page_id=9938"},"modified":"2025-10-01T18:20:41","modified_gmt":"2025-10-01T18:20:41","slug":"turma-2024","status":"publish","type":"page","link":"https:\/\/agrarias.ufpr.br\/pglsf\/turma-2024\/","title":{"rendered":"Turma 2024"},"content":{"rendered":"\n<p style=\"text-align: center\"><strong>\u00a0<\/strong><span style=\"background-color: #ffffff;color: #ff0000\"><strong>ENCONTROS A DIST\u00c2NCIA<\/strong><strong>\u00a0<\/strong><\/span><\/p>\n<table style=\"width: 115.119%;height: 609px\" width=\"697\">\n<tbody>\n<tr style=\"height: 24px\">\n<td style=\"text-align: center;height: 24px;width: 20%\" width=\"148\"><strong>Per\u00edodo<\/strong><\/td>\n<td style=\"text-align: center;height: 24px;width: 36.2296%\" width=\"315\"><strong>Disciplinas<\/strong><\/td>\n<td style=\"text-align: center;height: 24px;width: 15.1694%\" width=\"121\"><strong>Carga hor\u00e1ria (h)<\/strong><\/td>\n<td style=\"text-align: center;height: 24px;width: 41.7424%\" width=\"114\"><strong>Professor (es)<\/strong><\/td>\n<\/tr>\n<tr style=\"height: 24px\">\n<td style=\"text-align: center;height: 24px;width: 113.141%\" colspan=\"4\" width=\"697\"><strong>M\u00d3DULO 1 (1\u00basemestre)<\/strong><\/td>\n<\/tr>\n<tr style=\"height: 45px\">\n<td style=\"text-align: center;height: 45px;width: 20%\" width=\"148\">01\/03 \u00e0 31\/03\/24<\/td>\n<td style=\"height: 45px;width: 36.2296%\" width=\"315\">Ambienta\u00e7\u00e3o e envio de documenta\u00e7\u00e3o dos alunos pelo SIGA<\/td>\n<td style=\"text-align: center;height: 45px;width: 15.1694%\" width=\"121\">&#8211;<\/td>\n<td style=\"text-align: center;height: 45px;width: 41.7424%\" width=\"114\">PECCA<\/td>\n<\/tr>\n<tr style=\"height: 24px\">\n<td style=\"text-align: center;height: 24px;width: 20%\" width=\"148\">01\/04 \u00e0 02\/06\/24<\/td>\n<td style=\"height: 24px;width: 36.2296%\" width=\"315\"><a href=\"https:\/\/agrarias.ufpr.br\/pglsf\/legislacao-fitossanitaria\/\">Legisla\u00e7\u00e3o Fitossanit\u00e1ria<\/a><\/td>\n<td style=\"text-align: center;height: 24px;width: 15.1694%\" width=\"121\">60<\/td>\n<td style=\"height: 24px;width: 41.7424%;text-align: left\" width=\"114\"><a href=\"https:\/\/agrarias.ufpr.br\/pglsf\/renato-rezende-young-blood\/\">Renato Rezende Young Blood<\/a><\/td>\n<\/tr>\n<tr style=\"height: 24px\">\n<td style=\"text-align: center;height: 24px;width: 20%\" width=\"148\">15\/04 \u00e0 16\/06\/24<\/td>\n<td style=\"height: 24px;width: 36.2296%\" width=\"315\"><a href=\"https:\/\/agrarias.ufpr.br\/pglsf\/fundamentos-em-matologia\/\">Fundamentos em Matologia<\/a><\/td>\n<td style=\"text-align: center;height: 24px;width: 15.1694%\" width=\"121\">45<\/td>\n<td style=\"height: 24px;width: 41.7424%;text-align: left\" width=\"114\"><a href=\"https:\/\/agrarias.ufpr.br\/pglsf\/arthur-arrobas-martins-barroso\/\">Arthur Arrobas Martins Barroso<\/a><\/td>\n<\/tr>\n<tr style=\"height: 24px\">\n<td style=\"text-align: center;height: 24px;width: 20%\" width=\"148\">29\/04 \u00e0 30\/06\/24<\/td>\n<td style=\"height: 24px;width: 36.2296%\" width=\"315\"><a href=\"https:\/\/agrarias.ufpr.br\/pglsf\/fundamentos-em-fitopatologia\/\">Fundamentos em Fitopatologia<\/a><\/td>\n<td style=\"text-align: center;height: 24px;width: 15.1694%\" width=\"121\">60<\/td>\n<td style=\"width: 41.7424%;text-align: left;height: 24px\"><a href=\"https:\/\/agrarias.ufpr.br\/pglsf\/henrique-da-silva-silveira-duarte\/\">Henrique da Silva Silveira Duarte<\/a><\/td>\n<\/tr>\n<tr style=\"height: 24px\">\n<td style=\"text-align: center;height: 24px;width: 20%\" width=\"148\">13\/05 \u00e0 14\/07\/24<\/td>\n<td style=\"height: 24px;width: 36.2296%\" width=\"315\"><a href=\"https:\/\/agrarias.ufpr.br\/pglsf\/epidemiologia-de-doencas-de-plantas\/\">Epidemiologia de Doen\u00e7as de Plantas<\/a><\/td>\n<td style=\"text-align: center;height: 24px;width: 15.1694%\" width=\"121\">45<\/td>\n<td style=\"height: 24px;width: 41.7424%;text-align: left\" width=\"114\"><a href=\"https:\/\/agrarias.ufpr.br\/pglsf\/louise-larissa-may-de-mio\/\">Louise Larissa May De Mio<\/a><\/td>\n<\/tr>\n<tr style=\"height: 24px\">\n<td style=\"text-align: center;height: 24px;width: 20%\" width=\"148\">27\/05 \u00e0 04\/08\/24<\/td>\n<td style=\"height: 24px;width: 36.2296%\" width=\"315\"><a href=\"https:\/\/agrarias.ufpr.br\/pglsf\/fundamentos-em-entomologia\/\">Fundamentos em Entomologia<\/a><\/td>\n<td style=\"text-align: center;height: 24px;width: 15.1694%\" width=\"121\">75<\/td>\n<td style=\"height: 24px;width: 41.7424%;text-align: left\" width=\"114\"><a href=\"https:\/\/agrarias.ufpr.br\/pglsf\/maria-aparecida-cassilha-zawadneak\/\">Maria Aparecida Cassilha Zawadneak<\/a>\n<p><a href=\"https:\/\/agrarias.ufpr.br\/pglsf\/joatan-machado-da-rosa\/\">Joatan Machado da Rosa<\/a><\/p>\n<\/td>\n<\/tr>\n<tr style=\"height: 45px\">\n<td style=\"text-align: center;height: 45px;width: 20%\" width=\"148\">10\/06 \u00e0 18\/08\/24<\/td>\n<td style=\"height: 45px;width: 36.2296%\" width=\"315\"><a href=\"https:\/\/agrarias.ufpr.br\/pglsf\/tecnologia-de-aplicacao-de-agrotoxicos\/\">Tecnologia de Aplica\u00e7\u00e3o de Produtos Qu\u00edmicos e Biol\u00f3gicos<\/a><\/td>\n<td style=\"text-align: center;height: 45px;width: 15.1694%\" width=\"121\">60<\/td>\n<td style=\"height: 45px;width: 41.7424%;text-align: left\" width=\"114\"><a href=\"https:\/\/agrarias.ufpr.br\/pglsf\/rone-batista-de-oliveira\/\">Rone Batista de Oliveira<\/a><\/td>\n<\/tr>\n<tr style=\"height: 24px\">\n<td style=\"text-align: center;height: 24px;width: 20%\" width=\"148\">24\/06 \u00e0 01\/09\/24<\/td>\n<td style=\"height: 24px;width: 36.2296%\" width=\"315\"><a href=\"https:\/\/agrarias.ufpr.br\/pglsf\/trabalho-de-conclusao-de-curso\/\">Introdu\u00e7\u00e3o ao Trabalho de conclus\u00e3o de curso<\/a><\/td>\n<td style=\"text-align: center;height: 24px;width: 15.1694%\" width=\"121\">45<\/td>\n<td style=\"height: 24px;width: 41.7424%;text-align: left\" width=\"114\"><a href=\"https:\/\/agrarias.ufpr.br\/pglsf\/renata-faier-caleario\/\">Renata Faier Calegario<\/a><\/td>\n<\/tr>\n<tr style=\"height: 24px\">\n<td style=\"text-align: center;height: 24px;width: 20%\" width=\"148\">09\/09 \u00e0 13\/09\/24<\/td>\n<td style=\"height: 24px;width: 36.2296%\" width=\"315\">1\u00ba Encontro presencial<\/td>\n<td style=\"height: 24px;width: 56.9118%\" colspan=\"2\" width=\"234\"><strong>\u00a0\u00a0\u00a0\u00a0\u00a0\u00a0\u00a0\u00a0\u00a0\u00a0\u00a0\u00a0 390<\/strong><\/td>\n<\/tr>\n<tr style=\"height: 24px\">\n<td style=\"text-align: center;height: 24px;width: 113.141%\" colspan=\"4\" width=\"697\"><strong>M\u00d3DULO 2 (2\u00basemestre)<\/strong><\/td>\n<\/tr>\n<tr style=\"height: 24px\">\n<td style=\"text-align: center;height: 24px;width: 20%\" width=\"148\">01\/10 \u00e0 01\/12\/24<\/td>\n<td style=\"height: 24px;width: 36.2296%\" width=\"315\"><a href=\"https:\/\/agrarias.ufpr.br\/pglsf\/controle-quimico-de-plantas-daninhas\/\">Controle Qu\u00edmico de Plantas Daninhas<\/a><\/td>\n<td style=\"text-align: center;height: 24px;width: 15.1694%\" width=\"121\">60<\/td>\n<td style=\"height: 24px;width: 41.7424%;text-align: left\" width=\"114\"><a href=\"https:\/\/agrarias.ufpr.br\/pglsf\/arthur-arrobas-martins-barroso\/\">Arthur Arrobas Martins Barroso<\/a><\/td>\n<\/tr>\n<tr style=\"height: 24px\">\n<td style=\"text-align: center;height: 24px;width: 20%\" width=\"148\">21\/10 \u00e0 22\/12\/24<\/td>\n<td style=\"height: 24px;width: 36.2296%\" width=\"315\"><a href=\"https:\/\/agrarias.ufpr.br\/pglsf\/controle-de-doencas-de-plantas\/\">Controle de Doen\u00e7as de Plantas<\/a><\/td>\n<td style=\"text-align: center;height: 24px;width: 15.1694%\" width=\"121\">60<\/td>\n<td style=\"height: 24px;width: 41.7424%;text-align: left\" width=\"114\"><a href=\"https:\/\/agrarias.ufpr.br\/pglsf\/henrique-da-silva-silveira-duarte\/\">Henrique da Silva Silveira Duarte<\/a><\/td>\n<\/tr>\n<tr style=\"height: 45px\">\n<td style=\"text-align: center;height: 45px;width: 20%\" width=\"148\">11\/11\/24 \u00e0 19\/01\/25<\/td>\n<td style=\"height: 45px;width: 36.2296%\" width=\"315\"><a href=\"https:\/\/agrarias.ufpr.br\/pglsf\/controle-quimico-de-doencas-de-plantas-e-resistencia-de-fungos-a-fungicidas\/\">Controle Qu\u00edmico de Doen\u00e7as de Plantas e Resist\u00eancia de Fungos a Fungicidas<\/a><\/td>\n<td style=\"text-align: center;height: 45px;width: 15.1694%\" width=\"121\">60<\/td>\n<td style=\"height: 45px;width: 41.7424%;text-align: left\" width=\"114\"><a href=\"https:\/\/agrarias.ufpr.br\/pglsf\/louise-larissa-may-de-mio\/\">Louise Larissa May De Mio<\/a><\/td>\n<\/tr>\n<tr style=\"height: 24px\">\n<td style=\"text-align: center;height: 24px;width: 20%\" width=\"148\">02\/12\/24 \u00e0 02\/02\/25<\/td>\n<td style=\"height: 24px;width: 36.2296%\" width=\"315\"><a href=\"https:\/\/agrarias.ufpr.br\/pglsf\/controle-biologico-de-doencas\/\">Controle Biol\u00f3gico de Doen\u00e7as de Plantas<\/a><\/td>\n<td style=\"text-align: center;height: 24px;width: 15.1694%\" width=\"121\">45<\/td>\n<td style=\"height: 24px;width: 41.7424%;text-align: left\" width=\"114\"><a href=\"https:\/\/agrarias.ufpr.br\/pglsf\/sergio-miguel-mazaro\/\">S\u00e9rgio Miguel Mazaro<\/a><\/td>\n<\/tr>\n<tr style=\"height: 45px\">\n<td style=\"text-align: center;height: 45px;width: 20%\" width=\"148\">16\/12\/24 \u00e0 23\/02\/25<\/td>\n<td style=\"height: 45px;width: 36.2296%\" width=\"315\"><a href=\"https:\/\/agrarias.ufpr.br\/pglsf\/controle-quimico-e-resistencia-de-artropodes-a-agrotoxicos\/\">Controle qu\u00edmico e Resist\u00eancia de Artr\u00f3podes a Agrot\u00f3xicos<\/a><\/td>\n<td style=\"text-align: center;height: 45px;width: 15.1694%\" width=\"121\">90<\/td>\n<td style=\"height: 45px;width: 41.7424%;text-align: left\" width=\"114\"><a href=\"https:\/\/agrarias.ufpr.br\/pglsf\/maria-aparecida-cassilha-zawadneak\/\">Maria Aparecida Cassilha Zawadneak<\/a>\n<p><a href=\"https:\/\/agrarias.ufpr.br\/pglsf\/joatan-machado-da-rosa\/\">Joatan Machado da Rosa<\/a><\/p>\n<p><a href=\"https:\/\/agrarias.ufpr.br\/pglsf\/daniel-bernardi\/\">Daniel Bernardi<\/a><\/p>\n<\/td>\n<\/tr>\n<tr style=\"height: 24px\">\n<td style=\"text-align: center;height: 24px;width: 20%\" width=\"148\">13\/01 \u00e0 16\/03\/25<\/td>\n<td style=\"height: 24px;width: 36.2296%\" width=\"315\"><a href=\"https:\/\/agrarias.ufpr.br\/pglsf\/controle-biologico-de-insetos-praga\/\">Controle Biol\u00f3gico de Insetos-Pragas<\/a><\/td>\n<td style=\"text-align: center;height: 24px;width: 15.1694%\" width=\"121\">30<\/td>\n<td style=\"height: 24px;width: 41.7424%;text-align: left\" width=\"114\"><a href=\"https:\/\/agrarias.ufpr.br\/pglsf\/maria-aparecida-cassilha-zawadneak\/\">Maria Aparecida Cassilha Zawadneak<\/a>\n<p><a href=\"https:\/\/agrarias.ufpr.br\/pglsf\/joatan-machado-da-rosa\/\">Joatan Machado da Rosa<\/a><\/p>\n<p><a href=\"https:\/\/agrarias.ufpr.br\/pglsf\/daniel-bernardi\/\">Daniel Bernardi<\/a><\/p>\n<\/td>\n<\/tr>\n<tr style=\"height: 45px\">\n<td style=\"text-align: center;height: 45px;width: 20%\" width=\"148\">27\/01 \u00e0 30\/03\/25<\/td>\n<td style=\"height: 45px;width: 36.2296%\" width=\"315\"><a href=\"https:\/\/agrarias.ufpr.br\/pglsf\/estatistica-e-experimentacao-aplicadas-a-fitossanidade\/\">Estat\u00edstica e Experimenta\u00e7\u00e3o Aplicadas \u00e0 Fitossanidade<\/a><\/td>\n<td style=\"text-align: center;height: 45px;width: 15.1694%\" width=\"121\">60<\/td>\n<td style=\"height: 45px;width: 41.7424%;text-align: left\" width=\"114\"><a href=\"https:\/\/agrarias.ufpr.br\/pglsf\/cristiano-nunes-nesi\/\">Cristiano Nunes Nesi<\/a><\/td>\n<\/tr>\n<tr style=\"height: 24px\">\n<td style=\"text-align: center;height: 24px;width: 20%\" width=\"148\">07\/04 \u00e0 11\/04\/25<\/td>\n<td style=\"height: 24px;width: 36.2296%\" width=\"315\">2\u00ba Encontro presencial<\/td>\n<td style=\"height: 24px;width: 56.9118%\" colspan=\"2\" width=\"234\"><strong>\u00a0\u00a0\u00a0\u00a0\u00a0\u00a0\u00a0\u00a0\u00a0\u00a0\u00a0\u00a0 405<\/strong><\/td>\n<\/tr>\n<tr style=\"height: 24px\">\n<td style=\"height: 24px;width: 56.2296%\" colspan=\"2\" width=\"463\">Carga hor\u00e1ria total do curso (h)<\/td>\n<td style=\"height: 24px;width: 56.9118%\" colspan=\"2\" width=\"234\"><strong>\u00a0\u00a0\u00a0\u00a0\u00a0\u00a0\u00a0\u00a0\u00a0\u00a0\u00a0\u00a0 795<\/strong><\/td>\n<\/tr>\n<\/tbody>\n<\/table>\n<p style=\"text-align: center\"><span style=\"background-color: #ffffff;color: #ff0000\"><strong>\u00a0 \u00a0 \u00a0 \u00a0 \u00a0 \u00a0 \u00a0 \u00a0 \u00a0 \u00a0 \u00a0 \u00a0 \u00a0 \u00a0ENCONTROS PRESENCIAIS<\/strong><\/span><\/p>\n<p style=\"text-align: center\"><strong>\u00a0 \u00a0 \u00a0 \u00a0 \u00a0 \u00a0 \u00a0 \u00a0 \u00a0 \u00a0 \u00a0 \u00a0 <\/strong><strong>1\u00ba M\u00d3DULO<\/strong><strong>\u00a0<\/strong><\/p>\n<table style=\"width: 113.81%;height: 528px\" width=\"802\">\n<tbody>\n<tr style=\"height: 24px\">\n<td style=\"height: 48px;text-align: center;width: 16.3095%\" rowspan=\"2\" width=\"134\"><strong>Hor\u00e1rio (h)<\/strong><\/td>\n<td style=\"text-align: center;height: 24px;width: 16.3095%\" width=\"134\"><strong>09\/09\/24<\/strong><\/td>\n<td style=\"text-align: center;height: 24px;width: 16.3095%\" width=\"134\"><strong>10\/09\/24<\/strong><\/td>\n<td style=\"text-align: center;height: 24px;width: 16.3095%\" width=\"134\"><strong>11\/09\/24<\/strong><\/td>\n<td style=\"text-align: center;height: 24px;width: 16.3095%\" width=\"134\"><strong>12\/09\/24<\/strong><\/td>\n<td style=\"text-align: center;height: 24px;width: 30.119%\" width=\"134\"><strong>13\/09\/24<\/strong><\/td>\n<\/tr>\n<tr style=\"height: 24px\">\n<td style=\"text-align: center;height: 24px;width: 16.3095%\" width=\"134\"><strong>Segunda<\/strong><\/td>\n<td style=\"text-align: center;height: 24px;width: 16.3095%\" width=\"134\"><strong>Ter\u00e7a<\/strong><\/td>\n<td style=\"text-align: center;height: 24px;width: 16.3095%\" width=\"134\"><strong>Quarta<\/strong><\/td>\n<td style=\"text-align: center;height: 24px;width: 16.3095%\" width=\"134\"><strong>Quinta<\/strong><\/td>\n<td style=\"text-align: center;height: 24px;width: 30.119%\" width=\"134\"><strong>Sexta<\/strong><\/td>\n<\/tr>\n<tr style=\"height: 107px\">\n<td style=\"text-align: center;height: 107px;width: 16.3095%\" width=\"134\"><strong>08:00 \u2013 09:30 <\/strong><\/td>\n<td style=\"text-align: center;height: 107px;width: 16.3095%\" width=\"134\">Abertura do curso<\/td>\n<td style=\"text-align: center;height: 107px;width: 16.3095%\" width=\"134\">Fundamentos em Matologia<\/td>\n<td style=\"text-align: center;height: 107px;width: 16.3095%\" width=\"134\">Fundamentos em Fitopatologia<\/td>\n<td style=\"text-align: center;height: 107px;width: 16.3095%\" width=\"134\">Fundamentos em Entomologia<\/td>\n<td style=\"text-align: center;height: 107px;width: 30.119%\" width=\"134\">Tecnologia de Aplica\u00e7\u00e3o de Produtos Qu\u00edmicos e Biol\u00f3gicos<\/td>\n<\/tr>\n<tr style=\"height: 24px\">\n<td style=\"text-align: center;height: 24px;width: 16.3095%\" width=\"134\"><strong>09:30 \u2013 10:00<\/strong><\/td>\n<td style=\"text-align: center;height: 24px;width: 16.3095%\" width=\"134\">Coffee break<\/td>\n<td style=\"text-align: center;height: 24px;width: 16.3095%\" width=\"134\">Coffee break<\/td>\n<td style=\"text-align: center;height: 24px;width: 16.3095%\" width=\"134\">Coffee break<\/td>\n<td style=\"text-align: center;height: 24px;width: 16.3095%\" width=\"134\">Coffee break<\/td>\n<td style=\"text-align: center;height: 24px;width: 30.119%\" width=\"134\">Coffee break<\/td>\n<\/tr>\n<tr style=\"height: 107px\">\n<td style=\"text-align: center;height: 107px;width: 16.3095%\" width=\"134\"><strong>10:00 \u2013 12:00 <\/strong><\/td>\n<td style=\"text-align: center;height: 107px;width: 16.3095%\" width=\"134\">Legisla\u00e7\u00e3o Fitossanit\u00e1ria<\/td>\n<td style=\"text-align: center;height: 107px;width: 16.3095%\" width=\"134\">Fundamentos em Matologia<\/td>\n<td style=\"text-align: center;height: 107px;width: 16.3095%\" width=\"134\">Epidemiologia de Doen\u00e7as de Plantas<\/td>\n<td style=\"text-align: center;height: 107px;width: 16.3095%\" width=\"134\">Fundamentos em Entomologia<\/td>\n<td style=\"text-align: center;height: 107px;width: 30.119%\" width=\"134\">Tecnologia de Aplica\u00e7\u00e3o de Produtos Qu\u00edmicos e Biol\u00f3gicos<\/td>\n<\/tr>\n<tr style=\"height: 45px\">\n<td style=\"text-align: center;height: 45px;width: 16.3095%\" width=\"134\"><strong>12:00 \u2013 14:00<\/strong><\/td>\n<td style=\"text-align: center;height: 45px;width: 16.3095%\" width=\"134\">Intervalo de almo\u00e7o<\/td>\n<td style=\"text-align: center;height: 45px;width: 16.3095%\" width=\"134\">Intervalo de almo\u00e7o<\/td>\n<td style=\"text-align: center;height: 45px;width: 16.3095%\" width=\"134\">Intervalo de almo\u00e7o<\/td>\n<td style=\"text-align: center;height: 45px;width: 16.3095%\" width=\"134\">Intervalo de almo\u00e7o<\/td>\n<td style=\"text-align: center;height: 45px;width: 30.119%\" width=\"134\">Intervalo de almo\u00e7o<\/td>\n<\/tr>\n<tr style=\"height: 107px\">\n<td style=\"text-align: center;height: 107px;width: 16.3095%\" width=\"134\"><strong>14:00 \u2013 16:00<\/strong><\/td>\n<td style=\"text-align: center;height: 107px;width: 16.3095%\" width=\"134\">Legisla\u00e7\u00e3o Fitossanit\u00e1ria<\/td>\n<td style=\"text-align: center;height: 107px;width: 16.3095%\" width=\"134\">Fundamentos em Fitopatologia<\/td>\n<td style=\"text-align: center;height: 107px;width: 16.3095%\" width=\"134\">Epidemiologia de Doen\u00e7as de Plantas<\/td>\n<td style=\"text-align: center;height: 107px;width: 16.3095%\" width=\"134\">Fundamentos em Entomologia<\/td>\n<td style=\"text-align: center;height: 107px;width: 30.119%\" width=\"134\">Tecnologia de Aplica\u00e7\u00e3o de Produtos Qu\u00edmicos e Biol\u00f3gicos<\/td>\n<\/tr>\n<tr style=\"height: 24px\">\n<td style=\"text-align: center;height: 24px;width: 16.3095%\" width=\"134\"><strong>16:00 \u2013 16:30<\/strong><\/td>\n<td style=\"text-align: center;height: 24px;width: 16.3095%\" width=\"134\">Coffee break<\/td>\n<td style=\"text-align: center;height: 24px;width: 16.3095%\" width=\"134\">Coffee break<\/td>\n<td style=\"text-align: center;height: 24px;width: 16.3095%\" width=\"134\">Coffee break<\/td>\n<td style=\"text-align: center;height: 24px;width: 16.3095%\" width=\"134\">Coffee break<\/td>\n<td style=\"text-align: center;height: 24px;width: 30.119%\" width=\"134\">Coffee break<\/td>\n<\/tr>\n<tr style=\"height: 66px\">\n<td style=\"text-align: center;height: 66px;width: 16.3095%\" width=\"134\"><strong>16:30 \u2013 18:00<\/strong><\/td>\n<td style=\"text-align: center;height: 66px;width: 16.3095%\" width=\"134\">Prova de Legisla\u00e7\u00e3o<\/td>\n<td style=\"text-align: center;height: 66px;width: 16.3095%\" width=\"134\">Prova de Matologia<\/td>\n<td style=\"text-align: center;height: 66px;width: 16.3095%\" width=\"134\">Provas de Fitopatologia e Epidemiologia<\/td>\n<td style=\"text-align: center;height: 66px;width: 16.3095%\" width=\"134\">Prova de Entomologia<\/td>\n<td style=\"text-align: center;height: 66px;width: 30.119%\" width=\"134\">Prova de Tecnologia<\/td>\n<\/tr>\n<\/tbody>\n<\/table>\n<p style=\"text-align: center\"><strong>\u00a0 \u00a0 \u00a0 \u00a0 \u00a0 \u00a0 \u00a0 \u00a0 \u00a0 \u00a0 \u00a0 \u00a0<\/strong><strong>2\u00ba M\u00d3DULO<\/strong><strong>\u00a0<\/strong><\/p>\n<table style=\"width: 113.69%;height: 508px\" width=\"802\">\n<tbody>\n<tr style=\"height: 24px\">\n<td style=\"height: 48px;text-align: center;width: 16.3095%\" rowspan=\"2\" width=\"134\"><strong>Hor\u00e1rio (h)<\/strong><\/td>\n<td style=\"text-align: center;height: 24px;width: 16.3095%\" width=\"134\"><strong>07\/04\/25<\/strong><\/td>\n<td style=\"text-align: center;height: 24px;width: 16.3095%\" width=\"134\"><strong>08\/04\/25<\/strong><\/td>\n<td style=\"text-align: center;height: 24px;width: 16.3095%\" width=\"134\"><strong>09\/04\/25<\/strong><\/td>\n<td style=\"text-align: center;height: 24px;width: 16.3095%\" width=\"134\"><strong>10\/04\/25<\/strong><\/td>\n<td style=\"text-align: center;height: 24px;width: 30%\" width=\"134\"><strong>11\/04\/25<\/strong><\/td>\n<\/tr>\n<tr style=\"height: 24px\">\n<td style=\"text-align: center;height: 24px;width: 16.3095%\" width=\"134\"><strong>Segunda<\/strong><\/td>\n<td style=\"text-align: center;height: 24px;width: 16.3095%\" width=\"134\"><strong>Ter\u00e7a<\/strong><\/td>\n<td style=\"text-align: center;height: 24px;width: 16.3095%\" width=\"134\"><strong>Quarta<\/strong><\/td>\n<td style=\"text-align: center;height: 24px;width: 16.3095%\" width=\"134\"><strong>Quinta<\/strong><\/td>\n<td style=\"text-align: center;height: 24px;width: 30%\" width=\"134\"><strong>Sexta<\/strong><\/td>\n<\/tr>\n<tr style=\"height: 87px\">\n<td style=\"text-align: center;height: 87px;width: 16.3095%\" width=\"134\"><strong>08:00 \u2013 09:30 <\/strong><\/td>\n<td style=\"text-align: center;height: 87px;width: 16.3095%\" width=\"134\">Controle Qu\u00edmico de Plantas Daninhas<\/td>\n<td style=\"text-align: center;height: 87px;width: 16.3095%\" width=\"134\">Controle de Doen\u00e7as de Plantas<\/td>\n<td style=\"text-align: center;height: 87px;width: 16.3095%\" width=\"134\">Controle Biol\u00f3gico de Doen\u00e7as de Plantas<\/td>\n<td style=\"text-align: center;height: 87px;width: 16.3095%\" width=\"134\">Controle qu\u00edmico e Resist\u00eancia de Artr\u00f3podes a Agrot\u00f3xicos<\/td>\n<td style=\"text-align: center;height: 87px;width: 30%\" width=\"134\">Controle Biol\u00f3gico de Pragas<\/td>\n<\/tr>\n<tr style=\"height: 24px\">\n<td style=\"text-align: center;height: 24px;width: 16.3095%\" width=\"134\"><strong>09:30 \u2013 10:00<\/strong><\/td>\n<td style=\"text-align: center;height: 24px;width: 16.3095%\" width=\"134\">Coffee break<\/td>\n<td style=\"text-align: center;height: 24px;width: 16.3095%\" width=\"134\">Coffee break<\/td>\n<td style=\"text-align: center;height: 24px;width: 16.3095%\" width=\"134\">Coffee break<\/td>\n<td style=\"text-align: center;height: 24px;width: 16.3095%\" width=\"134\">Coffee break<\/td>\n<td style=\"text-align: center;height: 24px;width: 30%\" width=\"134\">Coffee break<\/td>\n<\/tr>\n<tr style=\"height: 128px\">\n<td style=\"text-align: center;height: 128px;width: 16.3095%\" width=\"134\"><strong>10:00 \u2013 12:00 <\/strong><\/td>\n<td style=\"text-align: center;height: 128px;width: 16.3095%\" width=\"134\">Controle Qu\u00edmico de Plantas Daninhas<\/td>\n<td style=\"text-align: center;height: 128px;width: 16.3095%\" width=\"134\">Controle Qu\u00edmico de Doen\u00e7as de Plantas e Resist\u00eancia de Fungos a Fungicidas<\/td>\n<td style=\"text-align: center;height: 128px;width: 16.3095%\" width=\"134\">Controle Biol\u00f3gico de Doen\u00e7as de Plantas<\/td>\n<td style=\"text-align: center;height: 128px;width: 16.3095%\" width=\"134\">Controle qu\u00edmico e Resist\u00eancia de Artr\u00f3podes a Agrot\u00f3xicos<\/td>\n<td style=\"text-align: center;height: 128px;width: 30%\" width=\"134\">Estat\u00edstica e Experimenta\u00e7\u00e3o Aplicadas \u00e0 Fitossanidade<\/td>\n<\/tr>\n<tr style=\"height: 45px\">\n<td style=\"text-align: center;height: 45px;width: 16.3095%\" width=\"134\"><strong>12:00 \u2013 14:00<\/strong><\/td>\n<td style=\"text-align: center;height: 45px;width: 16.3095%\" width=\"134\">Intervalo de almo\u00e7o<\/td>\n<td style=\"text-align: center;height: 45px;width: 16.3095%\" width=\"134\">Intervalo de almo\u00e7o<\/td>\n<td style=\"text-align: center;height: 45px;width: 16.3095%\" width=\"134\">Intervalo de almo\u00e7o<\/td>\n<td style=\"text-align: center;height: 45px;width: 16.3095%\" width=\"134\">Intervalo de almo\u00e7o<\/td>\n<td style=\"text-align: center;height: 45px;width: 30%\" width=\"134\">Intervalo de almo\u00e7o<\/td>\n<\/tr>\n<tr style=\"height: 128px\">\n<td style=\"text-align: center;height: 128px;width: 16.3095%\" width=\"134\"><strong>14:00 \u2013 16:00<\/strong><\/td>\n<td style=\"text-align: center;height: 128px;width: 16.3095%\" width=\"134\">Controle de Doen\u00e7as de Plantas<\/td>\n<td style=\"text-align: center;height: 128px;width: 16.3095%\" width=\"134\">Controle Qu\u00edmico de Doen\u00e7as de Plantas e Resist\u00eancia de Fungos a Fungicidas<\/td>\n<td style=\"text-align: center;height: 128px;width: 16.3095%\" width=\"134\">Controle qu\u00edmico e Resist\u00eancia de Artr\u00f3podes a Agrot\u00f3xicos<\/td>\n<td style=\"text-align: center;height: 128px;width: 16.3095%\" width=\"134\">Controle Biol\u00f3gico de Pragas<\/td>\n<td style=\"text-align: center;height: 128px;width: 30%\" width=\"134\">Estat\u00edstica e Experimenta\u00e7\u00e3o Aplicadas \u00e0 Fitossanidade<\/td>\n<\/tr>\n<tr style=\"height: 24px\">\n<td style=\"text-align: center;height: 24px;width: 16.3095%\" width=\"134\"><strong>16:00 \u2013 16:30<\/strong><\/td>\n<td style=\"text-align: center;height: 24px;width: 16.3095%\" width=\"134\">Coffee break<\/td>\n<td style=\"text-align: center;height: 24px;width: 16.3095%\" width=\"134\">Coffee break<\/td>\n<td style=\"text-align: center;height: 24px;width: 16.3095%\" width=\"134\">Coffee break<\/td>\n<td style=\"text-align: center;height: 24px;width: 16.3095%\" width=\"134\">Coffee break<\/td>\n<td style=\"text-align: center;height: 24px;width: 30%\" width=\"134\">Coffee break<\/td>\n<\/tr>\n<tr style=\"height: 24px\">\n<td style=\"text-align: center;height: 24px;width: 16.3095%\" width=\"134\"><strong>16:30 \u2013 18:00<\/strong><\/td>\n<td style=\"text-align: center;height: 24px;width: 16.3095%\" width=\"134\">Prova<\/td>\n<td style=\"text-align: center;height: 24px;width: 16.3095%\" width=\"134\">Prova<\/td>\n<td style=\"text-align: center;height: 24px;width: 16.3095%\" width=\"134\">Prova<\/td>\n<td style=\"text-align: center;height: 24px;width: 16.3095%\" width=\"134\">Prova<\/td>\n<td style=\"text-align: center;height: 24px;width: 30%\" width=\"134\">Prova<\/td>\n<\/tr>\n<\/tbody>\n<\/table>\n","protected":false},"excerpt":{"rendered":"<p>\u00a0ENCONTROS A DIST\u00c2NCIA\u00a0 Per\u00edodo Disciplinas Carga hor\u00e1ria (h) Professor (es) M\u00d3DULO 1 (1\u00basemestre) 01\/03 \u00e0 31\/03\/24 Ambienta\u00e7\u00e3o e envio de documenta\u00e7\u00e3o dos alunos pelo SIGA &#8211; PECCA 01\/04 \u00e0 02\/06\/24 Legisla\u00e7\u00e3o Fitossanit\u00e1ria 60 Renato Rezende Young Blood 15\/04 \u00e0 16\/06\/24 Fundamentos em Matologia 45 Arthur Arrobas Martins Barroso 29\/04 \u00e0 30\/06\/24 Fundamentos em Fitopatologia 60 [&hellip;]<\/p>\n","protected":false},"author":3,"featured_media":0,"parent":0,"menu_order":0,"comment_status":"closed","ping_status":"closed","template":"","meta":{"footnotes":""},"class_list":["post-9938","page","type-page","status-publish","hentry"],"_links":{"self":[{"href":"https:\/\/agrarias.ufpr.br\/pglsf\/wp-json\/wp\/v2\/pages\/9938","targetHints":{"allow":["GET"]}}],"collection":[{"href":"https:\/\/agrarias.ufpr.br\/pglsf\/wp-json\/wp\/v2\/pages"}],"about":[{"href":"https:\/\/agrarias.ufpr.br\/pglsf\/wp-json\/wp\/v2\/types\/page"}],"author":[{"embeddable":true,"href":"https:\/\/agrarias.ufpr.br\/pglsf\/wp-json\/wp\/v2\/users\/3"}],"replies":[{"embeddable":true,"href":"https:\/\/agrarias.ufpr.br\/pglsf\/wp-json\/wp\/v2\/comments?post=9938"}],"version-history":[{"count":10,"href":"https:\/\/agrarias.ufpr.br\/pglsf\/wp-json\/wp\/v2\/pages\/9938\/revisions"}],"predecessor-version":[{"id":10267,"href":"https:\/\/agrarias.ufpr.br\/pglsf\/wp-json\/wp\/v2\/pages\/9938\/revisions\/10267"}],"wp:attachment":[{"href":"https:\/\/agrarias.ufpr.br\/pglsf\/wp-json\/wp\/v2\/media?parent=9938"}],"curies":[{"name":"wp","href":"https:\/\/api.w.org\/{rel}","templated":true}]}}