{"id":9609,"date":"2022-08-31T19:10:30","date_gmt":"2022-08-31T19:10:30","guid":{"rendered":"https:\/\/agrarias.ufpr.br\/pglsf\/?page_id=9609"},"modified":"2025-10-14T17:07:01","modified_gmt":"2025-10-14T17:07:01","slug":"orientadores-de-tcc","status":"publish","type":"page","link":"https:\/\/agrarias.ufpr.br\/pglsf\/orientadores-de-tcc\/","title":{"rendered":"Orientadores de TCC"},"content":{"rendered":"\n<p class=\"has-text-align-left\">Os orientadores de TCC&nbsp;podem ser professores do curso, profissionais que participam do curso especificamente para a orienta\u00e7\u00e3o de TCC e profissionais externos ao curso desde que tenha no m\u00ednimo mestrado dentro da \u00e1rea pretendida para o TCC, e que seja aprovado pela coordena\u00e7\u00e3o do curso.<\/p>\n\n\n\n<p class=\"has-text-align-left\">O aluno dever\u00e1 preencher o formul\u00e1rio de orienta\u00e7\u00e3o de TCC dentro da disciplina Elabora\u00e7\u00e3o de TCC no UFPR Virtual como nome do poss\u00edvel orientador e se optar por n\u00e3o colocar a coordena\u00e7\u00e3o far\u00e1 a indica\u00e7\u00e3o. Assim que a proposta chegar a coordena\u00e7\u00e3o, ser\u00e1 aprovada ou n\u00e3o a indica\u00e7\u00e3o do orientador porque vai depender se o tema da proposta intressa ao orientador e tamb\u00e9m a disponibilidade de vagas de cada orientador. <\/p>\n\n\n\n<p class=\"has-text-align-center has-medium-font-size\"><strong><span style=\"color:#0d7327\" class=\"has-inline-color\">Professores do curso\/\u00c1rea de orienta\u00e7\u00e3o <\/span><\/strong><\/p>\n\n\n\n<p><strong>Entomologia<\/strong><\/p>\n\n\n\n<p><a href=\"https:\/\/agrarias.ufpr.br\/pglsf\/daniel-bernardi\/\" title=\"Daniel Bernardi&nbsp;\">Daniel Bernardi<\/a> (UFPel) &#8211; Entomologia Geral<\/p>\n\n\n\n<p><a href=\"https:\/\/agrarias.ufpr.br\/pglsf\/joatan-machado-da-rosa\/\">Joatan Machado da Rosa<\/a> (UFPR)  &#8211; Entomologia Geral <\/p>\n\n\n\n<p><a href=\"https:\/\/agrarias.ufpr.br\/pglsf\/maria-aparecida-cassilha-zawadneak\/\">Maria Aparecida Cassilha Zawadneak<\/a> (UFPR)  &#8211; Entomologia Geral <\/p>\n\n\n\n<p><strong>Estat\u00edstica Experimental<\/strong><\/p>\n\n\n\n<p><a href=\"https:\/\/agrarias.ufpr.br\/pglsf\/cristiano-nunes-nesi\/\">Cristiano Nunes Nesi<\/a> (EPAGRI)<\/p>\n\n\n\n<p><strong>Fitopatologia<\/strong><\/p>\n\n\n\n<p><a href=\"https:\/\/agrarias.ufpr.br\/pglsf\/henrique-da-silva-silveira-duarte\/\">Henrique da Silva Silveira Duarte<\/a> (UFPR) &#8211; Fitopatologia Geral <\/p>\n\n\n\n<p><a href=\"https:\/\/agrarias.ufpr.br\/pglsf\/louise-larissa-may-de-mio\/\">Louise Larissa May De Mio<\/a> (UFPR)  &#8211; Fitopatologia Geral  <\/p>\n\n\n\n<p><a href=\"https:\/\/agrarias.ufpr.br\/pglsf\/renata-faier-caleario\/\">Renata Faier Caleario<\/a> (UFPR)  &#8211; Fitopatologia Geral  <\/p>\n\n\n\n<p><a href=\"https:\/\/agrarias.ufpr.br\/pglsf\/sergio-miguel-mazaro\/\">S\u00e9rgio Miguel Mazaro<\/a> (UTFPR)  &#8211; Controle Biol\u00f3gico de Doen\u00e7as <\/p>\n\n\n\n<p><strong>Legisla\u00e7\u00e3o Fitossanit\u00e1ria<\/strong><\/p>\n\n\n\n<p><a href=\"https:\/\/agrarias.ufpr.br\/pglsf\/renato-rezende-young-blood\/\">Renato Rezende Young Blood<\/a> (ADAPAR)<\/p>\n\n\n\n<p><strong>Matologia<\/strong><\/p>\n\n\n\n<p><a href=\"https:\/\/agrarias.ufpr.br\/pglsf\/arthur-arrobas-martins-barroso\/\">Arthur Arrobas Martins Barroso<\/a> (UFPR) &#8211; Matologia Geral<\/p>\n\n\n\n<p><strong>Tecnologia de Aplica\u00e7\u00e3o de Produtos Qu\u00edmicos e Biol\u00f3gicos<\/strong><\/p>\n\n\n\n<p><a href=\"https:\/\/agrarias.ufpr.br\/pglsf\/rone-batista-de-oliveira\/\">Rone Batista de Oliveira<\/a> (UENP) &#8211; Tecnologia de Aplica\u00e7\u00e3o<\/p>\n\n\n\n<p class=\"has-text-align-center has-medium-font-size\"><strong><mark style=\"background-color:#ffffff;color:#0d7327\" class=\"has-inline-color\">Profissionais que participam do curso para orientar TCC\/\u00c1rea de orienta\u00e7\u00e3o <\/mark><\/strong><\/p>\n\n\n\n<p><strong>Entomologia<\/strong><\/p>\n\n\n\n<p><a href=\"http:\/\/lattes.cnpq.br\/7484933691702809\">Aline Pomari Fernandes<\/a> (UFPR) &#8211; Entomologia Geral<\/p>\n\n\n\n<p><a href=\"https:\/\/agrarias.ufpr.br\/pglsf\/ida-chapaval-pimentel\/\">Ida Chapaval Pimentel<\/a> (UFPR) &#8211; Entomologia Geral <\/p>\n\n\n\n<p><a href=\"http:\/\/lattes.cnpq.br\/3914682311979210\">Taciana Melissa de Azevedo Kuhn<\/a> (UFPR) &#8211; Entomologia Geral<\/p>\n\n\n\n<p><strong>Fitopatologia<\/strong><\/p>\n\n\n\n<p><a href=\"http:\/\/lattes.cnpq.br\/5148056238371706\">Alessandro Ant\u00f4nio Fortunato<\/a> (UFRR) &#8211; Fitopatologia Geral    <\/p>\n\n\n\n<p><a href=\"http:\/\/lattes.cnpq.br\/4520891454714141\">Alexandre Claus <\/a>(UFPR)  &#8211; Fitopatologia Geral   <\/p>\n\n\n\n<p><a href=\"http:\/\/lattes.cnpq.br\/0136907266339292\">Alexandre Sandri Capucho<\/a> (UNIVASF) &#8211; Doen\u00e7as de Frut\u00edferas<\/p>\n\n\n\n<p><a href=\"http:\/\/lattes.cnpq.br\/3853729166385893\">Aline Vanessa Sauer Zawadzki<\/a> (UENP) &#8211;  Fitopatologia Geral    <\/p>\n\n\n\n<p><a href=\"http:\/\/lattes.cnpq.br\/2077755323901652\">Daniel Debona<\/a> (UTFPR)  &#8211; Fitopatologia Geral  <\/p>\n\n\n\n<p><a href=\"http:\/\/lattes.cnpq.br\/0708684792682801\">Elizeu Junior da Silva<\/a> (Estudante de p\u00f3s-Doutorado da UFPR) &#8211; Fitopatologia Geral<\/p>\n\n\n\n<p><a href=\"http:\/\/lattes.cnpq.br\/5575064293529666\">Gabriel Koch<\/a> (Pesquisador da Epamig) &#8211; Fitopatologia Geral<\/p>\n\n\n\n<p><a href=\"http:\/\/lattes.cnpq.br\/2958280105639974\">Giovana Beger<\/a>  (Estudante de Doutorado da UFPR) &#8211; Fitopatologia Geral  <\/p>\n\n\n\n<p><a href=\"http:\/\/lattes.cnpq.br\/0268402791142051\">Heloisa Thomazi Kleina<\/a> (P\u00f3s doutoranda da UFPR)  &#8211; Fitopatologia Geral  <\/p>\n\n\n\n<p><a href=\"http:\/\/lattes.cnpq.br\/4382140574298409\">Leonardo Araujo<\/a> (EPAGRI) &#8211; Doen\u00e7as de Frut\u00edferas<\/p>\n\n\n\n<p><a href=\"http:\/\/lattes.cnpq.br\/2025795553778232\">Maria Cristina Canele Pappussi da Silva<\/a> (EPAGRI) &#8211; Doen\u00e7as do Milho<\/p>\n\n\n\n<p><a href=\"http:\/\/lattes.cnpq.br\/3352833548668460\">Murillo Lobo Junior<\/a> (EMBRAPA) &#8211; Doen\u00e7as do Feijoeiro<\/p>\n\n\n\n<p><a href=\"http:\/\/lattes.cnpq.br\/7107019485930642\">Natasha Akemi Hamada<\/a> (IFPR)  &#8211; Fitopatologia Geral    <\/p>\n\n\n\n<p><a href=\"http:\/\/lattes.cnpq.br\/5306056896233769\">Patr\u00edcia Gon\u00e7alves Castro Cabral <\/a>(IFSert\u00e3o\/Fitopatologia)<\/p>\n\n\n\n<p><a href=\"http:\/\/lattes.cnpq.br\/8261047896794489\">Paulo Afonso Ferreira<\/a> (UFMT) &#8211; Nematologia<\/p>\n\n\n\n<p><strong>Matologia<\/strong><\/p>\n\n\n\n<p><a href=\"https:\/\/agrarias.ufpr.br\/pglsf\/alfredo-junior-paiola-albrecht\/\">Alfredo Junior Paiola Albrecht<\/a> (UFPR) &#8211; Matologia Geral<\/p>\n\n\n\n<p><a href=\"http:\/\/lattes.cnpq.br\/4608185787860314\">Leandro Paiola Albrecht<\/a>  (UFPR) &#8211; Matologia Geral <\/p>\n\n\n\n<p><strong>Tecnologia de Aplica\u00e7\u00e3o  <strong>de Produtos Qu\u00edmicos e Biol\u00f3gicos<\/strong> <\/strong><\/p>\n\n\n\n<p><a href=\"http:\/\/lattes.cnpq.br\/4422236207728652\">Adenilson de Souza da Silva<\/a>&nbsp;(UENP-NITEC) &#8211; Tecnologia de Aplica\u00e7\u00e3o<\/p>\n\n\n\n<p><a href=\"http:\/\/lattes.cnpq.br\/5148056238371706\">Alessandro Ant\u00f4nio Fortunato<\/a> (UFRR) &#8211; Tecnologia de Aplica\u00e7\u00e3o<\/p>\n\n\n\n<p><a href=\"http:\/\/lattes.cnpq.br\/1606343098085432\">Samir Paulo Jasper<\/a> (UFPR) &#8211; Tecnologia de Aplica\u00e7\u00e3o<\/p>\n\n\n\n<p><a href=\"http:\/\/lattes.cnpq.br\/1688425853433048\">Vitor Carvalho Ribeiro de Ara\u00fajo<\/a> (UFPR\/Tecnologia de Aplica\u00e7\u00e3o)<\/p>\n\n\n\n<p><\/p>\n\n\n\n<p><\/p>\n\n\n\n<p><\/p>\n\n\n\n<p><\/p>\n\n\n\n<p><\/p>\n","protected":false},"excerpt":{"rendered":"<p>Os orientadores de TCC&nbsp;podem ser professores do curso, profissionais que participam do curso especificamente para a orienta\u00e7\u00e3o de TCC e profissionais externos ao curso desde que tenha no m\u00ednimo mestrado dentro da \u00e1rea pretendida para o TCC, e que seja aprovado pela coordena\u00e7\u00e3o do curso. O aluno dever\u00e1 preencher o formul\u00e1rio de orienta\u00e7\u00e3o de TCC [&hellip;]<\/p>\n","protected":false},"author":3,"featured_media":0,"parent":0,"menu_order":0,"comment_status":"closed","ping_status":"closed","template":"","meta":{"footnotes":""},"class_list":["post-9609","page","type-page","status-publish","hentry"],"_links":{"self":[{"href":"https:\/\/agrarias.ufpr.br\/pglsf\/wp-json\/wp\/v2\/pages\/9609","targetHints":{"allow":["GET"]}}],"collection":[{"href":"https:\/\/agrarias.ufpr.br\/pglsf\/wp-json\/wp\/v2\/pages"}],"about":[{"href":"https:\/\/agrarias.ufpr.br\/pglsf\/wp-json\/wp\/v2\/types\/page"}],"author":[{"embeddable":true,"href":"https:\/\/agrarias.ufpr.br\/pglsf\/wp-json\/wp\/v2\/users\/3"}],"replies":[{"embeddable":true,"href":"https:\/\/agrarias.ufpr.br\/pglsf\/wp-json\/wp\/v2\/comments?post=9609"}],"version-history":[{"count":53,"href":"https:\/\/agrarias.ufpr.br\/pglsf\/wp-json\/wp\/v2\/pages\/9609\/revisions"}],"predecessor-version":[{"id":10473,"href":"https:\/\/agrarias.ufpr.br\/pglsf\/wp-json\/wp\/v2\/pages\/9609\/revisions\/10473"}],"wp:attachment":[{"href":"https:\/\/agrarias.ufpr.br\/pglsf\/wp-json\/wp\/v2\/media?parent=9609"}],"curies":[{"name":"wp","href":"https:\/\/api.w.org\/{rel}","templated":true}]}}