{"id":9607,"date":"2022-08-31T19:09:57","date_gmt":"2022-08-31T19:09:57","guid":{"rendered":"https:\/\/agrarias.ufpr.br\/pglsf\/?page_id=9607"},"modified":"2025-10-10T15:53:05","modified_gmt":"2025-10-10T15:53:05","slug":"palestrantes","status":"publish","type":"page","link":"https:\/\/agrarias.ufpr.br\/pglsf\/palestrantes\/","title":{"rendered":"Palestrantes"},"content":{"rendered":"\n<p><a href=\"http:\/\/lattes.cnpq.br\/7329418125245335\">Adeney de Freitas Bueno<\/a>  (EMBRAPA Soja\/Entomologia) <\/p>\n\n\n\n<p><a href=\"http:\/\/lattes.cnpq.br\/4422236207728652\">Adenilson de Souza da Silva<\/a> (UENP-NITEC\/Tecnologia de Aplica\u00e7\u00e3o)<\/p>\n\n\n\n<p><a href=\"http:\/\/lattes.cnpq.br\/5462236966743601\">Adriano Augusto de Paiva Cust\u00f3dio<\/a> (IDR-PR\/Fitopatologia)<\/p>\n\n\n\n<p><a href=\"http:\/\/lattes.cnpq.br\/3279388981454715\">Adriano Thibes Hoshino<\/a> (UEL\/Entomologia)<\/p>\n\n\n\n<p><a href=\"http:\/\/lattes.cnpq.br\/4520891454714141\">Alexandre Claus<\/a> (UFPR\/Fitopatologia)<\/p>\n\n\n\n<p><a href=\"http:\/\/lattes.cnpq.br\/2567582971674205\">Alfredo Junior Paiola Albrecht<\/a> (UFPR\/Matologia)<\/p>\n\n\n\n<p><a href=\"http:\/\/lattes.cnpq.br\/4913964573434149\">Ana Paula Gon\u00e7alves da Silva Wengrat<\/a>&nbsp;(UENP\/Entomologia)<\/p>\n\n\n\n<p><a href=\"https:\/\/www.linkedin.com\/in\/andersonjesus\/?originalSubdomain=br\">Anderson Souza de Jesus<\/a> (Gestor da DESATA &#8211; Juma-Agro\/Tecnologia de Aplica\u00e7\u00e3o)<\/p>\n\n\n\n<p><a href=\"http:\/\/lattes.cnpq.br\/7176435560478135\">Claudia Vieira Godoy<\/a> (Pesquisadora da Embrapa Soja\/Fitopatologia)<\/p>\n\n\n\n<p><a href=\"http:\/\/lattes.cnpq.br\/2077755323901652\">Daniel Debona<\/a> (Pesquisador na Fitolab P &amp;&nbsp;D&nbsp;Agr\u00edcola\/Fitopatologia)<\/p>\n\n\n\n<p><a href=\"http:\/\/lattes.cnpq.br\/1324217146714232\">Dion\u00edsio Luiz Pisa Gazziero<\/a> (EMBRAPA Soja\/Matologia)<\/p>\n\n\n\n<p><a href=\"http:\/\/lattes.cnpq.br\/4999862994006825\">Ederson Marcos Sgarbi<\/a> (UENP-NITEC\/Tecnologia de Aplica\u00e7\u00e3o)<\/p>\n\n\n\n<p><a href=\"http:\/\/lattes.cnpq.br\/2368695239114670\">Eliezer Antonio Gheno<\/a> (Cooperativa Agropecu\u00e1ria e Industrial Celeiro do Norte &#8211; MT\/Matologia)<\/p>\n\n\n\n<p><a href=\"https:\/\/www.escavador.com\/sobre\/2221066\/elisangeles-baptista-de-souza\">Elisangeles Baptista de Souza<\/a> (Engenheira Agr\u00f4noma-Sistema FAEP\/Legisla\u00e7\u00e3o Fitossanit\u00e1ria)<\/p>\n\n\n\n<p><a href=\"http:\/\/lattes.cnpq.br\/1914466350758724\">Geraldo Jos\u00e9 Silva Junior<\/a> (FUNDECITRUS\/Fitopatologia)<\/p>\n\n\n\n<p><a href=\"https:\/\/www.linkedin.com\/in\/josecarlosdacostajr\/\">Jos\u00e9 Carlos da Costa Junior<\/a> (Andermatt Brasil\/Entomologia)<\/p>\n\n\n\n<p><a href=\"https:\/\/www.linkedin.com\/in\/jos%C3%A9-fernando-jurca-grigolli-571358aa\/\">Jos\u00e9 Fernando Jurca Grigolli<\/a>&nbsp;(S\u00f3cio propriet\u00e1rio e Pesquisador de Prote\u00e7\u00e3o de Plantas\/Entomologia)<\/p>\n\n\n\n<p><a href=\"http:\/\/lattes.cnpq.br\/3050306797182001\">Juliana Marcolino Gomes<\/a> (Biotrop\/Entomologia)<\/p>\n\n\n\n<p><a href=\"http:\/\/lattes.cnpq.br\/4608185787860314\">Leandro Paiola Albrecht<\/a> (UFPR\/Matologia) <\/p>\n\n\n\n<p><a href=\"http:\/\/lattes.cnpq.br\/4382140574298409\">Leonardo Araujo<\/a> (EPAGRI\/Fitopatologia)<\/p>\n\n\n\n<p><a href=\"http:\/\/lattes.cnpq.br\/2025795553778232\">Maria Cristina Canele Pappussi da Silva<\/a> (EPAGRI\/Fitopatologia) <\/p>\n\n\n\n<p><a href=\"http:\/\/lattes.cnpq.br\/3111763074539772\">Marcos Botton<\/a>  (EMBRAPA Uva e vinho\/Entomologia)  <\/p>\n\n\n\n<p><a href=\"http:\/\/lattes.cnpq.br\/3352833548668460\">Murillo Lobo Junior<\/a> (EMBRAPA Arroz e feij\u00e3o\/Fitopatologia)<\/p>\n\n\n\n<p><a href=\"http:\/\/lattes.cnpq.br\/2162391828949583\">Orcial Ceolin Bortolotto<\/a> &#8211; UEPG\/Entomologia)<\/p>\n\n\n\n<p><a href=\"http:\/\/lattes.cnpq.br\/8261047896794489\">Paulo Afonso Ferreira<\/a> (UFMT\/Fitopatologia)<\/p>\n\n\n\n<p><a href=\"https:\/\/www.linkedin.com\/in\/paulo-roberto-garollo-079955199\/?originalSubdomain=br\">Paulo Roberto Garollo<\/a> (BAYER\/Entomologia)<\/p>\n\n\n\n<p><a href=\"https:\/\/www.linkedin.com\/in\/reinaldo-nicolav\/\">Reinaldo Nicolav <\/a>(Executivo em Investiga\u00e7\u00f5es e Seguran\u00e7a do Produto \u2013 Bayer)<\/p>\n\n\n\n<p><a href=\"http:\/\/lattes.cnpq.br\/6204200065048092\">Valmir Duarte<\/a> (AGRON\u00d4MICA\/Fitopatologia)<\/p>\n\n\n\n<p><a href=\"http:\/\/lattes.cnpq.br\/1688425853433048\">Vitor Carvalho Ribeiro de Ara\u00fajo<\/a> (UFPR\/Tecnologia de Aplica\u00e7\u00e3o)<\/p>\n","protected":false},"excerpt":{"rendered":"<p>Adeney de Freitas Bueno (EMBRAPA Soja\/Entomologia) Adenilson de Souza da Silva (UENP-NITEC\/Tecnologia de Aplica\u00e7\u00e3o) Adriano Augusto de Paiva Cust\u00f3dio (IDR-PR\/Fitopatologia) Adriano Thibes Hoshino (UEL\/Entomologia) Alexandre Claus (UFPR\/Fitopatologia) Alfredo Junior Paiola Albrecht (UFPR\/Matologia) Ana Paula Gon\u00e7alves da Silva Wengrat&nbsp;(UENP\/Entomologia) Anderson Souza de Jesus (Gestor da DESATA &#8211; Juma-Agro\/Tecnologia de Aplica\u00e7\u00e3o) Claudia Vieira Godoy (Pesquisadora da Embrapa [&hellip;]<\/p>\n","protected":false},"author":3,"featured_media":0,"parent":0,"menu_order":0,"comment_status":"closed","ping_status":"closed","template":"","meta":{"footnotes":""},"class_list":["post-9607","page","type-page","status-publish","hentry"],"_links":{"self":[{"href":"https:\/\/agrarias.ufpr.br\/pglsf\/wp-json\/wp\/v2\/pages\/9607","targetHints":{"allow":["GET"]}}],"collection":[{"href":"https:\/\/agrarias.ufpr.br\/pglsf\/wp-json\/wp\/v2\/pages"}],"about":[{"href":"https:\/\/agrarias.ufpr.br\/pglsf\/wp-json\/wp\/v2\/types\/page"}],"author":[{"embeddable":true,"href":"https:\/\/agrarias.ufpr.br\/pglsf\/wp-json\/wp\/v2\/users\/3"}],"replies":[{"embeddable":true,"href":"https:\/\/agrarias.ufpr.br\/pglsf\/wp-json\/wp\/v2\/comments?post=9607"}],"version-history":[{"count":43,"href":"https:\/\/agrarias.ufpr.br\/pglsf\/wp-json\/wp\/v2\/pages\/9607\/revisions"}],"predecessor-version":[{"id":10417,"href":"https:\/\/agrarias.ufpr.br\/pglsf\/wp-json\/wp\/v2\/pages\/9607\/revisions\/10417"}],"wp:attachment":[{"href":"https:\/\/agrarias.ufpr.br\/pglsf\/wp-json\/wp\/v2\/media?parent=9607"}],"curies":[{"name":"wp","href":"https:\/\/api.w.org\/{rel}","templated":true}]}}