{"id":9589,"date":"2022-08-31T18:27:35","date_gmt":"2022-08-31T18:27:35","guid":{"rendered":"https:\/\/agrarias.ufpr.br\/pglsf\/?page_id=9589"},"modified":"2026-02-05T14:18:15","modified_gmt":"2026-02-05T14:18:15","slug":"daniel-bernardi","status":"publish","type":"page","link":"https:\/\/agrarias.ufpr.br\/pglsf\/daniel-bernardi\/","title":{"rendered":"Daniel Bernardi\u00a0"},"content":{"rendered":"\n<p class=\"titulo_pagina\">Prof. do Departamento de Fitossanidade da Universidade Federal de Pelotas (UFPel)<\/p>\n\n\n\n<p><b>Forma\u00e7\u00e3o Acad\u00eamica&nbsp;<\/b><\/p>\n\n\n\n<p>Dr. em Entomologia, USP\/ESALQ (2015)<\/p>\n\n\n\n<p>M.Sc. em Fitossanidade, UFPel (2011)<\/p>\n\n\n\n<p>Eng. Agr\u00f4nomo, UFPel (2008)<\/p>\n\n\n\n<p><strong>\u00c1rea de Atua\u00e7\u00e3o&nbsp;<\/strong><\/p>\n\n\n\n<p>Entomologia<\/p>\n\n\n\n<p><strong>Disciplinas Ministradas<\/strong><\/p>\n\n\n\n<p><a href=\"https:\/\/agrarias.ufpr.br\/pglsf\/controle-biologico-de-insetos-praga\/\">Controle Biol\u00f3gico de Insetos-Praga<\/a><\/p>\n\n\n\n<p><a href=\"https:\/\/agrarias.ufpr.br\/pglsf\/controle-quimico-e-resistencia-de-artropodes-a-agrotoxicos\/\">Controle Qu\u00edmico e Resist\u00eancia de Artr\u00f3podes \u00e0 Agrot\u00f3xicos<\/a><\/p>\n\n\n\n<p><a href=\"https:\/\/agrarias.ufpr.br\/pglsf\/tcc\/\">Orientador de Trabalho de Conclus\u00e3o de Curso (TCC)<\/a><\/p>\n\n\n\n<p><strong>Publica\u00e7\u00f5es<\/strong><\/p>\n\n\n\n<p><strong><a href=\"http:\/\/lattes.cnpq.br\/0133638982263969\"><img loading=\"lazy\" decoding=\"async\" class=\"alignnone wp-image-742\" src=\"https:\/\/agrarias.ufpr.br\/fitotecnia\/wp-content\/uploads\/sites\/26\/2016\/03\/icon_lattes.png\" alt=\"icon_lattes\" width=\"30\" height=\"29\"><\/a>&nbsp;<\/strong><a href=\"http:\/\/lattes.cnpq.br\/0133638982263969\"><strong>Lattes<\/strong><\/a>&nbsp;<strong><a href=\"https:\/\/www.researchgate.net\/profile\/Daniel-Bernardi\"><img loading=\"lazy\" decoding=\"async\" class=\"alignnone wp-image-1136 size-full\" src=\"https:\/\/agrarias.ufpr.br\/fitotecnia\/wp-content\/uploads\/sites\/26\/2016\/03\/apple-touch-icon-180x180-e1459453504744.png\" alt=\"apple-touch-icon-180x180\" width=\"29\" height=\"29\">&nbsp;<\/a><\/strong><a href=\"https:\/\/www.researchgate.net\/profile\/Daniel-Bernardi\"><strong>Research Gate<\/strong><\/a>&nbsp;<strong><a href=\"https:\/\/orcid.org\/0000-0003-4495-2575\"><img loading=\"lazy\" decoding=\"async\" class=\"alignnone wp-image-3360\" src=\"https:\/\/agrarias.ufpr.br\/pgapv\/wp-content\/uploads\/sites\/39\/2021\/02\/unnamed.jpg\" alt=\"\" width=\"93\" height=\"37\"><\/a><\/strong><\/p>\n\n\n\n<p><strong>Contatos<\/strong><\/p>\n\n\n\n<p><img loading=\"lazy\" decoding=\"async\" class=\"alignnone wp-image-757\" src=\"https:\/\/agrarias.ufpr.br\/fitotecnia\/wp-content\/uploads\/sites\/26\/2016\/03\/email-small-.jpg\" alt=\"email small\" width=\"22\" height=\"22\"> dbernardi2004@yahoo.com.br<\/p>\n\n\n\n<p><img loading=\"lazy\" decoding=\"async\" class=\"wp-image-758 alignnone\" src=\"https:\/\/agrarias.ufpr.br\/fitotecnia\/wp-content\/uploads\/sites\/26\/2016\/03\/telefone.png\" alt=\"telefone\" width=\"22\" height=\"22\"> (53) 3275-7382<\/p>\n","protected":false},"excerpt":{"rendered":"<p>Prof. do Departamento de Fitossanidade da Universidade Federal de Pelotas (UFPel) Forma\u00e7\u00e3o Acad\u00eamica&nbsp; Dr. em Entomologia, USP\/ESALQ (2015) M.Sc. em Fitossanidade, UFPel (2011) Eng. Agr\u00f4nomo, UFPel (2008) \u00c1rea de Atua\u00e7\u00e3o&nbsp; Entomologia Disciplinas Ministradas Controle Biol\u00f3gico de Insetos-Praga Controle Qu\u00edmico e Resist\u00eancia de Artr\u00f3podes \u00e0 Agrot\u00f3xicos Orientador de Trabalho de Conclus\u00e3o de Curso (TCC) Publica\u00e7\u00f5es &nbsp;Lattes&nbsp;&nbsp;Research [&hellip;]<\/p>\n","protected":false},"author":3,"featured_media":0,"parent":0,"menu_order":0,"comment_status":"closed","ping_status":"closed","template":"","meta":{"footnotes":""},"class_list":["post-9589","page","type-page","status-publish","hentry"],"_links":{"self":[{"href":"https:\/\/agrarias.ufpr.br\/pglsf\/wp-json\/wp\/v2\/pages\/9589","targetHints":{"allow":["GET"]}}],"collection":[{"href":"https:\/\/agrarias.ufpr.br\/pglsf\/wp-json\/wp\/v2\/pages"}],"about":[{"href":"https:\/\/agrarias.ufpr.br\/pglsf\/wp-json\/wp\/v2\/types\/page"}],"author":[{"embeddable":true,"href":"https:\/\/agrarias.ufpr.br\/pglsf\/wp-json\/wp\/v2\/users\/3"}],"replies":[{"embeddable":true,"href":"https:\/\/agrarias.ufpr.br\/pglsf\/wp-json\/wp\/v2\/comments?post=9589"}],"version-history":[{"count":6,"href":"https:\/\/agrarias.ufpr.br\/pglsf\/wp-json\/wp\/v2\/pages\/9589\/revisions"}],"predecessor-version":[{"id":10582,"href":"https:\/\/agrarias.ufpr.br\/pglsf\/wp-json\/wp\/v2\/pages\/9589\/revisions\/10582"}],"wp:attachment":[{"href":"https:\/\/agrarias.ufpr.br\/pglsf\/wp-json\/wp\/v2\/media?parent=9589"}],"curies":[{"name":"wp","href":"https:\/\/api.w.org\/{rel}","templated":true}]}}