{"id":9314,"date":"2021-04-28T12:22:14","date_gmt":"2021-04-28T12:22:14","guid":{"rendered":"https:\/\/agrarias.ufpr.br\/pglsf\/?page_id=9314"},"modified":"2021-07-28T18:49:07","modified_gmt":"2021-07-28T18:49:07","slug":"walmes-marques-zeviani","status":"publish","type":"page","link":"https:\/\/agrarias.ufpr.br\/pglsf\/walmes-marques-zeviani\/","title":{"rendered":"Walmes Marques Zeviani"},"content":{"rendered":"<p>Prof. do Departamento de Estat\u00edstica\u00a0da Universidade Federal do Paran\u00e1 (UFPR)<\/p>\n<p><strong><b>Forma\u00e7\u00e3o Acad\u00eamica<\/b><\/strong><\/p>\n<p>Dr. em Estat\u00edstica e Experimenta\u00e7\u00e3o Agropecu\u00e1ria, UFLA (2013)<\/p>\n<p>M.Sc. Estat\u00edstica e Experimenta\u00e7\u00e3o Agropecu\u00e1ria, UFLA (2009)<\/p>\n<p>Eng. Agr\u00f4nomo, UFGD (2007)<\/p>\n<p><strong><b>\u00c1rea de Atua\u00e7\u00e3o<\/b><\/strong><\/p>\n<p>Estat\u00edstica Experimental<\/p>\n<p><strong><b>Disciplina Ministrada<\/b><\/strong><\/p>\n<p><a href=\"https:\/\/agrarias.ufpr.br\/pglsf\/tcc\/\">Orientador de Trabalho de Conclus\u00e3o de Curso (TCC)<\/a><\/p>\n<p><strong><b>Publica\u00e7\u00f5es<\/b><\/strong><\/p>\n<p><a href=\"http:\/\/lattes.cnpq.br\/4410617539281650\"><strong><b><img loading=\"lazy\" decoding=\"async\" class=\"alignnone wp-image-742\" src=\"https:\/\/agrarias.ufpr.br\/fitotecnia\/wp-content\/uploads\/sites\/26\/2016\/03\/icon_lattes.png\" alt=\"icon_lattes\" width=\"30\" height=\"29\" \/>\u00a0<\/b><\/strong><\/a><a href=\"http:\/\/lattes.cnpq.br\/4410617539281650\"><strong><b>Lattes<\/b><\/strong><\/a><strong><b>\u00a0 \u00a0<a href=\"https:\/\/www.researchgate.net\/profile\/Walmes-Zeviani-2\"><img loading=\"lazy\" decoding=\"async\" class=\"alignnone wp-image-1136 size-full\" src=\"https:\/\/agrarias.ufpr.br\/fitotecnia\/wp-content\/uploads\/sites\/26\/2016\/03\/apple-touch-icon-180x180-e1459453504744.png\" alt=\"apple-touch-icon-180x180\" width=\"29\" height=\"29\" \/>\u00a0<\/a><\/b><\/strong><a href=\"https:\/\/www.researchgate.net\/profile\/Walmes-Zeviani-2\"><strong><b>Research Gate\u00a0\u00a0<\/b><\/strong><\/a><a href=\"https:\/\/orcid.org\/0000-0001-5503-8565\"><img loading=\"lazy\" decoding=\"async\" class=\"alignnone wp-image-3185\" src=\"https:\/\/agrarias.ufpr.br\/pgapv\/wp-content\/uploads\/sites\/39\/2021\/02\/unnamed.jpg\" alt=\"\" width=\"93\" height=\"37\" \/><\/a><\/p>\n<p><strong>Contatos<\/strong><\/p>\n<p><img decoding=\"async\" src=\"https:\/\/agrarias.ufpr.br\/fitotecnia\/wp-content\/uploads\/sites\/26\/2016\/03\/email-small-.jpg\" alt=\"email small\" \/>\u00a0walmes@ufpr.br<\/p>\n<p><img loading=\"lazy\" decoding=\"async\" class=\"wp-image-758 alignnone\" src=\"https:\/\/agrarias.ufpr.br\/fitotecnia\/wp-content\/uploads\/sites\/26\/2016\/03\/telefone.png\" alt=\"telefone\" width=\"22\" height=\"22\" \/> (41) 3361-3573<\/p>\n","protected":false},"excerpt":{"rendered":"<p>Prof. do Departamento de Estat\u00edstica\u00a0da Universidade Federal do Paran\u00e1 (UFPR) Forma\u00e7\u00e3o Acad\u00eamica Dr. em Estat\u00edstica e Experimenta\u00e7\u00e3o Agropecu\u00e1ria, UFLA (2013) M.Sc. Estat\u00edstica e Experimenta\u00e7\u00e3o Agropecu\u00e1ria, UFLA (2009) Eng. Agr\u00f4nomo, UFGD (2007) \u00c1rea de Atua\u00e7\u00e3o Estat\u00edstica Experimental Disciplina Ministrada Orientador de Trabalho de Conclus\u00e3o de Curso (TCC) Publica\u00e7\u00f5es \u00a0Lattes\u00a0 \u00a0\u00a0Research Gate\u00a0\u00a0 Contatos \u00a0walmes@ufpr.br (41) 3361-3573<\/p>\n","protected":false},"author":3,"featured_media":0,"parent":0,"menu_order":0,"comment_status":"closed","ping_status":"closed","template":"","meta":{"footnotes":""},"class_list":["post-9314","page","type-page","status-publish","hentry"],"_links":{"self":[{"href":"https:\/\/agrarias.ufpr.br\/pglsf\/wp-json\/wp\/v2\/pages\/9314","targetHints":{"allow":["GET"]}}],"collection":[{"href":"https:\/\/agrarias.ufpr.br\/pglsf\/wp-json\/wp\/v2\/pages"}],"about":[{"href":"https:\/\/agrarias.ufpr.br\/pglsf\/wp-json\/wp\/v2\/types\/page"}],"author":[{"embeddable":true,"href":"https:\/\/agrarias.ufpr.br\/pglsf\/wp-json\/wp\/v2\/users\/3"}],"replies":[{"embeddable":true,"href":"https:\/\/agrarias.ufpr.br\/pglsf\/wp-json\/wp\/v2\/comments?post=9314"}],"version-history":[{"count":9,"href":"https:\/\/agrarias.ufpr.br\/pglsf\/wp-json\/wp\/v2\/pages\/9314\/revisions"}],"predecessor-version":[{"id":9485,"href":"https:\/\/agrarias.ufpr.br\/pglsf\/wp-json\/wp\/v2\/pages\/9314\/revisions\/9485"}],"wp:attachment":[{"href":"https:\/\/agrarias.ufpr.br\/pglsf\/wp-json\/wp\/v2\/media?parent=9314"}],"curies":[{"name":"wp","href":"https:\/\/api.w.org\/{rel}","templated":true}]}}