{"id":9069,"date":"2021-04-15T16:43:16","date_gmt":"2021-04-15T16:43:16","guid":{"rendered":"https:\/\/agrarias.ufpr.br\/pglsf\/?page_id=9069"},"modified":"2026-02-05T14:18:52","modified_gmt":"2026-02-05T14:18:52","slug":"sergio-miguel-mazaro","status":"publish","type":"page","link":"https:\/\/agrarias.ufpr.br\/pglsf\/sergio-miguel-mazaro\/","title":{"rendered":"S\u00e9rgio Miguel Mazaro"},"content":{"rendered":"\n<p>Prof. da Universidade Tecnol\u00f3gica Federal do Paran\u00e1 (UTFPR)<\/p>\n\n\n\n<p><strong>Forma\u00e7\u00e3o Acad\u00eamica<\/strong><\/p>\n\n\n\n<p>Dr. em Agronomia Produ\u00e7\u00e3o Vegetal, UFPR (2007)<\/p>\n\n\n\n<p>M.Sc. em Agronomia, UFSM (1998)<\/p>\n\n\n\n<p>Eng. Agr\u00f4nomo, UFSM (1996)<\/p>\n\n\n\n<p><strong>\u00c1rea de Atua\u00e7\u00e3o<\/strong><\/p>\n\n\n\n<p>Fitopatologia<\/p>\n\n\n\n<p><strong>Disciplinas Ministradas<\/strong><\/p>\n\n\n\n<p><a href=\"https:\/\/agrarias.ufpr.br\/pglsf\/controle-biologico-de-doencas\/\">Controle Biol\u00f3gico de Doen\u00e7as de Plantas<\/a><\/p>\n\n\n\n<p><a href=\"https:\/\/agrarias.ufpr.br\/pglsf\/tcc\/\">Orientador de Trabalho de Conclus\u00e3o de Curso (TCC)<\/a><\/p>\n\n\n\n<p><strong>Publica\u00e7\u00f5es<\/strong><\/p>\n\n\n\n<p><strong><a href=\"http:\/\/lattes.cnpq.br\/4271660992059925\"><img loading=\"lazy\" decoding=\"async\" class=\"alignnone wp-image-742\" src=\"https:\/\/agrarias.ufpr.br\/fitotecnia\/wp-content\/uploads\/sites\/26\/2016\/03\/icon_lattes.png\" alt=\"icon_lattes\" width=\"30\" height=\"29\"><\/a>&nbsp;<span style=\"color: #008000\"><a style=\"color: #008000\" href=\"http:\/\/lattes.cnpq.br\/4271660992059925\">Lattes&nbsp;<\/a><\/span>&nbsp;&nbsp;<a href=\"https:\/\/www.researchgate.net\/profile\/Sergio-Mazaro\"><img loading=\"lazy\" decoding=\"async\" class=\"alignnone wp-image-1136 size-full\" src=\"https:\/\/agrarias.ufpr.br\/fitotecnia\/wp-content\/uploads\/sites\/26\/2016\/03\/apple-touch-icon-180x180-e1459453504744.png\" alt=\"apple-touch-icon-180x180\" width=\"29\" height=\"29\"><\/a>&nbsp;<a href=\"https:\/\/www.researchgate.net\/profile\/Sergio-Mazaro\"><span style=\"color: #008000\">Research Gate<\/span><\/a>&nbsp;<a href=\"https:\/\/orcid.org\/0000-0003-2787-9409\"><img loading=\"lazy\" decoding=\"async\" class=\"alignnone wp-image-3185\" src=\"https:\/\/agrarias.ufpr.br\/pgapv\/wp-content\/uploads\/sites\/39\/2021\/02\/unnamed.jpg\" alt=\"\" width=\"93\" height=\"37\"><\/a><\/strong><\/p>\n\n\n\n<p><strong>Contatos<\/strong><\/p>\n\n\n\n<p><img loading=\"lazy\" decoding=\"async\" class=\"alignnone wp-image-757\" src=\"https:\/\/agrarias.ufpr.br\/fitotecnia\/wp-content\/uploads\/sites\/26\/2016\/03\/email-small-.jpg\" alt=\"email small\" width=\"22\" height=\"22\">&nbsp;sergio@utfpr.edu.br<\/p>\n\n\n\n<p><img loading=\"lazy\" decoding=\"async\" class=\"wp-image-758 alignnone\" src=\"https:\/\/agrarias.ufpr.br\/fitotecnia\/wp-content\/uploads\/sites\/26\/2016\/03\/telefone.png\" alt=\"telefone\" width=\"22\" height=\"22\">&nbsp;(46) 3536-8900<\/p>\n","protected":false},"excerpt":{"rendered":"<p>Prof. da Universidade Tecnol\u00f3gica Federal do Paran\u00e1 (UTFPR) Forma\u00e7\u00e3o Acad\u00eamica Dr. em Agronomia Produ\u00e7\u00e3o Vegetal, UFPR (2007) M.Sc. em Agronomia, UFSM (1998) Eng. Agr\u00f4nomo, UFSM (1996) \u00c1rea de Atua\u00e7\u00e3o Fitopatologia Disciplinas Ministradas Controle Biol\u00f3gico de Doen\u00e7as de Plantas Orientador de Trabalho de Conclus\u00e3o de Curso (TCC) Publica\u00e7\u00f5es &nbsp;Lattes&nbsp;&nbsp;&nbsp;&nbsp;Research Gate&nbsp; Contatos &nbsp;sergio@utfpr.edu.br &nbsp;(46) 3536-8900<\/p>\n","protected":false},"author":3,"featured_media":0,"parent":0,"menu_order":0,"comment_status":"closed","ping_status":"closed","template":"","meta":{"footnotes":""},"class_list":["post-9069","page","type-page","status-publish","hentry"],"_links":{"self":[{"href":"https:\/\/agrarias.ufpr.br\/pglsf\/wp-json\/wp\/v2\/pages\/9069","targetHints":{"allow":["GET"]}}],"collection":[{"href":"https:\/\/agrarias.ufpr.br\/pglsf\/wp-json\/wp\/v2\/pages"}],"about":[{"href":"https:\/\/agrarias.ufpr.br\/pglsf\/wp-json\/wp\/v2\/types\/page"}],"author":[{"embeddable":true,"href":"https:\/\/agrarias.ufpr.br\/pglsf\/wp-json\/wp\/v2\/users\/3"}],"replies":[{"embeddable":true,"href":"https:\/\/agrarias.ufpr.br\/pglsf\/wp-json\/wp\/v2\/comments?post=9069"}],"version-history":[{"count":7,"href":"https:\/\/agrarias.ufpr.br\/pglsf\/wp-json\/wp\/v2\/pages\/9069\/revisions"}],"predecessor-version":[{"id":10590,"href":"https:\/\/agrarias.ufpr.br\/pglsf\/wp-json\/wp\/v2\/pages\/9069\/revisions\/10590"}],"wp:attachment":[{"href":"https:\/\/agrarias.ufpr.br\/pglsf\/wp-json\/wp\/v2\/media?parent=9069"}],"curies":[{"name":"wp","href":"https:\/\/api.w.org\/{rel}","templated":true}]}}