{"id":9066,"date":"2021-04-15T16:42:30","date_gmt":"2021-04-15T16:42:30","guid":{"rendered":"https:\/\/agrarias.ufpr.br\/pglsf\/?page_id=9066"},"modified":"2026-02-05T14:18:47","modified_gmt":"2026-02-05T14:18:47","slug":"rone-batista-de-oliveira","status":"publish","type":"page","link":"https:\/\/agrarias.ufpr.br\/pglsf\/rone-batista-de-oliveira\/","title":{"rendered":"Rone Batista de Oliveira"},"content":{"rendered":"\n<p>Prof. do Centro de Ci\u00eancias Agr\u00e1rias da Universidade Estadual do Norte do Paran\u00e1 (UENP)<\/p>\n\n\n\n<p><strong>Forma\u00e7\u00e3o Acad\u00eamica<\/strong><\/p>\n\n\n\n<p>Dr. em Agronomia, UNESP (2011)<\/p>\n\n\n\n<p>M.Sc. em Produ\u00e7\u00e3o Vegetal, UFES (2007)<\/p>\n\n\n\n<p>Eng. Agr\u00f4nomo, UFES (2005)<\/p>\n\n\n\n<p><strong>\u00c1rea de Atua\u00e7\u00e3o<\/strong><\/p>\n\n\n\n<p>Tecnologia de Aplica\u00e7\u00e3o de Agrot\u00f3xicos<\/p>\n\n\n\n<p><strong>Disciplinas Ministradas<\/strong><\/p>\n\n\n\n<p><a href=\"https:\/\/agrarias.ufpr.br\/pglsf\/tcc\/\">Orientador de Trabalho de Conclus\u00e3o de Curso (TCC)<\/a><\/p>\n\n\n\n<p><a href=\"https:\/\/agrarias.ufpr.br\/pglsf\/tecnologia-de-aplicacao-de-agrotoxicos\/\">Tecnologia de Aplica\u00e7\u00e3o de Produtos Qu\u00edmicos e Biol\u00f3gicos<\/a><\/p>\n\n\n\n<p><strong>Publica\u00e7\u00f5es<\/strong><\/p>\n\n\n\n<p><strong><a href=\"http:\/\/lattes.cnpq.br\/2379804514613050\"><img loading=\"lazy\" decoding=\"async\" class=\"alignnone wp-image-742\" src=\"https:\/\/agrarias.ufpr.br\/fitotecnia\/wp-content\/uploads\/sites\/26\/2016\/03\/icon_lattes.png\" alt=\"icon_lattes\" width=\"30\" height=\"29\"><\/a>&nbsp;<span style=\"color: #008000;\"><a style=\"color: #008000;\" href=\"http:\/\/lattes.cnpq.br\/2379804514613050\">Lattes<\/a><\/span>&nbsp;&nbsp;&nbsp;<a href=\"https:\/\/www.researchgate.net\/profile\/Rone-Oliveira-3\"><img loading=\"lazy\" decoding=\"async\" class=\"alignnone wp-image-1136 size-full\" src=\"https:\/\/agrarias.ufpr.br\/fitotecnia\/wp-content\/uploads\/sites\/26\/2016\/03\/apple-touch-icon-180x180-e1459453504744.png\" alt=\"apple-touch-icon-180x180\" width=\"29\" height=\"29\"><\/a>&nbsp;<span style=\"color: #008000;\"><a style=\"color: #008000;\" href=\"https:\/\/www.researchgate.net\/profile\/Rone-Oliveira-3\">Research Gate<\/a><\/span>&nbsp;<a href=\"https:\/\/orcid.org\/0000-0002-3071-4827\"><img loading=\"lazy\" decoding=\"async\" class=\"alignnone wp-image-3185\" src=\"https:\/\/agrarias.ufpr.br\/pgapv\/wp-content\/uploads\/sites\/39\/2021\/02\/unnamed.jpg\" alt=\"\" width=\"93\" height=\"37\"><\/a><\/strong><\/p>\n\n\n\n<p><strong>Contatos<\/strong><\/p>\n\n\n\n<p><img loading=\"lazy\" decoding=\"async\" class=\"alignnone wp-image-757\" src=\"https:\/\/agrarias.ufpr.br\/fitotecnia\/wp-content\/uploads\/sites\/26\/2016\/03\/email-small-.jpg\" alt=\"email small\" width=\"22\" height=\"22\">&nbsp;rone@uenp.edu.br<\/p>\n\n\n\n<p><img loading=\"lazy\" decoding=\"async\" class=\"wp-image-758 alignnone\" src=\"https:\/\/agrarias.ufpr.br\/fitotecnia\/wp-content\/uploads\/sites\/26\/2016\/03\/telefone.png\" alt=\"telefone\" width=\"22\" height=\"22\">&nbsp;(43) 3542-8046<\/p>\n","protected":false},"excerpt":{"rendered":"<p>Prof. do Centro de Ci\u00eancias Agr\u00e1rias da Universidade Estadual do Norte do Paran\u00e1 (UENP) Forma\u00e7\u00e3o Acad\u00eamica Dr. em Agronomia, UNESP (2011) M.Sc. em Produ\u00e7\u00e3o Vegetal, UFES (2007) Eng. Agr\u00f4nomo, UFES (2005) \u00c1rea de Atua\u00e7\u00e3o Tecnologia de Aplica\u00e7\u00e3o de Agrot\u00f3xicos Disciplinas Ministradas Orientador de Trabalho de Conclus\u00e3o de Curso (TCC) Tecnologia de Aplica\u00e7\u00e3o de Produtos Qu\u00edmicos [&hellip;]<\/p>\n","protected":false},"author":3,"featured_media":0,"parent":0,"menu_order":0,"comment_status":"closed","ping_status":"closed","template":"","meta":{"footnotes":""},"class_list":["post-9066","page","type-page","status-publish","hentry"],"_links":{"self":[{"href":"https:\/\/agrarias.ufpr.br\/pglsf\/wp-json\/wp\/v2\/pages\/9066","targetHints":{"allow":["GET"]}}],"collection":[{"href":"https:\/\/agrarias.ufpr.br\/pglsf\/wp-json\/wp\/v2\/pages"}],"about":[{"href":"https:\/\/agrarias.ufpr.br\/pglsf\/wp-json\/wp\/v2\/types\/page"}],"author":[{"embeddable":true,"href":"https:\/\/agrarias.ufpr.br\/pglsf\/wp-json\/wp\/v2\/users\/3"}],"replies":[{"embeddable":true,"href":"https:\/\/agrarias.ufpr.br\/pglsf\/wp-json\/wp\/v2\/comments?post=9066"}],"version-history":[{"count":8,"href":"https:\/\/agrarias.ufpr.br\/pglsf\/wp-json\/wp\/v2\/pages\/9066\/revisions"}],"predecessor-version":[{"id":10588,"href":"https:\/\/agrarias.ufpr.br\/pglsf\/wp-json\/wp\/v2\/pages\/9066\/revisions\/10588"}],"wp:attachment":[{"href":"https:\/\/agrarias.ufpr.br\/pglsf\/wp-json\/wp\/v2\/media?parent=9066"}],"curies":[{"name":"wp","href":"https:\/\/api.w.org\/{rel}","templated":true}]}}